{"id":19,"date":"2016-07-12T21:54:25","date_gmt":"2016-07-12T19:54:25","guid":{"rendered":"http:\/\/www.lassebacklund.fi\/wp\/?page_id=19"},"modified":"2026-02-22T10:55:49","modified_gmt":"2026-02-22T08:55:49","slug":"trevliga-saker","status":"publish","type":"page","link":"https:\/\/www.lassebacklund.fi\/?page_id=19","title":{"rendered":"Trevlig l\u00e4sning"},"content":{"rendered":"<p><span class=\"Standard-C\">H\u00e4r hittar du trevliga ber\u00e4ttelser fr\u00e5n den gamla goda tiden. Om de \u00e4r sanna eller p\u00e5hittade f\u00e5r du sj\u00e4lv avg\u00f6ra.<\/span><\/p>\n<h6><a class=\"fasc-button fasc-size-medium fasc-type-glossy fasc-rounded-medium\" style=\"background-color: #33809e; color: #ffffff;\" href=\"http:\/\/www.lassebacklund.fi\/?page_id=13097\">Evas samlade dikter<\/a><\/h6>\n<h6><a class=\"fasc-button fasc-size-medium fasc-type-glossy fasc-rounded-medium\" style=\"background-color: #33809e; color: #ffffff;\" href=\"http:\/\/www.lassebacklund.fi\/?page_id=7396\">Aina Wadstr\u00f6ms texter<\/a><\/h6>\n<h6><a class=\"fasc-button fasc-size-medium fasc-type-glossy fasc-rounded-medium\" style=\"background-color: #33809e; color: #ffffff;\" href=\"http:\/\/www.lassebacklund.fi\/?page_id=6356\">Estlanders ber\u00e4ttelser<\/a><\/h6>\n<h6><a class=\"fasc-button fasc-size-medium fasc-type-glossy fasc-rounded-medium\" style=\"background-color: #33809e; color: #ffffff;\" href=\"http:\/\/www.lassebacklund.fi\/?page_id=3621\">Lasses egna ber\u00e4ttelser<\/a><\/h6>\n<h6><a class=\"fasc-button fasc-size-medium fasc-type-glossy fasc-rounded-medium\" style=\"background-color: #33809e; color: #ffffff;\" href=\"http:\/\/www.lassebacklund.fi\/?page_id=3303\">Skomakas-Selma ber\u00e4ttar<\/a><\/h6>\n<h6><a class=\"fasc-button fasc-size-medium fasc-type-glossy fasc-rounded-medium\" style=\"background-color: #33809e; color: #ffffff;\" href=\"http:\/\/www.lassebacklund.fi\/?page_id=3580\">Helga Englunds ber\u00e4ttelser<\/a><\/h6>\n<p><a class=\"fasc-button fasc-size-medium fasc-type-glossy fasc-rounded-medium\" style=\"background-color: #33809e; color: #ffffff;\" href=\"https:\/\/www.lassebacklund.fi\/?page_id=16643\">Arthur Gr\u00f6ndahls minnen fr\u00e5n Amerika<\/a><\/p>\n<p><a class=\"fasc-button fasc-size-medium fasc-type-glossy fasc-rounded-medium\" style=\"background-color: #33809e; color: #ffffff;\" href=\"https:\/\/www.lassebacklund.fi\/?page_id=22154\">Hilma Stockhammars ber\u00e4ttelser<\/a><\/p>\n<h6>&nbsp;<\/h6>\n<h6><a class=\"fasc-button fasc-size-medium fasc-type-glossy fasc-rounded-medium\" style=\"background-color: #33809e; color: #ffffff;\" href=\"http:\/\/www.lassebacklund.fi\/?page_id=6347\">Biltrafiken f\u00f6r 100 \u00e5r sedan<\/a><\/h6>\n<h6><a class=\"fasc-button fasc-size-medium fasc-type-glossy fasc-rounded-medium\" style=\"background-color: #33809e; color: #ffffff;\" href=\"http:\/\/www.lassebacklund.fi\/?page_id=6338\">Dagsmark Ros under klubbekriget<\/a><\/h6>\n<h6><a class=\"fasc-button fasc-size-medium fasc-type-glossy fasc-rounded-medium\" style=\"background-color: #33809e; color: #ffffff;\" href=\"http:\/\/www.lassebacklund.fi\/?page_id=6319\">Visor och ramsor<\/a><\/h6>\n<h6><a class=\"fasc-button fasc-size-medium fasc-type-glossy fasc-rounded-medium\" style=\"background-color: #33809e; color: #ffffff;\" href=\"https:\/\/www.lassebacklund.fi\/?page_id=18006\">Rurik Nylunds skrifter<\/a><\/h6>\n<h6><a class=\"fasc-button fasc-size-medium fasc-type-glossy fasc-rounded-medium\" style=\"background-color: #33809e; color: #ffffff;\" href=\"https:\/\/www.lassebacklund.fi\/?page_id=17992\">Gunnar Gr\u00f6ndahls skrifter<\/a><\/h6>\n<h6>&nbsp;<\/h6>\n<h6><a class=\"fasc-button fasc-size-medium fasc-type-glossy fasc-rounded-medium\" style=\"background-color: #33809e; color: #ffffff;\" href=\"http:\/\/www.lassebacklund.fi\/?page_id=2766\">Margit Nelsons uppsatser<\/a><\/h6>\n<h6><a class=\"fasc-button fasc-size-medium fasc-type-glossy fasc-rounded-medium\" style=\"background-color: #33809e; color: #ffffff;\" href=\"http:\/\/www.lassebacklund.fi\/?page_id=2793\">Kapten Nelsons memoarer<\/a><\/h6>\n<h6><a class=\"fasc-button fasc-size-medium fasc-type-glossy fasc-rounded-medium\" style=\"background-color: #33809e; color: #ffffff;\" href=\"http:\/\/www.lassebacklund.fi\/?page_id=2824\">En Larsm\u00e4ss natt<\/a><\/h6>\n<h6><a class=\"fasc-button fasc-size-medium fasc-type-glossy fasc-rounded-medium\" style=\"background-color: #33809e; color: #ffffff;\" href=\"http:\/\/www.lassebacklund.fi\/?page_id=3949\">Folkv\u00e4nnen skriver om Dagsmark<\/a><\/h6>\n<h6><a class=\"fasc-button fasc-size-medium fasc-type-glossy fasc-rounded-medium\" style=\"background-color: #33809e; color: #ffffff;\" href=\"http:\/\/www.lassebacklund.fi\/?page_id=2827\">Julen i Dagsmark<\/a><\/h6>\n<h6><a class=\"fasc-button fasc-size-medium fasc-type-glossy fasc-rounded-medium\" style=\"background-color: #33809e; color: #ffffff;\" href=\"http:\/\/www.lassebacklund.fi\/?page_id=2831\">Roy Rosenback ber\u00e4ttar<\/a><\/h6>\n<h6><a class=\"fasc-button fasc-size-medium fasc-type-glossy fasc-rounded-medium\" style=\"background-color: #33809e; color: #ffffff;\" href=\"http:\/\/www.lassebacklund.fi\/?page_id=2892\">En vandring i byn, av Bjarne Grans<\/a><\/h6>\n<h6>&nbsp;<\/h6>\n<h6><a class=\"fasc-button fasc-size-medium fasc-type-glossy fasc-rounded-medium\" style=\"background-color: #33809e; color: #ffffff;\" href=\"http:\/\/www.lassebacklund.fi\/?page_id=2933\">Kv\u00e4\u00e4n\u00e5-Kalles byrallor<\/a><\/h6>\n<h6><a class=\"fasc-button fasc-size-medium fasc-type-glossy fasc-rounded-medium\" style=\"background-color: #33809e; color: #ffffff;\" href=\"http:\/\/www.lassebacklund.fi\/?page_id=3018\">Bertel Forslin ber\u00e4ttar om Dagsmark<\/a><\/h6>\n<h6><a class=\"fasc-button fasc-size-medium fasc-type-glossy fasc-rounded-medium\" style=\"background-color: #33809e; color: #ffffff;\" href=\"http:\/\/www.lassebacklund.fi\/?page_id=3025\">T\u00e5 iisin reek\u00e4r, av Ingmar Roseng\u00e5rd<\/a><\/h6>\n<h6><a class=\"fasc-button fasc-size-medium fasc-type-glossy fasc-rounded-medium\" style=\"background-color: #33809e; color: #ffffff;\" href=\"http:\/\/www.lassebacklund.fi\/?page_id=3232\">Klemets \u00c5kes memoarer<\/a><\/h6>\n<h6><a class=\"fasc-button fasc-size-medium fasc-type-glossy fasc-rounded-medium\" style=\"background-color: #33809e; color: #ffffff;\" href=\"http:\/\/www.lassebacklund.fi\/?page_id=6238\">Domedagsdansen<\/a><\/h6>\n<h6><a class=\"fasc-button fasc-size-medium fasc-type-glossy fasc-rounded-medium\" style=\"background-color: #33809e; color: #ffffff;\" href=\"http:\/\/www.lassebacklund.fi\/?page_id=6443\">Anna Rogel med sl\u00e4kt i Dagsmark<\/a><\/h6>\n<h6><a class=\"fasc-button fasc-size-medium fasc-type-glossy fasc-rounded-medium\" style=\"background-color: #33809e; color: #ffffff;\" href=\"http:\/\/www.lassebacklund.fi\/?page_id=6686\">P\u00e5 toppen av B\u00f6tomberget<\/a><\/h6>\n<h6><a class=\"fasc-button fasc-size-medium fasc-type-glossy fasc-rounded-medium\" style=\"background-color: #33809e; color: #ffffff;\" href=\"http:\/\/www.lassebacklund.fi\/?page_id=6722\">\u00c5skviggen och annan trolldom<\/a><\/h6>\n<p><a class=\"fasc-button fasc-size-medium fasc-type-glossy fasc-rounded-medium\" style=\"background-color: #33809e; color: #ffffff;\" href=\"https:\/\/www.lassebacklund.fi\/?page_id=24299\">Jordbruket i Lappfj\u00e4rd enligt Selim Bj\u00f6rses<\/a><\/p>\n<h6><a class=\"fasc-button fasc-size-medium fasc-type-glossy fasc-rounded-medium\" style=\"background-color: #33809e; color: #ffffff;\" href=\"http:\/\/www.lassebacklund.fi\/?page_id=6735\">P\u00e4rungropar och -k\u00e4llare.<\/a><\/h6>\n<h6><a class=\"fasc-button fasc-size-medium fasc-type-glossy fasc-rounded-medium\" style=\"background-color: #33809e; color: #ffffff;\" href=\"http:\/\/www.lassebacklund.fi\/?page_id=8010\">P\u00e5 forskarf\u00e4rd i s\u00f6dra \u00d6sterbotten<\/a><\/h6>\n<h6><a class=\"fasc-button fasc-size-medium fasc-type-glossy fasc-rounded-medium\" style=\"background-color: #33809e; color: #ffffff;\" href=\"http:\/\/www.lassebacklund.fi\/?page_id=8439\">P\u00e5 resa mellan Vasa och Kristinestad<\/a><\/h6>\n<p><a class=\"fasc-button fasc-size-medium fasc-type-glossy fasc-rounded-medium\" style=\"background-color: #33809e; color: #ffffff;\" href=\"https:\/\/www.lassebacklund.fi\/?page_id=19112\">En tur genom Svenska \u00d6sterbotten<\/a><\/p>\n<p><a class=\"fasc-button fasc-size-medium fasc-type-glossy fasc-rounded-medium\" style=\"background-color: #33809e; color: #ffffff;\" href=\"https:\/\/www.lassebacklund.fi\/?page_id=25612\">Lillhannus Ottos brev till spelm\u00e4nnen i Lappfj\u00e4rd<\/a><\/p>\n<p><a class=\"fasc-button fasc-size-medium fasc-type-glossy fasc-rounded-medium\" style=\"background-color: #33809e; color: #ffffff;\" href=\"https:\/\/www.lassebacklund.fi\/?page_id=22241\">Lina Sandells bes\u00f6k i Kristinestad<\/a><\/p>\n<h6><a class=\"fasc-button fasc-size-medium fasc-type-glossy fasc-rounded-medium\" style=\"background-color: #33809e; color: #ffffff;\" href=\"http:\/\/www.lassebacklund.fi\/?page_id=11079\">Kapten Georg Johan Hult<\/a><\/h6>\n<p><a class=\"fasc-button fasc-size-medium fasc-type-glossy fasc-rounded-medium\" style=\"background-color: #33809e; color: #ffffff;\" href=\"https:\/\/www.lassebacklund.fi\/?page_id=22144\">Julseder i Kristinestad p\u00e5 1870-talet<\/a><\/p>\n<p><a class=\"fasc-button fasc-size-medium fasc-type-glossy fasc-rounded-medium\" style=\"background-color: #33809e; color: #ffffff;\" href=\"https:\/\/www.lassebacklund.fi\/?page_id=22149\">V\u00e5ra v\u00e4gar i slutet av 1700-talet<\/a><\/p>\n<h6>&nbsp;<\/h6>\n<h6>&nbsp;<\/h6>\n<p>&nbsp;<\/p>\n","protected":false},"excerpt":{"rendered":"<p>H\u00e4r hittar du trevliga ber\u00e4ttelser fr\u00e5n den gamla goda tiden. Om de \u00e4r sanna eller p\u00e5hittade f\u00e5r du sj\u00e4lv avg\u00f6ra. Evas samlade dikter Aina Wadstr\u00f6ms texter Estlanders ber\u00e4ttelser Lasses egna ber\u00e4ttelser Skomakas-Selma ber\u00e4ttar Helga Englunds ber\u00e4ttelser Arthur Gr\u00f6ndahls minnen fr\u00e5n <a class=\"more-link\" href=\"https:\/\/www.lassebacklund.fi\/?page_id=19\">Forts\u00e4tt l\u00e4sa <span class=\"screen-reader-text\">  Trevlig l\u00e4sning<\/span><span class=\"meta-nav\">&rarr;<\/span><\/a><\/p>\n","protected":false},"author":1,"featured_media":0,"parent":13,"menu_order":0,"comment_status":"closed","ping_status":"closed","template":"","meta":{"footnotes":""},"class_list":["post-19","page","type-page","status-publish","hentry"],"_links":{"self":[{"href":"https:\/\/www.lassebacklund.fi\/index.php?rest_route=\/wp\/v2\/pages\/19","targetHints":{"allow":["GET"]}}],"collection":[{"href":"https:\/\/www.lassebacklund.fi\/index.php?rest_route=\/wp\/v2\/pages"}],"about":[{"href":"https:\/\/www.lassebacklund.fi\/index.php?rest_route=\/wp\/v2\/types\/page"}],"author":[{"embeddable":true,"href":"https:\/\/www.lassebacklund.fi\/index.php?rest_route=\/wp\/v2\/users\/1"}],"replies":[{"embeddable":true,"href":"https:\/\/www.lassebacklund.fi\/index.php?rest_route=%2Fwp%2Fv2%2Fcomments&post=19"}],"version-history":[{"count":66,"href":"https:\/\/www.lassebacklund.fi\/index.php?rest_route=\/wp\/v2\/pages\/19\/revisions"}],"predecessor-version":[{"id":25615,"href":"https:\/\/www.lassebacklund.fi\/index.php?rest_route=\/wp\/v2\/pages\/19\/revisions\/25615"}],"up":[{"embeddable":true,"href":"https:\/\/www.lassebacklund.fi\/index.php?rest_route=\/wp\/v2\/pages\/13"}],"wp:attachment":[{"href":"https:\/\/www.lassebacklund.fi\/index.php?rest_route=%2Fwp%2Fv2%2Fmedia&parent=19"}],"curies":[{"name":"wp","href":"https:\/\/api.w.org\/{rel}","templated":true}]}}