{"id":18649,"date":"2020-12-10T13:54:08","date_gmt":"2020-12-10T11:54:08","guid":{"rendered":"https:\/\/www.lassebacklund.fi\/?page_id=18649"},"modified":"2020-12-10T14:03:30","modified_gmt":"2020-12-10T12:03:30","slug":"18649-2","status":"publish","type":"page","link":"https:\/\/www.lassebacklund.fi\/?page_id=18649","title":{"rendered":"Bandupptagningar."},"content":{"rendered":"<p>Om du vill lyssna p\u00e5 ett par gamla bandupptagningar fr\u00e5n Dagsmark, s\u00e5 skall du v\u00e4lja h\u00e4rifr\u00e5n:<\/p>\n<p>1.Ann-Marie Ivars inspelning d\u00e4r &#8221;Broback Alvina&#8221; Roseng\u00e5rd ber\u00e4ttar om julfacklor i Dagsmark, klicka h\u00e4r till SLS:s hemsida. Sedan skall du klicka i g\u00e5ng bandupptagningen och om du har sv\u00e5rt att h\u00f6ra s\u00e5 finns det en bra transkription, d\u00e4r du kan f\u00f6lja Alvinas prat:\u00a0 <a href=\"https:\/\/sls.finna.fi\/Record\/sls.SLS+2269_1975%253A89\">\u00c4ldre inspelning fr\u00e5n Lappfj\u00e4rd (1975) | Svenska litteraturs\u00e4llskapet i Finland | SLS (finna.fi)<\/a><\/p>\n<p>2. Om du vill lyssna p\u00e5 Ann-Marie Ivars diskussion med Johannes Gr\u00f6ndahl och om hans amerikaf\u00e4rd, s\u00e5 skall du klicka p\u00e5 <a href=\"https:\/\/sls.finna.fi\/Record\/sls.SLS%2B2269_1975%253A92\/HierarchyTree?recordID=sls.SLS%2B2269_1975%253A92\">\u00c5tervandrare ber\u00e4ttar: Johannes Gr\u00f6ndahl. (1975) | Svenska litteraturs\u00e4llskapet i Finland | SLS (finna.fi)<\/a>. D\u00e4r p\u00e5 SLS:s hemsida kan du enkelt f\u00f6lja med vad de diskuterar.<\/p>\n","protected":false},"excerpt":{"rendered":"<p>Om du vill lyssna p\u00e5 ett par gamla bandupptagningar fr\u00e5n Dagsmark, s\u00e5 skall du v\u00e4lja h\u00e4rifr\u00e5n: 1.Ann-Marie Ivars inspelning d\u00e4r &#8221;Broback Alvina&#8221; Roseng\u00e5rd ber\u00e4ttar om julfacklor i Dagsmark, klicka h\u00e4r till SLS:s hemsida. Sedan skall du klicka i g\u00e5ng bandupptagningen <a class=\"more-link\" href=\"https:\/\/www.lassebacklund.fi\/?page_id=18649\">Forts\u00e4tt l\u00e4sa <span class=\"screen-reader-text\">  Bandupptagningar.<\/span><span class=\"meta-nav\">&rarr;<\/span><\/a><\/p>\n","protected":false},"author":1,"featured_media":0,"parent":17,"menu_order":40,"comment_status":"closed","ping_status":"closed","template":"","meta":{"footnotes":""},"class_list":["post-18649","page","type-page","status-publish","hentry"],"_links":{"self":[{"href":"https:\/\/www.lassebacklund.fi\/index.php?rest_route=\/wp\/v2\/pages\/18649","targetHints":{"allow":["GET"]}}],"collection":[{"href":"https:\/\/www.lassebacklund.fi\/index.php?rest_route=\/wp\/v2\/pages"}],"about":[{"href":"https:\/\/www.lassebacklund.fi\/index.php?rest_route=\/wp\/v2\/types\/page"}],"author":[{"embeddable":true,"href":"https:\/\/www.lassebacklund.fi\/index.php?rest_route=\/wp\/v2\/users\/1"}],"replies":[{"embeddable":true,"href":"https:\/\/www.lassebacklund.fi\/index.php?rest_route=%2Fwp%2Fv2%2Fcomments&post=18649"}],"version-history":[{"count":4,"href":"https:\/\/www.lassebacklund.fi\/index.php?rest_route=\/wp\/v2\/pages\/18649\/revisions"}],"predecessor-version":[{"id":18653,"href":"https:\/\/www.lassebacklund.fi\/index.php?rest_route=\/wp\/v2\/pages\/18649\/revisions\/18653"}],"up":[{"embeddable":true,"href":"https:\/\/www.lassebacklund.fi\/index.php?rest_route=\/wp\/v2\/pages\/17"}],"wp:attachment":[{"href":"https:\/\/www.lassebacklund.fi\/index.php?rest_route=%2Fwp%2Fv2%2Fmedia&parent=18649"}],"curies":[{"name":"wp","href":"https:\/\/api.w.org\/{rel}","templated":true}]}}