{"id":18630,"date":"2020-12-08T19:06:46","date_gmt":"2020-12-08T17:06:46","guid":{"rendered":"https:\/\/www.lassebacklund.fi\/?page_id=18630"},"modified":"2026-02-10T21:59:28","modified_gmt":"2026-02-10T19:59:28","slug":"brott-mot-uppbaden-till-ryska-armen","status":"publish","type":"page","link":"https:\/\/www.lassebacklund.fi\/?page_id=18630","title":{"rendered":"Brott mot uppb\u00e5den till ryska arm\u00e9n"},"content":{"rendered":"<p><strong><span style=\"color: #000080;\">I mars 1906 ville guvern\u00f6ren i Vasa att polisutredning och eventuellt \u00e5tal skulle g\u00f6ras eftersom flera personer hade f\u00f6rs\u00f6kt hindra uppb\u00e5den i Syd\u00f6sterbotten. Pr\u00e4sterna och poliserna var de f\u00f6rsta som \u00e5talades men det f\u00f6rekom ocks\u00e5 n\u00e4rap\u00e5 humoristiska brott, som skulle utredas. H\u00e4r n\u00e5gra exempel tagna ur Syd-\u00d6sterbotten \u00e5r 1906:<\/span><\/strong><\/p>\n<p>1) Kommunall\u00e4karen doktor Pelkonen fr\u00e5n N\u00e4sby i N\u00e4rpes \u00e5talades f\u00f6r att han p\u00e5 v\u00e5ren 1902 hade tagit alla Kask\u00f6 stads g\u00e4stgiverih\u00e4star f\u00f6rst och fr\u00e4mst f\u00f6r sin personliga skjuts till sin sommarvilla p\u00e5 Benvik, samt att med samma h\u00e4star forslat varjehanda egna varor till sin bostad i N\u00e4sby, varigenom h\u00e4starna kom att vara borta fr\u00e5n staden en natt och tv\u00e5 dagar. Meningen med detta var att f\u00e5 uppb\u00e5dsn\u00e4mndens medlemmar och de v\u00e4rnpliktiga ungdomarna f\u00f6rsenade till uppb\u00e5det, som just dessa dagar p\u00e5gick i N\u00e4rpes. Samma Pelkonen hade ocks\u00e5 nekat personer att ge h\u00e4star, kvarter, kl\u00e4der eller mat \u00e5t dessa uppb\u00e5dsn\u00e4mndens ledam\u00f6ter, som infann sig till uppb\u00e5det. P\u00e5 g\u00e4stgiverierna i Pjelax och N\u00e4sby hade han placerat s\u00e5 m\u00e5nga nattg\u00e4ster att uppb\u00e5dsn\u00e4mndens ledam\u00f6ter inte kunde f\u00e5 nattlogi. Detta intygar p\u00e5 ed g\u00e4stgivaren, g\u00e5rds\u00e4garen Abraham Granfors fr\u00e5n Kask\u00f6 stad, f\u00e4rgarm\u00e4staren Johan Paakkari fr\u00e5n N\u00e4sby i N\u00e4rpes socken och doktor Pelkonens d\u00e5varande dr\u00e4ng, vars namn och adress icke kunnat erh\u00e5llas.<\/p>\n<p>2) En annan som \u00e5talades var domaren Bj\u00f6rkqvist fr\u00e5n Kask\u00f6 stad f\u00f6r att han p\u00e5 v\u00e5ren 1902 k\u00f6rt landsbor med deras h\u00e4star bort fr\u00e5n staden och str\u00e4ngt f\u00f6rbjudit dem att skjutsa uppb\u00e5dsm\u00e4nnens ledam\u00f6ter till uppb\u00e5dsst\u00e4llet, i den avsikt att de skulle f\u00f6rsena sig till uppb\u00e5det, d\u00e5 de skulle tvingas bege sig dit till fots. Detta intygar p\u00e5 ed f\u00f6rre poliskonstapeln, numera skomakaren Samuel Oskar Hiipakka, bosatt i Kask\u00f6 stad.<\/p>\n<p>3) att d\u00e5 poliskonstapeln Wester under sommaren 1903 tillsammans med bonden Tomas Kauppila fr\u00e5n N\u00e4sby by i N\u00e4rpes socken gick f\u00f6r att underr\u00e4tta sytningsmanssonen Wilhelm Jofefsson B\u00e5sk eller Teir att han b\u00f6r infinna sig till uppb\u00e5det i Nikolaistad, hade samma dag poliskonstapeln Nyg\u00e5rd, \u00e4ven fr\u00e5n N\u00e4rpes socken, kommit till B\u00e5sk eller Teir och f\u00f6rbjudit honom att infinna sig vid uppb\u00e5det. Detta intyga p\u00e5 ed bonden Tomas Kauppila, sytningsmanss\u00f6nerna Johan och Wilhelm Josefsson B\u00e5sk eller Teir.<\/p>\n<p>4) att kommunaln\u00e4mndens ordf\u00f6rande bonden Oskar Nix fr\u00e5n Finby by i N\u00e4rpes socken under \u00e5ren 1902 och 1903 g\u00e5tt fr\u00e5n g\u00e5rd till g\u00e5rd och sagt att ingen b\u00f6r ge kvarter, mat eller n\u00e5gonting \u00e5t uppb\u00e5dsn\u00e4mndens ledam\u00f6ter, inte heller \u00e5t de v\u00e4rnpliktiga som infinner sig till uppb\u00e5det, s\u00e4gande att om de gav s\u00e5 skulle de f\u00e5 resa efter dem bort fr\u00e5n kommunen. Intygas av f\u00e4rgarm\u00e4staren Johan Pakkari fr\u00e5n N\u00e4sby by i N\u00e4rpes socken, reservkompani vakten Nyg\u00e5rd och hans l\u00e4rpojke, som h\u00e4mtade ved till reservkompaniet senaste sommar.<\/p>\n<p>5) att N\u00e4rpes distrikts h\u00e4radsskrivare Sven Rune Jernstr\u00f6m under sommaren 1903 d\u00e5 han f\u00f6rr\u00e4ttade mantalsskrivningen i Korsn\u00e4s by av N\u00e4rpes socken p\u00e5 g\u00e4stgiveriet innehade \u201dCensurfria ord\u201d ben\u00e4mnda skrifter, man kunde inte utreda huruvida han skulle utdelat dem. Intygar: poliskonstapeln Heikki Kansa, boende i Korsn\u00e4s by av N\u00e4rpes focken.<\/p>\n<p>6) att Fattigv\u00e5rdsstyrelsens ordf\u00f6rande agronomen Johan Stark fr\u00e5n Lappfj\u00e4rd kyrkby under sommaren 1902 p\u00e5 bonden Karl Henrik Henriksson Klockars br\u00f6llop i sagda Lappfj\u00e4rds kyrkby nekat v\u00e4rnpliktiga ynglingar att g\u00e5 till uppb\u00e5det s\u00e4gande: \u201dnu \u00e4r ni tokiga om ni g\u00e5r\u201d, och vid samma tillf\u00e4lle sagt \u00e5t v\u00e4rdinnan Anna Greta Ivars, att \u201dvad menade ni med att l\u00e5ta er son g\u00e5 till uppb\u00e5det\u201d och att vid samma br\u00f6llop uppstod ett stort gr\u00e4l mellan gossarna, n\u00e4mligen mellan dem som g\u00e5tt till uppb\u00e5det och dem som Stark hade f\u00e5tt f\u00f6rhindrade att g\u00e5.. Att n\u00e4mnda Johan Stark \u00e5r 1902 eng\u00e5ng varit p\u00e5 ett sammantr\u00e4de, som h\u00f6lls i Lappfj\u00e4rds kommunalstuga och han hade d\u00e4r f\u00f6rbjudit gossar att g\u00e5 till uppb\u00e5det. Intygas under ed: v\u00e4rdinnan Anna Greta Eriksdotter Ivars, garvaresonen Johan Stenman, bondesonen Frans Oskar Hermansson Ivars och kopparslagaren Johan Valkama fr\u00e5n Lappfj\u00e4rds kyrkby.<\/p>\n<p>7) att provisor Otto J\u00e4rnstr\u00f6m fr\u00e5n Kristinestad stad, \u00e5r 1902 nekat v\u00e4rnpliktiga ynglingar att g\u00e5 till uppb\u00e5det samt sagt \u00e5t poliskonstapel Petter T\u00f6rm\u00e4 att man inte beh\u00f6ver g\u00e5 till uppb\u00e5det d\u00e5 vi inte mera har n\u00e5gon g\u00e4llande v\u00e4rnpliktslag, samt att en s\u00e5dan man som g\u00e5r till uppb\u00e5det \u00e4r fosterlandsf\u00f6rr\u00e4dare och att \u00e5t s\u00e5dana inte ges n\u00e5gon arbetsplats. Intygas av poliskonstapel Petter T\u00f6rm\u00e4 fr\u00e5n Nikolaistad och fr\u00f6ken Aurora Kuusela fr\u00e5n Kristinestad.<\/p>\n<p>8) att doktor Wendelin och kontoristen Theodor Holmberg fr\u00e5n Kristinestad, \u00e5r 1902 i Arbetets W\u00e4nners lokal i sagda stad, h\u00e5llit ett hemligt m\u00f6te d\u00e4r de hade nekat v\u00e4rnpliktiga ynglingar att g\u00e5 till uppb\u00e5det s\u00e4gande att om ni g\u00e5r, kommer ni att f\u00f6ras till Ryssland att tj\u00e4na m. m. Intygas av poliskonstapeln Petter T\u00f6rm\u00e4 fr\u00e5n Nikolaistad och garvareges\u00e4llen Johan Erland \u00c5gren eller Krokback fr\u00e5n Kristinestad.<\/p>\n<p>9) att svenska tryckeriets faktor Frans Ahlros fr\u00e5n Kristinestad sommaren 1902 kallat Hans Majest\u00e4t Kejsaren f\u00f6r menedare, s\u00e4gande att Kejsaren har lovat h\u00e5lla sin faders lagar, men nu har han brutit dem, samt p\u00e5 alla s\u00e4tt talat opassande om H\u00e4rskaren och regeringen, som dock vittnena inte kunna vad ordalagen betr\u00e4ffar komma ih\u00e5g. Intygas p\u00e5 ed av poliskonstapeln Petter T\u00f6rm\u00e4 och hans hustru Dagmar T\u00f6rm\u00e4 fr\u00e5n Nikolaistad.<\/p>\n<p>10) att handlanden Wilhelm Parmanen fr\u00e5n Kristinestad \u00e5ren 1901, 1902 och 1903 utdelat f\u00f6rbjuden litteratur \u00e5t personer att l\u00e4sa, s\u00e5 att han gett dem att l\u00e4sas men d\u00e4refter \u00e5ter tagit dem tillbaka f\u00f6r att ge dem \u00e5t andra. Intygas av r\u00e5dman Wallit och hans fru Ella Wallit fr\u00e5n Kristinestad.<\/p>\n<p>11) att under juli m\u00e5nad 1902 p\u00e5 Kask\u00f6 g\u00e4stgiveri h\u00e4radsskrivaren Sven Jernstr\u00f6m och d\u00e5varande borgm\u00e4stare Aminoff misshandlat tv\u00e5 ryska g\u00e5rdsfarihandlare och fr\u00e5ntagit dem deras v\u00e4skor med inneh\u00e5ll och f\u00f6rt m\u00e4nnen ut fr\u00e5n g\u00e4stgiveriet, fast\u00e4n de d\u00e4rst\u00e4des hyrt logi \u00e5t sig! Med anledning h\u00e4rav hade n\u00e4mnde g\u00e5rdsfarihandlanden g\u00e5tt att s\u00f6ka polishj\u00e4lp och tr\u00e4ffat poliskonstapeln Reis, som p\u00e5 g\u00e5rdfarihandlandens beg\u00e4ran gick till g\u00e4stgiveriet d\u00e4r de f\u00f6rut n\u00e4mnda Jernstr\u00f6m och Aminoff uppeh\u00f6ll sig njutande spritdrycker, och att Jernstr\u00f6m, d\u00e5 Reis anl\u00e4nde med g\u00e5rdfarihandlandarna, skuffade den ena av g\u00e5rdsfarihandlandarna nedf\u00f6r trappan samt skymfade dem f\u00f6r olovliga handelsm\u00e4n, varvid Reis f\u00f6rbjudit Jernstr\u00f6m att upptr\u00e4da p\u00e5 detta s\u00e4tt. Jernstr\u00f6m svarade att polisen intet hade ett g\u00f6ra med dem samt att de var polisens chefer, vartill Reis \u00e5 fin sida sade att nog hade han som polis n\u00e5got att s\u00e4ga i dylika saker, d\u00e5 han s\u00e5g herrarna handla or\u00e4tt. \u00a0Efter detta hade borgm\u00e4stare Aminoff befallt poliskonstapeln Reis att h\u00e4mta fiskal S\u00f6derstr\u00f6m till platsen, som \u00e4ven strax anl\u00e4nde och tillsammans med herrar Aminoff och Jernstr\u00f6m tog g\u00e5rdfarihandlarnas varor i beslag samt f\u00f6rde m\u00e4nnen bort fr\u00e5n deras kontor, varf\u00f6r de m\u00e5ste bege sig bort fr\u00e5n hela staben, d\u00e5 de inte v\u00e5gade g\u00e5 att s\u00f6ka sig kvarter annorst\u00e4des. Intygas av poliskonstaplarna Reis och \u00c5berg fr\u00e5n Kask\u00f6.<\/p>\n<p>12) att garvareges\u00e4llen Johan Erland Johanssn \u00c5gren eller Krokback sommaren 1903 kommit till r\u00e5dman Wallit f\u00f6r att fr\u00e5ga r\u00e5d, hur han skulle g\u00f6ra d\u00e5 poliskonstapeln Klemets fr\u00e5n Kristinestad, kom till honom p\u00e5 f\u00f6rmiddagen s\u00e4gande att han m\u00e5ste vara hemma kl. 8 p\u00e5 kv\u00e4llen, ty \u201dd\u00e5 kommer jag att h\u00e4mta dig f\u00f6r att f\u00f6ra dig till Vasa till uppb\u00e5det&#8221;, men d\u00e5 nu b\u00e5t l\u00e5g vid stranden som avg\u00e5r till Vasa, skulle han p\u00e5 egen bekostnad bege sig dit, vartill r\u00e5dman Wallit hade sagt att det v\u00e4l \u00e4r b\u00e4st att fara med \u00e5ngb\u00e5ten d\u00e5 han ville fara p\u00e5 egen bekostnad, men d\u00e5 han nu hunnit till Vasa hade fiskalen i Kristinestad Forsberg per telefon gett order att sekreteraren vid poliskammaren i Vasa, som d\u00e5 var t. f. polism\u00e4staren, att f\u00e4ngsla honom till dess uppb\u00e5dsn\u00e4mnden vid l\u00e4nets styrelse sitter och att poliskonstapeln Klemets hade i garvaren Carlssons, garveriges\u00e4llen Herman Linds och garveril\u00e4rlingen Malmbergs, alla fr\u00e5n sagda stad, n\u00e4rvaro tillk\u00e4nnagivit fiskal Forsbergs hemliga \u00e5sikt att sk\u00e4let f\u00f6r h\u00e4ktningen var det att han sj\u00e4lv ville g\u00e5 till uppb\u00e5det och var regeringens befallning h\u00f6rsam samt att enligt polis Klemets ber\u00e4ttelse skulle \u00c5gren av samma sk\u00e4l f\u00e5tt stryk i Kristinestad d\u00e5 han \u00e5terv\u00e4nde fr\u00e5n uppb\u00e5det.<\/p>\n<p>13) att med \u00e5ngarna \u201dFalken\u201d och \u201dBenvik\u201d skulle transporterats \u00f6ver till svenska sidan, s\u00e5 att de m\u00f6nstrades p\u00e5 \u00e5ngb\u00e5ten som matroser och s\u00e5lunda sluppit att fara, d\u00e4ribland flera v\u00e4rnpliktiga ynglingar undan uppb\u00e5det. Med anledning h\u00e4rav antecknas f\u00f6ljande personer, som senaste sommar p\u00e5- och avm\u00f6nstrades p\u00e5 dessa fartyg:<\/p>\n<h5><strong>Falken:<\/strong><\/h5>\n<h6>Axel Sundberg fr\u00e5n N\u00e4rpes, f\u00f6dd 1872<\/h6>\n<h6>R. Ers fr\u00e5n N\u00e4rpes, f\u00f6dd 1888<\/h6>\n<h6>Herman Enlund fr\u00e5n N\u00e4rpes, f\u00f6dd 1883<\/h6>\n<h6>Karl Lindqvist fr\u00e5n Bj\u00f6rneborg, f\u00f6dd 1884<\/h6>\n<h6>H. B\u00e5sk fr\u00e5n Lappfj\u00e4rd, f\u00f6dd 1884<\/h6>\n<h6>I. Rosenback fr\u00e5n N\u00e4rpes, f\u00f6dd 1875<\/h6>\n<h6>Albert \u00d6sterholm fr\u00e5n N\u00e4rpes, f\u00f6dd 1863<\/h6>\n<h6>Skommars fr\u00e5n N\u00e4rpes, f\u00f6dd 1886.<\/h6>\n<p>&nbsp;<\/p>\n<h5><strong>Benvik:<\/strong><\/h5>\n<h6>R.J.Haga fr\u00e5n N\u00e4rpes, f\u00f6dd 1876<\/h6>\n<h6>J.J. Krook fr\u00e5n N\u00e4rpes, f\u00f6dd 1883<\/h6>\n<h6>R. Kn\u00f6s fr\u00e5n N\u00e4rpes, f\u00f6dd 1858<\/h6>\n<h6>Lindqvist fr\u00e5n Sundsvall, f\u00f6dd 1859<\/h6>\n<h6>I P\u00f6rtfors fr\u00e5n \u00d6vermark, f\u00f6dd 1863<\/h6>\n<h6>Kuusisto fr\u00e5n \u00d6stermark, f\u00f6dd 1847<\/h6>\n<h6>Mannfolk fr\u00e5n N\u00e4rpes, f\u00f6dd 1853<\/h6>\n<h6>Karl Lindqvist fr\u00e5n Tynder\u00e5, f\u00f6dd 1889<\/h6>\n<h6>J. Nyg\u00e5rd fr\u00e5n N\u00e4rpes, f\u00f6dd 1889<\/h6>\n<h6>Oskar Winter fr\u00e5n N\u00e4rpes, f\u00f6dd 1885<\/h6>\n<h6>R. Rofh\u00f6k fr\u00e5n \u00d6vermark, f\u00f6dd 1874<\/h6>\n<h6>T. Reis fr\u00e5n P\u00f6rtom, f\u00f6dd 1867<\/h6>\n<h6>O. Samulin fr\u00e5n N\u00e4rpes, f\u00f6dd 1858<\/h6>\n<h6>Josef S\u00f6derman fr\u00e5n N\u00e4rpes, f\u00f6dd 1846<\/h6>\n<p>&nbsp;<\/p>\n<p>14) att \u00e5r 1902 vid tiden f\u00f6r mantalsskrivningen h\u00e4radsskrivare Sven Jernstr\u00f6m fr\u00e5n Kast\u00f6, bankdirekt\u00f6r Hans Estlander, medlem i stadsfullm\u00e4ktige, borgm\u00e4stare Elis Granfelt, doktor Wendelin, viceordf\u00f6rande i stadsfullm\u00e4ktige, och kommerser\u00e5det Alfred Carlstr\u00f6m ordf\u00f6rande i stadsfullm\u00e4ktige, hemma fr\u00e5n Kristinestad, h\u00e5llit ett hemligt m\u00f6te p\u00e5 Kristinestads hotell vilket m\u00f6te skulle ha varit av politiskt art; men vid denna anm\u00e4lan kunna vi inte f\u00e4sta n\u00e5got avseende, av orsak att det g\u00e5r s\u00e5dant rykte bland folket men inga bevis kunnat erh\u00e5llas.<\/p>\n<p>15) att \u00e5r 1902 d\u00e5 den nya v\u00e4rnpliktsf\u00f6rordningen uppl\u00e4stes i Kristinestads kyrka, s\u00e5som anm\u00e4lts, bankdirekt\u00f6r Hans Estlander och doktor Wendelin skulle ha bett allm\u00e4nheten avl\u00e4gsna sig ur kyrkan d\u00e5 sagda f\u00f6rordning b\u00f6rjade uppl\u00e4sas, men de som vittnen som angett personerna bland annat tullf\u00f6rmanen Otto Granfors inte kunnat h\u00f6ras av sk\u00e4l att han f\u00f6r n\u00e4rvarande vistas i \u00c5bo i tj\u00e4nsteut\u00f6vning och f\u00f6rre polisen Ananias Sandb\u00e4ck s\u00e4ger sig vara svagsynt och lomh\u00f6rd varf\u00f6r kan s\u00e4ger sig inte kunnat se ej heller h\u00f6ra om n\u00e5gon bett allm\u00e4nheten avl\u00e4gsna sig ur kyrkan, ty folket b\u00f6rjade genast str\u00f6mma ut d\u00e5 f\u00f6rordningen b\u00f6rjade uppl\u00e4sas och att han blev sittande p\u00e5 fin plats. Han hade sett doktor Wendelin och bankdirekt\u00f6r Hans Estlander i n\u00e4rheten av d\u00f6rren i kyrkan samt att bankdirekt\u00f6r Estlander mycket h\u00e4ftigt g\u00e5tt av och an p\u00e5 kyrkogolvet. D\u00e5 \u00e4ven pastor Georg Laur\u00e9n, som uppl\u00e4st den d\u00e4r v\u00e4rnpliktsf\u00f6rordningen, f\u00f6rh\u00f6rdes ang\u00e5ende sanningen av bordstr\u00f6mmandet fr\u00e5n kyrkan, sade han att folket genast b\u00f6rjade str\u00f6mma ut ur kyrkan d\u00e5 han b\u00f6rjade l\u00e4sa f\u00f6rordningen, men ville inte ge just n\u00e5gra andra svar fast\u00e4n samma fr\u00e5ga flera g\u00e5nger f\u00f6rnyades, sade sig blott gjort vad han skulle g\u00f6ra och ville inte avge n\u00e5gra n\u00e4rmare f\u00f6rklaringar. \u00c4ven denna anm\u00e4lan \u00e4r p\u00e5 grund av bristande fullst\u00e4ndiga bevis os\u00e4ker trots att den lever som ett rykte bland folket.<\/p>\n<p>16) att hemmans\u00e4garen Axel Johan Henrik Grannas fr\u00e5n H\u00e4rkmeri by i Lappfj\u00e4rd socken skulle ha f\u00f6rbannat H. M. Kejsaren och av honom givna f\u00f6rordningar, sagt att Kejsaren \u00e4r galen samt \u00e4ven av alla krafter hindrat v\u00e4rnpliktiga ynglingar fr\u00e5n att g\u00e5 till uppb\u00e5det. Ett brev, som Frans Johansson Hannus, fr\u00e5n H\u00e4rkmeri by i Lappfj\u00e4rd socken, givits som bevis, \u00a0bifogas och i vilket brev Juho Hannus \u00e4r vittne.<\/p>\n<p>17) att sj\u00f6kapten Saxen p\u00e5 \u00e5ngfartyget Falken s\u00e4nt ett brev till maskinisten Lebuschoff \u00a0enligt dennes egen anm\u00e4lan, i vilket brev kapten Saxen uppmanar Lebuschoff att \u00e4ndra sitt namn till n\u00e5got annat, f\u00f6rmodande att hans nuvarande namn i framtiden skulle vara till skada. Kapten Saxen p\u00e5st\u00e5r att hans handlande uteslutande som bekant och i god avsikt, sade sig \u00e4ven kommit bort fr\u00e5n \u00e5ng. Falken och varit en liten tid utan plats, men att detta berott p\u00e5 enskilda faktiska sk\u00e4l och sade sig nu ha b\u00e4ttre plats med h\u00f6gre l\u00f6n. S\u00e5 f\u00f6rs\u00e4krar maskinisten Lebufchoff eller Forsberg fr\u00e5n Kask\u00f6 stad, sakens f\u00f6rh\u00e5llande vara.<\/p>\n<p>18) att ryske unders\u00e5ten Alexander Remsujeff, fr\u00e5n Pirttikyl\u00e4 by i Pirttikyl\u00e4 socken gett en bok vid namn \u201dDet passiva motst\u00e5ndet&#8221;, en bok som han hade erh\u00e5llit av g\u00e5rdsfarihandlaren Jakob Kondratjeff och denne \u00e5ter i en g\u00e5rd i Sidb\u00e4ck by av sagda socken (\u00e5r 1902) d\u00e4r n\u00e5gra barn skulle ha l\u00e4mnat den. Boken bifogas.<\/p>\n<p>19) Dessutom ber\u00e4ttade hemmanssytningsmannen Heikki Heikkil\u00e4 fr\u00e5n H\u00e4rkmeri by i Lappfj\u00e4rd socken att undertecknade vittnen f\u00f6r honom ber\u00e4ttat det l\u00e4nsmannen i Lappfj\u00e4rd distrikt Lew\u00e1n sommaren1902 och 1903 varit vid Lappfj\u00e4rds sockengr\u00e4ns och vid den s\u00e5 kallade nya bron i samma socken f\u00f6r att hindra v\u00e4rnpliktiga att g\u00e5 till uppb\u00e5det och att vid samma tillf\u00e4lle varit l\u00e4nsman Lew\u00e1n behj\u00e4lpliga: kommerser\u00e5det Alfr. Carlstr\u00f6m och konsul Erik T\u00f6tterman fr\u00e5n Kristinestad samt \u00e4ven d\u00e5 ny v\u00e4rnpliktsf\u00f6rordning uppl\u00e4stes i Lappfj\u00e4rd kyrka hade Lew\u00e1n bett folket avl\u00e4gsna sig ur kyrkan. Som vittnen angav Heikkil\u00e4 f\u00f6ljande: hemmans\u00e4garen Josef Grannas, f\u00f6rre n\u00e4mndemannen (urmakaren) Schultz och en hemmans\u00e4gare, som p\u00e5 orten kallas till \u201d soldatgossen\u201d, och vars f\u00f6rnamn \u00e4r Juho, alla boende i H\u00e4rkmeri by av Lappfj\u00e4rds socken. Eftersom sagda vittnen f\u00f6r n\u00e4rvarande var p\u00e5 resor kunde med dem f\u00f6rh\u00f6r inte anst\u00e4llas. D\u00e5 deras fullst\u00e4ndiga namn inte heller kunde erh\u00e5llas \u00e4r anledning att icke kunna i detta nu s\u00e4ga i vilken m\u00e5n saken \u00e4r sann.<\/p>\n<p>Nikolaistads poliskammares detektiva avdelning 14 Mars 1903.<\/p>\n<p>Matti Salminen och Karl Kuni<\/p>\n","protected":false},"excerpt":{"rendered":"<p>I mars 1906 ville guvern\u00f6ren i Vasa att polisutredning och eventuellt \u00e5tal skulle g\u00f6ras eftersom flera personer hade f\u00f6rs\u00f6kt hindra uppb\u00e5den i Syd\u00f6sterbotten. Pr\u00e4sterna och poliserna var de f\u00f6rsta som \u00e5talades men det f\u00f6rekom ocks\u00e5 n\u00e4rap\u00e5 humoristiska brott, som skulle <a class=\"more-link\" href=\"https:\/\/www.lassebacklund.fi\/?page_id=18630\">Forts\u00e4tt l\u00e4sa <span class=\"screen-reader-text\">  Brott mot uppb\u00e5den till ryska arm\u00e9n<\/span><span class=\"meta-nav\">&rarr;<\/span><\/a><\/p>\n","protected":false},"author":1,"featured_media":0,"parent":3747,"menu_order":47,"comment_status":"closed","ping_status":"closed","template":"","meta":{"footnotes":""},"class_list":["post-18630","page","type-page","status-publish","hentry"],"_links":{"self":[{"href":"https:\/\/www.lassebacklund.fi\/index.php?rest_route=\/wp\/v2\/pages\/18630","targetHints":{"allow":["GET"]}}],"collection":[{"href":"https:\/\/www.lassebacklund.fi\/index.php?rest_route=\/wp\/v2\/pages"}],"about":[{"href":"https:\/\/www.lassebacklund.fi\/index.php?rest_route=\/wp\/v2\/types\/page"}],"author":[{"embeddable":true,"href":"https:\/\/www.lassebacklund.fi\/index.php?rest_route=\/wp\/v2\/users\/1"}],"replies":[{"embeddable":true,"href":"https:\/\/www.lassebacklund.fi\/index.php?rest_route=%2Fwp%2Fv2%2Fcomments&post=18630"}],"version-history":[{"count":7,"href":"https:\/\/www.lassebacklund.fi\/index.php?rest_route=\/wp\/v2\/pages\/18630\/revisions"}],"predecessor-version":[{"id":25538,"href":"https:\/\/www.lassebacklund.fi\/index.php?rest_route=\/wp\/v2\/pages\/18630\/revisions\/25538"}],"up":[{"embeddable":true,"href":"https:\/\/www.lassebacklund.fi\/index.php?rest_route=\/wp\/v2\/pages\/3747"}],"wp:attachment":[{"href":"https:\/\/www.lassebacklund.fi\/index.php?rest_route=%2Fwp%2Fv2%2Fmedia&parent=18630"}],"curies":[{"name":"wp","href":"https:\/\/api.w.org\/{rel}","templated":true}]}}