{"id":18598,"date":"2020-12-04T18:59:43","date_gmt":"2020-12-04T16:59:43","guid":{"rendered":"https:\/\/www.lassebacklund.fi\/?page_id=18598"},"modified":"2021-12-01T15:58:23","modified_gmt":"2021-12-01T13:58:23","slug":"tidningsartiklar-om-lantmannagillet","status":"publish","type":"page","link":"https:\/\/www.lassebacklund.fi\/?page_id=18598","title":{"rendered":"Tidningsartiklar om Lantmannagillet"},"content":{"rendered":"<p><span style=\"color: #000080;\">Syd-\u00d6sterbotten 23.12.1905:<\/span><\/p>\n<p>Dagsmark lantmannagille hade m\u00f6te p\u00e5 folkskolan den 10 december kl. 4 em f\u00f6r val av ordf\u00f6rande och bestyrelsemedlemmar f\u00f6r inkommande \u00e5r i st\u00e4llet f\u00f6r de som genom lottning var i tur att avg\u00e5. Ordf\u00f6randen Viktor Lillkull omvaldes och utlottade blev medlemmarna Josef Mattsson Lillkull, Josef Josefsson Klemets och folkskoll\u00e4raren Wadstr\u00f6m. Invalda blev i st\u00e4llet bonden Viktor Eklund, mj\u00f6lnaren Erik L\u00e5ng och torparen Josef Gustafsson Lillkull.<\/p>\n<p>Viceordf\u00f6rande \u00e4r Erik Anders Klemets, sekreterare Henrik Agn\u00e4s och ekonom Viktor Eklund.<\/p>\n<p>Gillet r\u00e4knar f\u00f6r n\u00e4rvarande in emot 40 medlemmar och besl\u00f6ts att prenumerera p\u00e5 40 exemplar av tidskriften Pellervo f\u00f6r \u00e5t 1906.<\/p>\n<p>Gemensamma ink\u00f6p har gjorts hos handlanden Frans Henrikson i Kristinestad och gillesmedlemmarna \u00e4r bel\u00e5tna med varorna och prisen, samt fast beslutna att forts\u00e4tta med gemensamma ink\u00f6p.<\/p>\n<p>Vidare granskades prisuppgifter fr\u00e5n Metvikens mekaniska v\u00e4rkstad i Vasa och Hankkija i Helsingfors \u00f6ver det p\u00e5t\u00e4nkta \u00e5ngtr\u00f6skverket och ans\u00e5gs Metvikens anbud f\u00f6r det b\u00e4sta, men l\u00e4mnades avg\u00f6randet tills stadgar f\u00f6r tr\u00f6skverksandelslaget hinner anl\u00e4nda fr\u00e5n Pellervo, d\u00e5 best\u00e4llningen p\u00e5 \u00e5ngtr\u00f6skverket skall g\u00f6ras.<\/p>\n<p>F\u00f6reg\u00e5ende s\u00f6ndag utdelades premier f\u00f6r rotfruktsodling, mejeri och ladug\u00e5rdssk\u00f6tsel, sammanlagt 50 mark som gillet f\u00e5tt uppb\u00e4ra av \u00d6sterbottens svenska lantbrukss\u00e4llskap som \u00e5rsanslag.<\/p>\n<p>N\u00e5gon diskussion om enkammarsystemet har gillet inte f\u00f6retagit, som andra, emedan vi inte har n\u00e5got begrepp om kammarens storhet i l\u00e4ngd och bredd, som skulle inrymma sp mycket f\u00f6rnuft, b\u00e5de sunt och osunt, vett och ovett, utan l\u00e4mnas hela kammaren \u00e5t framtiden och vi litar helt fast och s\u00e4kert p\u00e5 v\u00e5r lantdag, som sk\u00f6ter b\u00e4sta om saken som alltid f\u00f6rut.<\/p>\n<p><span style=\"color: #000080;\"><em>(den h\u00e4r sista fr\u00e5gan handlar om att Finland skall fr\u00e5ng\u00e5 den gamla fyrkammar st\u00e4nderlantdagen och g\u00e5 in f\u00f6r en riksdag med en eller tv\u00e5 kamrar och flera organisationer har gett f\u00f6rslag p\u00e5 vilken modell det borde bli. Men Lantmannagillet i Dagsmark l\u00e4t den saken avg\u00f6ras av den lantdag som kejsaren hade sammankallat till slutet av december 1905. Lasses anm.)<\/em><\/span><\/p>\n<p><span style=\"color: #000080;\"><strong>Syd-\u00d6sterbotten19.3.1913, skrivet av signaturen \u201ddeltagare\u201d<\/strong><\/span>:<\/p>\n<p>Dagsmark lantmannagille sammantr\u00e4dde till diskussionsm\u00f6te s\u00f6ndagen den 9 mars p\u00e5 ungdomslokalen. Till m\u00f6tet infann sig ett st\u00f6rre antal deltagare \u00e4n n\u00e5gonsin f\u00f6rut. F\u00f6rsta diskussionsfr\u00e5gan \u201dHuru f\u00e5 en m\u00f6nsterg\u00e5rd uppst\u00e4lld i omnejden\u201d refererades av bonden Erik Sundblom. Referenten ans\u00e5g att ett livligt samarbete med Lappfj\u00e4rd och n\u00e4rliggande lantmannagillen skulle vara beh\u00f6vligt. M\u00f6tet ans\u00e5g enh\u00e4lligt att en \u201dM\u00f6nsterg\u00e5rd&#8221; skulle vara till stor nytta men varifr\u00e5n medel till en s\u00e5dan kunde f\u00e5s visste man inte. Fr\u00e5gan l\u00e4mnades \u00f6ppen \u00e5t ordf\u00f6rande Erik Englund, som skulle fr\u00e5ga sig f\u00f6r hos Lantbrukss\u00e4llskapet.<\/p>\n<p>Sedan togs till diskussion \u201dWilken \u00e5tg\u00e4rd b\u00f6r widtagas f\u00f6r att f\u00f6rb\u00e4ttra bondens ekonomiska st\u00e4llning?&#8221; Trots att ingen referent fanns, uppstod \u00e4nd\u00e5 en livlig diskussion om bondens st\u00e4llning, som med tiden fr\u00e5n s\u00e5 m\u00e5nga h\u00e5ll undergr\u00e4vs. De flesta talare ans\u00e5g att tiden f\u00f6r l\u00e4nge sedan varit inne, att vi b\u00f6nder mera \u00e4n f\u00f6rut sammansluter oss f\u00f6r motarbetande av v\u00e5r underg\u00e5ng. M\u00f6tet besl\u00f6t att uppmana beredningsutskottet i Lappfj\u00e4rd ins\u00e4nda fr\u00e5gan till diskussion p\u00e5 kommunaldagarna i N\u00e4rpes. Den tredje fr\u00e5gan \u201dMotswarar folkskolan nutidens krav&#8221;, bordlades till f\u00f6ljande m\u00f6te.<\/p>\n<p><span style=\"color: #000080;\"><strong>Syd-\u00d6sterbotten 30.12.1914:<\/strong><\/span><\/p>\n<p>Dagsmark Lantmannagille h\u00f6ll \u00e5rsm\u00f6te s\u00f6ndagen den 20 december. Ordf\u00f6randen Johan Lillkull \u00f6ppnade m\u00f6tet. Till ordf\u00f6rande f\u00f6r det kommande \u00e5ret valdes bonden Erland Fagerroos. I en prist\u00e4vlan f\u00f6r g\u00f6dselst\u00e4der hade gillets samtliga medlemmar deltagit. F\u00f6ljande erh\u00f6ll pris: I pris Erland Fagerroos, II pris Axel Hummelg\u00e5rd och III pris till Viktor B\u00e5sk.<\/p>\n<p>Vid samma tillf\u00e4lle hade gillet anordnat en sm\u00f6rutst\u00e4llning. Det b\u00e4sta sm\u00f6ret befanns f\u00f6ljande v\u00e4rdinnor ha, n\u00e4mligen Maria Backlund, II pris Alvina Br\u00e4nn och III pris Ida Nylund.<\/p>\n<p><span style=\"color: #000080;\"><strong>Syd-\u00d6sterbotten 26.5.1917:<\/strong><\/span><\/p>\n<p><strong>Dagsmark Lantmannagille<\/strong> hade ett talrikt bes\u00f6kt m\u00f6te s\u00f6ndagen den 20 maj varvid f\u00f6ljande \u00e4renden behandlades:<\/p>\n<p>-Wasa djurskyddsf\u00f6renings cirkul\u00e4r f\u00f6redrogs och valdes b\u00f6nderna Erland Fagerros, Viktor L\u00e5ngkvist och Nicklas Nystr\u00f6m till djurskyddsn\u00e4mnd inom gillet.<\/p>\n<p>-Sedan refererades \u00e5tta timmars dagen och v\u00e5ra nuvarande f\u00f6rh\u00e5llanden av h\u00e4radsdomaren Viktor B\u00e5sk som redogjorde f\u00f6r v\u00e5r tids situation, d\u00e4r endast fordringar framst\u00e4lls med cirkul\u00e4r och o\u00e4ndliga upprop om \u00f6kad produktion av livsmedel. Man uppmanar lantmannen ideligen: \u201ds\u00e5 mera, plantera mera&#8221;. Uppropen \u00e4r ber\u00e4ttigade! Men man t\u00e4nker inte att \u00f6kning i produktion \u00e4ven medf\u00f6r \u00f6kning i arbete. Senatens upprop till jordbrukarna var inte \u00e4gnat att bringa klarhet i situationen. Endast en uppmaning till \u00f6kad produktion, men n\u00e5gra utv\u00e4gar till att m\u00f6jligg\u00f6ra \u00f6kningen har varken fr\u00e5n regeringens eller fr\u00e5n andra h\u00e5ll anvisats.<\/p>\n<p>-Under den efter f\u00f6ljande livliga diskussionen uttalades f\u00f6rv\u00e5ning \u00f6ver att \u00f6vriga partier i landet s\u00e5 litet ligga in i jordbruksarbetet och dess f\u00f6rh\u00e5llanden. De tycks s\u00e5 litet ha reda p\u00e5 att jordbrukaren f\u00f6rut f\u00e5tt arbeta 15 &#8211; 18 timmars dagar. Hur skall det nu d\u00e5 g\u00e5 ihop med \u00e5tta timmars arbetsdag? M\u00f6tet uttalade en skarp protest mot inf\u00f6randet av \u00e5tta timmars arbetsdag i jordbruksarbetet. Man yrkar p\u00e5 \u00f6kning av produktion, men vill f\u00f6rkorta arbetsdagen! Nu d\u00e5 hungern st\u00e5r f\u00f6r d\u00f6rren b\u00f6r det inte arbetas \u00e5tta, utan sexton.<\/p>\n<p><span style=\"color: #000080;\">Syd-\u00d6sterbotten 29.1.1919:<\/span><\/p>\n<p>Dagsmark lantmannagille hade m\u00f6te s\u00f6ndagen den 25 januari i ungdomshemmet. F\u00f6rst uppl\u00e4stes n\u00e5gra cirkul\u00e4r fr\u00e5n lantbrukss\u00e4llskapet. Sedan besl\u00f6t man prenumerera p\u00e5 s\u00e4rskilda jordbrukstidningar f\u00f6r \u00e5ret. Hembr\u00e4nningsfr\u00e5gan och d\u00e4rmed f\u00f6ljande ofog diskuterades, den fr\u00e5gan har f\u00f6rut behandlats vid s\u00e4rskilda m\u00f6ten, men nu efter den fula h\u00e4ndelsen i ungdomshemmet tycktes alla vara eniga om ett motarbetande av den fula hanteringen. Samtliga talare beklagade, att v\u00e5r by nu st\u00e5r vid en farlig brant och \u00e4r p\u00e5 v\u00e4g att g\u00e5 bak\u00e5t. Detta faktum \u00e4r det sorgligaste. Allting har varit s\u00e5 lovande. Ungdomen har uppf\u00f6rt sig v\u00e4l. Nuvarande ungdom icke heller att klandra, men s\u00e5dant som br\u00e4nnvinsbr\u00e4nningen b\u00f6r ej f\u00e5 h\u00f6ra till v\u00e5r tid. En del talare fr\u00e5gade ocks\u00e5 om vi mera ha n\u00e5gra br\u00e4nnvinspoliser. Andra betonade att det vore sv\u00e5rt f\u00f6r n\u00e5gra f\u00e5 poliser att uppr\u00e4tth\u00e5lla ordningen.<\/p>\n<p>En f\u00f6rening eller n\u00e5gon slags kommitt\u00e9 f\u00f6r motarbetandet av ofoget b\u00f6r taga sig an saken. Sedan diskussionen l\u00e4nge r\u00f6rt sig kring \u00e4mnet, stannade man vid beslutet, att en ordningskommitt\u00e9 b\u00f6r bildas, som b\u00f6r vara poliserna till hj\u00e4lp och uttalade man \u00e4ven f\u00f6rhoppningen att alla, som \u00e4lska ordning, b\u00f6ra ansluta sig till kommitt\u00e9n. F\u00f6ljande personer antecknade sig genast: h\u00e4radsdomar Viktor B\u00e5sk, n\u00e4mndeman Viktor Eklund, s\u00e5g\u00e4gare Viktor Nylund, b\u00f6nderna Viktor Nyroos, Erland Fagerros, Erik Englund, Erik Br\u00e4nn, Alfred Nordberg, Emil B\u00e5sk, Axel Hummelg\u00e5rd, Niklas Nystr\u00f6m, Ivar Wester back och Viktor Bj\u00f6rklund.<\/p>\n<p><span style=\"color: #000080;\">Syd-\u00d6sterbotten 1.2.1919:<\/span><\/p>\n<p><span style=\"font-size: 15px; font-weight: 300;\">Dagsmark lantmannagille sammantr\u00e4dde till \u00e5rsm\u00f6te senaste onsdag kv\u00e4ll och f\u00f6rhandlingarna leddes av ordf\u00f6rande Emil B\u00e5sk. Efter det att kassast\u00e4llningen klargjorts, beviljades styrelsen ansvarsfrihet. Sedan verkst\u00e4llde man val av styrelse f\u00f6r 1919 och Emil B\u00e5sk \u00e5tervaldes till ordf\u00f6rande och sekreterare. Erland Fagerros valdes till viceordf\u00f6rande, Emil Eklund till kass\u00f6r och i styrelsen invaldes Erik Englund, Frans Nybond och Emil Backlund. Att handha gillets maskiner \u00e5tervaldes Viktor L\u00e5ngkvist. Avgiften f\u00f6r att l\u00e5na kl\u00f6vt\u00e5ngen, fr\u00f6maskinen, turnipsmaskinen och h\u00e4sthackan h\u00f6jdes till 1 mark. F\u00f6r att l\u00e5na s\u00e4dessorteraren m\u00e5ste man betala 25 penni f\u00f6r varje tunna och f\u00f6r g\u00f6dselspridaren 50 penni f\u00f6r varje s\u00e4ck. Till bibliotekarie \u00e5tervaldes Erik Anders Br\u00e4nn. \u00c5rsm\u00f6tet var f\u00e5taligt bes\u00f6kt.<\/span><\/p>\n","protected":false},"excerpt":{"rendered":"<p>Syd-\u00d6sterbotten 23.12.1905: Dagsmark lantmannagille hade m\u00f6te p\u00e5 folkskolan den 10 december kl. 4 em f\u00f6r val av ordf\u00f6rande och bestyrelsemedlemmar f\u00f6r inkommande \u00e5r i st\u00e4llet f\u00f6r de som genom lottning var i tur att avg\u00e5. Ordf\u00f6randen Viktor Lillkull omvaldes och <a class=\"more-link\" href=\"https:\/\/www.lassebacklund.fi\/?page_id=18598\">Forts\u00e4tt l\u00e4sa <span class=\"screen-reader-text\">  Tidningsartiklar om Lantmannagillet<\/span><span class=\"meta-nav\">&rarr;<\/span><\/a><\/p>\n","protected":false},"author":1,"featured_media":0,"parent":942,"menu_order":1,"comment_status":"closed","ping_status":"closed","template":"","meta":{"footnotes":""},"class_list":["post-18598","page","type-page","status-publish","hentry"],"_links":{"self":[{"href":"https:\/\/www.lassebacklund.fi\/index.php?rest_route=\/wp\/v2\/pages\/18598","targetHints":{"allow":["GET"]}}],"collection":[{"href":"https:\/\/www.lassebacklund.fi\/index.php?rest_route=\/wp\/v2\/pages"}],"about":[{"href":"https:\/\/www.lassebacklund.fi\/index.php?rest_route=\/wp\/v2\/types\/page"}],"author":[{"embeddable":true,"href":"https:\/\/www.lassebacklund.fi\/index.php?rest_route=\/wp\/v2\/users\/1"}],"replies":[{"embeddable":true,"href":"https:\/\/www.lassebacklund.fi\/index.php?rest_route=%2Fwp%2Fv2%2Fcomments&post=18598"}],"version-history":[{"count":8,"href":"https:\/\/www.lassebacklund.fi\/index.php?rest_route=\/wp\/v2\/pages\/18598\/revisions"}],"predecessor-version":[{"id":21432,"href":"https:\/\/www.lassebacklund.fi\/index.php?rest_route=\/wp\/v2\/pages\/18598\/revisions\/21432"}],"up":[{"embeddable":true,"href":"https:\/\/www.lassebacklund.fi\/index.php?rest_route=\/wp\/v2\/pages\/942"}],"wp:attachment":[{"href":"https:\/\/www.lassebacklund.fi\/index.php?rest_route=%2Fwp%2Fv2%2Fmedia&parent=18598"}],"curies":[{"name":"wp","href":"https:\/\/api.w.org\/{rel}","templated":true}]}}