{"id":18267,"date":"2020-11-09T23:35:38","date_gmt":"2020-11-09T21:35:38","guid":{"rendered":"https:\/\/www.lassebacklund.fi\/?page_id=18267"},"modified":"2020-11-09T23:35:38","modified_gmt":"2020-11-09T21:35:38","slug":"folkskolevasendets-utveckling-i-svenska-osterbotten","status":"publish","type":"page","link":"https:\/\/www.lassebacklund.fi\/?page_id=18267","title":{"rendered":"Folkskolev\u00e4sendets utveckling i svenska \u00d6sterbotten."},"content":{"rendered":"<p><span style=\"color: #000080;\">Artikel i Syd-\u00d6sterbotten 30.7.1904. Renskrivet av Lasse Backlund i november 2020.<\/span><\/p>\n<p>Om vi undantar Tjuda pedagogi, som redan \u00e5r 1649 inr\u00e4ttades p\u00e5 rikskanslern Axel Oxenstjernas gods i Kimito, och vilken skola betydligt skiljer sig fr\u00e5n v\u00e5ra h\u00f6gre folkskolor, har vi Finlands f\u00f6rsta av staten underst\u00f6dda folkskola i Finland i Munsala, inr\u00e4ttad av den varmhj\u00e4rtade folkbildningsv\u00e4nnen Anders Svedberg 1662, s\u00e5ledes redan fyra \u00e5r f\u00f6rr\u00e4n folkskolev\u00e4sendet blev officiellt ordnat i v\u00e5rt land. I sju \u00e5rs tid var sedan denna skola, som i sitt ursprungliga skick i m\u00e5ngt och mycket liknade v\u00e5ra folkh\u00f6gskolor, svenska \u00d6sterbottens enda folkskola. P\u00e5 h\u00f6sten 1869 \u00f6ppnades den andra, Villa folkskola i Gamlakarleby landsf\u00f6rsamling, och f\u00f6ljande \u00e5r den tredje, Kronoby folkskola i Kronoby.<\/p>\n<p>S\u00e5 g\u00e5r igen m\u00e5nga \u00e5r, innan flera folkskolor kommer i verksamhet. 1875 inr\u00e4ttar man i Kronoby vid sidan av den tidigare gosskolan en flickskola. Samma \u00e5r \u00f6ppnas de f\u00f6rsta skolorna i Mustasaari, n\u00e4mligen i Gammelstaden och i Veikars by. F\u00f6ljande \u00e5r f\u00e5r Peders\u00f6re sin f\u00f6rsta skola i Larsmo och V\u00f6r\u00e5 socken i Koskeby, f\u00f6r vilken statsbidraget beviljats redan 1873. I anseende till de sm\u00e5 l\u00e4rarl\u00f6nerna och att Nykarleby seminarium \u00f6ppnades f\u00f6rst 1873, var det vid denna tid ytterst sv\u00e5rt att erh\u00e5lla kompetenta l\u00e4rare. 1877 utdimitterades de 14 f\u00f6rsta svenska l\u00e4rarkandidaterna, men m\u00e4rkligt nog inr\u00e4ttades detta \u00e5r ingen folkskola i v\u00e5r landsdel. S\u00f6der om Wasa uppst\u00e5r de f\u00f6rsta folkskolorna 1878 i N\u00e4rpes i Yttermark by och i Lappfj\u00e4rd i Dagsmark by. Samma \u00e5r erh\u00f6ll \u00e4ven Nedervetil och Jeppo sina f\u00f6rsta skolor. F\u00f6ljande \u00e5r \u00f6ppnas inte mindre \u00e4n 9 nya skolor. 1881 inr\u00e4ttas i Sideby och Malax de f\u00f6rsta folkskolorna, n\u00e4mligen i Sideby kyrkoby och i Ytter-Malax. Sedan f\u00e5r 1884 Esse, 1885 \u00d6vermark, 1886 Solf och Nykarleby landskommun, 1888 Maxmo, 1889 Purmo, 1891 Terj\u00e4rv och 1894 Kristinestads landsf\u00f6rsamling i Tj\u00f6ck sina f\u00f6rsta skolor. Replot och Berg\u00f6 fick skolor \u00e4nnu senare.<\/p>\n","protected":false},"excerpt":{"rendered":"<p>Artikel i Syd-\u00d6sterbotten 30.7.1904. Renskrivet av Lasse Backlund i november 2020. Om vi undantar Tjuda pedagogi, som redan \u00e5r 1649 inr\u00e4ttades p\u00e5 rikskanslern Axel Oxenstjernas gods i Kimito, och vilken skola betydligt skiljer sig fr\u00e5n v\u00e5ra h\u00f6gre folkskolor, har vi <a class=\"more-link\" href=\"https:\/\/www.lassebacklund.fi\/?page_id=18267\">Forts\u00e4tt l\u00e4sa <span class=\"screen-reader-text\">  Folkskolev\u00e4sendets utveckling i svenska \u00d6sterbotten.<\/span><span class=\"meta-nav\">&rarr;<\/span><\/a><\/p>\n","protected":false},"author":1,"featured_media":0,"parent":750,"menu_order":15,"comment_status":"closed","ping_status":"closed","template":"","meta":{"footnotes":""},"class_list":["post-18267","page","type-page","status-publish","hentry"],"_links":{"self":[{"href":"https:\/\/www.lassebacklund.fi\/index.php?rest_route=\/wp\/v2\/pages\/18267","targetHints":{"allow":["GET"]}}],"collection":[{"href":"https:\/\/www.lassebacklund.fi\/index.php?rest_route=\/wp\/v2\/pages"}],"about":[{"href":"https:\/\/www.lassebacklund.fi\/index.php?rest_route=\/wp\/v2\/types\/page"}],"author":[{"embeddable":true,"href":"https:\/\/www.lassebacklund.fi\/index.php?rest_route=\/wp\/v2\/users\/1"}],"replies":[{"embeddable":true,"href":"https:\/\/www.lassebacklund.fi\/index.php?rest_route=%2Fwp%2Fv2%2Fcomments&post=18267"}],"version-history":[{"count":1,"href":"https:\/\/www.lassebacklund.fi\/index.php?rest_route=\/wp\/v2\/pages\/18267\/revisions"}],"predecessor-version":[{"id":18268,"href":"https:\/\/www.lassebacklund.fi\/index.php?rest_route=\/wp\/v2\/pages\/18267\/revisions\/18268"}],"up":[{"embeddable":true,"href":"https:\/\/www.lassebacklund.fi\/index.php?rest_route=\/wp\/v2\/pages\/750"}],"wp:attachment":[{"href":"https:\/\/www.lassebacklund.fi\/index.php?rest_route=%2Fwp%2Fv2%2Fmedia&parent=18267"}],"curies":[{"name":"wp","href":"https:\/\/api.w.org\/{rel}","templated":true}]}}