{"id":1824,"date":"2016-11-12T09:00:31","date_gmt":"2016-11-12T08:00:31","guid":{"rendered":"http:\/\/www.lassebacklund.fi\/?page_id=1824"},"modified":"2026-03-22T22:04:46","modified_gmt":"2026-03-22T20:04:46","slug":"lillkull-vilhelmina-och-anna-kajsa-pa-storavagen-14","status":"publish","type":"page","link":"https:\/\/www.lassebacklund.fi\/?page_id=1824","title":{"rendered":"Lillkull Vilhelmina och Anna Kajsa p\u00e5 Stor\u00e5v\u00e4gen 14"},"content":{"rendered":"<figure id=\"attachment_1815\" aria-describedby=\"caption-attachment-1815\" style=\"width: 990px\" class=\"wp-caption alignnone\"><img loading=\"lazy\" decoding=\"async\" class=\"size-full wp-image-1815\" src=\"http:\/\/www.lassebacklund.fi\/wp-content\/uploads\/2016\/11\/1-5.jpg\" alt=\"H\u00e4r st\u00e5r &quot;G\u00e5bbinas-Mina \u00e5 Ana-Kajs&quot; utanf\u00f6r sitt hem p\u00e5 Brobackan.\" width=\"990\" height=\"695\" srcset=\"https:\/\/www.lassebacklund.fi\/wp-content\/uploads\/2016\/11\/1-5.jpg 990w, https:\/\/www.lassebacklund.fi\/wp-content\/uploads\/2016\/11\/1-5-300x211.jpg 300w, https:\/\/www.lassebacklund.fi\/wp-content\/uploads\/2016\/11\/1-5-768x539.jpg 768w\" sizes=\"auto, (max-width: 990px) 100vw, 990px\" \/><figcaption id=\"caption-attachment-1815\" class=\"wp-caption-text\">&#8221;G\u00e5bbinas Mina \u00e5 Ana Kajs&#8221; utanf\u00f6r sitt hem p\u00e5 Brobackan.<\/figcaption><\/figure>\n<p><span style=\"color: #000080;\"><strong>Sammanst\u00e4llt av Lasse Backlund 2013, med hj\u00e4lp av Inga-Lill Sandstr\u00f6m.\u00a0<\/strong><\/span><\/p>\n<p>I det h\u00e4r huset bodde parcell\u00e4garna och backstugusittarna Sofia WILHELMINA Lillkull, (1874 \u2013 1955) och hennes syster ANNA KAJSA Lillkull, (1876 \u2013 1958). Huset stod p\u00e5 mark som tillh\u00f6rde familjen Westerback p\u00e5 \u00c5ddin. Anna Kajsa hade ocks\u00e5 sonen Arvid (1914-1986), som kallades G\u00e5bbinas Arvid. Allm\u00e4nt kallades de h\u00e4r systrarna f\u00f6r &#8221;G\u00e5bbinas Mina o Anakajs&#8221;.<\/p>\n<p>De h\u00e4r systrarna var d\u00f6ttrar till storbonden Johan Eriksson Lillkull fr\u00e5n dennes andra gifte. Johan Lillkull var i tiderna den st\u00f6rsta bonden i Dagsmark med ca 200 hektar \u00e5ker och skog. I sitt f\u00f6rsta gifte bodde han med sin hustru i den stora bondg\u00e5rden som skymtar bakom buskarna p\u00e5 bilden h\u00e4r under. G\u00e5rden var bel\u00e4gen p\u00e5 <a href=\"https:\/\/www.lassebacklund.fi\/?page_id=980\">Korsb\u00e4ckv\u00e4gen 28<\/a> n\u00e4ra <a href=\"https:\/\/www.lassebacklund.fi\/?page_id=1531\">Lillbron<\/a> mittemot <a href=\"https:\/\/www.lassebacklund.fi\/?page_id=1928\">b\u00f6nehuset.<\/a><\/p>\n<figure id=\"attachment_1816\" aria-describedby=\"caption-attachment-1816\" style=\"width: 1195px\" class=\"wp-caption aligncenter\"><img loading=\"lazy\" decoding=\"async\" class=\"size-full wp-image-1816\" src=\"http:\/\/www.lassebacklund.fi\/wp-content\/uploads\/2016\/11\/2-5.jpg\" alt=\"P\u00e5 detta foto av den gamla Lillbron, s\u00e5 ser vi lillstugan som &quot;Pelas-G\u00e5bbin&quot; flyttade till \u00e5r 1870 d\u00e5 han blev sytningsman. Det \u00e4r allts\u00e5 huset till h\u00f6ger, d\u00e4r gaveln syns.\" width=\"1195\" height=\"884\" srcset=\"https:\/\/www.lassebacklund.fi\/wp-content\/uploads\/2016\/11\/2-5.jpg 1195w, https:\/\/www.lassebacklund.fi\/wp-content\/uploads\/2016\/11\/2-5-300x222.jpg 300w, https:\/\/www.lassebacklund.fi\/wp-content\/uploads\/2016\/11\/2-5-768x568.jpg 768w, https:\/\/www.lassebacklund.fi\/wp-content\/uploads\/2016\/11\/2-5-1024x758.jpg 1024w\" sizes=\"auto, (max-width: 1195px) 100vw, 1195px\" \/><figcaption id=\"caption-attachment-1816\" class=\"wp-caption-text\">P\u00e5 detta foto av den gamla <a href=\"https:\/\/www.lassebacklund.fi\/?page_id=1531\">Lillbron<\/a>, s\u00e5 ser vi lillstugan som &#8221;Pelas G\u00e5bbin&#8221; flyttade till \u00e5r 1870 d\u00e5 han blev sytningsman. Det \u00e4r allts\u00e5 huset till h\u00f6ger, d\u00e4r gaveln syns.<\/figcaption><\/figure>\n<p>N\u00e4r Johan Lillkulls hustru dog \u00e5r 1870, blev han sytningsman och flyttade d\u00e5 till lillstugan som syns till h\u00f6ger p\u00e5 bilden h\u00e4r ovanf\u00f6r. Han gifte d\u00e5 om sig och fick en son Henrik, som dog som barn men ocks\u00e5 d\u00f6ttrarna Wilhelmina och Anna Kajsa. H\u00e4r bodde familjen till \u00e5r 1893 d\u00e5 pappa Johan dog och det var troligen d\u00e5 som de flyttade till Stor\u00e5v\u00e4gen 14 p\u00e5 Brobackan. Smeknamnet &#8221;G\u00e5bbinas&#8221; kommer allts\u00e5 fr\u00e5n denne Johan Lillkull som vanligtvis kallades f\u00f6r \u201dPelas G\u00e5bbin\u201d. Vill du l\u00e4sa mera om &#8221;Pelas G\u00e5bbinas&#8221; hemman p\u00e5 A-sidon, s\u00e5 klicka <a href=\"http:\/\/www.lassebacklund.fi\/?page_id=980\"><span style=\"text-decoration: underline;\"><strong>h\u00e4r!<\/strong><\/span><\/a><\/p>\n<p><strong>\u00c5r 1920, den 4 juni<\/strong> k\u00f6pte Anna Kajsa och Vilhelmina ett markomr\u00e5de p\u00e5 ca 4 000 kvm av Karl och Adelina Lillkull. Det h\u00e4r omr\u00e5det n\u00e4ra Ahlbergas g\u00e5rd hade de innehaft som torpomr\u00e5de sedan \u00e5r 1905 men enligt den nya torparlagen kunde de l\u00f6sa in det och k\u00f6peskillingen best\u00e4mdes till 300 mark.<\/p>\n<figure id=\"attachment_1821\" aria-describedby=\"caption-attachment-1821\" style=\"width: 359px\" class=\"wp-caption alignnone\"><img loading=\"lazy\" decoding=\"async\" class=\"size-full wp-image-1821\" src=\"http:\/\/www.lassebacklund.fi\/wp-content\/uploads\/2016\/11\/Hammarberg-Karl-med-John-med-Lillkullas-gamla-stugan-i-bakgrunde.jpg\" alt=\"P\u00e5 foto d\u00e4r Karl Hammarberg st\u00e5r med sonen John s\u00e5 syns g\u00e5rden i bakgrunden.\" width=\"359\" height=\"413\" srcset=\"https:\/\/www.lassebacklund.fi\/wp-content\/uploads\/2016\/11\/Hammarberg-Karl-med-John-med-Lillkullas-gamla-stugan-i-bakgrunde.jpg 359w, https:\/\/www.lassebacklund.fi\/wp-content\/uploads\/2016\/11\/Hammarberg-Karl-med-John-med-Lillkullas-gamla-stugan-i-bakgrunde-261x300.jpg 261w\" sizes=\"auto, (max-width: 359px) 100vw, 359px\" \/><figcaption id=\"caption-attachment-1821\" class=\"wp-caption-text\">P\u00e5 foto d\u00e4r Karl Hammarberg st\u00e5r med sonen John s\u00e5 syns g\u00e5rden i bakgrunden.<\/figcaption><\/figure>\n<figure id=\"attachment_1875\" aria-describedby=\"caption-attachment-1875\" style=\"width: 405px\" class=\"wp-caption alignnone\"><img loading=\"lazy\" decoding=\"async\" class=\" wp-image-1875\" src=\"http:\/\/www.lassebacklund.fi\/wp-content\/uploads\/2016\/11\/Lillkull-Anakajs-G\u00e5bbinas.jpg\" alt=\"&quot;Ulla-Ellen&quot; \u00c5n\u00e4s hade en bra kamera och var en flitig fotograf. H\u00e4r har hon tagit ett bra foto av &quot;G\u00e5bbinas&quot; Anakajs Lillkull.\" width=\"405\" height=\"574\" srcset=\"https:\/\/www.lassebacklund.fi\/wp-content\/uploads\/2016\/11\/Lillkull-Anakajs-G\u00e5bbinas.jpg 582w, https:\/\/www.lassebacklund.fi\/wp-content\/uploads\/2016\/11\/Lillkull-Anakajs-G\u00e5bbinas-212x300.jpg 212w\" sizes=\"auto, (max-width: 405px) 100vw, 405px\" \/><figcaption id=\"caption-attachment-1875\" class=\"wp-caption-text\">&#8221;Ulla Ellen&#8221; \u00c5n\u00e4s hade en bra kamera och var en flitig fotograf. H\u00e4r har hon tagit ett bra foto av &#8221;G\u00e5bbinas&#8221; Anakajs Lillkull.<\/figcaption><\/figure>\n<figure id=\"attachment_1819\" aria-describedby=\"caption-attachment-1819\" style=\"width: 384px\" class=\"wp-caption alignnone\"><img loading=\"lazy\" decoding=\"async\" class=\" wp-image-1819\" src=\"http:\/\/www.lassebacklund.fi\/wp-content\/uploads\/2016\/11\/brobackan-IL2.jpg\" alt=\"P\u00e5 bilden av Broback-Alvina och n\u00e5gon av hennes d\u00f6ttrar s\u00e5 syns &quot;G\u00e5bbinas-fleckoras&quot; stuga p\u00e5 andra sidan landsv\u00e4gen.\" width=\"384\" height=\"403\" srcset=\"https:\/\/www.lassebacklund.fi\/wp-content\/uploads\/2016\/11\/brobackan-IL2.jpg 896w, https:\/\/www.lassebacklund.fi\/wp-content\/uploads\/2016\/11\/brobackan-IL2-285x300.jpg 285w, https:\/\/www.lassebacklund.fi\/wp-content\/uploads\/2016\/11\/brobackan-IL2-768x807.jpg 768w\" sizes=\"auto, (max-width: 384px) 100vw, 384px\" \/><figcaption id=\"caption-attachment-1819\" class=\"wp-caption-text\">P\u00e5 bilden av Broback Alvina och sv\u00e4rdottern M\u00e4rta Roseng\u00e5rd s\u00e5 syns &#8221;G\u00e5bbinas fleckoras&#8221; stuga p\u00e5 andra sidan landsv\u00e4gen.<\/figcaption><\/figure>\n<figure id=\"attachment_1818\" aria-describedby=\"caption-attachment-1818\" style=\"width: 509px\" class=\"wp-caption alignnone\"><img loading=\"lazy\" decoding=\"async\" class=\" wp-image-1818\" src=\"http:\/\/www.lassebacklund.fi\/wp-content\/uploads\/2016\/11\/brobackan-IL.jpg\" alt=\"Bakom b\u00e4rbuskarna p\u00e5 Brobackan skymtar Minas och Anakajsas g\u00e5rden. Flickorna p\u00e5 bilden \u00e4r Birgit Lund, Alice Bj\u00f6rklund och Marita Lindell. \" width=\"509\" height=\"338\" srcset=\"https:\/\/www.lassebacklund.fi\/wp-content\/uploads\/2016\/11\/brobackan-IL.jpg 1298w, https:\/\/www.lassebacklund.fi\/wp-content\/uploads\/2016\/11\/brobackan-IL-300x199.jpg 300w, https:\/\/www.lassebacklund.fi\/wp-content\/uploads\/2016\/11\/brobackan-IL-768x511.jpg 768w, https:\/\/www.lassebacklund.fi\/wp-content\/uploads\/2016\/11\/brobackan-IL-1024x681.jpg 1024w\" sizes=\"auto, (max-width: 509px) 100vw, 509px\" \/><figcaption id=\"caption-attachment-1818\" class=\"wp-caption-text\">Bakom b\u00e4rbuskarna p\u00e5 Brobackan skymtar Minas och Anakajsas g\u00e5rden. Flickorna p\u00e5 bilden \u00e4r Birgit Lund, Alice Bj\u00f6rklund och Marita Lindell.<\/figcaption><\/figure>\n<figure id=\"attachment_1823\" aria-describedby=\"caption-attachment-1823\" style=\"width: 749px\" class=\"wp-caption alignnone\"><img loading=\"lazy\" decoding=\"async\" class=\"size-full wp-image-1823\" src=\"http:\/\/www.lassebacklund.fi\/wp-content\/uploads\/2016\/11\/Stugan.jpg\" alt=\"P\u00e5 denna lite otydliga bild s\u00e5 ser vi bra var &quot;G\u00e5bbinas-Fleckoras&quot; g\u00e5rd stod, eftersom Skogmans g\u00e5rd syns till h\u00f6ger.\" width=\"749\" height=\"325\" srcset=\"https:\/\/www.lassebacklund.fi\/wp-content\/uploads\/2016\/11\/Stugan.jpg 749w, https:\/\/www.lassebacklund.fi\/wp-content\/uploads\/2016\/11\/Stugan-300x130.jpg 300w\" sizes=\"auto, (max-width: 749px) 100vw, 749px\" \/><figcaption id=\"caption-attachment-1823\" class=\"wp-caption-text\">P\u00e5 denna lite otydliga bild s\u00e5 ser vi bra var &#8221;G\u00e5bbinas Fleckoras&#8221; g\u00e5rd stod, eftersom Skogmans g\u00e5rd syns till h\u00f6ger. Skogmans g\u00e5rd byggdes 1945, s\u00e5 fotot \u00e4r m\u00f6jligtvis taget p\u00e5 50-talet.<\/figcaption><\/figure>\n<p>&nbsp;<\/p>\n<p class=\"Wp-Normal-P\"><strong>\u00c5r 1958<\/strong> revs huset p\u00e5 Brobackan, d\u00e5 Arvid med sin familj flyttade till <a href=\"https:\/\/www.lassebacklund.fi\/?page_id=1838\">Sunnantillv\u00e4gen 16<\/a> p\u00e5 A-sidon. Tomten d\u00e4r g\u00e5rden stod p\u00e5 Brobackan anv\u00e4nds i dag som \u00e5kermark och \u00e4gs av familjen Skogman..<\/p>\n<figure id=\"attachment_1822\" aria-describedby=\"caption-attachment-1822\" style=\"width: 542px\" class=\"wp-caption aligncenter\"><img loading=\"lazy\" decoding=\"async\" class=\" wp-image-1822\" src=\"http:\/\/www.lassebacklund.fi\/wp-content\/uploads\/2016\/11\/Mina-Lillkull-Maria-L\u00e5ng-och-Maria-Lindberg-p\u00e5-v\u00e4g-till-nattvardsgudstj\u00e4nst..jpg\" alt=\"P\u00e5 l\u00e4raren Selim Bj\u00f6rses foto ser vi tre gummor p\u00e5 v\u00e4g till nattvarden i kyrkan i Lappfj\u00e4rd. Till v\u00e4nster \u201dG\u00e5bbinas\u201d Mina Lillkull, i mitten \u201dBeckaas\u201d Maria L\u00e5ng och till h\u00f6ger Maria Lindberg fr\u00e5n Haga-t\u00e5 p\u00e5 A-sidon.\" width=\"542\" height=\"359\" srcset=\"https:\/\/www.lassebacklund.fi\/wp-content\/uploads\/2016\/11\/Mina-Lillkull-Maria-L\u00e5ng-och-Maria-Lindberg-p\u00e5-v\u00e4g-till-nattvardsgudstj\u00e4nst..jpg 1982w, https:\/\/www.lassebacklund.fi\/wp-content\/uploads\/2016\/11\/Mina-Lillkull-Maria-L\u00e5ng-och-Maria-Lindberg-p\u00e5-v\u00e4g-till-nattvardsgudstj\u00e4nst.-300x199.jpg 300w, https:\/\/www.lassebacklund.fi\/wp-content\/uploads\/2016\/11\/Mina-Lillkull-Maria-L\u00e5ng-och-Maria-Lindberg-p\u00e5-v\u00e4g-till-nattvardsgudstj\u00e4nst.-768x509.jpg 768w, https:\/\/www.lassebacklund.fi\/wp-content\/uploads\/2016\/11\/Mina-Lillkull-Maria-L\u00e5ng-och-Maria-Lindberg-p\u00e5-v\u00e4g-till-nattvardsgudstj\u00e4nst.-1024x679.jpg 1024w\" sizes=\"auto, (max-width: 542px) 100vw, 542px\" \/><figcaption id=\"caption-attachment-1822\" class=\"wp-caption-text\">P\u00e5 l\u00e4raren Selim Bj\u00f6rses foto ser vi tre gummor p\u00e5 v\u00e4g till nattvarden i kyrkan i Lappfj\u00e4rd. Till v\u00e4nster \u201dG\u00e5bbinas\u201d Mina Lillkull, i mitten \u201dBeckaas\u201d Maria L\u00e5ng och till h\u00f6ger Maria Lindberg fr\u00e5n Haga-t\u00e5 p\u00e5 A-sidon.<\/figcaption><\/figure>\n<figure id=\"attachment_1820\" aria-describedby=\"caption-attachment-1820\" style=\"width: 511px\" class=\"wp-caption aligncenter\"><img loading=\"lazy\" decoding=\"async\" class=\" wp-image-1820\" src=\"http:\/\/www.lassebacklund.fi\/wp-content\/uploads\/2016\/11\/Farmor-och-Adelin-H\u00e4ggblom.jpg\" alt=\"P\u00e5 detta foto st\u00e5r Anna Kajsa Lillkull till h\u00f6ger och \u201dSkaftung\u201d Adelina H\u00e4ggblom, som bodde p\u00e5 Lillsj\u00f6lidv\u00e4gen st\u00e5r till v\u00e4nster. Adelina var dotter till \u201dSkaftung-Josip \u00e5 Karolin\u201d H\u00e4ggblom, f\u00f6dd i Korsb\u00e4ck ungef\u00e4r d\u00e4r skolan st\u00e5r idag. Kvinnan i mitten \u00e4r tillsvidare ok\u00e4nd. \" width=\"511\" height=\"738\" srcset=\"https:\/\/www.lassebacklund.fi\/wp-content\/uploads\/2016\/11\/Farmor-och-Adelin-H\u00e4ggblom.jpg 622w, https:\/\/www.lassebacklund.fi\/wp-content\/uploads\/2016\/11\/Farmor-och-Adelin-H\u00e4ggblom-208x300.jpg 208w\" sizes=\"auto, (max-width: 511px) 100vw, 511px\" \/><figcaption id=\"caption-attachment-1820\" class=\"wp-caption-text\">Anna Kajsa Lillkull till h\u00f6ger och \u201dSkaftung\u201d Adelina H\u00e4ggblom, som bodde p\u00e5 Lillsj\u00f6lidv\u00e4gen st\u00e5r till v\u00e4nster. Adelina var dotter till \u201dSkaftung Josip \u00e5 Karolin\u201d H\u00e4ggblom, f\u00f6dd i Korsb\u00e4ck ungef\u00e4r d\u00e4r skolan st\u00e5r idag. Kvinnan i mitten \u00e4r tillsvidare ok\u00e4nd.<\/figcaption><\/figure>\n<figure id=\"attachment_1992\" aria-describedby=\"caption-attachment-1992\" style=\"width: 620px\" class=\"wp-caption alignnone\"><img loading=\"lazy\" decoding=\"async\" class=\"size-full wp-image-1992\" src=\"http:\/\/www.lassebacklund.fi\/wp-content\/uploads\/2016\/11\/Farmors-begravning-16.2-1958.jpg\" alt=\"Arvid Lillkulls mor Anna Kajsa (f.1876) dog \u00e5r 1958 och h\u00e4r ser vi Arvid och Alice med d\u00f6ttrarna vid begravningen.\" width=\"620\" height=\"402\" srcset=\"https:\/\/www.lassebacklund.fi\/wp-content\/uploads\/2016\/11\/Farmors-begravning-16.2-1958.jpg 620w, https:\/\/www.lassebacklund.fi\/wp-content\/uploads\/2016\/11\/Farmors-begravning-16.2-1958-300x195.jpg 300w\" sizes=\"auto, (max-width: 620px) 100vw, 620px\" \/><figcaption id=\"caption-attachment-1992\" class=\"wp-caption-text\">&#8221;G\u00e5bbinas&#8221; Anna Kajsa Lillkull (f.1876) dog \u00e5r 1958 och h\u00e4r ser vi sonen Arvid och dennes hustru Alice med d\u00f6ttrarna vid begravningen.<\/figcaption><\/figure>\n<figure id=\"attachment_1817\" aria-describedby=\"caption-attachment-1817\" style=\"width: 757px\" class=\"wp-caption alignnone\"><img loading=\"lazy\" decoding=\"async\" class=\"size-full wp-image-1817\" src=\"http:\/\/www.lassebacklund.fi\/wp-content\/uploads\/2016\/11\/3-4.jpg\" alt=\"Det var allts\u00e5 i detta hus som \u201dG\u00e5bbinas Mina och Anakajs\u201d f\u00f6ddes p\u00e5 1870-talet. Det var \u00e5r 1920 d\u00e5 g\u00e5rden rullades \u00f6ver &quot;Treskvejin&quot; till det st\u00e4lle d\u00e4r den fortfarande st\u00e5r.\" width=\"757\" height=\"453\" srcset=\"https:\/\/www.lassebacklund.fi\/wp-content\/uploads\/2016\/11\/3-4.jpg 757w, https:\/\/www.lassebacklund.fi\/wp-content\/uploads\/2016\/11\/3-4-300x180.jpg 300w\" sizes=\"auto, (max-width: 757px) 100vw, 757px\" \/><figcaption id=\"caption-attachment-1817\" class=\"wp-caption-text\">Det var allts\u00e5 i detta hus som \u201dG\u00e5bbinas Mina och Anakajs\u201d f\u00f6ddes p\u00e5 1870-talet. Det var \u00e5r 1920 d\u00e5 g\u00e5rden rullades \u00f6ver &#8221;Treskvejin&#8221; till det st\u00e4lle d\u00e4r den fortfarande st\u00e5r.<\/figcaption><\/figure>\n<p>Vill du se systrarnas sl\u00e4kt, klicka <a href=\"http:\/\/www.lassebacklund.fi\/?page_id=6410\"><u>h\u00e4r<\/u><\/a>, och leta fram tabell 155.<\/p>\n<p>Vill du l\u00e4sa mera om Arvids och Alices hem p\u00e5 A-sidon, klicka <a href=\"http:\/\/www.lassebacklund.fi\/?page_id=1838\"><u>h\u00e4r.<\/u><\/a><\/p>\n","protected":false},"excerpt":{"rendered":"<p>Sammanst\u00e4llt av Lasse Backlund 2013, med hj\u00e4lp av Inga-Lill Sandstr\u00f6m.\u00a0 I det h\u00e4r huset bodde parcell\u00e4garna och backstugusittarna Sofia WILHELMINA Lillkull, (1874 \u2013 1955) och hennes syster ANNA KAJSA Lillkull, (1876 \u2013 1958). Huset stod p\u00e5 mark som tillh\u00f6rde familjen <a class=\"more-link\" href=\"https:\/\/www.lassebacklund.fi\/?page_id=1824\">Forts\u00e4tt l\u00e4sa <span class=\"screen-reader-text\">  Lillkull Vilhelmina och Anna Kajsa p\u00e5 Stor\u00e5v\u00e4gen 14<\/span><span class=\"meta-nav\">&rarr;<\/span><\/a><\/p>\n","protected":false},"author":1,"featured_media":0,"parent":88,"menu_order":14,"comment_status":"closed","ping_status":"closed","template":"","meta":{"footnotes":""},"class_list":["post-1824","page","type-page","status-publish","hentry"],"_links":{"self":[{"href":"https:\/\/www.lassebacklund.fi\/index.php?rest_route=\/wp\/v2\/pages\/1824","targetHints":{"allow":["GET"]}}],"collection":[{"href":"https:\/\/www.lassebacklund.fi\/index.php?rest_route=\/wp\/v2\/pages"}],"about":[{"href":"https:\/\/www.lassebacklund.fi\/index.php?rest_route=\/wp\/v2\/types\/page"}],"author":[{"embeddable":true,"href":"https:\/\/www.lassebacklund.fi\/index.php?rest_route=\/wp\/v2\/users\/1"}],"replies":[{"embeddable":true,"href":"https:\/\/www.lassebacklund.fi\/index.php?rest_route=%2Fwp%2Fv2%2Fcomments&post=1824"}],"version-history":[{"count":9,"href":"https:\/\/www.lassebacklund.fi\/index.php?rest_route=\/wp\/v2\/pages\/1824\/revisions"}],"predecessor-version":[{"id":25712,"href":"https:\/\/www.lassebacklund.fi\/index.php?rest_route=\/wp\/v2\/pages\/1824\/revisions\/25712"}],"up":[{"embeddable":true,"href":"https:\/\/www.lassebacklund.fi\/index.php?rest_route=\/wp\/v2\/pages\/88"}],"wp:attachment":[{"href":"https:\/\/www.lassebacklund.fi\/index.php?rest_route=%2Fwp%2Fv2%2Fmedia&parent=1824"}],"curies":[{"name":"wp","href":"https:\/\/api.w.org\/{rel}","templated":true}]}}