{"id":18171,"date":"2020-11-01T22:04:56","date_gmt":"2020-11-01T20:04:56","guid":{"rendered":"https:\/\/www.lassebacklund.fi\/?page_id=18171"},"modified":"2020-11-01T22:06:28","modified_gmt":"2020-11-01T20:06:28","slug":"18171-2","status":"publish","type":"page","link":"https:\/\/www.lassebacklund.fi\/?page_id=18171","title":{"rendered":"Vridandet av visarna."},"content":{"rendered":"<p><span style=\"color: #000080;\">Skrivet av Eva den 25 oktober 2020 d\u00e5 visarna skall vridas mot sommaren.<\/span><\/p>\n<h6>Har du fullgjort din plikt f\u00f6r att h\u00e4nga med i tiden?<\/h6>\n<h6>Annars kan det h\u00e4nda att din dygnsrytm blir snedvriden.<\/h6>\n<h6>Visarna bak\u00e5t om din klocka \u00e4r vanlig manuell,<\/h6>\n<h6>den digitala kan du troligen med ett knapptryck inst\u00e4ll.<\/h6>\n<p>&nbsp;<\/p>\n<h6>Nu har vi normaltid, s\u00e5 som jag tycker det skall vara<\/h6>\n<h6>om du tycker olika, kan du d\u00e5 f\u00f6r mig f\u00f6rklara<\/h6>\n<h6>vad \u00e4r det f\u00f6r vits och vad \u00e4r f\u00f6rdelen med detta,<\/h6>\n<h6>n\u00e5n annan \u00e4n den som jag nu ska f\u00f6r dig ber\u00e4tta.<\/h6>\n<p>&nbsp;<\/p>\n<h6>Klockorna p\u00e5 v\u00e4ggen h\u00e4nger d\u00e4r de ska<\/h6>\n<h6>man tittar ju p\u00e5 dem flera g\u00e5nger per da.<\/h6>\n<h6>Men vid st\u00e4dningen man gl\u00f6mmer p\u00e5 dem torka damm<\/h6>\n<h6>det brukar jag g\u00f6ra n\u00e4r visarna vrides bak eller fram!<\/h6>\n<p>&nbsp;<\/p>\n","protected":false},"excerpt":{"rendered":"<p>Skrivet av Eva den 25 oktober 2020 d\u00e5 visarna skall vridas mot sommaren. Har du fullgjort din plikt f\u00f6r att h\u00e4nga med i tiden? Annars kan det h\u00e4nda att din dygnsrytm blir snedvriden. Visarna bak\u00e5t om din klocka \u00e4r vanlig <a class=\"more-link\" href=\"https:\/\/www.lassebacklund.fi\/?page_id=18171\">Forts\u00e4tt l\u00e4sa <span class=\"screen-reader-text\">  Vridandet av visarna.<\/span><span class=\"meta-nav\">&rarr;<\/span><\/a><\/p>\n","protected":false},"author":1,"featured_media":0,"parent":16671,"menu_order":13,"comment_status":"closed","ping_status":"closed","template":"","meta":{"footnotes":""},"class_list":["post-18171","page","type-page","status-publish","hentry"],"_links":{"self":[{"href":"https:\/\/www.lassebacklund.fi\/index.php?rest_route=\/wp\/v2\/pages\/18171","targetHints":{"allow":["GET"]}}],"collection":[{"href":"https:\/\/www.lassebacklund.fi\/index.php?rest_route=\/wp\/v2\/pages"}],"about":[{"href":"https:\/\/www.lassebacklund.fi\/index.php?rest_route=\/wp\/v2\/types\/page"}],"author":[{"embeddable":true,"href":"https:\/\/www.lassebacklund.fi\/index.php?rest_route=\/wp\/v2\/users\/1"}],"replies":[{"embeddable":true,"href":"https:\/\/www.lassebacklund.fi\/index.php?rest_route=%2Fwp%2Fv2%2Fcomments&post=18171"}],"version-history":[{"count":3,"href":"https:\/\/www.lassebacklund.fi\/index.php?rest_route=\/wp\/v2\/pages\/18171\/revisions"}],"predecessor-version":[{"id":18174,"href":"https:\/\/www.lassebacklund.fi\/index.php?rest_route=\/wp\/v2\/pages\/18171\/revisions\/18174"}],"up":[{"embeddable":true,"href":"https:\/\/www.lassebacklund.fi\/index.php?rest_route=\/wp\/v2\/pages\/16671"}],"wp:attachment":[{"href":"https:\/\/www.lassebacklund.fi\/index.php?rest_route=%2Fwp%2Fv2%2Fmedia&parent=18171"}],"curies":[{"name":"wp","href":"https:\/\/api.w.org\/{rel}","templated":true}]}}