{"id":18168,"date":"2020-11-01T21:55:53","date_gmt":"2020-11-01T19:55:53","guid":{"rendered":"https:\/\/www.lassebacklund.fi\/?page_id=18168"},"modified":"2020-11-01T21:55:53","modified_gmt":"2020-11-01T19:55:53","slug":"det-kallas-rantaa","status":"publish","type":"page","link":"https:\/\/www.lassebacklund.fi\/?page_id=18168","title":{"rendered":"Det kallas r\u00e4nt\u00e4\u00e4!"},"content":{"rendered":"<p><span style=\"color: #000080;\">Diktat av Eva den 18 oktober 2020:<\/span><\/p>\n<h6>S\u00e5 kom d\u00e5 den dagen d\u00e5 croksen f\u00e5r l\u00e4ggas bort,<\/h6>\n<h6>ni vet, den \u00f6ppna skon som \u00e4r av sommarsort.<\/h6>\n<h6>Likas\u00e5 f\u00e5r cykeln f\u00f6rflyttas till vinterf\u00f6rvaring<\/h6>\n<h6>och tittar man ut beh\u00f6vs ingen n\u00e4rmare f\u00f6rklaring.<\/h6>\n<p>&nbsp;<\/p>\n<h6>Det kommer ner n\u00e5t v\u00e5tt som den finske kallar r\u00e4nt\u00e4\u00e4<\/h6>\n<h6>sn\u00f6blandat regn blir det om jag k\u00e4\u00e4nt\u00e4\u00e4.<\/h6>\n<h6>S\u00e5 i dag g\u00e5r man knappast frivilligt ut,<\/h6>\n<h6>dikten blev kort f\u00f6r nu tog inspirationen slut.<\/h6>\n<p>&nbsp;<\/p>\n","protected":false},"excerpt":{"rendered":"<p>Diktat av Eva den 18 oktober 2020: S\u00e5 kom d\u00e5 den dagen d\u00e5 croksen f\u00e5r l\u00e4ggas bort, ni vet, den \u00f6ppna skon som \u00e4r av sommarsort. Likas\u00e5 f\u00e5r cykeln f\u00f6rflyttas till vinterf\u00f6rvaring och tittar man ut beh\u00f6vs ingen n\u00e4rmare f\u00f6rklaring. <a class=\"more-link\" href=\"https:\/\/www.lassebacklund.fi\/?page_id=18168\">Forts\u00e4tt l\u00e4sa <span class=\"screen-reader-text\">  Det kallas r\u00e4nt\u00e4\u00e4!<\/span><span class=\"meta-nav\">&rarr;<\/span><\/a><\/p>\n","protected":false},"author":1,"featured_media":0,"parent":16671,"menu_order":12,"comment_status":"closed","ping_status":"closed","template":"","meta":{"footnotes":""},"class_list":["post-18168","page","type-page","status-publish","hentry"],"_links":{"self":[{"href":"https:\/\/www.lassebacklund.fi\/index.php?rest_route=\/wp\/v2\/pages\/18168","targetHints":{"allow":["GET"]}}],"collection":[{"href":"https:\/\/www.lassebacklund.fi\/index.php?rest_route=\/wp\/v2\/pages"}],"about":[{"href":"https:\/\/www.lassebacklund.fi\/index.php?rest_route=\/wp\/v2\/types\/page"}],"author":[{"embeddable":true,"href":"https:\/\/www.lassebacklund.fi\/index.php?rest_route=\/wp\/v2\/users\/1"}],"replies":[{"embeddable":true,"href":"https:\/\/www.lassebacklund.fi\/index.php?rest_route=%2Fwp%2Fv2%2Fcomments&post=18168"}],"version-history":[{"count":1,"href":"https:\/\/www.lassebacklund.fi\/index.php?rest_route=\/wp\/v2\/pages\/18168\/revisions"}],"predecessor-version":[{"id":18169,"href":"https:\/\/www.lassebacklund.fi\/index.php?rest_route=\/wp\/v2\/pages\/18168\/revisions\/18169"}],"up":[{"embeddable":true,"href":"https:\/\/www.lassebacklund.fi\/index.php?rest_route=\/wp\/v2\/pages\/16671"}],"wp:attachment":[{"href":"https:\/\/www.lassebacklund.fi\/index.php?rest_route=%2Fwp%2Fv2%2Fmedia&parent=18168"}],"curies":[{"name":"wp","href":"https:\/\/api.w.org\/{rel}","templated":true}]}}