{"id":18012,"date":"2020-10-12T23:39:03","date_gmt":"2020-10-12T20:39:03","guid":{"rendered":"https:\/\/www.lassebacklund.fi\/?page_id=18012"},"modified":"2020-10-12T23:39:03","modified_gmt":"2020-10-12T20:39:03","slug":"varfloden-i-lappfjard-ar-1965","status":"publish","type":"page","link":"https:\/\/www.lassebacklund.fi\/?page_id=18012","title":{"rendered":"V\u00e5rfloden i Lappfj\u00e4rd \u00e5r 1965."},"content":{"rendered":"<p>\u00c5r 1965 publicerade Rurik denna artikel i tidskriften Sydbottnisk natur, som gavs ut av Naturum Amantes, Kristinestads samlyceum med Staffan Storteir som huvudredakt\u00f6r.<\/p>\n<figure id=\"attachment_18003\" aria-describedby=\"caption-attachment-18003\" style=\"width: 1261px\" class=\"wp-caption alignnone\"><img loading=\"lazy\" decoding=\"async\" class=\"wp-image-18003 size-full\" src=\"https:\/\/www.lassebacklund.fi\/wp-content\/uploads\/2020\/10\/IMG_2771.jpg\" alt=\"\" width=\"1261\" height=\"980\" srcset=\"https:\/\/www.lassebacklund.fi\/wp-content\/uploads\/2020\/10\/IMG_2771.jpg 1261w, https:\/\/www.lassebacklund.fi\/wp-content\/uploads\/2020\/10\/IMG_2771-300x233.jpg 300w, https:\/\/www.lassebacklund.fi\/wp-content\/uploads\/2020\/10\/IMG_2771-1024x796.jpg 1024w, https:\/\/www.lassebacklund.fi\/wp-content\/uploads\/2020\/10\/IMG_2771-768x597.jpg 768w\" sizes=\"auto, (max-width: 1261px) 100vw, 1261px\" \/><figcaption id=\"caption-attachment-18003\" class=\"wp-caption-text\">Mitt p\u00e5 Ruriks karta s\u00e5 syns det bra p\u00e5 vilket omr\u00e5det som vattnet bredde ut sig i Lappfj\u00e4rd den 20 april 1965.<\/figcaption><\/figure>\n<p><img loading=\"lazy\" decoding=\"async\" class=\"alignnone size-full wp-image-18004\" src=\"https:\/\/www.lassebacklund.fi\/wp-content\/uploads\/2020\/10\/Varfloden-i-Lappfjard-1965-sid-1.jpg\" alt=\"\" width=\"821\" height=\"1061\" srcset=\"https:\/\/www.lassebacklund.fi\/wp-content\/uploads\/2020\/10\/Varfloden-i-Lappfjard-1965-sid-1.jpg 821w, https:\/\/www.lassebacklund.fi\/wp-content\/uploads\/2020\/10\/Varfloden-i-Lappfjard-1965-sid-1-232x300.jpg 232w, https:\/\/www.lassebacklund.fi\/wp-content\/uploads\/2020\/10\/Varfloden-i-Lappfjard-1965-sid-1-792x1024.jpg 792w, https:\/\/www.lassebacklund.fi\/wp-content\/uploads\/2020\/10\/Varfloden-i-Lappfjard-1965-sid-1-768x993.jpg 768w\" sizes=\"auto, (max-width: 821px) 100vw, 821px\" \/> <img loading=\"lazy\" decoding=\"async\" class=\"alignnone size-full wp-image-18005\" src=\"https:\/\/www.lassebacklund.fi\/wp-content\/uploads\/2020\/10\/Varfloden-i-Lappfjard-1965-sid-2.jpg\" alt=\"\" width=\"816\" height=\"421\" srcset=\"https:\/\/www.lassebacklund.fi\/wp-content\/uploads\/2020\/10\/Varfloden-i-Lappfjard-1965-sid-2.jpg 816w, https:\/\/www.lassebacklund.fi\/wp-content\/uploads\/2020\/10\/Varfloden-i-Lappfjard-1965-sid-2-300x155.jpg 300w, https:\/\/www.lassebacklund.fi\/wp-content\/uploads\/2020\/10\/Varfloden-i-Lappfjard-1965-sid-2-768x396.jpg 768w\" sizes=\"auto, (max-width: 816px) 100vw, 816px\" \/><\/p>\n","protected":false},"excerpt":{"rendered":"<p>\u00c5r 1965 publicerade Rurik denna artikel i tidskriften Sydbottnisk natur, som gavs ut av Naturum Amantes, Kristinestads samlyceum med Staffan Storteir som huvudredakt\u00f6r.<\/p>\n","protected":false},"author":1,"featured_media":0,"parent":18006,"menu_order":2,"comment_status":"closed","ping_status":"closed","template":"","meta":{"footnotes":""},"class_list":["post-18012","page","type-page","status-publish","hentry"],"_links":{"self":[{"href":"https:\/\/www.lassebacklund.fi\/index.php?rest_route=\/wp\/v2\/pages\/18012","targetHints":{"allow":["GET"]}}],"collection":[{"href":"https:\/\/www.lassebacklund.fi\/index.php?rest_route=\/wp\/v2\/pages"}],"about":[{"href":"https:\/\/www.lassebacklund.fi\/index.php?rest_route=\/wp\/v2\/types\/page"}],"author":[{"embeddable":true,"href":"https:\/\/www.lassebacklund.fi\/index.php?rest_route=\/wp\/v2\/users\/1"}],"replies":[{"embeddable":true,"href":"https:\/\/www.lassebacklund.fi\/index.php?rest_route=%2Fwp%2Fv2%2Fcomments&post=18012"}],"version-history":[{"count":1,"href":"https:\/\/www.lassebacklund.fi\/index.php?rest_route=\/wp\/v2\/pages\/18012\/revisions"}],"predecessor-version":[{"id":18013,"href":"https:\/\/www.lassebacklund.fi\/index.php?rest_route=\/wp\/v2\/pages\/18012\/revisions\/18013"}],"up":[{"embeddable":true,"href":"https:\/\/www.lassebacklund.fi\/index.php?rest_route=\/wp\/v2\/pages\/18006"}],"wp:attachment":[{"href":"https:\/\/www.lassebacklund.fi\/index.php?rest_route=%2Fwp%2Fv2%2Fmedia&parent=18012"}],"curies":[{"name":"wp","href":"https:\/\/api.w.org\/{rel}","templated":true}]}}