{"id":17902,"date":"2020-10-03T17:07:30","date_gmt":"2020-10-03T14:07:30","guid":{"rendered":"https:\/\/www.lassebacklund.fi\/?page_id=17902"},"modified":"2026-02-14T12:49:01","modified_gmt":"2026-02-14T10:49:01","slug":"slaktnamn-som-borjar-pa-u","status":"publish","type":"page","link":"https:\/\/www.lassebacklund.fi\/?page_id=17902","title":{"rendered":"Sl\u00e4ktnamn som b\u00f6rjar p\u00e5 U."},"content":{"rendered":"<p><img loading=\"lazy\" decoding=\"async\" class=\"alignnone size-full wp-image-24782\" src=\"https:\/\/www.lassebacklund.fi\/wp-content\/uploads\/2025\/10\/Ulfves-Alexandra.jpg\" alt=\"\" width=\"794\" height=\"752\" srcset=\"https:\/\/www.lassebacklund.fi\/wp-content\/uploads\/2025\/10\/Ulfves-Alexandra.jpg 794w, https:\/\/www.lassebacklund.fi\/wp-content\/uploads\/2025\/10\/Ulfves-Alexandra-300x284.jpg 300w, https:\/\/www.lassebacklund.fi\/wp-content\/uploads\/2025\/10\/Ulfves-Alexandra-768x727.jpg 768w\" sizes=\"auto, (max-width: 794px) 100vw, 794px\" \/><\/p>\n<p><img loading=\"lazy\" decoding=\"async\" class=\"alignnone size-full wp-image-25597\" src=\"https:\/\/www.lassebacklund.fi\/wp-content\/uploads\/2026\/02\/Ulfves-Alfred.jpg\" alt=\"\" width=\"671\" height=\"564\" srcset=\"https:\/\/www.lassebacklund.fi\/wp-content\/uploads\/2026\/02\/Ulfves-Alfred.jpg 671w, https:\/\/www.lassebacklund.fi\/wp-content\/uploads\/2026\/02\/Ulfves-Alfred-300x252.jpg 300w\" sizes=\"auto, (max-width: 671px) 100vw, 671px\" \/><\/p>\n<p><img loading=\"lazy\" decoding=\"async\" class=\"alignnone size-full wp-image-17904\" src=\"https:\/\/www.lassebacklund.fi\/wp-content\/uploads\/2020\/10\/Ulfves-Arne.jpg\" alt=\"\" width=\"1270\" height=\"1483\" srcset=\"https:\/\/www.lassebacklund.fi\/wp-content\/uploads\/2020\/10\/Ulfves-Arne.jpg 1270w, https:\/\/www.lassebacklund.fi\/wp-content\/uploads\/2020\/10\/Ulfves-Arne-257x300.jpg 257w, https:\/\/www.lassebacklund.fi\/wp-content\/uploads\/2020\/10\/Ulfves-Arne-877x1024.jpg 877w, https:\/\/www.lassebacklund.fi\/wp-content\/uploads\/2020\/10\/Ulfves-Arne-768x897.jpg 768w\" sizes=\"auto, (max-width: 1270px) 100vw, 1270px\" \/> <img loading=\"lazy\" decoding=\"async\" class=\"alignnone size-full wp-image-17905\" src=\"https:\/\/www.lassebacklund.fi\/wp-content\/uploads\/2020\/10\/Ulfves-Ida-Julina.jpg\" alt=\"\" width=\"669\" height=\"964\" srcset=\"https:\/\/www.lassebacklund.fi\/wp-content\/uploads\/2020\/10\/Ulfves-Ida-Julina.jpg 669w, https:\/\/www.lassebacklund.fi\/wp-content\/uploads\/2020\/10\/Ulfves-Ida-Julina-208x300.jpg 208w\" sizes=\"auto, (max-width: 669px) 100vw, 669px\" \/> <img loading=\"lazy\" decoding=\"async\" class=\"alignnone size-full wp-image-17907\" src=\"https:\/\/www.lassebacklund.fi\/wp-content\/uploads\/2020\/10\/Utter-Evert.jpg\" alt=\"\" width=\"1959\" height=\"1491\" srcset=\"https:\/\/www.lassebacklund.fi\/wp-content\/uploads\/2020\/10\/Utter-Evert.jpg 1959w, https:\/\/www.lassebacklund.fi\/wp-content\/uploads\/2020\/10\/Utter-Evert-300x228.jpg 300w, https:\/\/www.lassebacklund.fi\/wp-content\/uploads\/2020\/10\/Utter-Evert-1024x779.jpg 1024w, https:\/\/www.lassebacklund.fi\/wp-content\/uploads\/2020\/10\/Utter-Evert-768x585.jpg 768w, https:\/\/www.lassebacklund.fi\/wp-content\/uploads\/2020\/10\/Utter-Evert-1536x1169.jpg 1536w\" sizes=\"auto, (max-width: 1959px) 100vw, 1959px\" \/> <img loading=\"lazy\" decoding=\"async\" class=\"alignnone size-full wp-image-17906\" src=\"https:\/\/www.lassebacklund.fi\/wp-content\/uploads\/2020\/10\/Ulfves-Josef-Viktor.jpg\" alt=\"\" width=\"719\" height=\"570\" srcset=\"https:\/\/www.lassebacklund.fi\/wp-content\/uploads\/2020\/10\/Ulfves-Josef-Viktor.jpg 719w, https:\/\/www.lassebacklund.fi\/wp-content\/uploads\/2020\/10\/Ulfves-Josef-Viktor-300x238.jpg 300w\" sizes=\"auto, (max-width: 719px) 100vw, 719px\" \/> <img loading=\"lazy\" decoding=\"async\" class=\"alignnone size-full wp-image-17908\" src=\"https:\/\/www.lassebacklund.fi\/wp-content\/uploads\/2020\/10\/Uusitalo-Amanda.jpg\" alt=\"\" width=\"641\" height=\"1209\" srcset=\"https:\/\/www.lassebacklund.fi\/wp-content\/uploads\/2020\/10\/Uusitalo-Amanda.jpg 641w, https:\/\/www.lassebacklund.fi\/wp-content\/uploads\/2020\/10\/Uusitalo-Amanda-159x300.jpg 159w, https:\/\/www.lassebacklund.fi\/wp-content\/uploads\/2020\/10\/Uusitalo-Amanda-543x1024.jpg 543w\" sizes=\"auto, (max-width: 641px) 100vw, 641px\" \/><\/p>\n","protected":false},"excerpt":{"rendered":"","protected":false},"author":1,"featured_media":0,"parent":27,"menu_order":21,"comment_status":"closed","ping_status":"closed","template":"","meta":{"footnotes":""},"class_list":["post-17902","page","type-page","status-publish","hentry"],"_links":{"self":[{"href":"https:\/\/www.lassebacklund.fi\/index.php?rest_route=\/wp\/v2\/pages\/17902","targetHints":{"allow":["GET"]}}],"collection":[{"href":"https:\/\/www.lassebacklund.fi\/index.php?rest_route=\/wp\/v2\/pages"}],"about":[{"href":"https:\/\/www.lassebacklund.fi\/index.php?rest_route=\/wp\/v2\/types\/page"}],"author":[{"embeddable":true,"href":"https:\/\/www.lassebacklund.fi\/index.php?rest_route=\/wp\/v2\/users\/1"}],"replies":[{"embeddable":true,"href":"https:\/\/www.lassebacklund.fi\/index.php?rest_route=%2Fwp%2Fv2%2Fcomments&post=17902"}],"version-history":[{"count":5,"href":"https:\/\/www.lassebacklund.fi\/index.php?rest_route=\/wp\/v2\/pages\/17902\/revisions"}],"predecessor-version":[{"id":25598,"href":"https:\/\/www.lassebacklund.fi\/index.php?rest_route=\/wp\/v2\/pages\/17902\/revisions\/25598"}],"up":[{"embeddable":true,"href":"https:\/\/www.lassebacklund.fi\/index.php?rest_route=\/wp\/v2\/pages\/27"}],"wp:attachment":[{"href":"https:\/\/www.lassebacklund.fi\/index.php?rest_route=%2Fwp%2Fv2%2Fmedia&parent=17902"}],"curies":[{"name":"wp","href":"https:\/\/api.w.org\/{rel}","templated":true}]}}