{"id":17784,"date":"2020-09-25T23:33:15","date_gmt":"2020-09-25T20:33:15","guid":{"rendered":"https:\/\/www.lassebacklund.fi\/?page_id=17784"},"modified":"2026-01-01T23:39:58","modified_gmt":"2026-01-01T21:39:58","slug":"abergs-gard-pa-lillsjovagen-375","status":"publish","type":"page","link":"https:\/\/www.lassebacklund.fi\/?page_id=17784","title":{"rendered":"\u00c5bergs g\u00e5rd p\u00e5 Lillsj\u00f6v\u00e4gen 375"},"content":{"rendered":"<figure id=\"attachment_17777\" aria-describedby=\"caption-attachment-17777\" style=\"width: 1444px\" class=\"wp-caption alignnone\"><img loading=\"lazy\" decoding=\"async\" class=\"size-full wp-image-17777\" src=\"https:\/\/www.lassebacklund.fi\/wp-content\/uploads\/2020\/09\/Garden.jpg\" alt=\"\" width=\"1444\" height=\"923\" srcset=\"https:\/\/www.lassebacklund.fi\/wp-content\/uploads\/2020\/09\/Garden.jpg 1444w, https:\/\/www.lassebacklund.fi\/wp-content\/uploads\/2020\/09\/Garden-300x192.jpg 300w, https:\/\/www.lassebacklund.fi\/wp-content\/uploads\/2020\/09\/Garden-1024x655.jpg 1024w, https:\/\/www.lassebacklund.fi\/wp-content\/uploads\/2020\/09\/Garden-768x491.jpg 768w\" sizes=\"auto, (max-width: 1444px) 100vw, 1444px\" \/><figcaption id=\"caption-attachment-17777\" class=\"wp-caption-text\">Anna \u00c5bergs g\u00e5rd i Lillsj\u00f6 fotograferad av folkskoll\u00e4raren Nils Bergman. P\u00e5 g\u00e5rden fanns stall och f\u00e4hus och n\u00f6diga uthus och p\u00e5 andra sidan v\u00e4gen l\u00e5g deras ria. Bakom knuten till h\u00f6ger skymtar <a href=\"https:\/\/www.lassebacklund.fi\/?page_id=6069\">Josef och Alma Dahlroos g\u00e5rd.<\/a><\/figcaption><\/figure>\n<p><strong><span style=\"color: #000080;\">Sammanst\u00e4llt av Lasse Backlund i september 2020. Uppgifterna \u00e4r tagna ur gamla lagfarter, mantalsl\u00e4ngder och kyrkb\u00f6cker.<\/span><\/strong><\/p>\n<h3><strong>G\u00e5rdens och hemmanet \u00c5b\u00e4rgs historia<\/strong><\/h3>\n<p>Den h\u00e4r g\u00e5rden i Lillsj\u00f6 byggdes i b\u00f6rjan av 1900-talet av bondsonen <span style=\"text-decoration: underline;\">Johan<\/span> Henrik Lillsj\u00f6. Hans hemg\u00e5rd, som kallas <a href=\"https:\/\/www.lassebacklund.fi\/?page_id=16499\">Sigvaldas<\/a> l\u00e5g bakom denna g\u00e5rd p\u00e5 samma omr\u00e5de.<\/p>\n<p><strong>Johan Lillsj\u00f6 (1881-1951)<\/strong> var son till \u201dLillsj\u00f6 Hindrik\u201d, allts\u00e5 Henrik Johansson Lillsj\u00f6 (1828-1916) och dennes andra hustru Edla Sofia (1857-1943). Johan, som kallades \u201dLillsj\u00f6 J\u00e5han\u201d eller &#8221;J\u00e5ss&#8221; var \u00e4ldst i syskonskaran och han var bror till Viktor H\u00e4llfors, Amanda gift Lindblad, Vilhelmina gift Berglund, Josef Dahlroos och Karl Forslund.<\/p>\n<p><strong>\u00c5r 1906, den 22 mars<\/strong> \u00f6verl\u00e4t Henrik Lillsj\u00f6 sina tv\u00e5 hemman \u00e5t sina fyra s\u00f6ner, som allts\u00e5 erh\u00f6ll 1\/4 var. Det ena hemmanet var p\u00e5 1\/12 dels mtl och det andra p\u00e5 1\/16 dels mtl.\u00a0 Endast Johan och Viktor var myndiga och kunde ta \u00f6ver sin del direkt medan de andra br\u00f6derna fick sina delar efter n\u00e5gra \u00e5r. De fyra br\u00f6derna skulle ge livstids sytning \u00e5t \u00f6verl\u00e5tarna och s\u00e5 skulle de gemensamt betala 1 000 mark var i utl\u00f6sen \u00e5t sina systrar, n\u00e4r de blev myndiga.<\/p>\n<p><strong>I februari 1918<\/strong> d\u00e5 Johan var 36 \u00e5r gammal gifte han sig med <strong>Anna Sofia Hosioja (1870-1948)<\/strong> f<a href=\"https:\/\/www.lassebacklund.fi\/?page_id=2052\">r\u00e5n Lillsj\u00f6lidv\u00e4gen p\u00e5 Berg\u00e5sen<\/a>. Anna Sofia, som kallades \u201dAnnsofi\u201d var dotter till Isak Hosioja (1848-1924) och Anna Kajsa (f. Korsb\u00e4ck 1849-1916). N\u00e5gon g\u00e5ng p\u00e5 1920-talet bytte Johan och Anna Sofia sl\u00e4ktnamn till \u00c5berg.<\/p>\n<p><strong>I november 1918<\/strong> fick de dottern Elin Irene, som dog efter en m\u00e5nad. I december \u00e5r 1920 fick de sedan dottern Anna, som levde till vuxen \u00e5lder. N\u00e5gra fler barn fick de inte och det \u00e4r helt f\u00f6rst\u00e5eligt att Johan och Anna Sofia var v\u00e4ldigt m\u00e5na om dottern.<\/p>\n<p><strong>\u00c5r 1943<\/strong> gifte sig dottern <u>Anna<\/u> Adele med Alvar Hammarberg fr\u00e5n Perus (1922-1988). Alvar var son till \u201dMotta Kalle\u201d, allts\u00e5 Karl Hammarberg (1889-1993) och Amanda (f\u00f6dd Rosenback 1890-1949). Amanda var f\u00f6r \u00f6vrigt f\u00f6dd i Kvarn\u00e5 och det var hennes barndomshem som f\u00f6rst\u00f6rdes i den stora branden \u00e5r 1901, d\u00e5 tv\u00e5 bondg\u00e5rdar och m\u00e5nga uthus brann ned. Efter branden flyttade hon med sin familj till Flak\u00e5sen i Perus och d\u00e5 Manda \u00e5r 1919 gifte sig med \u201dMotta Kalle\u201d s\u00e5 flyttade han dit som m\u00e5g. Manda och hennes syster Ida kallades \u201dBl\u00f6\u00f6tinas\u201d och enligt Ida s\u00e5 skulle det namnet ha kommit fr\u00e5n en pojke, som hade bl\u00f6ta strumpor och d\u00e5 b\u00f6rjade kallas Bl\u00f6\u00f6tin. \u00a0L\u00e5ngt senare s\u00e5ldes g\u00e5rden p\u00e5 Flak\u00e5sen \u00e5t muraren Alpo Koivuniemi.<\/p>\n<p><strong>I februari 1946<\/strong> fick Anna och Alvar sonen Sven, som kallades \u201dAnnaas Sven\u201d. \u00c5r 1947 skilde sig Anna och Alvar och efter det bodde Anna ensam med sonen Sven.<\/p>\n<h3><strong>Anna \u00c5berg tar \u00f6ver<\/strong><\/h3>\n<p><strong>I januari 1948<\/strong> s\u00e5lde \u201dJ\u00e5han och Annsofi\u201d hela hemmanet \u00e5t dottern Anna f\u00f6r 200 000 mark plus livstids sytning. Den fr\u00e5nskilda Anna var sedan bonde p\u00e5 hemmanet, tills hon p\u00e5 \u00e4ldre dar flyttade till pension\u00e4rsbost\u00e4derna i Lappfj\u00e4rd, d\u00e4r hon bodde tills hon dog 1994.<\/p>\n<p><strong>\u00c5r 1967, den 22 februari<\/strong> s\u00e5lde bonden Anna \u00c5berg, sitt hemman \u00c5b\u00e4rg, p\u00e5 l\u00e4genhet 9:14 av Lillsj\u00f6 skattehemman \u00e5t sonen Sven. K\u00f6peskillingen 22 312 mark bestod av uppskattad sytning \u00e5t modern Anna.<\/p>\n<p><strong>\u00c5r 1968, den 22 oktober<\/strong> gifte sig Sven \u00c5berg med Karin Helena Svedstr\u00f6m (f. i N\u00e4rpes 1948) och de fick tv\u00e5 barn och familjen bodde i Lappfj\u00e4rd.<\/p>\n<p><strong>\u00c5r 1974<\/strong> s\u00e5lde Sven \u00c5berg huvudbyggnaden i Lillsj\u00f6 f\u00f6r bortrivning \u00e5t \u00c5ke Lindblad, som rev ner den. Av virket hyvlades det sedan byggnadsvirke \u00e5t dottern som \u00e5r 1978 byggde en ny g\u00e5rd p\u00e5 \u00c5backv\u00e4gen. I dag syns det knappt var g\u00e5rden hade st\u00e5tt i Lillsj\u00f6..<\/p>\n<p><strong>\u00c5r 1974, den 4 mars<\/strong> s\u00e5lde Sven och Karin \u00c5berg hela hemmanet \u00c5b\u00e4rg \u00e5t Finska staten f\u00f6r 68 000 mark. I k\u00f6pet ingick all skog och alla marker, f\u00f6rutom tomten p\u00e5 0,2 ha med alla byggnader. Av k\u00f6peskillingen fick modern Anna 18 000 mark, som efter f\u00f6rs\u00e4ljningen f\u00f6rlorade sin sytningsr\u00e4tt. Sonen Sven fick resten, allts\u00e5 50 000 mark.<\/p>\n<p><strong>\u00c5r 1975, den 6 februari<\/strong> s\u00e5lde Finska staten hemmanet \u00c5b\u00e4rg \u00e5t bonden Elgot (1928-2022) och Ragni (1934-2020) Nyg\u00e5rd f\u00f6r 85 000 mark. Av k\u00f6peskillingen betalade Elgot 3 000 mark kontant medan resten betalades med l\u00e5nga och f\u00f6rm\u00e5nliga l\u00e5n.<\/p>\n<p>Elgot i sin tur s\u00e5lde hemmanet \u00e5t sin m\u00e5g, som i sin tur s\u00e5lde skogen \u00e5t en familj Norrvik och \u00e5krarna \u00e5t en annan familj Norrvik.<\/p>\n<p>Sven dog i Lappfj\u00e4rd \u00e5r 2016.<\/p>\n<figure id=\"attachment_17778\" aria-describedby=\"caption-attachment-17778\" style=\"width: 1227px\" class=\"wp-caption alignnone\"><img loading=\"lazy\" decoding=\"async\" class=\"size-full wp-image-17778\" src=\"https:\/\/www.lassebacklund.fi\/wp-content\/uploads\/2020\/09\/Lillsjo-i-narbild.jpg\" alt=\"\" width=\"1227\" height=\"531\" srcset=\"https:\/\/www.lassebacklund.fi\/wp-content\/uploads\/2020\/09\/Lillsjo-i-narbild.jpg 1227w, https:\/\/www.lassebacklund.fi\/wp-content\/uploads\/2020\/09\/Lillsjo-i-narbild-300x130.jpg 300w, https:\/\/www.lassebacklund.fi\/wp-content\/uploads\/2020\/09\/Lillsjo-i-narbild-1024x443.jpg 1024w, https:\/\/www.lassebacklund.fi\/wp-content\/uploads\/2020\/09\/Lillsjo-i-narbild-768x332.jpg 768w\" sizes=\"auto, (max-width: 1227px) 100vw, 1227px\" \/><figcaption id=\"caption-attachment-17778\" class=\"wp-caption-text\">Efter fadern Henriks d\u00f6d 1916 s\u00e5 f\u00f6rv\u00e4rvade Johan en fj\u00e4rdedel av hans hemman och i september 1919 fick han och hustrun lagfart. Hemmanet fick namnet \u00c5b\u00e4rg 9:7 och bestod av 8 ha jordbruksmark och 32 ha skog och de blev d\u00e5 b\u00f6nder i Lillsj\u00f6. Storskifteskartan \u00e4r fr\u00e5n b\u00f6rjan av 1900-talet.<\/figcaption><\/figure>\n<h4><strong>Foton.<\/strong><\/h4>\n<figure id=\"attachment_17781\" aria-describedby=\"caption-attachment-17781\" style=\"width: 1498px\" class=\"wp-caption alignnone\"><img loading=\"lazy\" decoding=\"async\" class=\"size-full wp-image-17781\" src=\"https:\/\/www.lassebacklund.fi\/wp-content\/uploads\/2020\/09\/Aberg-Anna-och-Alvar-Hammarberg.jpg\" alt=\"\" width=\"1498\" height=\"960\" srcset=\"https:\/\/www.lassebacklund.fi\/wp-content\/uploads\/2020\/09\/Aberg-Anna-och-Alvar-Hammarberg.jpg 1498w, https:\/\/www.lassebacklund.fi\/wp-content\/uploads\/2020\/09\/Aberg-Anna-och-Alvar-Hammarberg-300x192.jpg 300w, https:\/\/www.lassebacklund.fi\/wp-content\/uploads\/2020\/09\/Aberg-Anna-och-Alvar-Hammarberg-1024x656.jpg 1024w, https:\/\/www.lassebacklund.fi\/wp-content\/uploads\/2020\/09\/Aberg-Anna-och-Alvar-Hammarberg-768x492.jpg 768w\" sizes=\"auto, (max-width: 1498px) 100vw, 1498px\" \/><figcaption id=\"caption-attachment-17781\" class=\"wp-caption-text\">\u00c5r 1943 gifte sig Anna \u00c5berg med Alvar Hammarberg fr\u00e5n Perus. Hon skilde sig redan 1947 och hon och deras son Sven \u00e5tertog det gamla sl\u00e4ktnamnet \u00c5berg. Efter skilsm\u00e4ssan flyttade Alvar till \u00c5land d\u00e4r han \u00e5r 1952 gifte om sig och fick tv\u00e5 barn d\u00e4r.<\/figcaption><\/figure>\n<figure id=\"attachment_17780\" aria-describedby=\"caption-attachment-17780\" style=\"width: 593px\" class=\"wp-caption alignnone\"><img loading=\"lazy\" decoding=\"async\" class=\"size-full wp-image-17780\" src=\"https:\/\/www.lassebacklund.fi\/wp-content\/uploads\/2020\/09\/Sven-Aberg-och-Johan-Aberg-Joss.jpg\" alt=\"\" width=\"593\" height=\"984\" srcset=\"https:\/\/www.lassebacklund.fi\/wp-content\/uploads\/2020\/09\/Sven-Aberg-och-Johan-Aberg-Joss.jpg 593w, https:\/\/www.lassebacklund.fi\/wp-content\/uploads\/2020\/09\/Sven-Aberg-och-Johan-Aberg-Joss-181x300.jpg 181w\" sizes=\"auto, (max-width: 593px) 100vw, 593px\" \/><figcaption id=\"caption-attachment-17780\" class=\"wp-caption-text\">Sven \u00c5berg med morfar Johan \u00c5berg<\/figcaption><\/figure>\n<figure id=\"attachment_19664\" aria-describedby=\"caption-attachment-19664\" style=\"width: 1831px\" class=\"wp-caption alignnone\"><img loading=\"lazy\" decoding=\"async\" class=\"size-full wp-image-19664\" src=\"https:\/\/www.lassebacklund.fi\/wp-content\/uploads\/2021\/02\/Abergas-juni-1974-2-1.jpg\" alt=\"\" width=\"1831\" height=\"1575\" srcset=\"https:\/\/www.lassebacklund.fi\/wp-content\/uploads\/2021\/02\/Abergas-juni-1974-2-1.jpg 1831w, https:\/\/www.lassebacklund.fi\/wp-content\/uploads\/2021\/02\/Abergas-juni-1974-2-1-300x258.jpg 300w, https:\/\/www.lassebacklund.fi\/wp-content\/uploads\/2021\/02\/Abergas-juni-1974-2-1-1024x881.jpg 1024w, https:\/\/www.lassebacklund.fi\/wp-content\/uploads\/2021\/02\/Abergas-juni-1974-2-1-768x661.jpg 768w, https:\/\/www.lassebacklund.fi\/wp-content\/uploads\/2021\/02\/Abergas-juni-1974-2-1-1536x1321.jpg 1536w\" sizes=\"auto, (max-width: 1831px) 100vw, 1831px\" \/><figcaption id=\"caption-attachment-19664\" class=\"wp-caption-text\">G\u00e5rden fotograferad av Marita Berglund i juni 1974.<\/figcaption><\/figure>\n<figure id=\"attachment_19663\" aria-describedby=\"caption-attachment-19663\" style=\"width: 1023px\" class=\"wp-caption alignnone\"><img loading=\"lazy\" decoding=\"async\" class=\"size-full wp-image-19663\" src=\"https:\/\/www.lassebacklund.fi\/wp-content\/uploads\/2021\/02\/Abergas-juni-1974-1-1.jpg\" alt=\"\" width=\"1023\" height=\"983\" srcset=\"https:\/\/www.lassebacklund.fi\/wp-content\/uploads\/2021\/02\/Abergas-juni-1974-1-1.jpg 1023w, https:\/\/www.lassebacklund.fi\/wp-content\/uploads\/2021\/02\/Abergas-juni-1974-1-1-300x288.jpg 300w, https:\/\/www.lassebacklund.fi\/wp-content\/uploads\/2021\/02\/Abergas-juni-1974-1-1-768x738.jpg 768w\" sizes=\"auto, (max-width: 1023px) 100vw, 1023px\" \/><figcaption id=\"caption-attachment-19663\" class=\"wp-caption-text\">\u00c5bergs g\u00e5rd fotograferad av Marita Berglund i juni 1974.<\/figcaption><\/figure>\n<figure id=\"attachment_17779\" aria-describedby=\"caption-attachment-17779\" style=\"width: 946px\" class=\"wp-caption alignnone\"><img loading=\"lazy\" decoding=\"async\" class=\"size-full wp-image-17779\" src=\"https:\/\/www.lassebacklund.fi\/wp-content\/uploads\/2020\/09\/Solveig-Dahlroos-Sven-Aberg-och-Sixten-Dahlroos.jpg\" alt=\"\" width=\"946\" height=\"621\" srcset=\"https:\/\/www.lassebacklund.fi\/wp-content\/uploads\/2020\/09\/Solveig-Dahlroos-Sven-Aberg-och-Sixten-Dahlroos.jpg 946w, https:\/\/www.lassebacklund.fi\/wp-content\/uploads\/2020\/09\/Solveig-Dahlroos-Sven-Aberg-och-Sixten-Dahlroos-300x197.jpg 300w, https:\/\/www.lassebacklund.fi\/wp-content\/uploads\/2020\/09\/Solveig-Dahlroos-Sven-Aberg-och-Sixten-Dahlroos-768x504.jpg 768w\" sizes=\"auto, (max-width: 946px) 100vw, 946px\" \/><figcaption id=\"caption-attachment-17779\" class=\"wp-caption-text\">I mitten Sven \u00c5berg tillsammans med Solveig och Sixten Dahlroos utanf\u00f6r Josef och Almas g\u00e5rd p\u00e5 Lillsj\u00f6v\u00e4gen.<\/figcaption><\/figure>\n<figure id=\"attachment_17783\" aria-describedby=\"caption-attachment-17783\" style=\"width: 935px\" class=\"wp-caption alignnone\"><img loading=\"lazy\" decoding=\"async\" class=\"size-full wp-image-17783\" src=\"https:\/\/www.lassebacklund.fi\/wp-content\/uploads\/2020\/09\/Aberg-Sven-Solveig-och-Inger-Dahlroos.jpg\" alt=\"\" width=\"935\" height=\"612\" srcset=\"https:\/\/www.lassebacklund.fi\/wp-content\/uploads\/2020\/09\/Aberg-Sven-Solveig-och-Inger-Dahlroos.jpg 935w, https:\/\/www.lassebacklund.fi\/wp-content\/uploads\/2020\/09\/Aberg-Sven-Solveig-och-Inger-Dahlroos-300x196.jpg 300w, https:\/\/www.lassebacklund.fi\/wp-content\/uploads\/2020\/09\/Aberg-Sven-Solveig-och-Inger-Dahlroos-768x503.jpg 768w\" sizes=\"auto, (max-width: 935px) 100vw, 935px\" \/><figcaption id=\"caption-attachment-17783\" class=\"wp-caption-text\">Sven \u00c5berg till v\u00e4nster med &#8221;sparkarin&#8221; tillsammans med grannflickorna Solveig och Inger Dahlroos.<\/figcaption><\/figure>\n<figure id=\"attachment_17782\" aria-describedby=\"caption-attachment-17782\" style=\"width: 752px\" class=\"wp-caption alignnone\"><img loading=\"lazy\" decoding=\"async\" class=\"size-full wp-image-17782\" src=\"https:\/\/www.lassebacklund.fi\/wp-content\/uploads\/2020\/09\/Aberg-Anna.jpg\" alt=\"\" width=\"752\" height=\"1149\" srcset=\"https:\/\/www.lassebacklund.fi\/wp-content\/uploads\/2020\/09\/Aberg-Anna.jpg 752w, https:\/\/www.lassebacklund.fi\/wp-content\/uploads\/2020\/09\/Aberg-Anna-196x300.jpg 196w, https:\/\/www.lassebacklund.fi\/wp-content\/uploads\/2020\/09\/Aberg-Anna-670x1024.jpg 670w\" sizes=\"auto, (max-width: 752px) 100vw, 752px\" \/><figcaption id=\"caption-attachment-17782\" class=\"wp-caption-text\">Anna Adele f\u00f6ddes 19 december 1920 i Lillsj\u00f6 som enda barn till &#8221;J\u00e5han och Annsofi&#8221; Lillsj\u00f6 eller \u00c5berg. Hon hade visserligen en storasyster, men hon dog endast en m\u00e5nad gammal.<\/figcaption><\/figure>\n<figure id=\"attachment_23076\" aria-describedby=\"caption-attachment-23076\" style=\"width: 849px\" class=\"wp-caption alignnone\"><img loading=\"lazy\" decoding=\"async\" class=\"size-full wp-image-23076\" src=\"https:\/\/www.lassebacklund.fi\/wp-content\/uploads\/2024\/08\/Gamla-bron-over-an-med-Abergs-gard-i-bakgrunden.jpg\" alt=\"\" width=\"849\" height=\"693\" srcset=\"https:\/\/www.lassebacklund.fi\/wp-content\/uploads\/2024\/08\/Gamla-bron-over-an-med-Abergs-gard-i-bakgrunden.jpg 849w, https:\/\/www.lassebacklund.fi\/wp-content\/uploads\/2024\/08\/Gamla-bron-over-an-med-Abergs-gard-i-bakgrunden-300x245.jpg 300w, https:\/\/www.lassebacklund.fi\/wp-content\/uploads\/2024\/08\/Gamla-bron-over-an-med-Abergs-gard-i-bakgrunden-768x627.jpg 768w\" sizes=\"auto, (max-width: 849px) 100vw, 849px\" \/><figcaption id=\"caption-attachment-23076\" class=\"wp-caption-text\">Den gamla v\u00e4gen fr\u00e5n Lillsj\u00f6 \u00f6ver till H\u00e4llfors och Lillsj\u00f6liden gick f\u00f6rr mellan Forslund Sigvaldas g\u00e5rd och Anna \u00c5bergs g\u00e5rd och s\u00e5 h\u00e4r s\u00e5g den gamla bron \u00f6ver Lill\u00e5n ut. G\u00e5rden i bakgrunden till h\u00f6ger torde vara \u00c5bergs g\u00e5rd. Fotot utl\u00e5nat av Lena H\u00e4llfors.<\/figcaption><\/figure>\n","protected":false},"excerpt":{"rendered":"<p>Sammanst\u00e4llt av Lasse Backlund i september 2020. Uppgifterna \u00e4r tagna ur gamla lagfarter, mantalsl\u00e4ngder och kyrkb\u00f6cker. G\u00e5rdens och hemmanet \u00c5b\u00e4rgs historia Den h\u00e4r g\u00e5rden i Lillsj\u00f6 byggdes i b\u00f6rjan av 1900-talet av bondsonen Johan Henrik Lillsj\u00f6. Hans hemg\u00e5rd, som kallas <a class=\"more-link\" href=\"https:\/\/www.lassebacklund.fi\/?page_id=17784\">Forts\u00e4tt l\u00e4sa <span class=\"screen-reader-text\">  \u00c5bergs g\u00e5rd p\u00e5 Lillsj\u00f6v\u00e4gen 375<\/span><span class=\"meta-nav\">&rarr;<\/span><\/a><\/p>\n","protected":false},"author":1,"featured_media":0,"parent":78,"menu_order":375,"comment_status":"closed","ping_status":"closed","template":"","meta":{"footnotes":""},"class_list":["post-17784","page","type-page","status-publish","hentry"],"_links":{"self":[{"href":"https:\/\/www.lassebacklund.fi\/index.php?rest_route=\/wp\/v2\/pages\/17784","targetHints":{"allow":["GET"]}}],"collection":[{"href":"https:\/\/www.lassebacklund.fi\/index.php?rest_route=\/wp\/v2\/pages"}],"about":[{"href":"https:\/\/www.lassebacklund.fi\/index.php?rest_route=\/wp\/v2\/types\/page"}],"author":[{"embeddable":true,"href":"https:\/\/www.lassebacklund.fi\/index.php?rest_route=\/wp\/v2\/users\/1"}],"replies":[{"embeddable":true,"href":"https:\/\/www.lassebacklund.fi\/index.php?rest_route=%2Fwp%2Fv2%2Fcomments&post=17784"}],"version-history":[{"count":19,"href":"https:\/\/www.lassebacklund.fi\/index.php?rest_route=\/wp\/v2\/pages\/17784\/revisions"}],"predecessor-version":[{"id":25316,"href":"https:\/\/www.lassebacklund.fi\/index.php?rest_route=\/wp\/v2\/pages\/17784\/revisions\/25316"}],"up":[{"embeddable":true,"href":"https:\/\/www.lassebacklund.fi\/index.php?rest_route=\/wp\/v2\/pages\/78"}],"wp:attachment":[{"href":"https:\/\/www.lassebacklund.fi\/index.php?rest_route=%2Fwp%2Fv2%2Fmedia&parent=17784"}],"curies":[{"name":"wp","href":"https:\/\/api.w.org\/{rel}","templated":true}]}}