{"id":17330,"date":"2020-07-26T21:49:18","date_gmt":"2020-07-26T18:49:18","guid":{"rendered":"http:\/\/www.lassebacklund.fi\/?page_id=17330"},"modified":"2020-07-26T22:18:39","modified_gmt":"2020-07-26T19:18:39","slug":"armade-krankar","status":"publish","type":"page","link":"https:\/\/www.lassebacklund.fi\/?page_id=17330","title":{"rendered":"Armade krankar!"},"content":{"rendered":"<p><span style=\"color: #000080;\">Diktad av Eva en varm dag i slutet av juli 2020:<\/span><\/p>\n<p>\u00c5ter i dag jag for p\u00e5 l\u00e5ng cykeltur,<br \/>\ns\u00e5g varken stor f\u00e5gel eller \u00f6verk\u00f6rt djur.<br \/>\nHimlen var bl\u00e5 och solen sken upp i skyn,<br \/>\nm\u00e5let f\u00f6r dagen var f\u00f6re detta hembyn.<\/p>\n<div class=\"text_exposed_show\">\n<p>Vindm\u00f6llornas vingar snurra i stilla fart runt<br \/>\noch vattnet i \u00e5n var rikligt och smutsbrunt.<br \/>\nMed en p\u00e5se i fickan och hinken i handen<br \/>\nstuderade jag f\u00e4lten och beundrade p\u00e4\u00e4ronlanden.<\/p>\n<p>Efter n\u00e5gra kilometer jag besl\u00f6t mig f\u00f6r att stanna<br \/>\noch genast kom den f\u00f6rsta och landade p\u00e5 min panna.<br \/>\nDe kom fler och fler som ville vara mina v\u00e4nner<br \/>\nSatte sig p\u00e5 huvudet, p\u00e5 halsen och mina h\u00e4nder.<\/p>\n<p>Jag var s\u00e5 ivrig vid starten att jag gl\u00f6mde en viktig grej<br \/>\nn\u00e4mligen lilla flaskan med turkiskt myggsprej.<br \/>\nMen \u00e4r man tjurig som jag man forts\u00e4tter \u00e4nd\u00e5<br \/>\nhittade n\u00e5gra gula men mycket mera av de bl\u00e5.<\/p>\n<p>Jag viftade och sv\u00e4ngde armarna hit och dit<br \/>\nf\u00f6rs\u00f6kte mig v\u00e4rja f\u00f6r varje envis mygginvit.<br \/>\nF\u00f6r ett dumt huvud f\u00e5r nu kroppen lid,<br \/>\nhoppas jag minns detta f\u00f6r evinnerlig tid!<\/p>\n<figure id=\"attachment_17334\" aria-describedby=\"caption-attachment-17334\" style=\"width: 1359px\" class=\"wp-caption alignnone\"><img loading=\"lazy\" decoding=\"async\" class=\"wp-image-17334 size-full\" src=\"http:\/\/www.lassebacklund.fi\/wp-content\/uploads\/2020\/07\/Mygga.jpg\" alt=\"\" width=\"1359\" height=\"561\" srcset=\"https:\/\/www.lassebacklund.fi\/wp-content\/uploads\/2020\/07\/Mygga.jpg 1359w, https:\/\/www.lassebacklund.fi\/wp-content\/uploads\/2020\/07\/Mygga-300x124.jpg 300w, https:\/\/www.lassebacklund.fi\/wp-content\/uploads\/2020\/07\/Mygga-1024x423.jpg 1024w, https:\/\/www.lassebacklund.fi\/wp-content\/uploads\/2020\/07\/Mygga-768x317.jpg 768w\" sizes=\"auto, (max-width: 1359px) 100vw, 1359px\" \/><figcaption id=\"caption-attachment-17334\" class=\"wp-caption-text\">Myggornas skr\u00e4ck Sinkov fr\u00e5n Turkiet.<\/figcaption><\/figure>\n<\/div>\n","protected":false},"excerpt":{"rendered":"<p>Diktad av Eva en varm dag i slutet av juli 2020: \u00c5ter i dag jag for p\u00e5 l\u00e5ng cykeltur, s\u00e5g varken stor f\u00e5gel eller \u00f6verk\u00f6rt djur. Himlen var bl\u00e5 och solen sken upp i skyn, m\u00e5let f\u00f6r dagen var f\u00f6re <a class=\"more-link\" href=\"https:\/\/www.lassebacklund.fi\/?page_id=17330\">Forts\u00e4tt l\u00e4sa <span class=\"screen-reader-text\">  Armade krankar!<\/span><span class=\"meta-nav\">&rarr;<\/span><\/a><\/p>\n","protected":false},"author":1,"featured_media":0,"parent":16671,"menu_order":5,"comment_status":"closed","ping_status":"closed","template":"","meta":{"footnotes":""},"class_list":["post-17330","page","type-page","status-publish","hentry"],"_links":{"self":[{"href":"https:\/\/www.lassebacklund.fi\/index.php?rest_route=\/wp\/v2\/pages\/17330","targetHints":{"allow":["GET"]}}],"collection":[{"href":"https:\/\/www.lassebacklund.fi\/index.php?rest_route=\/wp\/v2\/pages"}],"about":[{"href":"https:\/\/www.lassebacklund.fi\/index.php?rest_route=\/wp\/v2\/types\/page"}],"author":[{"embeddable":true,"href":"https:\/\/www.lassebacklund.fi\/index.php?rest_route=\/wp\/v2\/users\/1"}],"replies":[{"embeddable":true,"href":"https:\/\/www.lassebacklund.fi\/index.php?rest_route=%2Fwp%2Fv2%2Fcomments&post=17330"}],"version-history":[{"count":4,"href":"https:\/\/www.lassebacklund.fi\/index.php?rest_route=\/wp\/v2\/pages\/17330\/revisions"}],"predecessor-version":[{"id":17341,"href":"https:\/\/www.lassebacklund.fi\/index.php?rest_route=\/wp\/v2\/pages\/17330\/revisions\/17341"}],"up":[{"embeddable":true,"href":"https:\/\/www.lassebacklund.fi\/index.php?rest_route=\/wp\/v2\/pages\/16671"}],"wp:attachment":[{"href":"https:\/\/www.lassebacklund.fi\/index.php?rest_route=%2Fwp%2Fv2%2Fmedia&parent=17330"}],"curies":[{"name":"wp","href":"https:\/\/api.w.org\/{rel}","templated":true}]}}