{"id":1709,"date":"2016-11-07T18:22:30","date_gmt":"2016-11-07T17:22:30","guid":{"rendered":"http:\/\/www.lassebacklund.fi\/?page_id=1709"},"modified":"2016-11-07T18:22:30","modified_gmt":"2016-11-07T17:22:30","slug":"skogskurs-i-dagsmark","status":"publish","type":"page","link":"https:\/\/www.lassebacklund.fi\/?page_id=1709","title":{"rendered":"Skogskurs i Dagsmark."},"content":{"rendered":"<p><span style=\"color: #000080;\">Artikel inf\u00f6rd i tidningen Syd-\u00d6sterbotten 20 mars 1912, undertecknad av signaturen \u201dIntresserad\u201d.<\/span><\/p>\n<p><span style=\"color: #000080;\"><strong>\u00a0<\/strong><\/span>Vid skogskursen, som avh\u00f6lls i Dagsmark den 15-17 mars 1912 av \u00d6sterbottens Svenska Lantbrukss\u00e4llskaps skogsinstrukt\u00f6r Wikman, deltogo 25 personer, huvudsakligast de yngre husb\u00f6nderna, utom n\u00e5gra \u00e4ldre som \u00e4ro s\u00e5 att s\u00e4ga byns st\u00f6djepelare i s\u00e5v\u00e4l ekonomiska som ocks\u00e5 i bildningsstr\u00e4vandena. Att kursen var s\u00e5 f\u00e5taligt bes\u00f6kt berodde p\u00e5 att gubbarna voro s\u00e5 \u00f6verhopade med arbete. Storskiftesregleringen har som k\u00e4nt, p\u00e5g\u00e5tt i m\u00e5nga \u00e5r och nu till slut f\u00e5tt sin lyckliga l\u00f6sning, varf\u00f6r b\u00f6nderna \u00e4ro s\u00e5 upptagna med arbetena f\u00f6r utflyttningar. Delvis ha ocks\u00e5 likviderna s\u00e5som flyttnings-och skogslikviderna blivit ganska betungande f\u00f6r m\u00e5nga, varf\u00f6r en del varit n\u00e4stan n\u00f6dsagad att s\u00e4lja skog f\u00f6r att f\u00e5 skulderna betalade, ty det ligger i bondens intresse att vara skuldfri och s\u00e5 att s\u00e4ga st\u00e5 p\u00e5 egna ben; d\u00e4rf\u00f6r ha ocks\u00e5 skogsavverkningarna f\u00f6rekommit n\u00e5got mera \u00e4n vanligt och \u00e4ro d\u00e4rf\u00f6r de allra flesta upptagna med skogsk\u00f6rslor.<\/p>\n<figure id=\"attachment_1705\" aria-describedby=\"caption-attachment-1705\" style=\"width: 1386px\" class=\"wp-caption aligncenter\"><img loading=\"lazy\" decoding=\"async\" class=\"size-full wp-image-1705\" src=\"http:\/\/www.lassebacklund.fi\/wp-content\/uploads\/2016\/11\/skog-1.jpg\" alt=\"H\u00e4r kursdeltagarna fotograferade av Viktor Nylund \u00e5r 1912. \" width=\"1386\" height=\"1039\" srcset=\"https:\/\/www.lassebacklund.fi\/wp-content\/uploads\/2016\/11\/skog-1.jpg 1386w, https:\/\/www.lassebacklund.fi\/wp-content\/uploads\/2016\/11\/skog-1-300x225.jpg 300w, https:\/\/www.lassebacklund.fi\/wp-content\/uploads\/2016\/11\/skog-1-768x576.jpg 768w, https:\/\/www.lassebacklund.fi\/wp-content\/uploads\/2016\/11\/skog-1-1024x768.jpg 1024w\" sizes=\"auto, (max-width: 1386px) 100vw, 1386px\" \/><figcaption id=\"caption-attachment-1705\" class=\"wp-caption-text\">H\u00e4r kursdeltagarna fotograferade av Viktor Nylund \u00e5r 1912.<\/figcaption><\/figure>\n<p>Kursen omfattade huvudsakligast praktiska arbeten i skogen. P\u00e5 fredagen den 15 f\u00f6rekom gallring i ett 35-\u00e5rigt best\u00e5nd som genom oordnad bl\u00f6dning kommit i ganska d\u00e5ligt skick, genom att d\u00e4r tidigare borttagits alla tr\u00e4n som varit anv\u00e4ndbara till s\u00e5gstock. Genom markens goda beskaffenhet hade emellertid p\u00e5 platsen tidigare undertryckta s\u00e5v\u00e4l granar som tallar sm\u00e5ningom tilltagit i v\u00e4xtlighet, varf\u00f6r nu genom en r\u00e4tt utf\u00f6rd gallring och rensning best\u00e5ndet blev i ett gott skick. P\u00e5 gallringsytan funnos som vanligt \u00e4ldre l\u00f6vtr\u00e4d, bj\u00f6rk, al och asp, som ofta \u00e4ro ofta till stort f\u00f6rd\u00e4rv f\u00f6r barrskogens uppkomst, men som genom of\u00f6rst\u00e5nd l\u00e4mnas kvar fast\u00e4n de i f\u00f6rsta hand borde rensas bort vid varje avverkning.<\/p>\n<p>Sedan arbetet var utf\u00f6rt fotograferades av tr\u00e4varuhandlaren V. Nylund det gallrade best\u00e5ndet samt ett ogallrat bredvidst\u00e5ende f\u00f6r att ocks\u00e5 de fr\u00e5nvarande skulle f\u00e5 en f\u00f6rest\u00e4llning om hur ett v\u00e5rdat best\u00e5nd b\u00f6r taga sig ut j\u00e4mf\u00f6rt med ett ov\u00e5rdat. P\u00e5 l\u00f6rdagsmorgonen samlades kursdeltagarna kl. 9, varefter den lilla skaran under muntert samtal t\u00e5gade till den vitt namnkunniga By\u00e5sen, d\u00e4r en l\u00e4mplig demonstrationsskog fanns att tillg\u00e5. F\u00f6rst f\u00f6retogs gallring i ett best\u00e5nd d\u00e4r de b\u00e4sta tr\u00e4den m\u00e4tte 15-20 cm, sedan i ett annat d\u00e4r tr\u00e4den m\u00e4tte 8-12 cm, ett tredje d\u00e4r de m\u00e4tte 5-10 cm. Av tillv\u00e4xtunders\u00f6kningar som gjordes \u00e5 de olika best\u00e5nden framgick, att om skogen 20 \u00e5r f\u00f6re detta blivit gallrade hade d\u00e4r nu funnits en stor massa med klenare timmer. Nu d\u00e4remot funnos enbart ovanst\u00e5ende dimensioner.<\/p>\n<figure id=\"attachment_1706\" aria-describedby=\"caption-attachment-1706\" style=\"width: 1386px\" class=\"wp-caption aligncenter\"><img loading=\"lazy\" decoding=\"async\" class=\"size-full wp-image-1706\" src=\"http:\/\/www.lassebacklund.fi\/wp-content\/uploads\/2016\/11\/skog-2.jpg\" alt=\"Skogsinstrukt\u00f6ren Wikman visar kursdeltagarna hur gallringar skall g\u00f6ras. Det var ju denne Wikman som v\u00e4rderade skogarna, som skulle skiftas i storskiftet.\" width=\"1386\" height=\"1039\" srcset=\"https:\/\/www.lassebacklund.fi\/wp-content\/uploads\/2016\/11\/skog-2.jpg 1386w, https:\/\/www.lassebacklund.fi\/wp-content\/uploads\/2016\/11\/skog-2-300x225.jpg 300w, https:\/\/www.lassebacklund.fi\/wp-content\/uploads\/2016\/11\/skog-2-768x576.jpg 768w, https:\/\/www.lassebacklund.fi\/wp-content\/uploads\/2016\/11\/skog-2-1024x768.jpg 1024w\" sizes=\"auto, (max-width: 1386px) 100vw, 1386px\" \/><figcaption id=\"caption-attachment-1706\" class=\"wp-caption-text\">Skogsinstrukt\u00f6ren Wikman visar kursdeltagarna hur gallringar skall g\u00f6ras. Det var ju denne Wikman som v\u00e4rderade skogarna, som skulle skiftas i storskiftet.<\/figcaption><\/figure>\n<p>P\u00e5 s\u00f6ndag f\u00f6rmiddag f\u00f6retogs en utf\u00e4rd till demonstrationsytan p\u00e5 By\u00e5sen, varvid en massa ungdomar var i tillf\u00e4lle att \u00e5h\u00f6ra demonstrationen av de olika gallringsytorna, varefter fotografier togos av ett av de gallrade best\u00e5nden samt ett av en blandyta, d\u00e4r f\u00e5ren f\u00f6rhindrat tallskogens uppkomst. P\u00e5 kv\u00e4llen f\u00f6ljde av skogsinstrukt\u00f6ren ett f\u00f6redrag \u00e5 f\u00f6reningslokalen Majbo. F\u00f6redraget handlade huvudsakligast om vilken skada skogs\u00e4garen \u00e5samkar sig genom att han l\u00e5ter sina f\u00e5r beta i skogen. Efter f\u00f6redraget f\u00f6ljde en livlig diskussion om f\u00e5rbetningen, vilken utmynnade i att f\u00e5rbetning i skogen \u00e4r till stor skada samt att f\u00e5ran i allm\u00e4nhet b\u00f6ra avskaffas, ty de \u00e5samka lantmannen mera f\u00f6rlust \u00e4n nytt.<\/p>\n<figure id=\"attachment_1707\" aria-describedby=\"caption-attachment-1707\" style=\"width: 1414px\" class=\"wp-caption aligncenter\"><img loading=\"lazy\" decoding=\"async\" class=\"size-full wp-image-1707\" src=\"http:\/\/www.lassebacklund.fi\/wp-content\/uploads\/2016\/11\/skog-3.jpg\" alt=\"H\u00e4r alla kursdeltagarna uppe p\u00e5 By\u00e5sen.\" width=\"1414\" height=\"1057\" srcset=\"https:\/\/www.lassebacklund.fi\/wp-content\/uploads\/2016\/11\/skog-3.jpg 1414w, https:\/\/www.lassebacklund.fi\/wp-content\/uploads\/2016\/11\/skog-3-300x224.jpg 300w, https:\/\/www.lassebacklund.fi\/wp-content\/uploads\/2016\/11\/skog-3-768x574.jpg 768w, https:\/\/www.lassebacklund.fi\/wp-content\/uploads\/2016\/11\/skog-3-1024x765.jpg 1024w\" sizes=\"auto, (max-width: 1414px) 100vw, 1414px\" \/><figcaption id=\"caption-attachment-1707\" class=\"wp-caption-text\">H\u00e4r alla kursdeltagarna uppe p\u00e5 By\u00e5sen.<\/figcaption><\/figure>\n<figure id=\"attachment_1708\" aria-describedby=\"caption-attachment-1708\" style=\"width: 1421px\" class=\"wp-caption aligncenter\"><img loading=\"lazy\" decoding=\"async\" class=\"size-full wp-image-1708\" src=\"http:\/\/www.lassebacklund.fi\/wp-content\/uploads\/2016\/11\/skog-4.jpg\" alt=\"H\u00e4r visar instrukt\u00f6ren vad som b\u00f6r g\u00f6ras med denna gran.\" width=\"1421\" height=\"1065\" srcset=\"https:\/\/www.lassebacklund.fi\/wp-content\/uploads\/2016\/11\/skog-4.jpg 1421w, https:\/\/www.lassebacklund.fi\/wp-content\/uploads\/2016\/11\/skog-4-300x225.jpg 300w, https:\/\/www.lassebacklund.fi\/wp-content\/uploads\/2016\/11\/skog-4-768x576.jpg 768w, https:\/\/www.lassebacklund.fi\/wp-content\/uploads\/2016\/11\/skog-4-1024x767.jpg 1024w\" sizes=\"auto, (max-width: 1421px) 100vw, 1421px\" \/><figcaption id=\"caption-attachment-1708\" class=\"wp-caption-text\">H\u00e4r visar instrukt\u00f6ren vad som b\u00f6r g\u00f6ras med denna gran.<\/figcaption><\/figure>\n","protected":false},"excerpt":{"rendered":"<p>Artikel inf\u00f6rd i tidningen Syd-\u00d6sterbotten 20 mars 1912, undertecknad av signaturen \u201dIntresserad\u201d. \u00a0Vid skogskursen, som avh\u00f6lls i Dagsmark den 15-17 mars 1912 av \u00d6sterbottens Svenska Lantbrukss\u00e4llskaps skogsinstrukt\u00f6r Wikman, deltogo 25 personer, huvudsakligast de yngre husb\u00f6nderna, utom n\u00e5gra \u00e4ldre som \u00e4ro <a class=\"more-link\" href=\"https:\/\/www.lassebacklund.fi\/?page_id=1709\">Forts\u00e4tt l\u00e4sa <span class=\"screen-reader-text\">  Skogskurs i Dagsmark.<\/span><span class=\"meta-nav\">&rarr;<\/span><\/a><\/p>\n","protected":false},"author":1,"featured_media":0,"parent":1696,"menu_order":0,"comment_status":"closed","ping_status":"closed","template":"","meta":{"footnotes":""},"class_list":["post-1709","page","type-page","status-publish","hentry"],"_links":{"self":[{"href":"https:\/\/www.lassebacklund.fi\/index.php?rest_route=\/wp\/v2\/pages\/1709","targetHints":{"allow":["GET"]}}],"collection":[{"href":"https:\/\/www.lassebacklund.fi\/index.php?rest_route=\/wp\/v2\/pages"}],"about":[{"href":"https:\/\/www.lassebacklund.fi\/index.php?rest_route=\/wp\/v2\/types\/page"}],"author":[{"embeddable":true,"href":"https:\/\/www.lassebacklund.fi\/index.php?rest_route=\/wp\/v2\/users\/1"}],"replies":[{"embeddable":true,"href":"https:\/\/www.lassebacklund.fi\/index.php?rest_route=%2Fwp%2Fv2%2Fcomments&post=1709"}],"version-history":[{"count":1,"href":"https:\/\/www.lassebacklund.fi\/index.php?rest_route=\/wp\/v2\/pages\/1709\/revisions"}],"predecessor-version":[{"id":1710,"href":"https:\/\/www.lassebacklund.fi\/index.php?rest_route=\/wp\/v2\/pages\/1709\/revisions\/1710"}],"up":[{"embeddable":true,"href":"https:\/\/www.lassebacklund.fi\/index.php?rest_route=\/wp\/v2\/pages\/1696"}],"wp:attachment":[{"href":"https:\/\/www.lassebacklund.fi\/index.php?rest_route=%2Fwp%2Fv2%2Fmedia&parent=1709"}],"curies":[{"name":"wp","href":"https:\/\/api.w.org\/{rel}","templated":true}]}}