{"id":17017,"date":"2020-06-26T08:27:03","date_gmt":"2020-06-26T05:27:03","guid":{"rendered":"http:\/\/www.lassebacklund.fi\/?page_id=17017"},"modified":"2020-06-26T08:38:20","modified_gmt":"2020-06-26T05:38:20","slug":"folkskolans-historik-1878-1953-av-einar-lind","status":"publish","type":"page","link":"https:\/\/www.lassebacklund.fi\/?page_id=17017","title":{"rendered":"Folkskolans historik 1878-1953 av Einar Lind."},"content":{"rendered":"<p>D\u00e5 folkskolan i Dagsmark fyllde 75 \u00e5r, s\u00e5 skrev l\u00e4raren Einar Lind en omfattande historik. Den handlar f\u00f6rst\u00e5s om den egna folkskolan men han tog ocks\u00e5 upp folkskolv\u00e4sendet i allm\u00e4nhet. Tidningen Syd-\u00d6sterbotten publicerade hela historiken i flera nummer i god tid f\u00f6re jubil\u00e9et som h\u00f6lls p\u00e5 folkskolan i oktober 1953.<\/p>\n<p>Om texten i din datorsk\u00e4rm \u00e4r f\u00f6r liten, s\u00e5 kan du enkelt f\u00f6rstora den genom att h\u00e5lla ned CTRL-tangenten, som finns nere till v\u00e4nster p\u00e5 tangentbordet. P\u00e5 samma g\u00e5ng skall du klicka ett par g\u00e5nger p\u00e5 +tangenten l\u00e4ngst till h\u00f6ger. N\u00e4r du har l\u00e4st f\u00e4rdigt, s\u00e5 skall du g\u00f6ra samma sak, men d\u00e5\u00a0 skall du klicka p\u00e5 minustangenten i st\u00e4llet, s\u00e5 \u00e5terg\u00e5r du till normall\u00e4ge.<\/p>\n<p><img loading=\"lazy\" decoding=\"async\" class=\"alignnone size-full wp-image-16995\" src=\"http:\/\/www.lassebacklund.fi\/wp-content\/uploads\/2020\/06\/P\u00e4rmbild.jpg\" alt=\"\" width=\"1741\" height=\"1168\" srcset=\"https:\/\/www.lassebacklund.fi\/wp-content\/uploads\/2020\/06\/P\u00e4rmbild.jpg 1741w, https:\/\/www.lassebacklund.fi\/wp-content\/uploads\/2020\/06\/P\u00e4rmbild-300x201.jpg 300w, https:\/\/www.lassebacklund.fi\/wp-content\/uploads\/2020\/06\/P\u00e4rmbild-1024x687.jpg 1024w, https:\/\/www.lassebacklund.fi\/wp-content\/uploads\/2020\/06\/P\u00e4rmbild-768x515.jpg 768w, https:\/\/www.lassebacklund.fi\/wp-content\/uploads\/2020\/06\/P\u00e4rmbild-1536x1030.jpg 1536w\" sizes=\"auto, (max-width: 1741px) 100vw, 1741px\" \/> <img loading=\"lazy\" decoding=\"async\" class=\"alignnone size-full wp-image-16996\" src=\"http:\/\/www.lassebacklund.fi\/wp-content\/uploads\/2020\/06\/Sid-1.jpg\" alt=\"\" width=\"1739\" height=\"1255\" srcset=\"https:\/\/www.lassebacklund.fi\/wp-content\/uploads\/2020\/06\/Sid-1.jpg 1739w, https:\/\/www.lassebacklund.fi\/wp-content\/uploads\/2020\/06\/Sid-1-300x217.jpg 300w, https:\/\/www.lassebacklund.fi\/wp-content\/uploads\/2020\/06\/Sid-1-1024x739.jpg 1024w, https:\/\/www.lassebacklund.fi\/wp-content\/uploads\/2020\/06\/Sid-1-768x554.jpg 768w, https:\/\/www.lassebacklund.fi\/wp-content\/uploads\/2020\/06\/Sid-1-1536x1108.jpg 1536w\" sizes=\"auto, (max-width: 1739px) 100vw, 1739px\" \/><\/p>\n<p><img loading=\"lazy\" decoding=\"async\" class=\"alignnone size-full wp-image-16997\" src=\"http:\/\/www.lassebacklund.fi\/wp-content\/uploads\/2020\/06\/Sid-2-3.jpg\" alt=\"\" width=\"1535\" height=\"875\" srcset=\"https:\/\/www.lassebacklund.fi\/wp-content\/uploads\/2020\/06\/Sid-2-3.jpg 1535w, https:\/\/www.lassebacklund.fi\/wp-content\/uploads\/2020\/06\/Sid-2-3-300x171.jpg 300w, https:\/\/www.lassebacklund.fi\/wp-content\/uploads\/2020\/06\/Sid-2-3-1024x584.jpg 1024w, https:\/\/www.lassebacklund.fi\/wp-content\/uploads\/2020\/06\/Sid-2-3-768x438.jpg 768w\" sizes=\"auto, (max-width: 1535px) 100vw, 1535px\" \/><img loading=\"lazy\" decoding=\"async\" class=\"alignnone size-full wp-image-16998\" src=\"http:\/\/www.lassebacklund.fi\/wp-content\/uploads\/2020\/06\/Sid-4-5.jpg\" alt=\"\" width=\"1625\" height=\"1079\" srcset=\"https:\/\/www.lassebacklund.fi\/wp-content\/uploads\/2020\/06\/Sid-4-5.jpg 1625w, https:\/\/www.lassebacklund.fi\/wp-content\/uploads\/2020\/06\/Sid-4-5-300x199.jpg 300w, https:\/\/www.lassebacklund.fi\/wp-content\/uploads\/2020\/06\/Sid-4-5-1024x680.jpg 1024w, https:\/\/www.lassebacklund.fi\/wp-content\/uploads\/2020\/06\/Sid-4-5-768x510.jpg 768w, https:\/\/www.lassebacklund.fi\/wp-content\/uploads\/2020\/06\/Sid-4-5-1536x1020.jpg 1536w\" sizes=\"auto, (max-width: 1625px) 100vw, 1625px\" \/> <img loading=\"lazy\" decoding=\"async\" class=\"alignnone size-full wp-image-16999\" src=\"http:\/\/www.lassebacklund.fi\/wp-content\/uploads\/2020\/06\/Sid-6-7.jpg\" alt=\"\" width=\"1565\" height=\"1113\" srcset=\"https:\/\/www.lassebacklund.fi\/wp-content\/uploads\/2020\/06\/Sid-6-7.jpg 1565w, https:\/\/www.lassebacklund.fi\/wp-content\/uploads\/2020\/06\/Sid-6-7-300x213.jpg 300w, https:\/\/www.lassebacklund.fi\/wp-content\/uploads\/2020\/06\/Sid-6-7-1024x728.jpg 1024w, https:\/\/www.lassebacklund.fi\/wp-content\/uploads\/2020\/06\/Sid-6-7-768x546.jpg 768w, https:\/\/www.lassebacklund.fi\/wp-content\/uploads\/2020\/06\/Sid-6-7-1536x1092.jpg 1536w\" sizes=\"auto, (max-width: 1565px) 100vw, 1565px\" \/> <img loading=\"lazy\" decoding=\"async\" class=\"alignnone size-full wp-image-17000\" src=\"http:\/\/www.lassebacklund.fi\/wp-content\/uploads\/2020\/06\/Sid-8-9.jpg\" alt=\"\" width=\"1569\" height=\"1096\" srcset=\"https:\/\/www.lassebacklund.fi\/wp-content\/uploads\/2020\/06\/Sid-8-9.jpg 1569w, https:\/\/www.lassebacklund.fi\/wp-content\/uploads\/2020\/06\/Sid-8-9-300x210.jpg 300w, https:\/\/www.lassebacklund.fi\/wp-content\/uploads\/2020\/06\/Sid-8-9-1024x715.jpg 1024w, https:\/\/www.lassebacklund.fi\/wp-content\/uploads\/2020\/06\/Sid-8-9-768x536.jpg 768w, https:\/\/www.lassebacklund.fi\/wp-content\/uploads\/2020\/06\/Sid-8-9-1536x1073.jpg 1536w\" sizes=\"auto, (max-width: 1569px) 100vw, 1569px\" \/> <img loading=\"lazy\" decoding=\"async\" class=\"alignnone size-full wp-image-17001\" src=\"http:\/\/www.lassebacklund.fi\/wp-content\/uploads\/2020\/06\/Sid-10-11.jpg\" alt=\"\" width=\"1555\" height=\"1088\" srcset=\"https:\/\/www.lassebacklund.fi\/wp-content\/uploads\/2020\/06\/Sid-10-11.jpg 1555w, https:\/\/www.lassebacklund.fi\/wp-content\/uploads\/2020\/06\/Sid-10-11-300x210.jpg 300w, https:\/\/www.lassebacklund.fi\/wp-content\/uploads\/2020\/06\/Sid-10-11-1024x716.jpg 1024w, https:\/\/www.lassebacklund.fi\/wp-content\/uploads\/2020\/06\/Sid-10-11-768x537.jpg 768w, https:\/\/www.lassebacklund.fi\/wp-content\/uploads\/2020\/06\/Sid-10-11-1536x1075.jpg 1536w\" sizes=\"auto, (max-width: 1555px) 100vw, 1555px\" \/> <img loading=\"lazy\" decoding=\"async\" class=\"alignnone size-full wp-image-17002\" src=\"http:\/\/www.lassebacklund.fi\/wp-content\/uploads\/2020\/06\/Sid-12-13.jpg\" alt=\"\" width=\"1572\" height=\"1090\" srcset=\"https:\/\/www.lassebacklund.fi\/wp-content\/uploads\/2020\/06\/Sid-12-13.jpg 1572w, https:\/\/www.lassebacklund.fi\/wp-content\/uploads\/2020\/06\/Sid-12-13-300x208.jpg 300w, https:\/\/www.lassebacklund.fi\/wp-content\/uploads\/2020\/06\/Sid-12-13-1024x710.jpg 1024w, https:\/\/www.lassebacklund.fi\/wp-content\/uploads\/2020\/06\/Sid-12-13-768x533.jpg 768w, https:\/\/www.lassebacklund.fi\/wp-content\/uploads\/2020\/06\/Sid-12-13-1536x1065.jpg 1536w\" sizes=\"auto, (max-width: 1572px) 100vw, 1572px\" \/> <img loading=\"lazy\" decoding=\"async\" class=\"alignnone size-full wp-image-17003\" src=\"http:\/\/www.lassebacklund.fi\/wp-content\/uploads\/2020\/06\/Sid-14-15.jpg\" alt=\"\" width=\"1548\" height=\"1091\" srcset=\"https:\/\/www.lassebacklund.fi\/wp-content\/uploads\/2020\/06\/Sid-14-15.jpg 1548w, https:\/\/www.lassebacklund.fi\/wp-content\/uploads\/2020\/06\/Sid-14-15-300x211.jpg 300w, https:\/\/www.lassebacklund.fi\/wp-content\/uploads\/2020\/06\/Sid-14-15-1024x722.jpg 1024w, https:\/\/www.lassebacklund.fi\/wp-content\/uploads\/2020\/06\/Sid-14-15-768x541.jpg 768w, https:\/\/www.lassebacklund.fi\/wp-content\/uploads\/2020\/06\/Sid-14-15-1536x1083.jpg 1536w\" sizes=\"auto, (max-width: 1548px) 100vw, 1548px\" \/> <img loading=\"lazy\" decoding=\"async\" class=\"alignnone size-full wp-image-17004\" src=\"http:\/\/www.lassebacklund.fi\/wp-content\/uploads\/2020\/06\/Sid-16-17.jpg\" alt=\"\" width=\"1565\" height=\"1077\" srcset=\"https:\/\/www.lassebacklund.fi\/wp-content\/uploads\/2020\/06\/Sid-16-17.jpg 1565w, https:\/\/www.lassebacklund.fi\/wp-content\/uploads\/2020\/06\/Sid-16-17-300x206.jpg 300w, https:\/\/www.lassebacklund.fi\/wp-content\/uploads\/2020\/06\/Sid-16-17-1024x705.jpg 1024w, https:\/\/www.lassebacklund.fi\/wp-content\/uploads\/2020\/06\/Sid-16-17-768x529.jpg 768w, https:\/\/www.lassebacklund.fi\/wp-content\/uploads\/2020\/06\/Sid-16-17-1536x1057.jpg 1536w\" sizes=\"auto, (max-width: 1565px) 100vw, 1565px\" \/> <img loading=\"lazy\" decoding=\"async\" class=\"alignnone size-full wp-image-17005\" src=\"http:\/\/www.lassebacklund.fi\/wp-content\/uploads\/2020\/06\/Sid-18-19.jpg\" alt=\"\" width=\"1597\" height=\"1075\" srcset=\"https:\/\/www.lassebacklund.fi\/wp-content\/uploads\/2020\/06\/Sid-18-19.jpg 1597w, https:\/\/www.lassebacklund.fi\/wp-content\/uploads\/2020\/06\/Sid-18-19-300x202.jpg 300w, https:\/\/www.lassebacklund.fi\/wp-content\/uploads\/2020\/06\/Sid-18-19-1024x689.jpg 1024w, https:\/\/www.lassebacklund.fi\/wp-content\/uploads\/2020\/06\/Sid-18-19-768x517.jpg 768w, https:\/\/www.lassebacklund.fi\/wp-content\/uploads\/2020\/06\/Sid-18-19-1536x1034.jpg 1536w\" sizes=\"auto, (max-width: 1597px) 100vw, 1597px\" \/> <img loading=\"lazy\" decoding=\"async\" class=\"alignnone size-full wp-image-17006\" src=\"http:\/\/www.lassebacklund.fi\/wp-content\/uploads\/2020\/06\/Sid-20-21.jpg\" alt=\"\" width=\"1579\" height=\"1091\" srcset=\"https:\/\/www.lassebacklund.fi\/wp-content\/uploads\/2020\/06\/Sid-20-21.jpg 1579w, https:\/\/www.lassebacklund.fi\/wp-content\/uploads\/2020\/06\/Sid-20-21-300x207.jpg 300w, https:\/\/www.lassebacklund.fi\/wp-content\/uploads\/2020\/06\/Sid-20-21-1024x708.jpg 1024w, https:\/\/www.lassebacklund.fi\/wp-content\/uploads\/2020\/06\/Sid-20-21-768x531.jpg 768w, https:\/\/www.lassebacklund.fi\/wp-content\/uploads\/2020\/06\/Sid-20-21-1536x1061.jpg 1536w\" sizes=\"auto, (max-width: 1579px) 100vw, 1579px\" \/> <img loading=\"lazy\" decoding=\"async\" class=\"alignnone size-full wp-image-17007\" src=\"http:\/\/www.lassebacklund.fi\/wp-content\/uploads\/2020\/06\/Sid-22-23.jpg\" alt=\"\" width=\"1569\" height=\"1087\" srcset=\"https:\/\/www.lassebacklund.fi\/wp-content\/uploads\/2020\/06\/Sid-22-23.jpg 1569w, https:\/\/www.lassebacklund.fi\/wp-content\/uploads\/2020\/06\/Sid-22-23-300x208.jpg 300w, https:\/\/www.lassebacklund.fi\/wp-content\/uploads\/2020\/06\/Sid-22-23-1024x709.jpg 1024w, https:\/\/www.lassebacklund.fi\/wp-content\/uploads\/2020\/06\/Sid-22-23-768x532.jpg 768w, https:\/\/www.lassebacklund.fi\/wp-content\/uploads\/2020\/06\/Sid-22-23-1536x1064.jpg 1536w\" sizes=\"auto, (max-width: 1569px) 100vw, 1569px\" \/> <img loading=\"lazy\" decoding=\"async\" class=\"alignnone size-full wp-image-17008\" src=\"http:\/\/www.lassebacklund.fi\/wp-content\/uploads\/2020\/06\/Sid-24-25.jpg\" alt=\"\" width=\"1625\" height=\"1091\" srcset=\"https:\/\/www.lassebacklund.fi\/wp-content\/uploads\/2020\/06\/Sid-24-25.jpg 1625w, https:\/\/www.lassebacklund.fi\/wp-content\/uploads\/2020\/06\/Sid-24-25-300x201.jpg 300w, https:\/\/www.lassebacklund.fi\/wp-content\/uploads\/2020\/06\/Sid-24-25-1024x687.jpg 1024w, https:\/\/www.lassebacklund.fi\/wp-content\/uploads\/2020\/06\/Sid-24-25-768x516.jpg 768w, https:\/\/www.lassebacklund.fi\/wp-content\/uploads\/2020\/06\/Sid-24-25-1536x1031.jpg 1536w\" sizes=\"auto, (max-width: 1625px) 100vw, 1625px\" \/> <img loading=\"lazy\" decoding=\"async\" class=\"alignnone size-full wp-image-17009\" src=\"http:\/\/www.lassebacklund.fi\/wp-content\/uploads\/2020\/06\/Sid-26-27.jpg\" alt=\"\" width=\"1560\" height=\"1090\" srcset=\"https:\/\/www.lassebacklund.fi\/wp-content\/uploads\/2020\/06\/Sid-26-27.jpg 1560w, https:\/\/www.lassebacklund.fi\/wp-content\/uploads\/2020\/06\/Sid-26-27-300x210.jpg 300w, https:\/\/www.lassebacklund.fi\/wp-content\/uploads\/2020\/06\/Sid-26-27-1024x715.jpg 1024w, https:\/\/www.lassebacklund.fi\/wp-content\/uploads\/2020\/06\/Sid-26-27-768x537.jpg 768w, https:\/\/www.lassebacklund.fi\/wp-content\/uploads\/2020\/06\/Sid-26-27-1536x1073.jpg 1536w\" sizes=\"auto, (max-width: 1560px) 100vw, 1560px\" \/> <img loading=\"lazy\" decoding=\"async\" class=\"alignnone size-full wp-image-17010\" src=\"http:\/\/www.lassebacklund.fi\/wp-content\/uploads\/2020\/06\/Sid-28-29.jpg\" alt=\"\" width=\"1567\" height=\"1057\" srcset=\"https:\/\/www.lassebacklund.fi\/wp-content\/uploads\/2020\/06\/Sid-28-29.jpg 1567w, https:\/\/www.lassebacklund.fi\/wp-content\/uploads\/2020\/06\/Sid-28-29-300x202.jpg 300w, https:\/\/www.lassebacklund.fi\/wp-content\/uploads\/2020\/06\/Sid-28-29-1024x691.jpg 1024w, https:\/\/www.lassebacklund.fi\/wp-content\/uploads\/2020\/06\/Sid-28-29-768x518.jpg 768w, https:\/\/www.lassebacklund.fi\/wp-content\/uploads\/2020\/06\/Sid-28-29-1536x1036.jpg 1536w\" sizes=\"auto, (max-width: 1567px) 100vw, 1567px\" \/> <img loading=\"lazy\" decoding=\"async\" class=\"alignnone size-full wp-image-17011\" src=\"http:\/\/www.lassebacklund.fi\/wp-content\/uploads\/2020\/06\/Sid-30-31.jpg\" alt=\"\" width=\"1561\" height=\"1084\" srcset=\"https:\/\/www.lassebacklund.fi\/wp-content\/uploads\/2020\/06\/Sid-30-31.jpg 1561w, https:\/\/www.lassebacklund.fi\/wp-content\/uploads\/2020\/06\/Sid-30-31-300x208.jpg 300w, https:\/\/www.lassebacklund.fi\/wp-content\/uploads\/2020\/06\/Sid-30-31-1024x711.jpg 1024w, https:\/\/www.lassebacklund.fi\/wp-content\/uploads\/2020\/06\/Sid-30-31-768x533.jpg 768w, https:\/\/www.lassebacklund.fi\/wp-content\/uploads\/2020\/06\/Sid-30-31-1536x1067.jpg 1536w\" sizes=\"auto, (max-width: 1561px) 100vw, 1561px\" \/> <img loading=\"lazy\" decoding=\"async\" class=\"alignnone size-full wp-image-17012\" src=\"http:\/\/www.lassebacklund.fi\/wp-content\/uploads\/2020\/06\/Sid-32-33.jpg\" alt=\"\" width=\"1618\" height=\"1090\" srcset=\"https:\/\/www.lassebacklund.fi\/wp-content\/uploads\/2020\/06\/Sid-32-33.jpg 1618w, https:\/\/www.lassebacklund.fi\/wp-content\/uploads\/2020\/06\/Sid-32-33-300x202.jpg 300w, https:\/\/www.lassebacklund.fi\/wp-content\/uploads\/2020\/06\/Sid-32-33-1024x690.jpg 1024w, https:\/\/www.lassebacklund.fi\/wp-content\/uploads\/2020\/06\/Sid-32-33-768x517.jpg 768w, https:\/\/www.lassebacklund.fi\/wp-content\/uploads\/2020\/06\/Sid-32-33-1536x1035.jpg 1536w\" sizes=\"auto, (max-width: 1618px) 100vw, 1618px\" \/> <img loading=\"lazy\" decoding=\"async\" class=\"alignnone size-full wp-image-17013\" src=\"http:\/\/www.lassebacklund.fi\/wp-content\/uploads\/2020\/06\/Sid-34-35.jpg\" alt=\"\" width=\"1578\" height=\"1114\" srcset=\"https:\/\/www.lassebacklund.fi\/wp-content\/uploads\/2020\/06\/Sid-34-35.jpg 1578w, https:\/\/www.lassebacklund.fi\/wp-content\/uploads\/2020\/06\/Sid-34-35-300x212.jpg 300w, https:\/\/www.lassebacklund.fi\/wp-content\/uploads\/2020\/06\/Sid-34-35-1024x723.jpg 1024w, https:\/\/www.lassebacklund.fi\/wp-content\/uploads\/2020\/06\/Sid-34-35-768x542.jpg 768w, https:\/\/www.lassebacklund.fi\/wp-content\/uploads\/2020\/06\/Sid-34-35-1536x1084.jpg 1536w\" sizes=\"auto, (max-width: 1578px) 100vw, 1578px\" \/> <img loading=\"lazy\" decoding=\"async\" class=\"alignnone size-full wp-image-17014\" src=\"http:\/\/www.lassebacklund.fi\/wp-content\/uploads\/2020\/06\/Sid-36-37.jpg\" alt=\"\" width=\"1615\" height=\"1106\" srcset=\"https:\/\/www.lassebacklund.fi\/wp-content\/uploads\/2020\/06\/Sid-36-37.jpg 1615w, https:\/\/www.lassebacklund.fi\/wp-content\/uploads\/2020\/06\/Sid-36-37-300x205.jpg 300w, https:\/\/www.lassebacklund.fi\/wp-content\/uploads\/2020\/06\/Sid-36-37-1024x701.jpg 1024w, https:\/\/www.lassebacklund.fi\/wp-content\/uploads\/2020\/06\/Sid-36-37-768x526.jpg 768w, https:\/\/www.lassebacklund.fi\/wp-content\/uploads\/2020\/06\/Sid-36-37-1536x1052.jpg 1536w\" sizes=\"auto, (max-width: 1615px) 100vw, 1615px\" \/><\/p>\n<p><img loading=\"lazy\" decoding=\"async\" class=\"alignnone size-full wp-image-17015\" src=\"http:\/\/www.lassebacklund.fi\/wp-content\/uploads\/2020\/06\/Sid-38-39.jpg\" alt=\"\" width=\"1524\" height=\"1133\" srcset=\"https:\/\/www.lassebacklund.fi\/wp-content\/uploads\/2020\/06\/Sid-38-39.jpg 1524w, https:\/\/www.lassebacklund.fi\/wp-content\/uploads\/2020\/06\/Sid-38-39-300x223.jpg 300w, https:\/\/www.lassebacklund.fi\/wp-content\/uploads\/2020\/06\/Sid-38-39-1024x761.jpg 1024w, https:\/\/www.lassebacklund.fi\/wp-content\/uploads\/2020\/06\/Sid-38-39-768x571.jpg 768w\" sizes=\"auto, (max-width: 1524px) 100vw, 1524px\" \/><img loading=\"lazy\" decoding=\"async\" class=\"alignnone size-full wp-image-17016\" src=\"http:\/\/www.lassebacklund.fi\/wp-content\/uploads\/2020\/06\/Sid-40.jpg\" alt=\"\" width=\"1583\" height=\"1096\" srcset=\"https:\/\/www.lassebacklund.fi\/wp-content\/uploads\/2020\/06\/Sid-40.jpg 1583w, https:\/\/www.lassebacklund.fi\/wp-content\/uploads\/2020\/06\/Sid-40-300x208.jpg 300w, https:\/\/www.lassebacklund.fi\/wp-content\/uploads\/2020\/06\/Sid-40-1024x709.jpg 1024w, https:\/\/www.lassebacklund.fi\/wp-content\/uploads\/2020\/06\/Sid-40-768x532.jpg 768w, https:\/\/www.lassebacklund.fi\/wp-content\/uploads\/2020\/06\/Sid-40-1536x1063.jpg 1536w\" sizes=\"auto, (max-width: 1583px) 100vw, 1583px\" \/><\/p>\n","protected":false},"excerpt":{"rendered":"<p>D\u00e5 folkskolan i Dagsmark fyllde 75 \u00e5r, s\u00e5 skrev l\u00e4raren Einar Lind en omfattande historik. Den handlar f\u00f6rst\u00e5s om den egna folkskolan men han tog ocks\u00e5 upp folkskolv\u00e4sendet i allm\u00e4nhet. Tidningen Syd-\u00d6sterbotten publicerade hela historiken i flera nummer i god <a class=\"more-link\" href=\"https:\/\/www.lassebacklund.fi\/?page_id=17017\">Forts\u00e4tt l\u00e4sa <span class=\"screen-reader-text\">  Folkskolans historik 1878-1953 av Einar Lind.<\/span><span class=\"meta-nav\">&rarr;<\/span><\/a><\/p>\n","protected":false},"author":1,"featured_media":0,"parent":750,"menu_order":0,"comment_status":"closed","ping_status":"closed","template":"","meta":{"footnotes":""},"class_list":["post-17017","page","type-page","status-publish","hentry"],"_links":{"self":[{"href":"https:\/\/www.lassebacklund.fi\/index.php?rest_route=\/wp\/v2\/pages\/17017","targetHints":{"allow":["GET"]}}],"collection":[{"href":"https:\/\/www.lassebacklund.fi\/index.php?rest_route=\/wp\/v2\/pages"}],"about":[{"href":"https:\/\/www.lassebacklund.fi\/index.php?rest_route=\/wp\/v2\/types\/page"}],"author":[{"embeddable":true,"href":"https:\/\/www.lassebacklund.fi\/index.php?rest_route=\/wp\/v2\/users\/1"}],"replies":[{"embeddable":true,"href":"https:\/\/www.lassebacklund.fi\/index.php?rest_route=%2Fwp%2Fv2%2Fcomments&post=17017"}],"version-history":[{"count":4,"href":"https:\/\/www.lassebacklund.fi\/index.php?rest_route=\/wp\/v2\/pages\/17017\/revisions"}],"predecessor-version":[{"id":17021,"href":"https:\/\/www.lassebacklund.fi\/index.php?rest_route=\/wp\/v2\/pages\/17017\/revisions\/17021"}],"up":[{"embeddable":true,"href":"https:\/\/www.lassebacklund.fi\/index.php?rest_route=\/wp\/v2\/pages\/750"}],"wp:attachment":[{"href":"https:\/\/www.lassebacklund.fi\/index.php?rest_route=%2Fwp%2Fv2%2Fmedia&parent=17017"}],"curies":[{"name":"wp","href":"https:\/\/api.w.org\/{rel}","templated":true}]}}