{"id":16924,"date":"2020-06-18T10:17:12","date_gmt":"2020-06-18T07:17:12","guid":{"rendered":"http:\/\/www.lassebacklund.fi\/?page_id=16924"},"modified":"2020-06-27T00:02:25","modified_gmt":"2020-06-26T21:02:25","slug":"ruriks-insats-i-musikens-historia","status":"publish","type":"page","link":"https:\/\/www.lassebacklund.fi\/?page_id=16924","title":{"rendered":"Ruriks insats i musikens historia."},"content":{"rendered":"<p><span style=\"color: #000080;\">Nedtecknat av Lasse Backlund i juni 2020, enligt uppgifter ur &#8221;Sydon&#8221; 7.4.1983:<\/span><\/p>\n<p>Rurik \u00e4r inte speciellt k\u00e4nd som musiker men i ungdomen tog han violinlektioner i Kristinestad, ber\u00e4ttar Kasper R\u00f6khatt i Sydon. Kasper R\u00f6khatt som \u00e4r mer k\u00e4nd som Alvar Utter var bra bekant med Rurik och ber\u00e4ttade en g\u00e5ng att Rurik fr\u00e5n Dagsmark \u00e4r den enda i hans bekantskapskrets som kallar hans tidning f\u00f6r \u201dSydon\u201d, alla andra sade Sydin.<\/p>\n<p>Kasper R\u00f6khatt visste ber\u00e4tta att Rurik tog violinlektioner f\u00f6r barberaren och \u201dperukmakaren\u201d Albert Rosenqvist i Kristinestad ungef\u00e4r 1919-1920. Albert som var f\u00f6dd i Sverige var gift med Rosa, som innehade en k\u00e4nd matservering p\u00e5 Strandgatan 41. Albert var en spjuver som ibland hade problem med j\u00e4mvikten, eftersom han gillade \u00e4dla drycker. Men duktig violinist var han och han gav lektioner bland annat \u00e5t Rurik.<\/p>\n<p>Rosa Rosenqvist, som k\u00e4nde till maken Alberts svaghet f\u00f6r starka drycker, gav r\u00e5det \u00e5t Rurik att ifall Albert r\u00e5kade vara p\u00e5struken och h\u00f6ll p\u00e5 att f\u00f6rlora balansen, s\u00e5 skulle Rurik i f\u00f6rsta hand r\u00e4dda den dyrbara violen, som hon p\u00e5stod var en \u00e4kta Stradivarius.<\/p>\n<p>Och mycket riktigt snubblade musikl\u00e4raren en vacker dag och Rurik fick tillf\u00e4lle att g\u00f6ra en insats i musikens historia genom att grabba tag i fiolen innan l\u00e4raren damp ner i en f\u00e5t\u00f6lj.<\/p>\n<p>Kasper R\u00f6khatt skrev att Birgit T\u00f6tterman ocks\u00e5 tog lektioner tillsammans med Rurik f\u00f6r samma Albert. Hon var dotter till konsul Erik Arthur T\u00f6tterman, som var chef f\u00f6r firman E. A. T\u00f6tterman. Erik T\u00f6tterman var ju den som var med och grundade Ab P\u00e4rusfors tillsammans med Ruriks far Viktor Nylund. \u00c5r 1919 flyttade T\u00f6tterman fr\u00e5n staden, d\u00e5 han blev VD f\u00f6r Finland Amerika Linjen och han avvecklade d\u00e5 f\u00f6retaget i staden.<\/p>\n<p>Konsul T\u00f6tterman som k\u00e4nde till Alberts svaghet f\u00f6r starka drycker, skickade \u00e5r 1919 ett paket med \u201dnoter till en midsommarpolska\u201d \u00e5t Albert. Paketet visade sig inneh\u00e5lla en flaska konjak fr\u00e5n T\u00f6ttermans v\u00e4lfyllda lager. Konjak var en s\u00e4llsynthet denna tid efter m\u00e5nga \u00e5rs krig och handelsblockad.<\/p>\n","protected":false},"excerpt":{"rendered":"<p>Nedtecknat av Lasse Backlund i juni 2020, enligt uppgifter ur &#8221;Sydon&#8221; 7.4.1983: Rurik \u00e4r inte speciellt k\u00e4nd som musiker men i ungdomen tog han violinlektioner i Kristinestad, ber\u00e4ttar Kasper R\u00f6khatt i Sydon. Kasper R\u00f6khatt som \u00e4r mer k\u00e4nd som Alvar <a class=\"more-link\" href=\"https:\/\/www.lassebacklund.fi\/?page_id=16924\">Forts\u00e4tt l\u00e4sa <span class=\"screen-reader-text\">  Ruriks insats i musikens historia.<\/span><span class=\"meta-nav\">&rarr;<\/span><\/a><\/p>\n","protected":false},"author":1,"featured_media":0,"parent":16142,"menu_order":0,"comment_status":"closed","ping_status":"closed","template":"","meta":{"footnotes":""},"class_list":["post-16924","page","type-page","status-publish","hentry"],"_links":{"self":[{"href":"https:\/\/www.lassebacklund.fi\/index.php?rest_route=\/wp\/v2\/pages\/16924","targetHints":{"allow":["GET"]}}],"collection":[{"href":"https:\/\/www.lassebacklund.fi\/index.php?rest_route=\/wp\/v2\/pages"}],"about":[{"href":"https:\/\/www.lassebacklund.fi\/index.php?rest_route=\/wp\/v2\/types\/page"}],"author":[{"embeddable":true,"href":"https:\/\/www.lassebacklund.fi\/index.php?rest_route=\/wp\/v2\/users\/1"}],"replies":[{"embeddable":true,"href":"https:\/\/www.lassebacklund.fi\/index.php?rest_route=%2Fwp%2Fv2%2Fcomments&post=16924"}],"version-history":[{"count":3,"href":"https:\/\/www.lassebacklund.fi\/index.php?rest_route=\/wp\/v2\/pages\/16924\/revisions"}],"predecessor-version":[{"id":17084,"href":"https:\/\/www.lassebacklund.fi\/index.php?rest_route=\/wp\/v2\/pages\/16924\/revisions\/17084"}],"up":[{"embeddable":true,"href":"https:\/\/www.lassebacklund.fi\/index.php?rest_route=\/wp\/v2\/pages\/16142"}],"wp:attachment":[{"href":"https:\/\/www.lassebacklund.fi\/index.php?rest_route=%2Fwp%2Fv2%2Fmedia&parent=16924"}],"curies":[{"name":"wp","href":"https:\/\/api.w.org\/{rel}","templated":true}]}}