{"id":16681,"date":"2020-06-04T21:18:42","date_gmt":"2020-06-04T18:18:42","guid":{"rendered":"http:\/\/www.lassebacklund.fi\/?page_id=16681"},"modified":"2020-06-04T21:32:20","modified_gmt":"2020-06-04T18:32:20","slug":"nya-nokia","status":"publish","type":"page","link":"https:\/\/www.lassebacklund.fi\/?page_id=16681","title":{"rendered":"Nya Nokia."},"content":{"rendered":"<p><span style=\"color: #000080;\">Diktat av Eva den 17 april 2020:<\/span><\/p>\n<p>Jag k\u00f6pte nya st\u00f6vlar, r\u00f6da med l\u00e5nga skaft<br \/>\nflera likadana jag under \u00e5ren redan haft.<br \/>\nKvaliteten \u00e4r inte l\u00e4ngre alls som f\u00f6rut,<br \/>\nefter ett par tre \u00e5r \u00e4r de s\u00f6nder och slut.<\/p>\n<div class=\"text_exposed_show\">\n<p>Tidigare de tillverkades i v\u00e5rt eget land<br \/>\nnuf\u00f6rtiden \u00e4r namnet bara en f\u00f6rs\u00e4ljningsbrand.<br \/>\nFabriken finns n\u00e5gonstans ute i Europa,<br \/>\nproduktionen i Kina var man tvungen att slopa.<\/p>\n<p>P\u00e5 eftermiddagen gick jag ut f\u00f6r att g\u00e5<br \/>\noch nyf\u00f6rv\u00e4rven p\u00e5 f\u00f6tterna jag drog p\u00e5.<br \/>\nL\u00e4ngs rutten det l\u00e5g flera stora vattenpottar<br \/>\noch pl\u00f6tsligt st\u00e5r jag d\u00e4r och plaskar och klottar.<\/p>\n<p>Det h\u00f6r ju till v\u00e5ren att f\u00e5 vattnet att rinna,<br \/>\nJag blir som ett barn fast jag \u00e4r en gammal kvinna.<br \/>\nAtt g\u00f6ra r\u00e4nnor det h\u00f6r liksom till,<br \/>\nDu f\u00e5r g\u00e4rna f\u00f6lja med ifall du riktigt vill!<\/p>\n<p><img loading=\"lazy\" decoding=\"async\" class=\"alignnone size-full wp-image-16684\" src=\"http:\/\/www.lassebacklund.fi\/wp-content\/uploads\/2020\/06\/Nya-Nokia.jpg\" alt=\"\" width=\"960\" height=\"720\" srcset=\"https:\/\/www.lassebacklund.fi\/wp-content\/uploads\/2020\/06\/Nya-Nokia.jpg 960w, https:\/\/www.lassebacklund.fi\/wp-content\/uploads\/2020\/06\/Nya-Nokia-300x225.jpg 300w, https:\/\/www.lassebacklund.fi\/wp-content\/uploads\/2020\/06\/Nya-Nokia-768x576.jpg 768w\" sizes=\"auto, (max-width: 960px) 100vw, 960px\" \/><\/p>\n<\/div>\n","protected":false},"excerpt":{"rendered":"<p>Diktat av Eva den 17 april 2020: Jag k\u00f6pte nya st\u00f6vlar, r\u00f6da med l\u00e5nga skaft flera likadana jag under \u00e5ren redan haft. Kvaliteten \u00e4r inte l\u00e4ngre alls som f\u00f6rut, efter ett par tre \u00e5r \u00e4r de s\u00f6nder och slut. Tidigare <a class=\"more-link\" href=\"https:\/\/www.lassebacklund.fi\/?page_id=16681\">Forts\u00e4tt l\u00e4sa <span class=\"screen-reader-text\">  Nya Nokia.<\/span><span class=\"meta-nav\">&rarr;<\/span><\/a><\/p>\n","protected":false},"author":1,"featured_media":0,"parent":16671,"menu_order":3,"comment_status":"closed","ping_status":"closed","template":"","meta":{"footnotes":""},"class_list":["post-16681","page","type-page","status-publish","hentry"],"_links":{"self":[{"href":"https:\/\/www.lassebacklund.fi\/index.php?rest_route=\/wp\/v2\/pages\/16681","targetHints":{"allow":["GET"]}}],"collection":[{"href":"https:\/\/www.lassebacklund.fi\/index.php?rest_route=\/wp\/v2\/pages"}],"about":[{"href":"https:\/\/www.lassebacklund.fi\/index.php?rest_route=\/wp\/v2\/types\/page"}],"author":[{"embeddable":true,"href":"https:\/\/www.lassebacklund.fi\/index.php?rest_route=\/wp\/v2\/users\/1"}],"replies":[{"embeddable":true,"href":"https:\/\/www.lassebacklund.fi\/index.php?rest_route=%2Fwp%2Fv2%2Fcomments&post=16681"}],"version-history":[{"count":3,"href":"https:\/\/www.lassebacklund.fi\/index.php?rest_route=\/wp\/v2\/pages\/16681\/revisions"}],"predecessor-version":[{"id":16688,"href":"https:\/\/www.lassebacklund.fi\/index.php?rest_route=\/wp\/v2\/pages\/16681\/revisions\/16688"}],"up":[{"embeddable":true,"href":"https:\/\/www.lassebacklund.fi\/index.php?rest_route=\/wp\/v2\/pages\/16671"}],"wp:attachment":[{"href":"https:\/\/www.lassebacklund.fi\/index.php?rest_route=%2Fwp%2Fv2%2Fmedia&parent=16681"}],"curies":[{"name":"wp","href":"https:\/\/api.w.org\/{rel}","templated":true}]}}