{"id":16674,"date":"2020-06-04T21:04:16","date_gmt":"2020-06-04T18:04:16","guid":{"rendered":"http:\/\/www.lassebacklund.fi\/?page_id=16674"},"modified":"2020-06-04T21:29:26","modified_gmt":"2020-06-04T18:29:26","slug":"bland-timjan-och-tok","status":"publish","type":"page","link":"https:\/\/www.lassebacklund.fi\/?page_id=16674","title":{"rendered":"Bland timjan och tok."},"content":{"rendered":"<p><span style=\"color: #000080;\">Diktat av Eva i juni 2020:<\/span><\/p>\n<p>I dag har jag hackat bland timjan och tok,<br \/>\narten \u00e4r gr\u00f6nl\u00e4ndsk och har efternamnet Nuuk.<br \/>\nSen tog jag fram slangen och vattnade en stund,<br \/>\nd\u00e4r blir snabbt torrt f\u00f6r det \u00e4r sand som grund.<\/p>\n<div class=\"text_exposed_show\">\n<p>Det lovades v\u00e4rme och passligt den kom<br \/>\n\u00e4ppeltr\u00e4dens knoppar b\u00f6rjar sl\u00e5 ut i blom.<br \/>\nHumlor och getingar \u00e4r s\u00e5 v\u00e4lkomna hit,<br \/>\nfr\u00e5n blommor till frukt det \u00e4r en l\u00e5ng bit.<\/p>\n<p>I r\u00f6nnens holk bor ett sm\u00e5f\u00e5gelpar,<br \/>\nde flyger ut och in, tror nog ungar de har.<br \/>\nSvalorna sl\u00e5r n\u00e4stan knut p\u00e5 sin s\u00e5ng<br \/>\noch k\u00e4restan ska f\u00f6rs\u00f6ka f\u00e5 springbrunnen ig\u00e5ng.<\/p>\n<p>Ja nog \u00e4r det fint mellan h\u00e4gg och syren<br \/>\nsolen den \u00e4r uppe fast timmen \u00e4r sen.<br \/>\nNu g\u00e4ller det att njuta av det man ser och h\u00f6r<br \/>\ndet tror jag vi alla mer eller mindre g\u00f6r!<\/p>\n<p><img loading=\"lazy\" decoding=\"async\" class=\"alignnone size-full wp-image-16685\" src=\"http:\/\/www.lassebacklund.fi\/wp-content\/uploads\/2020\/06\/Blommor-dikt-1-album-4.jpg\" alt=\"\" width=\"720\" height=\"960\" srcset=\"https:\/\/www.lassebacklund.fi\/wp-content\/uploads\/2020\/06\/Blommor-dikt-1-album-4.jpg 720w, https:\/\/www.lassebacklund.fi\/wp-content\/uploads\/2020\/06\/Blommor-dikt-1-album-4-225x300.jpg 225w\" sizes=\"auto, (max-width: 720px) 100vw, 720px\" \/><\/p>\n<\/div>\n","protected":false},"excerpt":{"rendered":"<p>Diktat av Eva i juni 2020: I dag har jag hackat bland timjan och tok, arten \u00e4r gr\u00f6nl\u00e4ndsk och har efternamnet Nuuk. Sen tog jag fram slangen och vattnade en stund, d\u00e4r blir snabbt torrt f\u00f6r det \u00e4r sand som <a class=\"more-link\" href=\"https:\/\/www.lassebacklund.fi\/?page_id=16674\">Forts\u00e4tt l\u00e4sa <span class=\"screen-reader-text\">  Bland timjan och tok.<\/span><span class=\"meta-nav\">&rarr;<\/span><\/a><\/p>\n","protected":false},"author":1,"featured_media":0,"parent":16671,"menu_order":1,"comment_status":"closed","ping_status":"closed","template":"","meta":{"footnotes":""},"class_list":["post-16674","page","type-page","status-publish","hentry"],"_links":{"self":[{"href":"https:\/\/www.lassebacklund.fi\/index.php?rest_route=\/wp\/v2\/pages\/16674","targetHints":{"allow":["GET"]}}],"collection":[{"href":"https:\/\/www.lassebacklund.fi\/index.php?rest_route=\/wp\/v2\/pages"}],"about":[{"href":"https:\/\/www.lassebacklund.fi\/index.php?rest_route=\/wp\/v2\/types\/page"}],"author":[{"embeddable":true,"href":"https:\/\/www.lassebacklund.fi\/index.php?rest_route=\/wp\/v2\/users\/1"}],"replies":[{"embeddable":true,"href":"https:\/\/www.lassebacklund.fi\/index.php?rest_route=%2Fwp%2Fv2%2Fcomments&post=16674"}],"version-history":[{"count":2,"href":"https:\/\/www.lassebacklund.fi\/index.php?rest_route=\/wp\/v2\/pages\/16674\/revisions"}],"predecessor-version":[{"id":16686,"href":"https:\/\/www.lassebacklund.fi\/index.php?rest_route=\/wp\/v2\/pages\/16674\/revisions\/16686"}],"up":[{"embeddable":true,"href":"https:\/\/www.lassebacklund.fi\/index.php?rest_route=\/wp\/v2\/pages\/16671"}],"wp:attachment":[{"href":"https:\/\/www.lassebacklund.fi\/index.php?rest_route=%2Fwp%2Fv2%2Fmedia&parent=16674"}],"curies":[{"name":"wp","href":"https:\/\/api.w.org\/{rel}","templated":true}]}}