{"id":16544,"date":"2020-05-20T19:30:44","date_gmt":"2020-05-20T16:30:44","guid":{"rendered":"http:\/\/www.lassebacklund.fi\/?page_id=16544"},"modified":"2024-11-29T18:11:19","modified_gmt":"2024-11-29T16:11:19","slug":"lillkull-gunnaras-pa-sunnantillvagen-81","status":"publish","type":"page","link":"https:\/\/www.lassebacklund.fi\/?page_id=16544","title":{"rendered":"Lillkull Gunnaras p\u00e5 Sunnantillv\u00e4gen 81"},"content":{"rendered":"<figure id=\"attachment_2241\" aria-describedby=\"caption-attachment-2241\" style=\"width: 1638px\" class=\"wp-caption alignnone\"><img loading=\"lazy\" decoding=\"async\" class=\"size-full wp-image-2241\" src=\"http:\/\/www.lassebacklund.fi\/wp-content\/uploads\/2016\/12\/16.jpg\" alt=\"\" width=\"1638\" height=\"977\" srcset=\"https:\/\/www.lassebacklund.fi\/wp-content\/uploads\/2016\/12\/16.jpg 1638w, https:\/\/www.lassebacklund.fi\/wp-content\/uploads\/2016\/12\/16-300x179.jpg 300w, https:\/\/www.lassebacklund.fi\/wp-content\/uploads\/2016\/12\/16-768x458.jpg 768w, https:\/\/www.lassebacklund.fi\/wp-content\/uploads\/2016\/12\/16-1024x611.jpg 1024w\" sizes=\"auto, (max-width: 1638px) 100vw, 1638px\" \/><figcaption id=\"caption-attachment-2241\" class=\"wp-caption-text\">Den h\u00e4r g\u00e5rden p\u00e5 3 rum och k\u00f6k p\u00e5 S\u00e5nan byggde Gunnar och Guldi Lillkull \u00e5r 1936 p\u00e5 Stenkull l\u00e4genhet. Uthusbyggnaden byggdes f\u00f6ljande \u00e5r och v\u00e4xthuset i bakgrunden byggdes i slutet p\u00e5 60-talet. Hemmanet och g\u00e5rden \u00f6vertogs sedan av deras son Jan Lillkull, som sedan har s\u00e5lt hemmanet \u00e5t utomst\u00e5ende. Flygfotot \u00e4r fr\u00e5n b\u00f6rjan av 1970-talet.<\/figcaption><\/figure>\n<p><strong><span style=\"color: #000080;\">Sammanst\u00e4llt av Lasse Backlund i maj 2020:<\/span><\/strong><\/p>\n<p>Gunnar Lillkull (1915-1986) som kallades &#8221;Pelas Gunnar&#8221; var son till bonden och kommunalmannen <a href=\"http:\/\/www.lassebacklund.fi\/?page_id=2266\">Johan Lillkull (1884-1957)<\/a> och Ida (f. Lindell i Lillsj\u00f6 1882-1962). \u00c5r 1934 gifte sig Gunnar med Guldi Nystr\u00f6m, som var dotter till Niklas Nystr\u00f6m (1872-1959) och Anna Kajsa (1868-1955) som var dotter till <a href=\"http:\/\/www.lassebacklund.fi\/?page_id=2213\">&#8221;Rebeck Kalle&#8221; Lillkull.<\/a> Om du vill l\u00e4sa historiken om Guldis barndomshem, s\u00e5 skall du klicka <a href=\"http:\/\/www.lassebacklund.fi\/?page_id=494\"><span style=\"text-decoration: underline;\"><span style=\"color: #000080;\"><strong>H\u00c4R!<\/strong><\/span><\/span><\/a><\/p>\n<figure id=\"attachment_2240\" aria-describedby=\"caption-attachment-2240\" style=\"width: 1141px\" class=\"wp-caption alignnone\"><img loading=\"lazy\" decoding=\"async\" class=\"size-full wp-image-2240\" src=\"http:\/\/www.lassebacklund.fi\/wp-content\/uploads\/2016\/12\/15.jpg\" alt=\"\" width=\"1141\" height=\"716\" srcset=\"https:\/\/www.lassebacklund.fi\/wp-content\/uploads\/2016\/12\/15.jpg 1141w, https:\/\/www.lassebacklund.fi\/wp-content\/uploads\/2016\/12\/15-300x188.jpg 300w, https:\/\/www.lassebacklund.fi\/wp-content\/uploads\/2016\/12\/15-768x482.jpg 768w, https:\/\/www.lassebacklund.fi\/wp-content\/uploads\/2016\/12\/15-1024x643.jpg 1024w\" sizes=\"auto, (max-width: 1141px) 100vw, 1141px\" \/><figcaption id=\"caption-attachment-2240\" class=\"wp-caption-text\">Guldi Nystr\u00f6m och Gunnar Lillkull hos fotografen p\u00e5 1930-talet.<\/figcaption><\/figure>\n<p><strong>\u00c5r 1935, den 15 december<\/strong> &#8221;uppl\u00e4t och avstod&#8221; Johan och Ida Lillkull h\u00e4lften av sitt Lillkull hemman \u00e5t sonen Gunnar, som \u00e5ret innan hade gift sig med Guldi Nystr\u00f6m. Hemmanet p\u00e5 5\/384 dels mantal v\u00e4rderades till 35 000 mark och skulle ha best\u00e5tt av omkring 50 ha skog och mark. \u00c5t Gunnars f\u00f6r\u00e4ldrar skulle de ge livstids sytning, plus att de till Gunnars systrar Hulda, Elin och Julia skulle ge 5,000 mark var i utl\u00f6sen. N\u00e5gra byggnader ingick inte i \u00f6verl\u00e5telsen.<\/p>\n<p>Gunnar var bonde men liksom sina f\u00f6rf\u00e4der var han ocks\u00e5 aktiv inom lokalpolitiken. Han satt som ledamot b\u00e5de i kommunalfullm\u00e4ktige och i kommunalstyrelsen i Lappfj\u00e4rds kommun p\u00e5 1960-talet. Han satt ocks\u00e5 i direktionen f\u00f6r Sydbottens Andelsbank och han var en tid ocks\u00e5 direktionens ordf\u00f6rande. \u00c4nnu i b\u00f6rjan av 70-talet satt han i styrelsen f\u00f6r Syd\u00f6sterbottens sjukhus i Kristinestad.<\/p>\n<p>Mellan \u00e5ren 1935 och 1951 fick Gunnar och Guldi 4 barn, varav 2 bor i Lappfj\u00e4rd, en bor i Sverige och en \u00e4r bosatt i Dagsmark. I denna sl\u00e4kt har de kommunala engagemangen verkligen g\u00e5tt i arv, f\u00f6r p\u00e5 1990-talet satt Gunnars \u00e4ldre son Harry en tid b\u00e5de i stadsfullm\u00e4ktige och i stadsstyrelsen i Kristinestad.<\/p>\n<p><strong>P\u00e5 1960-talet<\/strong> var morotsodlingen den viktigaste n\u00e4ringen p\u00e5 g\u00e5rden, d\u00e4r det ocks\u00e5 fanns 1 h\u00e4st och 4 kor. Korna och mj\u00f6lkmaskinen s\u00e5ldes p\u00e5 auktion i januari 1970 och efter det satsades det helt p\u00e5 potatisodlingen, d\u00e5 man skaffade moderna maskiner och s\u00e5 byggdes det en potatisk\u00e4llare p\u00e5 samma tomt.<\/p>\n<figure id=\"attachment_23377\" aria-describedby=\"caption-attachment-23377\" style=\"width: 412px\" class=\"wp-caption alignnone\"><img loading=\"lazy\" decoding=\"async\" class=\"size-full wp-image-23377\" src=\"https:\/\/www.lassebacklund.fi\/wp-content\/uploads\/2024\/11\/1963-lagenhet-5-190-karta.jpg\" alt=\"\" width=\"412\" height=\"573\" srcset=\"https:\/\/www.lassebacklund.fi\/wp-content\/uploads\/2024\/11\/1963-lagenhet-5-190-karta.jpg 412w, https:\/\/www.lassebacklund.fi\/wp-content\/uploads\/2024\/11\/1963-lagenhet-5-190-karta-216x300.jpg 216w\" sizes=\"auto, (max-width: 412px) 100vw, 412px\" \/><figcaption id=\"caption-attachment-23377\" class=\"wp-caption-text\"><strong>\u00c5r 1963, den 1 augusti<\/strong> k\u00f6pte Gunnar och Guldi ett omr\u00e5de p\u00e5 Bymossen, den ena delen av Gunnars bror Karl Lillkull och den andra delen av Gunnars syster Julia L\u00e5ngfors. Omr\u00e5det var v\u00e4rdel\u00f6s mossmark och Gunnar betalade 100 mark \u00e5t vardera s\u00e4ljaren och sedan bildade han en ny l\u00e4genhet med numret 5:190. Efter utdikningar \u00e4r omr\u00e5det i dag v\u00e4l v\u00e4xande skogsmark.<\/figcaption><\/figure>\n<p><strong>\u00c5r 1974, den 29 november<\/strong> s\u00e5lde Gunnar och Guldi hela hemmanet \u00e5t sonen Jan f\u00f6r 84 275 mark. K\u00f6peskillingen betalades med utl\u00f6sen \u00e5t de tre syskonen och med \u00f6vertagande av ett bankl\u00e5n. Efter generationsskiftet skarvades bostadshuset till med en l\u00e4genhet i den v\u00e4stra \u00e4ndan.<\/p>\n<p>Efter en tid s\u00e5lde Jan Lillkull hemmanet \u00e5t familjen Norrvik, medan bostadshuset och alla uthusen s\u00e5ldes \u00e5t en utomst\u00e5ende fr\u00e5n Lillsj\u00f6, som fortfarande bor d\u00e4r.<\/p>\n<h4><strong>Foton.<\/strong><\/h4>\n<figure id=\"attachment_2243\" aria-describedby=\"caption-attachment-2243\" style=\"width: 1386px\" class=\"wp-caption alignnone\"><img loading=\"lazy\" decoding=\"async\" class=\"size-full wp-image-2243\" src=\"http:\/\/www.lassebacklund.fi\/wp-content\/uploads\/2016\/12\/18.jpg\" alt=\"\" width=\"1386\" height=\"866\" srcset=\"https:\/\/www.lassebacklund.fi\/wp-content\/uploads\/2016\/12\/18.jpg 1386w, https:\/\/www.lassebacklund.fi\/wp-content\/uploads\/2016\/12\/18-300x187.jpg 300w, https:\/\/www.lassebacklund.fi\/wp-content\/uploads\/2016\/12\/18-768x480.jpg 768w, https:\/\/www.lassebacklund.fi\/wp-content\/uploads\/2016\/12\/18-1024x640.jpg 1024w\" sizes=\"auto, (max-width: 1386px) 100vw, 1386px\" \/><figcaption id=\"caption-attachment-2243\" class=\"wp-caption-text\">Guldi och Gunnar Lillkull.<\/figcaption><\/figure>\n<figure id=\"attachment_2242\" aria-describedby=\"caption-attachment-2242\" style=\"width: 1587px\" class=\"wp-caption alignnone\"><img loading=\"lazy\" decoding=\"async\" class=\"size-full wp-image-2242\" src=\"http:\/\/www.lassebacklund.fi\/wp-content\/uploads\/2016\/12\/17.jpg\" alt=\"\" width=\"1587\" height=\"896\" srcset=\"https:\/\/www.lassebacklund.fi\/wp-content\/uploads\/2016\/12\/17.jpg 1587w, https:\/\/www.lassebacklund.fi\/wp-content\/uploads\/2016\/12\/17-300x169.jpg 300w, https:\/\/www.lassebacklund.fi\/wp-content\/uploads\/2016\/12\/17-768x434.jpg 768w, https:\/\/www.lassebacklund.fi\/wp-content\/uploads\/2016\/12\/17-1024x578.jpg 1024w\" sizes=\"auto, (max-width: 1587px) 100vw, 1587px\" \/><figcaption id=\"caption-attachment-2242\" class=\"wp-caption-text\">P\u00e5 1980-talet byggdes g\u00e5rden om totalt och den byggdes i s\u00e5 att den d\u00e5 fick 2 l\u00e4genheter. L\u00e4ngst till v\u00e4nster skymtar Selim och Manda Lillkulls g\u00e5rd. Fotot taget fr\u00e5n s\u00f6der \u00e5r 2003.<\/figcaption><\/figure>\n<figure id=\"attachment_2244\" aria-describedby=\"caption-attachment-2244\" style=\"width: 1015px\" class=\"wp-caption alignnone\"><img loading=\"lazy\" decoding=\"async\" class=\"size-full wp-image-2244\" src=\"http:\/\/www.lassebacklund.fi\/wp-content\/uploads\/2016\/12\/19.jpg\" alt=\"\" width=\"1015\" height=\"401\" srcset=\"https:\/\/www.lassebacklund.fi\/wp-content\/uploads\/2016\/12\/19.jpg 1015w, https:\/\/www.lassebacklund.fi\/wp-content\/uploads\/2016\/12\/19-300x119.jpg 300w, https:\/\/www.lassebacklund.fi\/wp-content\/uploads\/2016\/12\/19-768x303.jpg 768w\" sizes=\"auto, (max-width: 1015px) 100vw, 1015px\" \/><figcaption id=\"caption-attachment-2244\" class=\"wp-caption-text\">P\u00e5 60-talet var morotsodlingen viktig men p\u00e5 senare tid var ju potatisodlingen huvudn\u00e4ring och en tidsenlig potatisk\u00e4llare byggdes utefter Sunnantillv\u00e4gen. Den nuvarande \u00e4garen anv\u00e4nder potatisk\u00e4llaren som verkstad. Fotot taget fr\u00e5n v\u00e4ster.<\/figcaption><\/figure>\n<figure id=\"attachment_2239\" aria-describedby=\"caption-attachment-2239\" style=\"width: 980px\" class=\"wp-caption alignnone\"><img loading=\"lazy\" decoding=\"async\" class=\"size-full wp-image-2239\" src=\"http:\/\/www.lassebacklund.fi\/wp-content\/uploads\/2016\/12\/14.jpg\" alt=\"\" width=\"980\" height=\"1396\" srcset=\"https:\/\/www.lassebacklund.fi\/wp-content\/uploads\/2016\/12\/14.jpg 980w, https:\/\/www.lassebacklund.fi\/wp-content\/uploads\/2016\/12\/14-211x300.jpg 211w, https:\/\/www.lassebacklund.fi\/wp-content\/uploads\/2016\/12\/14-768x1094.jpg 768w, https:\/\/www.lassebacklund.fi\/wp-content\/uploads\/2016\/12\/14-719x1024.jpg 719w\" sizes=\"auto, (max-width: 980px) 100vw, 980px\" \/><figcaption id=\"caption-attachment-2239\" class=\"wp-caption-text\">P\u00e5 Viktor Nylunds foto med syskonen Lillkull st\u00e5r ocks\u00e5 hans son Rurik till v\u00e4nster. Bredvid Rurik st\u00e5r Elin och Hulda och l\u00e4ngst fram st\u00e5r Julia och Gunnar. Karl (f. 1923) var inte f\u00f6dd d\u00e5 detta foto togs.<\/figcaption><\/figure>\n<figure id=\"attachment_2236\" aria-describedby=\"caption-attachment-2236\" style=\"width: 916px\" class=\"wp-caption alignnone\"><img loading=\"lazy\" decoding=\"async\" class=\"size-full wp-image-2236\" src=\"http:\/\/www.lassebacklund.fi\/wp-content\/uploads\/2016\/12\/11.jpg\" alt=\"\" width=\"916\" height=\"614\" srcset=\"https:\/\/www.lassebacklund.fi\/wp-content\/uploads\/2016\/12\/11.jpg 916w, https:\/\/www.lassebacklund.fi\/wp-content\/uploads\/2016\/12\/11-300x201.jpg 300w, https:\/\/www.lassebacklund.fi\/wp-content\/uploads\/2016\/12\/11-768x515.jpg 768w\" sizes=\"auto, (max-width: 916px) 100vw, 916px\" \/><figcaption id=\"caption-attachment-2236\" class=\"wp-caption-text\">Gunnars f\u00f6r\u00e4ldrar Ida och Johan Lillkull.<\/figcaption><\/figure>\n<figure id=\"attachment_13526\" aria-describedby=\"caption-attachment-13526\" style=\"width: 1731px\" class=\"wp-caption alignnone\"><img loading=\"lazy\" decoding=\"async\" class=\"size-full wp-image-13526\" src=\"http:\/\/www.lassebacklund.fi\/wp-content\/uploads\/2019\/08\/54-IMG-6216-Lillkulls-syskon.jpg\" alt=\"\" width=\"1731\" height=\"1179\" srcset=\"https:\/\/www.lassebacklund.fi\/wp-content\/uploads\/2019\/08\/54-IMG-6216-Lillkulls-syskon.jpg 1731w, https:\/\/www.lassebacklund.fi\/wp-content\/uploads\/2019\/08\/54-IMG-6216-Lillkulls-syskon-300x204.jpg 300w, https:\/\/www.lassebacklund.fi\/wp-content\/uploads\/2019\/08\/54-IMG-6216-Lillkulls-syskon-768x523.jpg 768w, https:\/\/www.lassebacklund.fi\/wp-content\/uploads\/2019\/08\/54-IMG-6216-Lillkulls-syskon-1024x697.jpg 1024w\" sizes=\"auto, (max-width: 1731px) 100vw, 1731px\" \/><figcaption id=\"caption-attachment-13526\" class=\"wp-caption-text\">D\u00e5 Hulda L\u00f6vgren i mitten fyllde 75 \u00e5r s\u00e5 m\u00f6tte alla syskonen upp, fr\u00e5n v\u00e4nster Gunnar Lillkull, Julia L\u00e5ngfors, f\u00f6delsedagsbarnet Hulda, Karl Lillkull och Elin Landg\u00e4rds.<\/figcaption><\/figure>\n<figure id=\"attachment_2250\" aria-describedby=\"caption-attachment-2250\" style=\"width: 1301px\" class=\"wp-caption alignnone\"><img loading=\"lazy\" decoding=\"async\" class=\"size-full wp-image-2250\" src=\"http:\/\/www.lassebacklund.fi\/wp-content\/uploads\/2016\/12\/25.jpg\" alt=\"\" width=\"1301\" height=\"864\" srcset=\"https:\/\/www.lassebacklund.fi\/wp-content\/uploads\/2016\/12\/25.jpg 1301w, https:\/\/www.lassebacklund.fi\/wp-content\/uploads\/2016\/12\/25-300x199.jpg 300w, https:\/\/www.lassebacklund.fi\/wp-content\/uploads\/2016\/12\/25-768x510.jpg 768w, https:\/\/www.lassebacklund.fi\/wp-content\/uploads\/2016\/12\/25-1024x680.jpg 1024w\" sizes=\"auto, (max-width: 1301px) 100vw, 1301px\" \/><figcaption id=\"caption-attachment-2250\" class=\"wp-caption-text\">P\u00e5 fotot som Niklas Enlund tagit p\u00e5 en sl\u00e4kttr\u00e4ff \u00e5r 2015 s\u00e5 ser vi en stor del av Johans och Idas \u00e4ttlingar.<\/figcaption><\/figure>\n<figure id=\"attachment_2318\" aria-describedby=\"caption-attachment-2318\" style=\"width: 926px\" class=\"wp-caption alignnone\"><img loading=\"lazy\" decoding=\"async\" class=\"size-full wp-image-2318\" src=\"http:\/\/www.lassebacklund.fi\/wp-content\/uploads\/2016\/12\/Lillkull-Karin-Gunnar-och-Guldi.jpg\" alt=\"\" width=\"926\" height=\"591\" srcset=\"https:\/\/www.lassebacklund.fi\/wp-content\/uploads\/2016\/12\/Lillkull-Karin-Gunnar-och-Guldi.jpg 926w, https:\/\/www.lassebacklund.fi\/wp-content\/uploads\/2016\/12\/Lillkull-Karin-Gunnar-och-Guldi-300x191.jpg 300w, https:\/\/www.lassebacklund.fi\/wp-content\/uploads\/2016\/12\/Lillkull-Karin-Gunnar-och-Guldi-768x490.jpg 768w\" sizes=\"auto, (max-width: 926px) 100vw, 926px\" \/><figcaption id=\"caption-attachment-2318\" class=\"wp-caption-text\">Gunnar och Guldi Lillkull med dottern Karin.<\/figcaption><\/figure>\n<figure id=\"attachment_2316\" aria-describedby=\"caption-attachment-2316\" style=\"width: 413px\" class=\"wp-caption alignnone\"><img loading=\"lazy\" decoding=\"async\" class=\"size-full wp-image-2316\" src=\"http:\/\/www.lassebacklund.fi\/wp-content\/uploads\/2016\/12\/Lillkull-Gunnar-p\u00e5-stubbe.jpg\" alt=\"\" width=\"413\" height=\"693\" srcset=\"https:\/\/www.lassebacklund.fi\/wp-content\/uploads\/2016\/12\/Lillkull-Gunnar-p\u00e5-stubbe.jpg 413w, https:\/\/www.lassebacklund.fi\/wp-content\/uploads\/2016\/12\/Lillkull-Gunnar-p\u00e5-stubbe-179x300.jpg 179w\" sizes=\"auto, (max-width: 413px) 100vw, 413px\" \/><figcaption id=\"caption-attachment-2316\" class=\"wp-caption-text\">Gunnar Lillkull p\u00e5 h\u00f6g h\u00f6jd.<\/figcaption><\/figure>\n<figure id=\"attachment_2317\" aria-describedby=\"caption-attachment-2317\" style=\"width: 941px\" class=\"wp-caption alignnone\"><img loading=\"lazy\" decoding=\"async\" class=\"size-full wp-image-2317\" src=\"http:\/\/www.lassebacklund.fi\/wp-content\/uploads\/2016\/12\/Lillkull-Gunnars-g\u00e5rd-om-vintern.jpg\" alt=\"\" width=\"941\" height=\"590\" srcset=\"https:\/\/www.lassebacklund.fi\/wp-content\/uploads\/2016\/12\/Lillkull-Gunnars-g\u00e5rd-om-vintern.jpg 941w, https:\/\/www.lassebacklund.fi\/wp-content\/uploads\/2016\/12\/Lillkull-Gunnars-g\u00e5rd-om-vintern-300x188.jpg 300w, https:\/\/www.lassebacklund.fi\/wp-content\/uploads\/2016\/12\/Lillkull-Gunnars-g\u00e5rd-om-vintern-768x482.jpg 768w\" sizes=\"auto, (max-width: 941px) 100vw, 941px\" \/><figcaption id=\"caption-attachment-2317\" class=\"wp-caption-text\">Julkorset \u00e4r rest hemma hos Gunnar Lillkull.<\/figcaption><\/figure>\n<figure id=\"attachment_16557\" aria-describedby=\"caption-attachment-16557\" style=\"width: 556px\" class=\"wp-caption alignnone\"><img loading=\"lazy\" decoding=\"async\" class=\"size-full wp-image-16557\" src=\"http:\/\/www.lassebacklund.fi\/wp-content\/uploads\/2020\/05\/Nystr\u00f6m-Guldi-th-tillsammans-med-ok\u00e4nd-fr\u00e5n-Lappfj\u00e4rd.jpg\" alt=\"\" width=\"556\" height=\"892\" srcset=\"https:\/\/www.lassebacklund.fi\/wp-content\/uploads\/2020\/05\/Nystr\u00f6m-Guldi-th-tillsammans-med-ok\u00e4nd-fr\u00e5n-Lappfj\u00e4rd.jpg 556w, https:\/\/www.lassebacklund.fi\/wp-content\/uploads\/2020\/05\/Nystr\u00f6m-Guldi-th-tillsammans-med-ok\u00e4nd-fr\u00e5n-Lappfj\u00e4rd-187x300.jpg 187w\" sizes=\"auto, (max-width: 556px) 100vw, 556px\" \/><figcaption id=\"caption-attachment-16557\" class=\"wp-caption-text\">Guldi Nystr\u00f6m i unga \u00e5r.<\/figcaption><\/figure>\n<figure id=\"attachment_16552\" aria-describedby=\"caption-attachment-16552\" style=\"width: 617px\" class=\"wp-caption alignnone\"><img loading=\"lazy\" decoding=\"async\" class=\"size-full wp-image-16552\" src=\"http:\/\/www.lassebacklund.fi\/wp-content\/uploads\/2020\/05\/Guldi-p\u00e5-g\u00e5rden.jpg\" alt=\"\" width=\"617\" height=\"926\" srcset=\"https:\/\/www.lassebacklund.fi\/wp-content\/uploads\/2020\/05\/Guldi-p\u00e5-g\u00e5rden.jpg 617w, https:\/\/www.lassebacklund.fi\/wp-content\/uploads\/2020\/05\/Guldi-p\u00e5-g\u00e5rden-200x300.jpg 200w\" sizes=\"auto, (max-width: 617px) 100vw, 617px\" \/><figcaption id=\"caption-attachment-16552\" class=\"wp-caption-text\">Guldi Lillkull framf\u00f6r hemg\u00e5rden p\u00e5 Sunnantillv\u00e4gen.<\/figcaption><\/figure>\n<figure id=\"attachment_16551\" aria-describedby=\"caption-attachment-16551\" style=\"width: 850px\" class=\"wp-caption alignnone\"><img loading=\"lazy\" decoding=\"async\" class=\"size-full wp-image-16551\" src=\"http:\/\/www.lassebacklund.fi\/wp-content\/uploads\/2020\/05\/Frisk-Bo-och-Karin-med-dotter.jpg\" alt=\"\" width=\"850\" height=\"1225\" srcset=\"https:\/\/www.lassebacklund.fi\/wp-content\/uploads\/2020\/05\/Frisk-Bo-och-Karin-med-dotter.jpg 850w, https:\/\/www.lassebacklund.fi\/wp-content\/uploads\/2020\/05\/Frisk-Bo-och-Karin-med-dotter-208x300.jpg 208w, https:\/\/www.lassebacklund.fi\/wp-content\/uploads\/2020\/05\/Frisk-Bo-och-Karin-med-dotter-711x1024.jpg 711w, https:\/\/www.lassebacklund.fi\/wp-content\/uploads\/2020\/05\/Frisk-Bo-och-Karin-med-dotter-768x1107.jpg 768w\" sizes=\"auto, (max-width: 850px) 100vw, 850px\" \/><figcaption id=\"caption-attachment-16551\" class=\"wp-caption-text\">Karin Lillkull gifte sig \u00e5r 1955 med Bo Frisk och h\u00e4r \u00e4r de tillsammans med \u00e4ldsta dottern.<\/figcaption><\/figure>\n<figure id=\"attachment_16553\" aria-describedby=\"caption-attachment-16553\" style=\"width: 1177px\" class=\"wp-caption alignnone\"><img loading=\"lazy\" decoding=\"async\" class=\"size-full wp-image-16553\" src=\"http:\/\/www.lassebacklund.fi\/wp-content\/uploads\/2020\/05\/Gunnar-Karin-och-Guldi-p\u00e5-trappan.jpg\" alt=\"\" width=\"1177\" height=\"664\" srcset=\"https:\/\/www.lassebacklund.fi\/wp-content\/uploads\/2020\/05\/Gunnar-Karin-och-Guldi-p\u00e5-trappan.jpg 1177w, https:\/\/www.lassebacklund.fi\/wp-content\/uploads\/2020\/05\/Gunnar-Karin-och-Guldi-p\u00e5-trappan-300x169.jpg 300w, https:\/\/www.lassebacklund.fi\/wp-content\/uploads\/2020\/05\/Gunnar-Karin-och-Guldi-p\u00e5-trappan-1024x578.jpg 1024w, https:\/\/www.lassebacklund.fi\/wp-content\/uploads\/2020\/05\/Gunnar-Karin-och-Guldi-p\u00e5-trappan-768x433.jpg 768w\" sizes=\"auto, (max-width: 1177px) 100vw, 1177px\" \/><figcaption id=\"caption-attachment-16553\" class=\"wp-caption-text\">&#8221;Pelas Gunnar \u00e5 Guldi me dootren \u00e5p brotrappon&#8221;.<\/figcaption><\/figure>\n<figure id=\"attachment_16554\" aria-describedby=\"caption-attachment-16554\" style=\"width: 703px\" class=\"wp-caption alignnone\"><img loading=\"lazy\" decoding=\"async\" class=\"size-full wp-image-16554\" src=\"http:\/\/www.lassebacklund.fi\/wp-content\/uploads\/2020\/05\/Lillkull-Guldi-med-barn.jpg\" alt=\"\" width=\"703\" height=\"1163\" srcset=\"https:\/\/www.lassebacklund.fi\/wp-content\/uploads\/2020\/05\/Lillkull-Guldi-med-barn.jpg 703w, https:\/\/www.lassebacklund.fi\/wp-content\/uploads\/2020\/05\/Lillkull-Guldi-med-barn-181x300.jpg 181w, https:\/\/www.lassebacklund.fi\/wp-content\/uploads\/2020\/05\/Lillkull-Guldi-med-barn-619x1024.jpg 619w\" sizes=\"auto, (max-width: 703px) 100vw, 703px\" \/><figcaption id=\"caption-attachment-16554\" class=\"wp-caption-text\">Guldi visar upp ett av barnen.<\/figcaption><\/figure>\n<figure id=\"attachment_16555\" aria-describedby=\"caption-attachment-16555\" style=\"width: 675px\" class=\"wp-caption alignnone\"><img loading=\"lazy\" decoding=\"async\" class=\"size-full wp-image-16555\" src=\"http:\/\/www.lassebacklund.fi\/wp-content\/uploads\/2020\/05\/Lillkull-Karin-ensam-p\u00e5-trappa.jpg\" alt=\"\" width=\"675\" height=\"1152\" srcset=\"https:\/\/www.lassebacklund.fi\/wp-content\/uploads\/2020\/05\/Lillkull-Karin-ensam-p\u00e5-trappa.jpg 675w, https:\/\/www.lassebacklund.fi\/wp-content\/uploads\/2020\/05\/Lillkull-Karin-ensam-p\u00e5-trappa-176x300.jpg 176w, https:\/\/www.lassebacklund.fi\/wp-content\/uploads\/2020\/05\/Lillkull-Karin-ensam-p\u00e5-trappa-600x1024.jpg 600w\" sizes=\"auto, (max-width: 675px) 100vw, 675px\" \/><figcaption id=\"caption-attachment-16555\" class=\"wp-caption-text\">Gunnar och Guldis \u00e4ldsta dotter Karin (f. 1935) ensam p\u00e5 trappan.<\/figcaption><\/figure>\n<figure id=\"attachment_2315\" aria-describedby=\"caption-attachment-2315\" style=\"width: 904px\" class=\"wp-caption alignnone\"><img loading=\"lazy\" decoding=\"async\" class=\"size-full wp-image-2315\" src=\"http:\/\/www.lassebacklund.fi\/wp-content\/uploads\/2016\/12\/Lillkull-Guldi-Bo-Frisk-och-flicka.jpg\" alt=\"\" width=\"904\" height=\"590\" srcset=\"https:\/\/www.lassebacklund.fi\/wp-content\/uploads\/2016\/12\/Lillkull-Guldi-Bo-Frisk-och-flicka.jpg 904w, https:\/\/www.lassebacklund.fi\/wp-content\/uploads\/2016\/12\/Lillkull-Guldi-Bo-Frisk-och-flicka-300x196.jpg 300w, https:\/\/www.lassebacklund.fi\/wp-content\/uploads\/2016\/12\/Lillkull-Guldi-Bo-Frisk-och-flicka-768x501.jpg 768w\" sizes=\"auto, (max-width: 904px) 100vw, 904px\" \/><figcaption id=\"caption-attachment-2315\" class=\"wp-caption-text\">H\u00e4r st\u00e5r Guldi Lillkull tillsammans med m\u00e5gen Bo Frisk.<\/figcaption><\/figure>\n<figure id=\"attachment_2314\" aria-describedby=\"caption-attachment-2314\" style=\"width: 941px\" class=\"wp-caption alignnone\"><img loading=\"lazy\" decoding=\"async\" class=\"size-full wp-image-2314\" src=\"http:\/\/www.lassebacklund.fi\/wp-content\/uploads\/2016\/12\/Jossandt-Lennart-Sandvik-Berta-Eskil-Antfolk-Inga-Englund-och-Guldi-Nystr\u00f6m-vid-folkh\u00f6gskolan.jpg\" alt=\"\" width=\"941\" height=\"619\" srcset=\"https:\/\/www.lassebacklund.fi\/wp-content\/uploads\/2016\/12\/Jossandt-Lennart-Sandvik-Berta-Eskil-Antfolk-Inga-Englund-och-Guldi-Nystr\u00f6m-vid-folkh\u00f6gskolan.jpg 941w, https:\/\/www.lassebacklund.fi\/wp-content\/uploads\/2016\/12\/Jossandt-Lennart-Sandvik-Berta-Eskil-Antfolk-Inga-Englund-och-Guldi-Nystr\u00f6m-vid-folkh\u00f6gskolan-300x197.jpg 300w, https:\/\/www.lassebacklund.fi\/wp-content\/uploads\/2016\/12\/Jossandt-Lennart-Sandvik-Berta-Eskil-Antfolk-Inga-Englund-och-Guldi-Nystr\u00f6m-vid-folkh\u00f6gskolan-768x505.jpg 768w\" sizes=\"auto, (max-width: 941px) 100vw, 941px\" \/><figcaption id=\"caption-attachment-2314\" class=\"wp-caption-text\">Fr\u00e5n v\u00e4nster Jossandt Lennart, Sandvik Berta, Eskil Antfolk, Inga Englund och Guldi Nystr\u00f6m vid folkh\u00f6gskolan i Lappfj\u00e4rd.<\/figcaption><\/figure>\n<figure id=\"attachment_2265\" aria-describedby=\"caption-attachment-2265\" style=\"width: 1041px\" class=\"wp-caption alignnone\"><img loading=\"lazy\" decoding=\"async\" class=\"size-full wp-image-2265\" src=\"http:\/\/www.lassebacklund.fi\/wp-content\/uploads\/2016\/12\/40.jpg\" alt=\"\" width=\"1041\" height=\"752\" srcset=\"https:\/\/www.lassebacklund.fi\/wp-content\/uploads\/2016\/12\/40.jpg 1041w, https:\/\/www.lassebacklund.fi\/wp-content\/uploads\/2016\/12\/40-300x217.jpg 300w, https:\/\/www.lassebacklund.fi\/wp-content\/uploads\/2016\/12\/40-768x555.jpg 768w, https:\/\/www.lassebacklund.fi\/wp-content\/uploads\/2016\/12\/40-1024x740.jpg 1024w\" sizes=\"auto, (max-width: 1041px) 100vw, 1041px\" \/><figcaption id=\"caption-attachment-2265\" class=\"wp-caption-text\">Se hur livat det gick till d\u00e5 Bo Frisk med dragspelet och hans hustru Karin var med. Gladare foto f\u00e5r man leta efter!<\/figcaption><\/figure>\n","protected":false},"excerpt":{"rendered":"<p>Sammanst\u00e4llt av Lasse Backlund i maj 2020: Gunnar Lillkull (1915-1986) som kallades &#8221;Pelas Gunnar&#8221; var son till bonden och kommunalmannen Johan Lillkull (1884-1957) och Ida (f. Lindell i Lillsj\u00f6 1882-1962). \u00c5r 1934 gifte sig Gunnar med Guldi Nystr\u00f6m, som var <a class=\"more-link\" href=\"https:\/\/www.lassebacklund.fi\/?page_id=16544\">Forts\u00e4tt l\u00e4sa <span class=\"screen-reader-text\">  Lillkull Gunnaras p\u00e5 Sunnantillv\u00e4gen 81<\/span><span class=\"meta-nav\">&rarr;<\/span><\/a><\/p>\n","protected":false},"author":1,"featured_media":0,"parent":90,"menu_order":81,"comment_status":"closed","ping_status":"closed","template":"","meta":{"footnotes":""},"class_list":["post-16544","page","type-page","status-publish","hentry"],"_links":{"self":[{"href":"https:\/\/www.lassebacklund.fi\/index.php?rest_route=\/wp\/v2\/pages\/16544","targetHints":{"allow":["GET"]}}],"collection":[{"href":"https:\/\/www.lassebacklund.fi\/index.php?rest_route=\/wp\/v2\/pages"}],"about":[{"href":"https:\/\/www.lassebacklund.fi\/index.php?rest_route=\/wp\/v2\/types\/page"}],"author":[{"embeddable":true,"href":"https:\/\/www.lassebacklund.fi\/index.php?rest_route=\/wp\/v2\/users\/1"}],"replies":[{"embeddable":true,"href":"https:\/\/www.lassebacklund.fi\/index.php?rest_route=%2Fwp%2Fv2%2Fcomments&post=16544"}],"version-history":[{"count":12,"href":"https:\/\/www.lassebacklund.fi\/index.php?rest_route=\/wp\/v2\/pages\/16544\/revisions"}],"predecessor-version":[{"id":23378,"href":"https:\/\/www.lassebacklund.fi\/index.php?rest_route=\/wp\/v2\/pages\/16544\/revisions\/23378"}],"up":[{"embeddable":true,"href":"https:\/\/www.lassebacklund.fi\/index.php?rest_route=\/wp\/v2\/pages\/90"}],"wp:attachment":[{"href":"https:\/\/www.lassebacklund.fi\/index.php?rest_route=%2Fwp%2Fv2%2Fmedia&parent=16544"}],"curies":[{"name":"wp","href":"https:\/\/api.w.org\/{rel}","templated":true}]}}