{"id":16481,"date":"2020-05-17T18:41:20","date_gmt":"2020-05-17T15:41:20","guid":{"rendered":"http:\/\/www.lassebacklund.fi\/?page_id=16481"},"modified":"2020-05-21T14:09:30","modified_gmt":"2020-05-21T11:09:30","slug":"vegesack-landsteg-inte-i-kristinestad-utan-i-kasko","status":"publish","type":"page","link":"https:\/\/www.lassebacklund.fi\/?page_id=16481","title":{"rendered":"Vegesack landsteg inte i Kristinestad, utan i Kask\u00f6."},"content":{"rendered":"<p><span style=\"color: #000080;\">Nedtecknat av Lasse Backlund i maj 2020:<\/span><\/p>\n<p>I Syd-\u00d6sterbotten den 5 maj 1970 skrev en utflyttad Pjelaxbo om h\u00e4ndelserna i nejden under 1808-1809 \u00e5rs krig. Han hade forskat i Uppsala och l\u00e4st igenom rikssvenska krigshistoriska dokument och han har hittat ett problem. S\u00e5 h\u00e4r skrev han i f\u00f6rkortad form:<\/p>\n<p><em>\u201dSom k\u00e4nt landsteg ju general Vegesack med 2\u00a0000 man och med honom den legendariske Wilhelm von Schwerin. Det heter att en del av de av stormen skingrade roslagsskutorna kunde samlas och landstigningen skedde i sk\u00e4rg\u00e5rden v\u00e4ster om Kristinestad, n\u00e4rmare best\u00e4mt vid \u201dRask\u00f6\u201d. Krigshistorien ber\u00e4ttar, att det var en svensk mils vandring fr\u00e5n landstigningen till Kristinestad. Namnet \u201dRask\u00f6\u201d \u00e5terkommer i flera sammanhang. Landstigningsstyrkan hann ju vara med om slaget i Lappfj\u00e4rd och von Schwerins ber\u00f6mda strid i Sideby.\u201d<\/em><\/p>\n<p>Pjelaxbon hade talat om denna m\u00e4rkliga Rask\u00f6 med \u00f6verkonstapel Ax\u00e9n men de hittade ingen l\u00f6sning, s\u00e5 d\u00e4rf\u00f6r efterlyste han nu ett svar p\u00e5 denna g\u00e5ta.<\/p>\n<p>I Syd-\u00d6sterbotten den 21 maj svarade en Margaretha Ultvedt p\u00e5 pjelaxbons fr\u00e5ga ungef\u00e4r s\u00e5 h\u00e4r:<\/p>\n<p><em>\u201dJag undrar om det inte helt enkelt \u00e4r begynnelsebokstaven som \u00e4r feltolkad. Det \u00e4r ett K som avses, inte R. H\u00e4r st\u00f6der jag mig p\u00e5 uppgifter i en gammal tv\u00e5hundra\u00e5rig bok, som heter \u201dGeographie \u00f6fwer Sweriger Rike\u201d som \u00e4r tryckt i Stockholm 1773. D\u00e4r finns flera exempel p\u00e5 att bokstaven K kan skrivas p\u00e5 tv\u00e5 olika vis. En stor m\u00e4ngd andra ortsnamn s\u00e5som Korsholm och Kuortane har samma f\u00f6rsta bokstav som Kask\u00f6. S\u00e5 det \u00e4r nog till Kask\u00f6 som Vegesack kom.<\/em><\/p>\n<p><em>N\u00e4r generalmajor K. G. von Vegesack i augusti 1808 med sin flotta, \u00f6rlogsskeppet Vladislaff, fregatten Fr\u00f6ja och fyra gal\u00e4rer, efter en seglats p\u00e5 omkring tv\u00e5 veckor fr\u00e5n Grisslehamn, n\u00e4rmade sig Bottenhavets sk\u00e4rg\u00e5rd, kunde man inte landstiga i Bj\u00f6rneborg som det var t\u00e4nkt. Kursen st\u00e4lldes d\u00e5 l\u00e4ngre norrut och de sex svenska bataljonerna landsattes i st\u00e4llet i Kask\u00f6, d\u00e4rifr\u00e5n man sedan t\u00e5gade till Lappfj\u00e4rd.<\/em><\/p>\n<p><em>I min gamla trevliga geografi l\u00e4sa f\u00f6ljande om Kask\u00f6: Kask\u00f6n, en \u00f6 n\u00e4ra vid inloppet ifr\u00e5n havet, till \u00d6sterbottens sk\u00e4rg\u00e5rd, har en makal\u00f6st l\u00e4ge och h\u00e4rlig hamn, l\u00e4glig att kunna med f\u00e4stning f\u00f6rses. Dit blir nu Wasa stad flyttad och d\u00e4r f\u00e5r sin stapel, enligt R. H. St\u00e4nders anordnade p\u00e5 Rikad,\u00e5r 1765.<\/em><\/p>\n<p><em>Inte l\u00e5ngt fr\u00e5n Kask\u00f6n i N\u00e4rpes socken, har fordom varit genom det s\u00e5 Silmar- eller Sk\u00e5lmans Sundet en s\u00e5 stor segelled, att d\u00e4r till sj\u00f6farares tj\u00e4nst varit uppbyggd och invigd kyrka och kyrkog\u00e5rd, varefter synes l\u00e4mningar men nu \u00e4r samma sund igen grundat.\u201d<\/em><\/p>\n<p>Den 29 september 1970 skrev &#8221;En utflyttad Pjelaxbo&#8221; igen i tidningen, eftersom han hade tr\u00e4ffat p\u00e5 Margaretha Ultvedt p\u00e5 hennes sommarst\u00e4lle i Alesundet. Hennes s\u00f6ner hade betvivlat mammans funderingar p\u00e5 Rask\u00f6 eller Kask\u00f6 och efter moget \u00f6verv\u00e4gande kom personerna \u00f6verens om att denna fr\u00e5ga nog blir ol\u00f6st. Enligt dem \u00e4r det fortfarande oklart var den svenska flottan lade till i augusti 1808.<\/p>\n","protected":false},"excerpt":{"rendered":"<p>Nedtecknat av Lasse Backlund i maj 2020: I Syd-\u00d6sterbotten den 5 maj 1970 skrev en utflyttad Pjelaxbo om h\u00e4ndelserna i nejden under 1808-1809 \u00e5rs krig. Han hade forskat i Uppsala och l\u00e4st igenom rikssvenska krigshistoriska dokument och han har hittat <a class=\"more-link\" href=\"https:\/\/www.lassebacklund.fi\/?page_id=16481\">Forts\u00e4tt l\u00e4sa <span class=\"screen-reader-text\">  Vegesack landsteg inte i Kristinestad, utan i Kask\u00f6.<\/span><span class=\"meta-nav\">&rarr;<\/span><\/a><\/p>\n","protected":false},"author":1,"featured_media":0,"parent":6292,"menu_order":13,"comment_status":"closed","ping_status":"closed","template":"","meta":{"footnotes":""},"class_list":["post-16481","page","type-page","status-publish","hentry"],"_links":{"self":[{"href":"https:\/\/www.lassebacklund.fi\/index.php?rest_route=\/wp\/v2\/pages\/16481","targetHints":{"allow":["GET"]}}],"collection":[{"href":"https:\/\/www.lassebacklund.fi\/index.php?rest_route=\/wp\/v2\/pages"}],"about":[{"href":"https:\/\/www.lassebacklund.fi\/index.php?rest_route=\/wp\/v2\/types\/page"}],"author":[{"embeddable":true,"href":"https:\/\/www.lassebacklund.fi\/index.php?rest_route=\/wp\/v2\/users\/1"}],"replies":[{"embeddable":true,"href":"https:\/\/www.lassebacklund.fi\/index.php?rest_route=%2Fwp%2Fv2%2Fcomments&post=16481"}],"version-history":[{"count":4,"href":"https:\/\/www.lassebacklund.fi\/index.php?rest_route=\/wp\/v2\/pages\/16481\/revisions"}],"predecessor-version":[{"id":16574,"href":"https:\/\/www.lassebacklund.fi\/index.php?rest_route=\/wp\/v2\/pages\/16481\/revisions\/16574"}],"up":[{"embeddable":true,"href":"https:\/\/www.lassebacklund.fi\/index.php?rest_route=\/wp\/v2\/pages\/6292"}],"wp:attachment":[{"href":"https:\/\/www.lassebacklund.fi\/index.php?rest_route=%2Fwp%2Fv2%2Fmedia&parent=16481"}],"curies":[{"name":"wp","href":"https:\/\/api.w.org\/{rel}","templated":true}]}}