{"id":16407,"date":"2020-05-09T23:48:19","date_gmt":"2020-05-09T20:48:19","guid":{"rendered":"http:\/\/www.lassebacklund.fi\/?page_id=16407"},"modified":"2020-12-15T18:34:01","modified_gmt":"2020-12-15T16:34:01","slug":"vitsippor-och-blasippor-i-lappfjardsnejden","status":"publish","type":"page","link":"https:\/\/www.lassebacklund.fi\/?page_id=16407","title":{"rendered":"Vitsippor och bl\u00e5sippor i Lappfj\u00e4rdsnejden."},"content":{"rendered":"<p><span style=\"color: #000080;\">Gunnar Gr\u00f6ndahl skrev p\u00e5 1970-talet en l\u00e5ng artikel om sippornas f\u00f6rekomst i Lappfj\u00e4rds kommun, som Syd-\u00d6sterbotten publicerade 12.10.1972. I naturligt tillst\u00e5nd finns i Lappfj\u00e4rd endast vitsippan och bl\u00e5sippan och eftersom b\u00e5da har vissa fordringar p\u00e5 sin livsmilj\u00f6, s\u00e5 finns de endast p\u00e5 vissa st\u00e4llen. Gunnar p\u00e5pekar att denna inventering inte \u00e4r fullst\u00e4ndig, utan det \u00e4r endast hans egna iakttagelser som g\u00e4ller. Han p\u00e5pekar dock att Lappfj\u00e4rd \u00e4r den enda kommunen i Syd\u00f6sterbotten, d\u00e4r b\u00e5da sipporna v\u00e4xer fritt.<\/span><\/p>\n<p><span style=\"color: #000080;\">Gunnar tackar eleverna och l\u00e4rarna i kommunens skolor, och andra intresserade ortsbor som har gett goda tips i detta \u00e4rende. Gunnar var positivt \u00f6verraskad av den talrika f\u00f6rekomsten av bl\u00e5sippor men att han nog v\u00e4ntar p\u00e5 mera f\u00f6rekomster av vitsippor.<\/span><\/p>\n<h3><strong>Vitsippan, Anemone Nemorosa.<\/strong><\/h3>\n<p><img loading=\"lazy\" decoding=\"async\" class=\"alignnone size-full wp-image-16406\" src=\"http:\/\/www.lassebacklund.fi\/wp-content\/uploads\/2020\/05\/Vitsippor.jpg\" alt=\"\" width=\"874\" height=\"527\" srcset=\"https:\/\/www.lassebacklund.fi\/wp-content\/uploads\/2020\/05\/Vitsippor.jpg 874w, https:\/\/www.lassebacklund.fi\/wp-content\/uploads\/2020\/05\/Vitsippor-300x181.jpg 300w, https:\/\/www.lassebacklund.fi\/wp-content\/uploads\/2020\/05\/Vitsippor-768x463.jpg 768w\" sizes=\"auto, (max-width: 874px) 100vw, 874px\" \/><\/p>\n<p>Denna sippas utbredning i Lappfj\u00e4rd \u00e4r mer eller mindre f\u00f6rknippad med Lappfj\u00e4rds \u00e5. Den f\u00f6rekommer l\u00e4ngs \u00e5n inom hela omr\u00e5det, utom nedanf\u00f6r den s.k. S\u00f6r\u00e5n. L\u00e4ngre ned\u00e5t h\u00e4rifr\u00e5n \u00e4r \u00e5branten s\u00e5 l\u00e5g, att den under r\u00e4tt l\u00e5ng tid av \u00e5ret \u00f6versv\u00e4mmas av fl\u00f6dvattnet, vilken tidvisa neddr\u00e4nkning sannolikt har till f\u00f6ljd, att vitsippan inte trivs.<\/p>\n<p>I sitt \u00f6vre lopp \u00e4r \u00e5branterna s\u00e5 h\u00f6ga, att de \u00e5tminstone inte under n\u00e5gon l\u00e4ngre period ligger under vatten. Man kan konstatera, att p\u00e5 s\u00e5dana st\u00e4llen omedelbart invid \u00e5n, d\u00e4r inte odling eller intensivt kreatursbete utrotat ett sannolikt sammanh\u00e4ngande best\u00e5nd av vitsippa, upptr\u00e4der den i t\u00e4ta, livskraftiga best\u00e5nd n\u00e5gra tiotal meter brett l\u00e4ngs \u00e5branten.<\/p>\n<p>Ang\u00e5ende den omedelbara terr\u00e4ngen invid \u00e5n, kan konstateras att \u00e4lvdalen utg\u00f6r god odlingsmark, som till st\u00f6rsta delen uppodlats eller anv\u00e4nts intensivt som betesmark, varf\u00f6r vitsippan p\u00e5 s\u00e5dana st\u00e4llen har utrotats. P\u00e5 omr\u00e5den, d\u00e4r det agrara utnyttjandet av n\u00e5gon orsak uteblivit eller varit mindre, p\u00e5tr\u00e4ffas i dag de rikaste vitsippsdungarna. Dylika omr\u00e5den finns i regel d\u00e4r \u00e5branten \u00e4r s\u00e5 sluttande att till och med kreaturen haft sv\u00e5rt att komma fram.<\/p>\n<p>Nu sedan kreatursbetet \u2013 i synnerhet efter f\u00e5rbetets f\u00f6rsvinnande \u2013 \u00e4ndrat karakt\u00e4r, sker p\u00e5 m\u00e5nga st\u00e4llen en \u00e5terinflyttning av vitsippan p\u00e5 sina ursprungliga v\u00e4xtplatser, f\u00f6r vitsippans rotstockar ser ut att klarat \u00e4ven en h\u00e5rd nedslitning av odling och bete.<\/p>\n<p><strong>De rikligaste f\u00f6rekomsterna.<\/strong><\/p>\n<p>De senaste \u00e5ren har de t\u00e4taste vitsippsbest\u00e5ndena p\u00e5tr\u00e4ffats i Dagsmark p\u00e5 \u00e5branterna vid Mellan\u00e5 plantskola men vackra f\u00f6rekomster \u00e4ven \u00e4ven annorst\u00e4des, till exempel p\u00e5 Storholmen i Perus, aldungen ovanf\u00f6r Perus bron och p\u00e5 n\u00e5gra andra st\u00e4llen. De varierar i t\u00e4thet fr\u00e5n \u00e5r till \u00e5r beroende p\u00e5 hur v\u00e4xtst\u00e4llet anv\u00e4nds.<\/p>\n<p><strong>Isolerade f\u00f6rekomster.<\/strong><\/p>\n<p>Endast tv\u00e5, fr\u00e5n \u00e5n p\u00e5 ungef\u00e4r en halv kilometers avst\u00e5nd, st\u00e4llen med vitsippa k\u00e4nner jag till. Det ena av dessa \u00e4r n\u00e4ra en \u00e5kerkant i Spagmossen, vilket omr\u00e5de i tiderna \u00e4ven varit en \u00e5strand till Lappfj\u00e4rds \u00e5, den tiden d\u00e5 \u00e5n str\u00e4ckte sig \u00e4nda hit och nedanf\u00f6r fanns en fj\u00e4rd. Sippan kan t\u00e4nkas ha spritt sig hit \u00e5ns vatten f\u00f6r n\u00e5gra hundra \u00e5r sedan.<\/p>\n<p>Den andra ov\u00e4ntade f\u00f6rekomsten ligger i terr\u00e4ngen mellan Sindersj\u00f6n och H\u00e4rkmeri \u00e5n, den s\u00e5 kallade Finnmaarin i H\u00e4rkmeri. Den finns p\u00e5 ett begr\u00e4nsat omr\u00e5de, d\u00e4r \u00e5tminstone p\u00e5 1950-talet fanns ett livskraftigt best\u00e5nd blommande vitsippor. Att denna f\u00f6rekomst ska kunna ha n\u00e5got samband med best\u00e5nden l\u00e4ngs Lappfj\u00e4rds \u00e5 f\u00f6refaller osannolikt.<\/p>\n<p><strong>Varf\u00f6r vitsippor bara l\u00e4ngs \u00e4lvdalen?<\/strong><\/p>\n<p>Enligt litteraturen och vad ortsborna ber\u00e4ttar, finns vitsippor \u00e4ven l\u00e4ngs Kyr\u00f6 \u00e4lvdak, varf\u00f6r man kan t\u00e4nka sig att b\u00e5de Lappfj\u00e4rds och Kyr\u00f6s vitsippor har ett gemensamt ursprung, n\u00e4mligen Lauhavuori. B\u00e5da \u00e5arna har ju sina k\u00e4llfl\u00f6den just p\u00e5 denna vattendelare. Detta skulle vara v\u00e4rt en utredning! Jag k\u00e4nner inte till om det finns vitsippor p\u00e5 Lauhavuori, men \u00e5tminstone f\u00f6rekommer den s\u00e5 h\u00f6gt upp l\u00e4ngs \u00e5n som i Vanhakyl\u00e4.<\/p>\n<p><strong>Allm\u00e4nt om vitsippan.<\/strong><\/p>\n<p>Ang\u00e5ende vitsippan s\u00e4ger facklitteraturen, att den i Finland n\u00e5r l\u00e4ngst mot norr inne i landet, d\u00e4r den n\u00e5r \u00e4nda till Kajana, men i v\u00e4stra Finland endast till Syd\u00f6sterbotten. I \u00f6stra Finland g\u00e5r den \u00e4nda till Onega-Karelen.<\/p>\n<p>Som namnet s\u00e4ger \u00e4r blomman vit och kan i viss m\u00e5n variera i f\u00e4rg, med en r\u00f6d anstrykning. Blomningstiden \u00e4r tidigt p\u00e5 v\u00e5ren i maj-juni, s\u00e5 snart nattfrosten lindrat. Genom f\u00f6rgrening av jordstammen bildar vitsippan sm\u00e5 enhetliga grupper eller mattor. D\u00e5 vitsippans fr\u00f6n faller till marken, gror de f\u00f6rst p\u00e5f\u00f6ljande v\u00e5r och plantan blommar efter 2 &#8211; 3 \u00e5r. Genom att vitsippan \u00e4r en av v\u00e5rens tidigaste budb\u00e4rare, har den uppn\u00e5tt stor popularitet och fr\u00f6jdar naturv\u00e4nnens \u00f6ga med sin skira vithet.<\/p>\n<p>Mig veterligen har inte vitsippan i naturligt best\u00e5nd p\u00e5tr\u00e4ffats varken i Sideby, Tj\u00f6ck, Kristinestad, N\u00e4rpes eller \u00d6vermark.<\/p>\n<h3><strong>Bl\u00e5sippan, Anemone Hepatica.<\/strong><\/h3>\n<p><img loading=\"lazy\" decoding=\"async\" class=\"alignnone size-full wp-image-16405\" src=\"http:\/\/www.lassebacklund.fi\/wp-content\/uploads\/2020\/05\/Bl\u00e5sippan.jpg\" alt=\"\" width=\"902\" height=\"492\" srcset=\"https:\/\/www.lassebacklund.fi\/wp-content\/uploads\/2020\/05\/Bl\u00e5sippan.jpg 902w, https:\/\/www.lassebacklund.fi\/wp-content\/uploads\/2020\/05\/Bl\u00e5sippan-300x164.jpg 300w, https:\/\/www.lassebacklund.fi\/wp-content\/uploads\/2020\/05\/Bl\u00e5sippan-768x419.jpg 768w\" sizes=\"auto, (max-width: 902px) 100vw, 902px\" \/><\/p>\n<p>Bl\u00e5sippan upptr\u00e4der i v\u00e5r lands\u00e4nda p\u00e5 god skogsbonitet, skogsmark med l\u00e4mplig bevattningsgrad. Synnerligen v\u00e4l trivs den ifall jordm\u00e5nen \u00e4r kalkhaltig och inte f\u00f6r v\u00e5t.<\/p>\n<p><strong>Popul\u00e4r v\u00e5rblomma.<\/strong><\/p>\n<p>Som en av v\u00e5ra f\u00f6rekommande v\u00e4xter p\u00e5 v\u00e5ren \u00e4r den synnerligen popul\u00e4r och omtyckt v\u00e5rblomma. I synnerhet B\u00f6tombergsterr\u00e4ngen \u00e4r f\u00f6r m\u00e5nga omtyckt utflyktsm\u00e5l f\u00f6rsta maj, f\u00f6r att konstatera hur bl\u00e5sipporna hunnit fram och r\u00e4tt ofta har s\u00e5 skett. Dock \u00e4r slutet av maj och b\u00f6rjan av juni den tid d\u00e5 bl\u00e5sippan \u00e4r mest till sin f\u00f6rdel i v\u00e5r lands\u00e4nda.<\/p>\n<p><strong>Utbredning enligt facklitteraturen.<\/strong><\/p>\n<p>S\u00f6dra och sydv\u00e4stra Finland \u00e4r bl\u00e5sippans utbredningsomr\u00e5de med nordgr\u00e4ns i s\u00f6dra \u00d6sterbotten. \u00c4nda intill de senaste decennierna har B\u00f6tombergen ansetts som nordgr\u00e4ns men p\u00e5 1950-1960-talen har nordgr\u00e4nsen f\u00f6rst flyttat till Pjelax, sedan till \u00d6ster Yttermark och nu senast till sn\u00e4ckavlagringarna norr om Sahnemossen i P\u00f6rtom.<\/p>\n<p>Hur spridningen har skett \u00e4r oklart. Vi vet att myrorna \u00e4r duktiga spridare av bl\u00e5sippans fr\u00f6n, men dessa omr\u00e5den ligger s\u00e5 l\u00e5ngt fr\u00e5n varandra att spridningen via myror \u00e4r utesluten. F\u00e5glar kan ha spridit fr\u00f6na eller s\u00e5 med vinden.<\/p>\n<p><strong>Bl\u00e5sippan i Lappfj\u00e4rd.<\/strong><\/p>\n<p>Den uppfattningen att bl\u00e5sippans f\u00f6rekomst i Lappfj\u00e4rd skulle vara bunden till B\u00f6tombergsterr\u00e4ngen \u00e4r felaktig. Jag skulle vilja p\u00e5st\u00e5 att den f\u00f6rekommer inom st\u00f6rre delen av kommunen och att det d\u00e4rf\u00f6r \u00e4r l\u00e4ttare att ange de omr\u00e5den d\u00e4r den inte hittas.<\/p>\n<p>Dock \u00e4r terr\u00e4ngen kring B\u00f6tombergen de b\u00e4sta och st\u00f6rsta omr\u00e5dena f\u00f6r socknens bl\u00e5sippor. Vid en inplacering av bl\u00e5sippans f\u00f6rekomster p\u00e5 kartan kommer man till att huvudutbredningen \u00e4r norr \u2013 s\u00f6der i terr\u00e4ngen. Norrberget i \u00c5back by s\u00f6derut \u2013 Sandh\u00f6jden \u2013 Vargberget \u2013 Jungfrudansen \u2013 Mellanberget \u2013 Sydberget, p\u00e5 detta omr\u00e5de f\u00f6rekommande med kortare avbrott p\u00e5 ett r\u00e4tt smalt omr\u00e5de, under en kilometer.<\/p>\n<p>S\u00f6der om Sydberget f\u00e5r vi g\u00e5 \u00e4nda till norra kanten av odlingarna i \u00d6stermossen \u2013 Spagmossen, d\u00e4r man p\u00e5tr\u00e4ffar sm\u00e5 t\u00e4ta, vackra best\u00e5nd. Norr om \u00d6stermossen p\u00e5tr\u00e4ffas n\u00e5got s\u00e5 intressant, att b\u00e5de vit- och bl\u00e5sippor upptr\u00e4der som grannar. Utom dessa f\u00f6rekomster av bl\u00e5sippor finns inom detta skogskomplex tv\u00e5 sm\u00e5 v\u00e4xtomr\u00e5den n\u00e5got isolerade. Den ena finns p\u00e5 Myllyniemis och den andra p\u00e5 Rainer Gr\u00f6ndahls skogsskiften i Dagsmark.<\/p>\n<p>Dessa f\u00f6rekomster torde vara av r\u00e4tt ungt datum och verkar att hastigt f\u00f6rstora sitt livsrum. Till n\u00e4sta f\u00f6rekomst m\u00e5ste man g\u00f6ra ett hopp \u00f6ver Dagsmarks odlingssl\u00e4tt och \u00f6ver \u00e5n till dess s\u00f6dra sida, eller till terr\u00e4ngen kring Lillberget \u2013 Stor\u00e5sberget, d\u00e4r man kan p\u00e5tr\u00e4ffa vackra best\u00e5nd. Norra skogsbrynet av Dagsmark Storsj\u00f6 i Norrviken \u00e4r n\u00e4sta f\u00f6rekomst och p\u00e5 v\u00e4stra stranden av samma torrl\u00e4ggning vid Kind och L\u00e5ngstrand.<\/p>\n<p>Talrikt f\u00f6rekommer den \u00e4ven v\u00e4ster om Don\u00e4ngen, p\u00e5 en del st\u00e4llen i Starr\u00e4ngen och i Uttermossa by i B\u00e4r\u00e5sliden. Vidare p\u00e5tr\u00e4ffas mindre best\u00e5nd p\u00e5 \u00f6stra stranden av Storsandj\u00e4rv p\u00e5 Storb\u00e4cksberget, p\u00e5 s\u00f6dra stranden av samma sj\u00f6 och ytterligare vid nord\u00f6stra stranden av Lillsandj\u00e4rv.<\/p>\n<p>Ytterligare finns tv\u00e5 isolerade f\u00f6rekomster v\u00e4ster om denna huvudstr\u00e4ckning, n\u00e4mligen vid sydv\u00e4stra stranden av Blomtr\u00e4sket och \u00f6ster om Penikv\u00e4gen i sluttningen mellan denna och S\u00e5gkvarnstr\u00e4sket, n\u00e5got s\u00f6der om r\u00e5n mellan Lappfj\u00e4rd och Tj\u00f6ck.<\/p>\n<p><strong>Var bl\u00e5sippan inte konstaterats.<\/strong><\/p>\n<p>Enligt vad jag k\u00e4nner till finns det inte bl\u00e5sippor p\u00e5 omr\u00e5det \u00f6ster om Lappfj\u00e4rds \u00e5, allts\u00e5 inte p\u00e5 R\u00e4v\u00e5sen, Drag\u00e5sen, Svartmossen eller p\u00e5 Bastu\u00e5sen. Detta trots att terr\u00e4ngen \u00e4r s\u00e5dan att den borde trivas. Den har inte heller p\u00e5tr\u00e4ffats i H\u00e4rkmeri eller i skogarna runt L\u00e5lby och Lappfj\u00e4rd och inte heller norr om Lappfj\u00e4rds bys sl\u00e4tt p\u00e5 Timo\u00e5sen och i P\u00e5skmarkterr\u00e4ngen.<\/p>\n<p>Inom Lappfj\u00e4rdsomr\u00e5det f\u00f6rekommer med st\u00f6rsta sannolikhet inte n\u00e5gon annan sippart som naturligt best\u00e5nd, utom vit- och bl\u00e5sippan. Inte ens de b\u00e4sta aldungarna erbjuder tillr\u00e4ckligt goda f\u00f6ruts\u00e4ttningar f\u00f6r gulsippan och inte heller B\u00f6tombergsterr\u00e4ngen grogrund f\u00f6r mosippan.<\/p>\n","protected":false},"excerpt":{"rendered":"<p>Gunnar Gr\u00f6ndahl skrev p\u00e5 1970-talet en l\u00e5ng artikel om sippornas f\u00f6rekomst i Lappfj\u00e4rds kommun, som Syd-\u00d6sterbotten publicerade 12.10.1972. I naturligt tillst\u00e5nd finns i Lappfj\u00e4rd endast vitsippan och bl\u00e5sippan och eftersom b\u00e5da har vissa fordringar p\u00e5 sin livsmilj\u00f6, s\u00e5 finns de <a class=\"more-link\" href=\"https:\/\/www.lassebacklund.fi\/?page_id=16407\">Forts\u00e4tt l\u00e4sa <span class=\"screen-reader-text\">  Vitsippor och bl\u00e5sippor i Lappfj\u00e4rdsnejden.<\/span><span class=\"meta-nav\">&rarr;<\/span><\/a><\/p>\n","protected":false},"author":1,"featured_media":0,"parent":17992,"menu_order":1,"comment_status":"closed","ping_status":"closed","template":"","meta":{"footnotes":""},"class_list":["post-16407","page","type-page","status-publish","hentry"],"_links":{"self":[{"href":"https:\/\/www.lassebacklund.fi\/index.php?rest_route=\/wp\/v2\/pages\/16407","targetHints":{"allow":["GET"]}}],"collection":[{"href":"https:\/\/www.lassebacklund.fi\/index.php?rest_route=\/wp\/v2\/pages"}],"about":[{"href":"https:\/\/www.lassebacklund.fi\/index.php?rest_route=\/wp\/v2\/types\/page"}],"author":[{"embeddable":true,"href":"https:\/\/www.lassebacklund.fi\/index.php?rest_route=\/wp\/v2\/users\/1"}],"replies":[{"embeddable":true,"href":"https:\/\/www.lassebacklund.fi\/index.php?rest_route=%2Fwp%2Fv2%2Fcomments&post=16407"}],"version-history":[{"count":2,"href":"https:\/\/www.lassebacklund.fi\/index.php?rest_route=\/wp\/v2\/pages\/16407\/revisions"}],"predecessor-version":[{"id":16409,"href":"https:\/\/www.lassebacklund.fi\/index.php?rest_route=\/wp\/v2\/pages\/16407\/revisions\/16409"}],"up":[{"embeddable":true,"href":"https:\/\/www.lassebacklund.fi\/index.php?rest_route=\/wp\/v2\/pages\/17992"}],"wp:attachment":[{"href":"https:\/\/www.lassebacklund.fi\/index.php?rest_route=%2Fwp%2Fv2%2Fmedia&parent=16407"}],"curies":[{"name":"wp","href":"https:\/\/api.w.org\/{rel}","templated":true}]}}