{"id":16333,"date":"2020-05-05T22:01:14","date_gmt":"2020-05-05T19:01:14","guid":{"rendered":"http:\/\/www.lassebacklund.fi\/?page_id=16333"},"modified":"2020-05-05T22:01:14","modified_gmt":"2020-05-05T19:01:14","slug":"vegesacks-rapport-om-affaren-vid-lappfjard","status":"publish","type":"page","link":"https:\/\/www.lassebacklund.fi\/?page_id=16333","title":{"rendered":"Vegesacks rapport om aff\u00e4ren vid Lappfj\u00e4rd."},"content":{"rendered":"<p><span style=\"color: #000080; line-height: 115%; font-family: 'Helvetica','sans-serif'; font-size: 12pt;\">Generalmajor von Vegesack skrev den 4 september 1808 en rapport om striderna i Lappfj\u00e4rd. Rapporten publicerades bland annat i Upsala Tidning 12.9.1808 och den lyder ungef\u00e4r s\u00e5 h\u00e4r:<\/span><\/p>\n<p><span style=\"font-size: 12.0pt; line-height: 115%; font-family: 'Helvetica','sans-serif';\">Den 29 augusti om morgonen ankom en rapport om att fienden h\u00e4ftigt anf\u00f6ll v\u00e5ra f\u00f6rposter, varefter fienden attackerade sj\u00e4lva posteringen vid Lappfj\u00e4rd. Fiendens anfall skedde efter en tids stark kanonad med 2 Colonner, vardera emellan 7 till 800 man placerad av en stark J\u00e4garekedja, som i den m\u00e5n den f\u00f6rst\u00e4rktes, utbredde sig allt mer och mer, i synnerhet \u00e5t v\u00e5r v\u00e4nstra flank. Denna f\u00f6rs\u00f6kte fienden kringg\u00e5, under det att han med en tredje sluten tropp, som defilerade \u00e5t v\u00e4nster, gav jalousi p\u00e5 h\u00f6gra flygeln. Fienden beh\u00f6ll en sluten kolonn i reserv men dess styrka \u00e4r ok\u00e4nd.<\/span><\/p>\n<p><span style=\"font-size: 12.0pt; line-height: 115%; font-family: 'Helvetica','sans-serif';\">General Tschepeleff kommenderande en Chef. \u00d6verste Anselm dirigerade anfallet, det synliga artilleriet bestod av 4 kanoner och 1 haubits. Fiendens j\u00e4gare b\u00f6rjade genast en h\u00e4ftig eld, dock utan s\u00e4rdeles verkan emot de posterade finska trupperna. Upplands och Helsinge J\u00e4garkompanier utbreddes p\u00e5 samma bredd med fienden \u00e5t v\u00e5r v\u00e4nstra flank, d\u00e5 i f\u00f6rening med trupperna fr\u00e5n Bj\u00f6rneborgs Regemente och kapten Gyllenb\u00f6gels detachement hela v\u00e5r j\u00e4garkedja, med en v\u00e4l underh\u00e5llen eld raskt intr\u00e4ngde p\u00e5 fienden. En bataljon av Upplands Regemente kringgick fiendens h\u00f6gra flank och en likadan r\u00f6relse verkst\u00e4lldes av en bataljon Helsingar mot fiendens v\u00e4nstra flygel. Hastigheten av denna r\u00f6relse tvingade fienden att retirera hastigt nog, under det vi alltj\u00e4mt l\u00e5g honom i hamn och h\u00e5l. Fienden bj\u00f6d v\u00e4l till en och annan g\u00e5ng att s\u00e4tta sig, men d\u00e4rtill l\u00e4mnades honom inte tillf\u00e4lle. <\/span><\/p>\n<p><span style=\"font-size: 12.0pt; line-height: 115%; font-family: 'Helvetica','sans-serif';\">Vid \u00d6str\u00f6ms sm\u00e5 h\u00f6jder hade han likv\u00e4l fattat post men det varade bara n\u00e5gra minuter. Fienden gav vika f\u00f6r n\u00e5gra kanonskott men d\u00e5 m\u00f6rkret inf\u00f6ll, gjordes det halt och truppen bivackerade \u00f6ver natten.<\/span><\/p>\n<p><span style=\"font-size: 12.0pt; line-height: 115%; font-family: 'Helvetica','sans-serif';\">Om morgonen fortsattes marschen utan att st\u00f6ta p\u00e5 n\u00e5gon fiende f\u00f6rr\u00e4n vid \u00d6mossa, d\u00e4r han var sysselsatt med att br\u00e4nna byn och riva upp bron. Detta hindrades dock av ett bryskt anfall av major Thede med en sluten trupp av Nylands Dragoner och n\u00e5gra Helsingej\u00e4gare. <\/span><\/p>\n<p><span style=\"font-size: 12.0pt; line-height: 115%; font-family: 'Helvetica','sans-serif';\">Med adjutant Ulfsparre fick jag nu order av F\u00e4ltmarshalken Klingspor. P\u00e5 grund av fiendens r\u00f6relse mot arm\u00e9ns v\u00e4nstra flygel gav det anledning att med Avantgarde fatta posto och bes\u00e4tta Lappfj\u00e4rd med huvudstyrkan, d\u00e5 Bj\u00f6rneborgs Regemente avgick till f\u00f6rst\u00e4rkning av armens v\u00e4nstra flygel.<\/span><\/p>\n<p><span style=\"font-size: 12.0pt; line-height: 115%; font-family: 'Helvetica','sans-serif';\">V\u00e5ra f\u00f6rluster vid denna tr\u00e4ffning \u00e4r: 2 d\u00f6da officerare och 15 man, s\u00e5rade 1 officer och 43 man. Av fienden har vi tagit till f\u00e5nga 2 officerare, 4 underofficerare och 71 man. Av dessa f\u00e5ngar var 1 officer och 36 man s\u00e5rade. N\u00e5gra och 60 i skogarna upphittade d\u00f6da av fiendens folk \u00e4r redan av oss begravna.<\/span><\/p>\n<p><span style=\"font-size: 12.0pt; line-height: 115%; font-family: 'Helvetica','sans-serif';\">Major Uggla vid Svea Artilleri-Regemente har med utm\u00e4rkt k\u00e4nnedom dirigerat artillerielden. Adjutanten Knorring och f\u00e4nriken Carpelan, b\u00e4gge fr\u00e5n Bj\u00f6rneborgs Regemente har vid detta tillf\u00e4lle p\u00e5 ett verksamt s\u00e4tt bitr\u00e4tt mig genom den k\u00e4nnedom som de \u00e4ger om landet. Samtliga officerare och manskap, s\u00e5 befallande som lydande har f\u00f6rh\u00e5llit sig p\u00e5 det s\u00e4tt de av Eder Kongl. Majest\u00e4t alltid varit k\u00e4nt.<\/span><\/p>\n<p><span style=\"font-size: 12.0pt; line-height: 115%; font-family: 'Helvetica','sans-serif';\">Lappfj\u00e4rd den 4 september 1808. Vegesack, General-Major och F\u00f6rdelnings-Chef.<\/span><\/p>\n","protected":false},"excerpt":{"rendered":"<p>Generalmajor von Vegesack skrev den 4 september 1808 en rapport om striderna i Lappfj\u00e4rd. Rapporten publicerades bland annat i Upsala Tidning 12.9.1808 och den lyder ungef\u00e4r s\u00e5 h\u00e4r: Den 29 augusti om morgonen ankom en rapport om att fienden h\u00e4ftigt <a class=\"more-link\" href=\"https:\/\/www.lassebacklund.fi\/?page_id=16333\">Forts\u00e4tt l\u00e4sa <span class=\"screen-reader-text\">  Vegesacks rapport om aff\u00e4ren vid Lappfj\u00e4rd.<\/span><span class=\"meta-nav\">&rarr;<\/span><\/a><\/p>\n","protected":false},"author":1,"featured_media":0,"parent":6292,"menu_order":10,"comment_status":"closed","ping_status":"closed","template":"","meta":{"footnotes":""},"class_list":["post-16333","page","type-page","status-publish","hentry"],"_links":{"self":[{"href":"https:\/\/www.lassebacklund.fi\/index.php?rest_route=\/wp\/v2\/pages\/16333","targetHints":{"allow":["GET"]}}],"collection":[{"href":"https:\/\/www.lassebacklund.fi\/index.php?rest_route=\/wp\/v2\/pages"}],"about":[{"href":"https:\/\/www.lassebacklund.fi\/index.php?rest_route=\/wp\/v2\/types\/page"}],"author":[{"embeddable":true,"href":"https:\/\/www.lassebacklund.fi\/index.php?rest_route=\/wp\/v2\/users\/1"}],"replies":[{"embeddable":true,"href":"https:\/\/www.lassebacklund.fi\/index.php?rest_route=%2Fwp%2Fv2%2Fcomments&post=16333"}],"version-history":[{"count":1,"href":"https:\/\/www.lassebacklund.fi\/index.php?rest_route=\/wp\/v2\/pages\/16333\/revisions"}],"predecessor-version":[{"id":16334,"href":"https:\/\/www.lassebacklund.fi\/index.php?rest_route=\/wp\/v2\/pages\/16333\/revisions\/16334"}],"up":[{"embeddable":true,"href":"https:\/\/www.lassebacklund.fi\/index.php?rest_route=\/wp\/v2\/pages\/6292"}],"wp:attachment":[{"href":"https:\/\/www.lassebacklund.fi\/index.php?rest_route=%2Fwp%2Fv2%2Fmedia&parent=16333"}],"curies":[{"name":"wp","href":"https:\/\/api.w.org\/{rel}","templated":true}]}}