{"id":16292,"date":"2020-05-02T23:08:01","date_gmt":"2020-05-02T20:08:01","guid":{"rendered":"http:\/\/www.lassebacklund.fi\/?page_id=16292"},"modified":"2020-05-02T23:08:01","modified_gmt":"2020-05-02T20:08:01","slug":"soldat-matts-hwasse-fran-lappfjard","status":"publish","type":"page","link":"https:\/\/www.lassebacklund.fi\/?page_id=16292","title":{"rendered":"Soldat Matts Hwasse fr\u00e5n Lappfj\u00e4rd."},"content":{"rendered":"<p><span style=\"color: #000080;\">Artikel i Folkw\u00e4nnen 16.4.1862:<\/span><\/p>\n<p>Detta \u00e4r namnet p\u00e5 en finsk veteran fr\u00e5n 1808 \u00e5rs krig, som sedan kriget hade upph\u00f6rt, kvarstannade i Sverige och bosatte sig i samma trakt, d\u00e4r han sista g\u00e5ngen deltagit i en drabbning. Han \u00e4r nu 85 \u00e5r gammal och livn\u00e4rer sig med sitt arbete. F\u00f6r att dock underl\u00e4tta den gamle krigarens utkomst har man i Sverige p\u00e5b\u00f6rjat en insamling f\u00f6r honom, och n\u00e5gra hundra riksdaler har p\u00e5 s\u00e5dant s\u00e4tt blivit sammanskjutna. Tidningen Swenska Arbetaren ber\u00e4ttar om hans liv f\u00f6ljande: Matts Hwasse \u00e4r f\u00f6dd \u2014 pr\u00e4stson som n\u00e5gra s\u00e4ger \u2014 i Lappfj\u00e4rd den 16 januari 1777 och utgick vid femton \u00e5rs \u00e5lder till sj\u00f6ss samt blev 1802 soldat under n:o 116 vid \u00d6sterbottens regemente och Nerpes kompani. Vid b\u00f6rjan av kriget 1808 marscherade han till Tammerfors och deltog sedan i striderna vid Siikajoki, Nykarleby och Lappo. Vid Paljakka mosse, d\u00e4r \u00d6sterbottningarna stred med urgammalt mannamod, och d\u00e4r den bekanta bataljonspredikanten Kajanus gick omkring under hetaste striden och tr\u00f6stade de d\u00f6ende och f\u00f6rband de s\u00e5rade, \u2014 d\u00e4r var ocks\u00e5 gubben Hwasse med. Men vid Pjelax blev Matts Hwasse blesserad \u2014 han h\u00f6rde till en mindre avdelning som var ditkommenderad under l\u00f6jtnant Melins bef\u00e4l \u2014 varefter han f\u00f6rdes till Wasa och d\u00e4rifr\u00e5n j\u00e4mte andra s\u00e5rade och sjuka till Ume\u00e5.<\/p>\n<p>Sedan vet vi hur striden gick och hur v\u00e5ra tappra blev n\u00f6dgade att vika bort ur Finland, och hur kriget f\u00f6ljde efter dem och gick sin rund omkring Bottniska viken. D\u00e5 var Hwasse i det n\u00e4rmaste tillfrisknad, och vid H\u00f6rnefors utanf\u00f6r Ume\u00e5 var han \u00e5ter med. Hans blessyr gjorde honom dock oduglig f\u00f6r kriget, och n\u00e4r den finska h\u00e4ren \u00e5tert\u00e5gade, stannade han kvar i Sverige. Han byggde sig en stuga d\u00e4r uppe i skogen i Nordmalings socken och har sedan levat d\u00e4r och uppeh\u00e5llit sig som skr\u00e4ddare och skomakare. Numera, efter fyllda 85 \u00e5r, b\u00f6rjar han ej r\u00e4tt kunna se och har d\u00e4rf\u00f6r l\u00e4mnat b\u00e5de skr\u00e4ddare- och skomakaryrket. Han syssels\u00e4tter sig nu med att binda n\u00e4t, f\u00f6rn\u00f6jd med sin lott och sina rika minnen fr\u00e5n den tid, \u201dd\u00e5 han var med\u201d.<\/p>\n","protected":false},"excerpt":{"rendered":"<p>Artikel i Folkw\u00e4nnen 16.4.1862: Detta \u00e4r namnet p\u00e5 en finsk veteran fr\u00e5n 1808 \u00e5rs krig, som sedan kriget hade upph\u00f6rt, kvarstannade i Sverige och bosatte sig i samma trakt, d\u00e4r han sista g\u00e5ngen deltagit i en drabbning. Han \u00e4r nu <a class=\"more-link\" href=\"https:\/\/www.lassebacklund.fi\/?page_id=16292\">Forts\u00e4tt l\u00e4sa <span class=\"screen-reader-text\">  Soldat Matts Hwasse fr\u00e5n Lappfj\u00e4rd.<\/span><span class=\"meta-nav\">&rarr;<\/span><\/a><\/p>\n","protected":false},"author":1,"featured_media":0,"parent":6292,"menu_order":7,"comment_status":"closed","ping_status":"closed","template":"","meta":{"footnotes":""},"class_list":["post-16292","page","type-page","status-publish","hentry"],"_links":{"self":[{"href":"https:\/\/www.lassebacklund.fi\/index.php?rest_route=\/wp\/v2\/pages\/16292","targetHints":{"allow":["GET"]}}],"collection":[{"href":"https:\/\/www.lassebacklund.fi\/index.php?rest_route=\/wp\/v2\/pages"}],"about":[{"href":"https:\/\/www.lassebacklund.fi\/index.php?rest_route=\/wp\/v2\/types\/page"}],"author":[{"embeddable":true,"href":"https:\/\/www.lassebacklund.fi\/index.php?rest_route=\/wp\/v2\/users\/1"}],"replies":[{"embeddable":true,"href":"https:\/\/www.lassebacklund.fi\/index.php?rest_route=%2Fwp%2Fv2%2Fcomments&post=16292"}],"version-history":[{"count":1,"href":"https:\/\/www.lassebacklund.fi\/index.php?rest_route=\/wp\/v2\/pages\/16292\/revisions"}],"predecessor-version":[{"id":16293,"href":"https:\/\/www.lassebacklund.fi\/index.php?rest_route=\/wp\/v2\/pages\/16292\/revisions\/16293"}],"up":[{"embeddable":true,"href":"https:\/\/www.lassebacklund.fi\/index.php?rest_route=\/wp\/v2\/pages\/6292"}],"wp:attachment":[{"href":"https:\/\/www.lassebacklund.fi\/index.php?rest_route=%2Fwp%2Fv2%2Fmedia&parent=16292"}],"curies":[{"name":"wp","href":"https:\/\/api.w.org\/{rel}","templated":true}]}}