{"id":16015,"date":"2020-04-13T19:12:23","date_gmt":"2020-04-13T16:12:23","guid":{"rendered":"http:\/\/www.lassebacklund.fi\/?page_id=16015"},"modified":"2020-04-14T23:00:34","modified_gmt":"2020-04-14T20:00:34","slug":"dragas-hemmanets-historia","status":"publish","type":"page","link":"https:\/\/www.lassebacklund.fi\/?page_id=16015","title":{"rendered":"Drag\u00e5s-hemmanets historia."},"content":{"rendered":"<p><span style=\"color: #000080;\">Sammanst\u00e4llt av Lasse Backlund i april 2020. Inga-Lill Sandstr\u00f6m har bidragit med viktiga uppgifter.<\/span><\/p>\n<p>Detta Drag\u00e5s hemman p\u00e5 L\u00e5ng i Dagsmark, som trots namnet var bel\u00e4get under Berg\u00e5sen fick sin b\u00f6rjan \u00e5r 1898 d\u00e5 <strong>Karl Eriksson Mattfolk och hans hustru Maria Andersdotter<\/strong> fr\u00e5n Uttermossa k\u00f6pte h\u00e4lften av det s\u00e5 kallade B\u00f6nhushemmanet n\u00e4ra Lillbron. Marias mor Maja Lena var f\u00f6dd p\u00e5 Sunnantill och hon var syster till \u201dPelas Josip\u201d Lillkull, s\u00e5 hon var s\u00e4kert bekant med hemmanet och orten fr\u00e5n tidigare. (Om du vill l\u00e4sa historiken om det s\u00e5 kallade &#8221;B\u00f6nhushemmanet&#8221;, s\u00e5 skall du klicka <a href=\"http:\/\/www.lassebacklund.fi\/?page_id=1987\"><span style=\"text-decoration: underline;\"><span style=\"color: #000080;\"><strong>H\u00c4R!)<\/strong><\/span><\/span><\/a><\/p>\n<p>Hemmanet som uttermossaborna k\u00f6pte i april 1898 var p\u00e5 1\/18 mtl, och d\u00e4r fanns ocks\u00e5 flera byggnader, som ingick i k\u00f6pet. F\u00f6r hemmanet betalade de 6\u00a0500 mark + den sytning som h\u00f6rde till denna hemmansdel.<\/p>\n<p>I mars 1901 avled den unga bonden Karl Eriksson och \u00e4nkan Maria blev ensam med de fyra barnen. Maria \u00e4rvde halva hemmanet och de minder\u00e5riga barnen den andra halvan. Barnens arvedel s\u00e5ldes nu p\u00e5 auktion och det h\u00f6gsta budet gavs av Marias morbror<a href=\"http:\/\/www.lassebacklund.fi\/?page_id=2266\"> \u201dPelas Josip\u201d Lillkull.<\/a> Mamman Maria s\u00e5lde sin arvedel p\u00e5 1\/36 mtl \u00e5r 1906, och efter flera \u00e4garbyten k\u00f6pte Evangelif\u00f6reningen sj\u00e4lva bondg\u00e5rden till <a href=\"http:\/\/www.lassebacklund.fi\/?page_id=1928\">b\u00f6nehus<\/a> och handlanden <a href=\"http:\/\/www.lassebacklund.fi\/?page_id=298\">J. H. Storkull<\/a> k\u00f6pte sj\u00e4lva hemmanet.<\/p>\n<p>Barnens arvedel, allts\u00e5 den del som <strong>Josef Lillkull<\/strong> k\u00f6pte 1901 s\u00e5lde han vidare redan i mars 1902. Han s\u00e5lde d\u00e5 hemmansdelen p\u00e5 1\/36 mtl \u00e5t torparen <strong>Johan Henrik Johansson Lillsj\u00f6, senare L\u00e5ng och hans hustru Karolina Esaiasdotter Korsb\u00e4ck.<\/strong> Karolina var yngsta barn till Esaias Varsaviita (1799-1871) som blev m\u00e5g p\u00e5 Korsb\u00e4ck hemman, d\u00e5 han \u00e5r 1828 gifte sig med Maja Greta Korsb\u00e4ck. Namnet &#8221;Haga&#8221; kommer fr\u00e5n denne torpare Johan Henrik Lillsj\u00f6, som bland annat hade en syster som under storskiftet omn\u00e4mns som Maja Lena Haga eller Klemets. Den efterkommande sl\u00e4kten kallas fortfarande &#8221;Haga&#8221;.<\/p>\n<p>Torparna k\u00f6pte hemmansdelen f\u00f6r 1\u00a0800 mark, plus sytning \u00e5t den ursprungliga \u00e4gare som var \u201dStorf\u00e5ssin\u201d, allts\u00e5 Josef Johansson L\u00e5ng och hans hustru Edla. N\u00e5gra byggnader ingick inte i k\u00f6pet men nog en stugtimra som de fick tilltr\u00e4da.<\/p>\n<p>Storskiftet i Dagsmark p\u00e5gick som b\u00e4st och Johan och Karolina L\u00e5ng fick sitt nya hemman placerat under Berg\u00e5sen, l\u00e4ngs med Gamla v\u00e4gens p\u00e5 den \u00f6stra sida. Hemmanet fick namnet Drag\u00e5s 4:14 och det var p\u00e5 20 ha, varav 7 ha var skog p\u00e5 Berg\u00e5sen. En del av markerna fanns i Villurin.<\/p>\n<figure id=\"attachment_4124\" aria-describedby=\"caption-attachment-4124\" style=\"width: 1316px\" class=\"wp-caption alignnone\"><img loading=\"lazy\" decoding=\"async\" class=\"wp-image-4124 size-full\" src=\"http:\/\/www.lassebacklund.fi\/wp-content\/uploads\/2017\/05\/l-14-Drag\u00e5s.jpg\" alt=\"\" width=\"1316\" height=\"894\" srcset=\"https:\/\/www.lassebacklund.fi\/wp-content\/uploads\/2017\/05\/l-14-Drag\u00e5s.jpg 1316w, https:\/\/www.lassebacklund.fi\/wp-content\/uploads\/2017\/05\/l-14-Drag\u00e5s-300x204.jpg 300w, https:\/\/www.lassebacklund.fi\/wp-content\/uploads\/2017\/05\/l-14-Drag\u00e5s-768x522.jpg 768w, https:\/\/www.lassebacklund.fi\/wp-content\/uploads\/2017\/05\/l-14-Drag\u00e5s-1024x696.jpg 1024w\" sizes=\"auto, (max-width: 1316px) 100vw, 1316px\" \/><figcaption id=\"caption-attachment-4124\" class=\"wp-caption-text\">8,5 hektar av Drag\u00e5s hemmanet fanns i en ruta under Berg\u00e5sen, p\u00e5 \u00f6stra sidan av Gamla v\u00e4gen. D\u00e4rtill fanns det 4,5 ha mark i Villurin och 7 ha skog p\u00e5 Berg\u00e5sen. Nummer 4:5 tillh\u00f6rde Josef Backlund och kallas \u00e4nnu &#8221;Anna skifte&#8221;, nummer 5:10 \u00e4r Josef Lillkulls hemman Sten och nummer 5:7 \u00e4r Viktor Lillkulls hemman L\u00f6fgren. Hemmanet nummer 5:9 som syns b\u00e5de uppe och nere p\u00e5 kartan tillh\u00f6rde Viktor Nylund.<\/figcaption><\/figure>\n<p>\u00c5r 1905, under storskiftstiden dog Johan Henrik och det blev nu \u00e4nkan Karolina L\u00e5ng som ensam \u00f6vertog hemmanet. Enligt de gamla mantalsb\u00f6ckerna s\u00e5 skulle det ha funnits ett torp p\u00e5 hemmanet och det \u00e4gdes f\u00f6rst av Paul Kivioja och fr\u00e5n 1903 till 1905 av Henrik Korpela fr\u00e5n Stor\u00e5. Vem som bodde p\u00e5 torpet \u00e4r oklart. Det \u00e4r ocks\u00e5 oklart var Karolina bodde men m\u00f6jligtvis var det just i detta torp.<\/p>\n<p>Johan Henrik och Karolina hade 8 barn, varav ett dog i unga \u00e5r. Bland barnen kan n\u00e4mnas <a href=\"http:\/\/www.lassebacklund.fi\/?page_id=2196\">\u201dHaga-Hindrik\u201d Lindberg<\/a> och Amanda, som kallades \u201dIsakas Manda\u201d. Det \u00e4ldsta barnet, dottern Edla Karolina som var f\u00f6dd 1876 gifte sig \u00e5r 1904 med slaktaren Emil Gideon Hjort eller Lund (1884-1937). Denne Emil, som kallades \u201dJoot Emel\u201d, senare \u201dHaga Emel\u201d var son till Johan Viktor Hjort eller Lund (f.1841) och Maria (f\u00f6dd 1840 i Kask\u00f6) och Emil v\u00e4xte upp i Lappfj\u00e4rd. I b\u00f6rjan av 1900-talet vistades Emil n\u00e5gra \u00e5r i Amerika men han \u00e5terv\u00e4nde till Lappfj\u00e4rd.<\/p>\n<p>Edla Karolina och Emil flyttade \u00e5r 1905 upp till torpet p\u00e5 hemmanet Drag\u00e5s, allts\u00e5 samma \u00e5r som bonden Johan Henrik Lillsj\u00f6, senare L\u00e5ng dog. I juni \u00e5r 1906 s\u00e5lde nyblivna \u00e4nkan Karolina L\u00e5ng hemmanet 4:14 p\u00e5 1\/36 mantal \u00e5t torparen <a href=\"http:\/\/www.lassebacklund.fi\/?page_id=2590\">Heikki Henberg-M\u00e4enp\u00e4\u00e4<\/a>. <strong>Heikki Henberg<\/strong> var f\u00f6dd i Honkajoki men via Sideby flyttade han till B\u00f6tom d\u00e5 han tr\u00e4ffade Ulrika d\u00e4r. Efter k\u00f6pet flyttade Heikki, Ulrika och Ulrikas son Karl till Drag\u00e5s hemmanet. Heikki Henberg hade flera barn fr\u00e5n ett tidigare \u00e4ktenskap, s\u00e5 kanske ocks\u00e5 n\u00e5got av dessa f\u00f6ljde med till Drag\u00e5s hemmanet. F\u00f6rra \u00e4garen Karolina L\u00e5ng flyttade fr\u00e5n Drag\u00e5s hemmanet \u00e5r 1914 och efter det \u00e4r hon skriven som backstugusittare p\u00e5 Karl och Vendla Lindells Lillkull hemman i Klemets\u00e4ndan. Dottern Edla Karolina och hennes man, m\u00e5gen Emil Lund d\u00e4remot flyttade till L\u00e5ngqvist g\u00e5rd p\u00e5 Lillk\u00e5rk \u00e5r 1914 tillsammans med de sex barnen. M\u00f6jligtvis bodde de d\u00e4r i lillstugan som fortfarande finns kvar n\u00e4ra Lisa-Morav\u00e4gen eller s\u00e5 bodde de i den rymliga bondg\u00e5rden som inhysingar.<\/p>\n<p><strong>Emil Gideon Lund och Edla Karolina<\/strong> fick allts\u00e5 sex barn under tiden de bodde p\u00e5 Drag\u00e5s hemmanet:<\/p>\n<h6>-Viktor <a href=\"http:\/\/www.lassebacklund.fi\/?page_id=6505\">&#8221;Haga-Anselm&#8221; <u>Anselm<\/u><\/a> (f\u00f6dd 1903, d\u00f6d i Sverige 1967)<\/h6>\n<h6>-Amanda Julina (f\u00f6dd 1905, gift med Georg Adrian Konn, d\u00f6d i Kristinestad 1995)<\/h6>\n<h6>-Ida Olivia (f\u00f6dd 1907, gift 1936 med Ragnar Nyberg i Fiskars och dog d\u00e4r)<\/h6>\n<h6>-Artur Emil (1909-1928)<\/h6>\n<h6>-Johannes (f\u00f6dd 1911, gift med Ida Utfolk fr\u00e5n Tj\u00f6ck och dog d\u00e4r 1981)<\/h6>\n<h6>&#8211;<a href=\"http:\/\/www.lassebacklund.fi\/?page_id=11334\">&#8221;Haga&#8221; Leander Lund<\/a> (f\u00f6dd 1912, gift \u00e5r 1933 med Jenny \u00d6str\u00f6m fr\u00e5n \u00d6mossa)<\/h6>\n<p>&nbsp;<\/p>\n<p>Heikki och Ulrika Henberg som hade k\u00f6pt Drag\u00e5s hemmanet i juni 1906, flyttade en stugtimra dit samma \u00e5r. I november 1907 s\u00e5lde Heikki och Ulrika Drag\u00e5s hemmanet med en bostadsbyggnad vidare \u00e5t <strong>Sven Kangasniemi,<\/strong> som hade bott i Honkajoki och i Stor\u00e5. M\u00f6jligtvis k\u00e4nde Heikki Henberg och Sven Kangasniemi varandra fr\u00e5n tidigare, eftersom de var fr\u00e5n samma ort.<\/p>\n<p>I november 1912 s\u00e5lde Sven Kangasniemi hemmanet Drag\u00e5s i 2 lika stora delar, ungef\u00e4r 4 ha \u00e5kermark var. Den nedre delen p\u00e5 1\/72 mtl s\u00e5lde han \u00e5t bonden <a href=\"http:\/\/www.lassebacklund.fi\/?page_id=2422\">Josef Backlund.<\/a> Det fick namnet Berg\u00e5s 4:50 och d\u00e4r ingick ocks\u00e5 3,5 hektar skog p\u00e5 Berg\u00e5sen n\u00e4ra Ivaras v\u00e4g. Josef Backlund \u00e4gde fr\u00e5n tidigare det s\u00e5 kallade \u201dAnna skiftet\u201d p\u00e5 andra sidan r\u00e5n mot nordv\u00e4st. Den \u00f6vre delen p\u00e5 1\/72 mtl d\u00e4r byggnaderna stod s\u00e5lde han \u00e5t \u201dM\u00e4kel\u00e4-J\u00e5ss\u201d eller Johannes M\u00e4kel\u00e4 fr\u00e5n Stor\u00e5. Den delen blev kvar med namnet Drag\u00e5s och d\u00e4r ingick ocks\u00e5 3,5 hektar skog p\u00e5 Berg\u00e5sen.<\/p>\n<p>I september 1921 s\u00e5lde Johannes M\u00e4kel\u00e4 sin hemmansdel p\u00e5 lite mer \u00e4n 4 hektar mark och 3,5 hektar skog \u00e5t l\u00e4raren <strong>Johannes Sj\u00f6blad.<\/strong> Denne var <a href=\"http:\/\/www.lassebacklund.fi\/?page_id=750\">folkskoll\u00e4rare i Dagsmark<\/a> mellan \u00e5ren 1921-1930 tills han blev rektor f\u00f6r den nybildade <a href=\"http:\/\/www.lassebacklund.fi\/?page_id=8088\">Evangeliska folkh\u00f6gskolan i Dagsmark<\/a>. L\u00e4raren Sj\u00f6blad bodde s\u00e4kert i det nybyggda skolhuset, s\u00e5 d\u00e4rf\u00f6r \u00e4r det oklart hur det kom sig att han k\u00f6pte denna hemmansdel och vad den skulle anv\u00e4ndas till.<\/p>\n<figure id=\"attachment_16018\" aria-describedby=\"caption-attachment-16018\" style=\"width: 1210px\" class=\"wp-caption alignnone\"><img loading=\"lazy\" decoding=\"async\" class=\"size-full wp-image-16018\" src=\"http:\/\/www.lassebacklund.fi\/wp-content\/uploads\/2020\/04\/Karta-ny.jpg\" alt=\"\" width=\"1210\" height=\"728\" srcset=\"https:\/\/www.lassebacklund.fi\/wp-content\/uploads\/2020\/04\/Karta-ny.jpg 1210w, https:\/\/www.lassebacklund.fi\/wp-content\/uploads\/2020\/04\/Karta-ny-300x180.jpg 300w, https:\/\/www.lassebacklund.fi\/wp-content\/uploads\/2020\/04\/Karta-ny-1024x616.jpg 1024w, https:\/\/www.lassebacklund.fi\/wp-content\/uploads\/2020\/04\/Karta-ny-768x462.jpg 768w\" sizes=\"auto, (max-width: 1210px) 100vw, 1210px\" \/><figcaption id=\"caption-attachment-16018\" class=\"wp-caption-text\">I dag \u00e4r Drag\u00e5s hemmanet delat i 3 l\u00e4genheter, som alla \u00e4gs av familjen Backlund. V\u00e4ster om hemmanet g\u00e5r den gamla v\u00e4gen till Korsb\u00e4ck och till h\u00f6ger p\u00e5 kartan syns den nya v\u00e4gen till Korsb\u00e4ck.<\/figcaption><\/figure>\n<p>I maj 1927 s\u00e5lde l\u00e4raren Johannes Sj\u00f6blad 3 ha mark och 3,5 hektar skog \u00e5t bonden Emil Backlund och det fick nummer Drag\u00e5s 4:62 och den mindre delen p\u00e5 drygt ett hektar mark fick nummer 4:61, som fick namnet \u201dSj\u00f6bladas\u201d \u00e5t Viktor S\u00f6derqvist.<\/p>\n<p>Familjen S\u00f6derqvist beh\u00f6ll Sj\u00f6bladas \u00e4nda tills H\u00e5kan S\u00f6derqvists d\u00f6dsbo s\u00e5lde omr\u00e5det \u00e5t Kurt Backlund.<\/p>\n<p>I dag \u00e4r det s\u00e5ledes familjen Backlund som \u00e4r \u00e4gare till hela det gamla Drag\u00e5shemmanet.<\/p>\n","protected":false},"excerpt":{"rendered":"<p>Sammanst\u00e4llt av Lasse Backlund i april 2020. Inga-Lill Sandstr\u00f6m har bidragit med viktiga uppgifter. Detta Drag\u00e5s hemman p\u00e5 L\u00e5ng i Dagsmark, som trots namnet var bel\u00e4get under Berg\u00e5sen fick sin b\u00f6rjan \u00e5r 1898 d\u00e5 Karl Eriksson Mattfolk och hans hustru <a class=\"more-link\" href=\"https:\/\/www.lassebacklund.fi\/?page_id=16015\">Forts\u00e4tt l\u00e4sa <span class=\"screen-reader-text\">  Drag\u00e5s-hemmanets historia.<\/span><span class=\"meta-nav\">&rarr;<\/span><\/a><\/p>\n","protected":false},"author":1,"featured_media":0,"parent":90,"menu_order":86,"comment_status":"closed","ping_status":"closed","template":"","meta":{"footnotes":""},"class_list":["post-16015","page","type-page","status-publish","hentry"],"_links":{"self":[{"href":"https:\/\/www.lassebacklund.fi\/index.php?rest_route=\/wp\/v2\/pages\/16015","targetHints":{"allow":["GET"]}}],"collection":[{"href":"https:\/\/www.lassebacklund.fi\/index.php?rest_route=\/wp\/v2\/pages"}],"about":[{"href":"https:\/\/www.lassebacklund.fi\/index.php?rest_route=\/wp\/v2\/types\/page"}],"author":[{"embeddable":true,"href":"https:\/\/www.lassebacklund.fi\/index.php?rest_route=\/wp\/v2\/users\/1"}],"replies":[{"embeddable":true,"href":"https:\/\/www.lassebacklund.fi\/index.php?rest_route=%2Fwp%2Fv2%2Fcomments&post=16015"}],"version-history":[{"count":12,"href":"https:\/\/www.lassebacklund.fi\/index.php?rest_route=\/wp\/v2\/pages\/16015\/revisions"}],"predecessor-version":[{"id":16038,"href":"https:\/\/www.lassebacklund.fi\/index.php?rest_route=\/wp\/v2\/pages\/16015\/revisions\/16038"}],"up":[{"embeddable":true,"href":"https:\/\/www.lassebacklund.fi\/index.php?rest_route=\/wp\/v2\/pages\/90"}],"wp:attachment":[{"href":"https:\/\/www.lassebacklund.fi\/index.php?rest_route=%2Fwp%2Fv2%2Fmedia&parent=16015"}],"curies":[{"name":"wp","href":"https:\/\/api.w.org\/{rel}","templated":true}]}}