{"id":15979,"date":"2020-04-05T22:31:41","date_gmt":"2020-04-05T19:31:41","guid":{"rendered":"http:\/\/www.lassebacklund.fi\/?page_id=15979"},"modified":"2020-04-05T22:44:07","modified_gmt":"2020-04-05T19:44:07","slug":"julavslutning","status":"publish","type":"page","link":"https:\/\/www.lassebacklund.fi\/?page_id=15979","title":{"rendered":"Julavslutning"},"content":{"rendered":"<p><span style=\"color: #000080;\">Skrivet av Eva 10.1.2019:<\/span><\/p>\n<p>Att plocka fram julpyntet \u00e4r nog kul<br \/>\nmen v\u00e4ldigt snabbt jag tr\u00f6ttnar p\u00e5 jul.<br \/>\nDet ska vara silver, guld, r\u00f6tt och gr\u00f6nt,<br \/>\nnej nu skall det bort och det k\u00e4nns s\u00e5 sk\u00f6nt!<\/p>\n<p>Stakar och stj\u00e4rnor, lyktor med glitter,<br \/>\np\u00e5 toav\u00e4ggen \u00e4nnu en tomtetavla visst sitter.<br \/>\nLinsband tas ner och granar slutar lysa,<br \/>\ngranbocken slocknar, nu f\u00e5r den st\u00e5 m\u00f6rk och frysa.<\/p>\n<p>\u00c4ngeln den stora, min favorit<br \/>\nmed vingar av spets s\u00e5 vacker och vit,<br \/>\njag fick den av sv\u00e4rmor nittonhundra\u00e5ttifem<br \/>\ns\u00e5 den har h\u00e4ngt med ganska l\u00e4nge ren.<\/p>\n<p>Tomtar och bockar i l\u00e5dor packas ner,<br \/>\njag tycker n\u00e4stan att dom blivit fler<br \/>\nmedan dom st\u00e5tt framme h\u00e4r i v\u00e5rt hus,<br \/>\nkanske dom nattetid har h\u00e5llit p\u00e5 med n\u00e5t bus?<\/p>\n","protected":false},"excerpt":{"rendered":"<p>Skrivet av Eva 10.1.2019: Att plocka fram julpyntet \u00e4r nog kul men v\u00e4ldigt snabbt jag tr\u00f6ttnar p\u00e5 jul. Det ska vara silver, guld, r\u00f6tt och gr\u00f6nt, nej nu skall det bort och det k\u00e4nns s\u00e5 sk\u00f6nt! Stakar och stj\u00e4rnor, lyktor <a class=\"more-link\" href=\"https:\/\/www.lassebacklund.fi\/?page_id=15979\">Forts\u00e4tt l\u00e4sa <span class=\"screen-reader-text\">  Julavslutning<\/span><span class=\"meta-nav\">&rarr;<\/span><\/a><\/p>\n","protected":false},"author":1,"featured_media":0,"parent":13531,"menu_order":8,"comment_status":"closed","ping_status":"closed","template":"","meta":{"footnotes":""},"class_list":["post-15979","page","type-page","status-publish","hentry"],"_links":{"self":[{"href":"https:\/\/www.lassebacklund.fi\/index.php?rest_route=\/wp\/v2\/pages\/15979","targetHints":{"allow":["GET"]}}],"collection":[{"href":"https:\/\/www.lassebacklund.fi\/index.php?rest_route=\/wp\/v2\/pages"}],"about":[{"href":"https:\/\/www.lassebacklund.fi\/index.php?rest_route=\/wp\/v2\/types\/page"}],"author":[{"embeddable":true,"href":"https:\/\/www.lassebacklund.fi\/index.php?rest_route=\/wp\/v2\/users\/1"}],"replies":[{"embeddable":true,"href":"https:\/\/www.lassebacklund.fi\/index.php?rest_route=%2Fwp%2Fv2%2Fcomments&post=15979"}],"version-history":[{"count":3,"href":"https:\/\/www.lassebacklund.fi\/index.php?rest_route=\/wp\/v2\/pages\/15979\/revisions"}],"predecessor-version":[{"id":15982,"href":"https:\/\/www.lassebacklund.fi\/index.php?rest_route=\/wp\/v2\/pages\/15979\/revisions\/15982"}],"up":[{"embeddable":true,"href":"https:\/\/www.lassebacklund.fi\/index.php?rest_route=\/wp\/v2\/pages\/13531"}],"wp:attachment":[{"href":"https:\/\/www.lassebacklund.fi\/index.php?rest_route=%2Fwp%2Fv2%2Fmedia&parent=15979"}],"curies":[{"name":"wp","href":"https:\/\/api.w.org\/{rel}","templated":true}]}}