{"id":15977,"date":"2020-04-05T22:28:53","date_gmt":"2020-04-05T19:28:53","guid":{"rendered":"http:\/\/www.lassebacklund.fi\/?page_id=15977"},"modified":"2020-04-05T22:28:53","modified_gmt":"2020-04-05T19:28:53","slug":"kallt-vader","status":"publish","type":"page","link":"https:\/\/www.lassebacklund.fi\/?page_id=15977","title":{"rendered":"Kallt v\u00e4der"},"content":{"rendered":"<p><span style=\"color: #000080;\">Skrivet av Eva 4.8.2019:<\/span><\/p>\n<p>Nu \u00e4r den tid p\u00e5 \u00e5ret vi kallar sommar,<br \/>\nn\u00e4r allting v\u00e4xer och \u00f6verallt det blommar.<br \/>\nVi borde kl\u00e4 oss i shorts och topp<br \/>\noch ta i havet ett svalkande dopp.<\/p>\n<p>Men verkligheten \u00e4r tyv\u00e4rr en helt annan,<br \/>\nf\u00f6r att f\u00e5 v\u00e4xt man g\u00e5r med vattenkannan.<br \/>\nBlommornas knoppar sl\u00e5r l\u00e5ngsamt ut<br \/>\nifall de inte frusit natten f\u00f6rut.<\/p>\n<p>Shortsen har bytts till byxor l\u00e5nga<br \/>\noch toppen till tr\u00f6jor, jag har ganska m\u00e5nga.<br \/>\nAtt simma i havet fick ett snabbt stopp<br \/>\nman vill ju inte f\u00f6rfrysa sin kropp.<\/p>\n<p>F\u00f6rra \u00e5ret vi ojades \u00f6ver sommarens hetta<br \/>\ns\u00e5 vad l\u00e4r vi oss av allt detta?<br \/>\n\u00d6ver v\u00e4der och vindar vi kan inte r\u00e5,<br \/>\nf\u00e5r v\u00e4l vara glad vi har n\u00e5t v\u00e4der \u00e4nd\u00e5.<\/p>\n<p>&nbsp;<\/p>\n","protected":false},"excerpt":{"rendered":"<p>Skrivet av Eva 4.8.2019: Nu \u00e4r den tid p\u00e5 \u00e5ret vi kallar sommar, n\u00e4r allting v\u00e4xer och \u00f6verallt det blommar. Vi borde kl\u00e4 oss i shorts och topp och ta i havet ett svalkande dopp. Men verkligheten \u00e4r tyv\u00e4rr en <a class=\"more-link\" href=\"https:\/\/www.lassebacklund.fi\/?page_id=15977\">Forts\u00e4tt l\u00e4sa <span class=\"screen-reader-text\">  Kallt v\u00e4der<\/span><span class=\"meta-nav\">&rarr;<\/span><\/a><\/p>\n","protected":false},"author":1,"featured_media":0,"parent":13531,"menu_order":21,"comment_status":"closed","ping_status":"closed","template":"","meta":{"footnotes":""},"class_list":["post-15977","page","type-page","status-publish","hentry"],"_links":{"self":[{"href":"https:\/\/www.lassebacklund.fi\/index.php?rest_route=\/wp\/v2\/pages\/15977","targetHints":{"allow":["GET"]}}],"collection":[{"href":"https:\/\/www.lassebacklund.fi\/index.php?rest_route=\/wp\/v2\/pages"}],"about":[{"href":"https:\/\/www.lassebacklund.fi\/index.php?rest_route=\/wp\/v2\/types\/page"}],"author":[{"embeddable":true,"href":"https:\/\/www.lassebacklund.fi\/index.php?rest_route=\/wp\/v2\/users\/1"}],"replies":[{"embeddable":true,"href":"https:\/\/www.lassebacklund.fi\/index.php?rest_route=%2Fwp%2Fv2%2Fcomments&post=15977"}],"version-history":[{"count":1,"href":"https:\/\/www.lassebacklund.fi\/index.php?rest_route=\/wp\/v2\/pages\/15977\/revisions"}],"predecessor-version":[{"id":15978,"href":"https:\/\/www.lassebacklund.fi\/index.php?rest_route=\/wp\/v2\/pages\/15977\/revisions\/15978"}],"up":[{"embeddable":true,"href":"https:\/\/www.lassebacklund.fi\/index.php?rest_route=\/wp\/v2\/pages\/13531"}],"wp:attachment":[{"href":"https:\/\/www.lassebacklund.fi\/index.php?rest_route=%2Fwp%2Fv2%2Fmedia&parent=15977"}],"curies":[{"name":"wp","href":"https:\/\/api.w.org\/{rel}","templated":true}]}}