{"id":15956,"date":"2020-04-05T19:05:05","date_gmt":"2020-04-05T16:05:05","guid":{"rendered":"http:\/\/www.lassebacklund.fi\/?page_id=15956"},"modified":"2020-04-05T22:47:12","modified_gmt":"2020-04-05T19:47:12","slug":"en-pensionars-vecka","status":"publish","type":"page","link":"https:\/\/www.lassebacklund.fi\/?page_id=15956","title":{"rendered":"En pension\u00e4rs vecka"},"content":{"rendered":"<p><span style=\"font-family: 'Helvetica','sans-serif'; color: #1c1e21;\">Vi seniorer har ju n\u00e4stan alltid br\u00e5ttom<br \/>\n\u00e4ven om tid vi borde nu ha gott om.<br \/>\nDygnets m\u00e5nga timmar skall till ett och annat r\u00e4cka,<br \/>\nnu ska jag ber\u00e4tta om min senaste vecka.<\/span><\/p>\n<p><span style=\"font-family: 'Helvetica','sans-serif'; color: #1c1e21;\">M\u00e5ndagen blev vilodag under en pl\u00e4d<br \/>\nd\u00e5 jag av snorblidan den dagen led.<br \/>\nP\u00e5 tisdagen var jag redan mycket b\u00e4ttre<br \/>\noch i bass\u00e4ngen p\u00e5 vattenjumppan spr\u00e4tte.<\/span><\/p>\n<p><span style=\"font-family: 'Helvetica','sans-serif'; color: #1c1e21;\">P\u00e5 onsdag var det skogsjobb med k\u00e4restan som g\u00e4llde<br \/>\noch p\u00e5 torsdagen jag pepparkaksdegen tillst\u00e4llde.<br \/>\nKv\u00e4llen i Dagsmark, lyssna p\u00e5 min man<br \/>\ntycker ingen kan ber\u00e4tta historia som han!<\/span><\/p>\n<p><span style=\"font-family: 'Helvetica','sans-serif'; color: #1c1e21;\">Hela fredagen jag h\u00f6ll p\u00e5 i k\u00f6ket och baka<br \/>\nskinkpajer, kaneless och hj\u00e4rterpepparkaka.<br \/>\nTitta p\u00e5 Tv, stora fina, balen f\u00f6r \u00e5ret<br \/>\noch senare s\u00e4songstart f\u00f6r programmet P\u00e5 Sp\u00e5ret.<\/span><\/p>\n<p><span style=\"font-family: 'Helvetica','sans-serif'; color: #1c1e21;\">L\u00f6rdagen tillbringa jag i Susannes pop-up cafe\u00b4<br \/>\noch pajerna jag bakat hade jag me.<br \/>\nP\u00e5 kv\u00e4llen var det julfest p\u00e5 stadens hotell<br \/>\nS\u00e5g ingen julbock fast vi nog varit sn\u00e4ll.<\/span><\/p>\n<p><span style=\"font-family: 'Helvetica','sans-serif'; color: #1c1e21;\">Jag skulle ju kunna sitta i v\u00e5r gungstol och sticka<br \/>\nmen det passar sig inte riktigt f\u00f6r denna flicka.<br \/>\nKan bara konstatera: ingen dag var den andra lik<br \/>\nDet blev ju en riktigt bra avslutningsreplik!<\/span><\/p>\n<p><span style=\"font-size: 12.0pt; line-height: 115%; font-family: 'Helvetica','sans-serif';\">\u00a0<\/span><\/p>\n","protected":false},"excerpt":{"rendered":"<p>Vi seniorer har ju n\u00e4stan alltid br\u00e5ttom \u00e4ven om tid vi borde nu ha gott om. Dygnets m\u00e5nga timmar skall till ett och annat r\u00e4cka, nu ska jag ber\u00e4tta om min senaste vecka. M\u00e5ndagen blev vilodag under en pl\u00e4d d\u00e5 <a class=\"more-link\" href=\"https:\/\/www.lassebacklund.fi\/?page_id=15956\">Forts\u00e4tt l\u00e4sa <span class=\"screen-reader-text\">  En pension\u00e4rs vecka<\/span><span class=\"meta-nav\">&rarr;<\/span><\/a><\/p>\n","protected":false},"author":1,"featured_media":0,"parent":13531,"menu_order":11,"comment_status":"closed","ping_status":"closed","template":"","meta":{"footnotes":""},"class_list":["post-15956","page","type-page","status-publish","hentry"],"_links":{"self":[{"href":"https:\/\/www.lassebacklund.fi\/index.php?rest_route=\/wp\/v2\/pages\/15956","targetHints":{"allow":["GET"]}}],"collection":[{"href":"https:\/\/www.lassebacklund.fi\/index.php?rest_route=\/wp\/v2\/pages"}],"about":[{"href":"https:\/\/www.lassebacklund.fi\/index.php?rest_route=\/wp\/v2\/types\/page"}],"author":[{"embeddable":true,"href":"https:\/\/www.lassebacklund.fi\/index.php?rest_route=\/wp\/v2\/users\/1"}],"replies":[{"embeddable":true,"href":"https:\/\/www.lassebacklund.fi\/index.php?rest_route=%2Fwp%2Fv2%2Fcomments&post=15956"}],"version-history":[{"count":1,"href":"https:\/\/www.lassebacklund.fi\/index.php?rest_route=\/wp\/v2\/pages\/15956\/revisions"}],"predecessor-version":[{"id":15957,"href":"https:\/\/www.lassebacklund.fi\/index.php?rest_route=\/wp\/v2\/pages\/15956\/revisions\/15957"}],"up":[{"embeddable":true,"href":"https:\/\/www.lassebacklund.fi\/index.php?rest_route=\/wp\/v2\/pages\/13531"}],"wp:attachment":[{"href":"https:\/\/www.lassebacklund.fi\/index.php?rest_route=%2Fwp%2Fv2%2Fmedia&parent=15956"}],"curies":[{"name":"wp","href":"https:\/\/api.w.org\/{rel}","templated":true}]}}