{"id":15950,"date":"2020-04-05T18:51:44","date_gmt":"2020-04-05T15:51:44","guid":{"rendered":"http:\/\/www.lassebacklund.fi\/?page_id=15950"},"modified":"2020-04-05T22:47:57","modified_gmt":"2020-04-05T19:47:57","slug":"juldikt","status":"publish","type":"page","link":"https:\/\/www.lassebacklund.fi\/?page_id=15950","title":{"rendered":"Juldikt"},"content":{"rendered":"<p>Limporna \u00e4r gr\u00e4ddade och skinkan \u00e4r r\u00f6kt,<br \/>\nbegravningsplatserna har vi ocks\u00e5 bes\u00f6kt.<br \/>\nTill kyrkan har vi varit till och med tre g\u00e5nger,<br \/>\nsjungit med och lyssnat till julens fina s\u00e5nger.<\/p>\n<div class=\"text_exposed_show\">\n<p>Nu skall vi \u00e4ta julgr\u00f6t, skinka och sill<br \/>\noch \u00e4r det riktigt gott s\u00e5 tar vi en omg\u00e5ng till.<br \/>\nSen s\u00e4tter vi oss i bilen och far norrut en go bit,<br \/>\nborde kanske tipsa tomten s\u00e5 han s\u00e4kert hittar dit.<\/p>\n<p>Julljusen lyser vackert b\u00e5de ute och inne.<br \/>\nJulfriden s\u00e4nker sig \u00e4ven \u00f6ver mitt sinne.<br \/>\nNu st\u00e4nger jag rimstugan f\u00f6r detta \u00e5r<br \/>\noch \u00f6nskar att ni alla en fridfull julhelg f\u00e5r!<\/p>\n<\/div>\n","protected":false},"excerpt":{"rendered":"<p>Limporna \u00e4r gr\u00e4ddade och skinkan \u00e4r r\u00f6kt, begravningsplatserna har vi ocks\u00e5 bes\u00f6kt. Till kyrkan har vi varit till och med tre g\u00e5nger, sjungit med och lyssnat till julens fina s\u00e5nger. Nu skall vi \u00e4ta julgr\u00f6t, skinka och sill och \u00e4r <a class=\"more-link\" href=\"https:\/\/www.lassebacklund.fi\/?page_id=15950\">Forts\u00e4tt l\u00e4sa <span class=\"screen-reader-text\">  Juldikt<\/span><span class=\"meta-nav\">&rarr;<\/span><\/a><\/p>\n","protected":false},"author":1,"featured_media":0,"parent":13531,"menu_order":13,"comment_status":"closed","ping_status":"closed","template":"","meta":{"footnotes":""},"class_list":["post-15950","page","type-page","status-publish","hentry"],"_links":{"self":[{"href":"https:\/\/www.lassebacklund.fi\/index.php?rest_route=\/wp\/v2\/pages\/15950","targetHints":{"allow":["GET"]}}],"collection":[{"href":"https:\/\/www.lassebacklund.fi\/index.php?rest_route=\/wp\/v2\/pages"}],"about":[{"href":"https:\/\/www.lassebacklund.fi\/index.php?rest_route=\/wp\/v2\/types\/page"}],"author":[{"embeddable":true,"href":"https:\/\/www.lassebacklund.fi\/index.php?rest_route=\/wp\/v2\/users\/1"}],"replies":[{"embeddable":true,"href":"https:\/\/www.lassebacklund.fi\/index.php?rest_route=%2Fwp%2Fv2%2Fcomments&post=15950"}],"version-history":[{"count":1,"href":"https:\/\/www.lassebacklund.fi\/index.php?rest_route=\/wp\/v2\/pages\/15950\/revisions"}],"predecessor-version":[{"id":15951,"href":"https:\/\/www.lassebacklund.fi\/index.php?rest_route=\/wp\/v2\/pages\/15950\/revisions\/15951"}],"up":[{"embeddable":true,"href":"https:\/\/www.lassebacklund.fi\/index.php?rest_route=\/wp\/v2\/pages\/13531"}],"wp:attachment":[{"href":"https:\/\/www.lassebacklund.fi\/index.php?rest_route=%2Fwp%2Fv2%2Fmedia&parent=15950"}],"curies":[{"name":"wp","href":"https:\/\/api.w.org\/{rel}","templated":true}]}}