{"id":15946,"date":"2020-04-05T18:44:55","date_gmt":"2020-04-05T15:44:55","guid":{"rendered":"http:\/\/www.lassebacklund.fi\/?page_id=15946"},"modified":"2020-04-05T22:48:20","modified_gmt":"2020-04-05T19:48:20","slug":"staddille","status":"publish","type":"page","link":"https:\/\/www.lassebacklund.fi\/?page_id=15946","title":{"rendered":"St\u00e4ddille"},"content":{"rendered":"<p><span style=\"color: #000080;\">Skrivet av Eva 10.1.2020:<\/span><\/p>\n<p><span style=\"font-family: 'Helvetica','sans-serif'; color: #1c1e21;\">N\u00e4r molnen skingras och solen visar sig<br \/>\nen konstig k\u00e4nsla pl\u00f6tsligt \u00f6verrumplar mig.<br \/>\nJag plockade undan julen i \u00f6verfulla sk\u00e5p<br \/>\nfyllda med allv\u00e4rldens gammalt skr\u00e4p och kn\u00e5p.<\/span><\/p>\n<p><span style=\"font-family: 'Helvetica','sans-serif'; color: #1c1e21;\">Dukar med vinfl\u00e4ckar och spruckna glas,<br \/>\nen gammal smutsig, ickeantik kantst\u00f6tt vas.<br \/>\nEn telefonkatalog fr\u00e5n anno dazumal<br \/>\noch ett par byxor fr\u00e5n tiden jag var smal.<\/span><\/p>\n<p><span style=\"font-family: 'Helvetica','sans-serif'; color: #1c1e21;\">N\u00e5gra m\u00e5larb\u00f6cker och torkade tuschpennor<br \/>\nen gammal utn\u00f6tt borste och tre rosa h\u00e5rsp\u00e4nnor.<br \/>\nBlomkrukor med h\u00e5l i botten av riktigt mjuk plast,<br \/>\nnej nu skall h\u00e4r st\u00e4das, mycket skall jag kast!<\/span><\/p>\n<p><span style=\"font-family: 'Helvetica','sans-serif'; color: #1c1e21;\">Jag undrar om \u00e4ven du \u00e4r en hamster innerst inne?<br \/>\nAtt spara p\u00e5 on\u00f6diga saker som ett k\u00e4rt minne?<br \/>\nEller tror man att det beh\u00f6vs, man vet ju aldrig n\u00e4r<br \/>\noch g\u00f6mda l\u00e4ngst in i sk\u00e5pet \u00e4r de ej heller till besv\u00e4r.<\/span><\/p>\n","protected":false},"excerpt":{"rendered":"<p>Skrivet av Eva 10.1.2020: N\u00e4r molnen skingras och solen visar sig en konstig k\u00e4nsla pl\u00f6tsligt \u00f6verrumplar mig. Jag plockade undan julen i \u00f6verfulla sk\u00e5p fyllda med allv\u00e4rldens gammalt skr\u00e4p och kn\u00e5p. Dukar med vinfl\u00e4ckar och spruckna glas, en gammal smutsig, <a class=\"more-link\" href=\"https:\/\/www.lassebacklund.fi\/?page_id=15946\">Forts\u00e4tt l\u00e4sa <span class=\"screen-reader-text\">  St\u00e4ddille<\/span><span class=\"meta-nav\">&rarr;<\/span><\/a><\/p>\n","protected":false},"author":1,"featured_media":0,"parent":13531,"menu_order":14,"comment_status":"closed","ping_status":"closed","template":"","meta":{"footnotes":""},"class_list":["post-15946","page","type-page","status-publish","hentry"],"_links":{"self":[{"href":"https:\/\/www.lassebacklund.fi\/index.php?rest_route=\/wp\/v2\/pages\/15946","targetHints":{"allow":["GET"]}}],"collection":[{"href":"https:\/\/www.lassebacklund.fi\/index.php?rest_route=\/wp\/v2\/pages"}],"about":[{"href":"https:\/\/www.lassebacklund.fi\/index.php?rest_route=\/wp\/v2\/types\/page"}],"author":[{"embeddable":true,"href":"https:\/\/www.lassebacklund.fi\/index.php?rest_route=\/wp\/v2\/users\/1"}],"replies":[{"embeddable":true,"href":"https:\/\/www.lassebacklund.fi\/index.php?rest_route=%2Fwp%2Fv2%2Fcomments&post=15946"}],"version-history":[{"count":2,"href":"https:\/\/www.lassebacklund.fi\/index.php?rest_route=\/wp\/v2\/pages\/15946\/revisions"}],"predecessor-version":[{"id":15949,"href":"https:\/\/www.lassebacklund.fi\/index.php?rest_route=\/wp\/v2\/pages\/15946\/revisions\/15949"}],"up":[{"embeddable":true,"href":"https:\/\/www.lassebacklund.fi\/index.php?rest_route=\/wp\/v2\/pages\/13531"}],"wp:attachment":[{"href":"https:\/\/www.lassebacklund.fi\/index.php?rest_route=%2Fwp%2Fv2%2Fmedia&parent=15946"}],"curies":[{"name":"wp","href":"https:\/\/api.w.org\/{rel}","templated":true}]}}