{"id":15940,"date":"2020-04-05T18:24:02","date_gmt":"2020-04-05T15:24:02","guid":{"rendered":"http:\/\/www.lassebacklund.fi\/?page_id=15940"},"modified":"2020-04-05T22:49:27","modified_gmt":"2020-04-05T19:49:27","slug":"jetlag","status":"publish","type":"page","link":"https:\/\/www.lassebacklund.fi\/?page_id=15940","title":{"rendered":"Jetlag"},"content":{"rendered":"<p>Skrivet av Eva 21.2.2020:<\/p>\n<p><span style=\"font-size: 12.0pt; line-height: 115%; font-family: 'Helvetica','sans-serif'; color: #1c1e21; background: white;\">Jetlag \u00e4r ett otyg vi tog med oss hem,<\/span><span style=\"font-size: 12.0pt; line-height: 115%; font-family: 'Helvetica','sans-serif'; color: #1c1e21;\"><br \/>\nvaknade i morse redan tjugo f\u00f6re fem.<br \/>\nKv\u00e4llstid \u00e4r man tr\u00f6tt och vill ta natt f\u00f6re nio,<br \/>\nhar dock hittills h\u00e5llit ut \u00e4nda till klockan tio.<br \/>\n<\/span><\/p>\n<p><span style=\"font-size: 12.0pt; line-height: 115%; font-family: 'Helvetica','sans-serif'; color: #1c1e21;\">Men detta g\u00e5r nog \u00f6ver p\u00e5 ungef\u00e4r en vecka,<br \/>\nbeh\u00f6ver ej p\u00e5 ringning st\u00e4lla v\u00e5r v\u00e4ckarklocka.<br \/>\nDet \u00e4r heller inte smittsamt och finns ingen medicin,<br \/>\nfast vissa p\u00e5st\u00e5r att det hj\u00e4lper med melatonin.<br \/>\n<\/span><\/p>\n<p><span style=\"font-size: 12.0pt; line-height: 115%; font-family: 'Helvetica','sans-serif'; color: #1c1e21;\">Det \u00e4r bara att acceptera och ta det som det \u00e4r<br \/>\nf\u00f6r det \u00e4r ju egentligen ett trevligt besv\u00e4r<br \/>\nsom betyder att man rest \u00f6ver flera tidszoner<br \/>\noch vidgat sina vyer och sett flera versioner<br \/>\nav hur livet kan vara p\u00e5 andra sidan jorden<br \/>\noch hur bra vi har det h\u00e4r hemma i Norden.<\/span><\/p>\n","protected":false},"excerpt":{"rendered":"<p>Skrivet av Eva 21.2.2020: Jetlag \u00e4r ett otyg vi tog med oss hem, vaknade i morse redan tjugo f\u00f6re fem. Kv\u00e4llstid \u00e4r man tr\u00f6tt och vill ta natt f\u00f6re nio, har dock hittills h\u00e5llit ut \u00e4nda till klockan tio. Men <a class=\"more-link\" href=\"https:\/\/www.lassebacklund.fi\/?page_id=15940\">Forts\u00e4tt l\u00e4sa <span class=\"screen-reader-text\">  Jetlag<\/span><span class=\"meta-nav\">&rarr;<\/span><\/a><\/p>\n","protected":false},"author":1,"featured_media":0,"parent":13531,"menu_order":17,"comment_status":"closed","ping_status":"closed","template":"","meta":{"footnotes":""},"class_list":["post-15940","page","type-page","status-publish","hentry"],"_links":{"self":[{"href":"https:\/\/www.lassebacklund.fi\/index.php?rest_route=\/wp\/v2\/pages\/15940","targetHints":{"allow":["GET"]}}],"collection":[{"href":"https:\/\/www.lassebacklund.fi\/index.php?rest_route=\/wp\/v2\/pages"}],"about":[{"href":"https:\/\/www.lassebacklund.fi\/index.php?rest_route=\/wp\/v2\/types\/page"}],"author":[{"embeddable":true,"href":"https:\/\/www.lassebacklund.fi\/index.php?rest_route=\/wp\/v2\/users\/1"}],"replies":[{"embeddable":true,"href":"https:\/\/www.lassebacklund.fi\/index.php?rest_route=%2Fwp%2Fv2%2Fcomments&post=15940"}],"version-history":[{"count":1,"href":"https:\/\/www.lassebacklund.fi\/index.php?rest_route=\/wp\/v2\/pages\/15940\/revisions"}],"predecessor-version":[{"id":15941,"href":"https:\/\/www.lassebacklund.fi\/index.php?rest_route=\/wp\/v2\/pages\/15940\/revisions\/15941"}],"up":[{"embeddable":true,"href":"https:\/\/www.lassebacklund.fi\/index.php?rest_route=\/wp\/v2\/pages\/13531"}],"wp:attachment":[{"href":"https:\/\/www.lassebacklund.fi\/index.php?rest_route=%2Fwp%2Fv2%2Fmedia&parent=15940"}],"curies":[{"name":"wp","href":"https:\/\/api.w.org\/{rel}","templated":true}]}}