{"id":15936,"date":"2020-04-05T18:12:36","date_gmt":"2020-04-05T15:12:36","guid":{"rendered":"http:\/\/www.lassebacklund.fi\/?page_id=15936"},"modified":"2020-04-05T22:49:59","modified_gmt":"2020-04-05T19:49:59","slug":"vi-gar-mot-varen","status":"publish","type":"page","link":"https:\/\/www.lassebacklund.fi\/?page_id=15936","title":{"rendered":"Vi g\u00e5r mot v\u00e5ren."},"content":{"rendered":"<p><span style=\"color: #000080; font-family: 'Helvetica','sans-serif';\">Skrivet av 7 mars 2020.<\/span><\/p>\n<p><span style=\"font-family: 'Helvetica','sans-serif'; color: #1c1e21;\">Solen lyser in, avsl\u00f6jar dammet p\u00e5 v\u00e5rt golv,<br \/>\nen svanplog fl\u00f6g \u00f6ver g\u00e5rden, jag r\u00e4kna dem till tolv.<br \/>\nP\u00e5 cykelbanan \u00e4r ytan sn\u00f6fri, v\u00e5t och svart<br \/>\nborta \u00e4r sp\u00e5ren efter en skuttande harpalt.<\/span><\/p>\n<p><span style=\"font-family: 'Helvetica','sans-serif'; color: #1c1e21;\">Titor och mesar sjunger och kvittrar,<br \/>\nskatorna flyger parvis, leker och kurtiserar.<br \/>\nTermometern visar n\u00e5gra grader p\u00e5 plus<br \/>\noch sn\u00f6n den sm\u00e4lter p\u00e5 taket av v\u00e5rt hus.<\/span><\/p>\n<p><span style=\"font-family: 'Helvetica','sans-serif'; color: #1c1e21;\">En fluga satt d\u00e4r ute p\u00e5 rutan av ett f\u00f6nster,<br \/>\nborta \u00e4r isblommornas vinterm\u00f6nster.<br \/>\nJag h\u00e4ngde ut lakan, premi\u00e4r f\u00f6r detta \u00e5r<br \/>\ndet betyder att vi absolut g\u00e5r mot v\u00e5r!<\/span><\/p>\n<p><span style=\"font-size: 12.0pt; line-height: 115%; font-family: 'Helvetica','sans-serif';\">\u00a0<\/span><\/p>\n<p>&nbsp;<\/p>\n","protected":false},"excerpt":{"rendered":"<p>Skrivet av 7 mars 2020. Solen lyser in, avsl\u00f6jar dammet p\u00e5 v\u00e5rt golv, en svanplog fl\u00f6g \u00f6ver g\u00e5rden, jag r\u00e4kna dem till tolv. P\u00e5 cykelbanan \u00e4r ytan sn\u00f6fri, v\u00e5t och svart borta \u00e4r sp\u00e5ren efter en skuttande harpalt. Titor och <a class=\"more-link\" href=\"https:\/\/www.lassebacklund.fi\/?page_id=15936\">Forts\u00e4tt l\u00e4sa <span class=\"screen-reader-text\">  Vi g\u00e5r mot v\u00e5ren.<\/span><span class=\"meta-nav\">&rarr;<\/span><\/a><\/p>\n","protected":false},"author":1,"featured_media":0,"parent":13531,"menu_order":18,"comment_status":"closed","ping_status":"closed","template":"","meta":{"footnotes":""},"class_list":["post-15936","page","type-page","status-publish","hentry"],"_links":{"self":[{"href":"https:\/\/www.lassebacklund.fi\/index.php?rest_route=\/wp\/v2\/pages\/15936","targetHints":{"allow":["GET"]}}],"collection":[{"href":"https:\/\/www.lassebacklund.fi\/index.php?rest_route=\/wp\/v2\/pages"}],"about":[{"href":"https:\/\/www.lassebacklund.fi\/index.php?rest_route=\/wp\/v2\/types\/page"}],"author":[{"embeddable":true,"href":"https:\/\/www.lassebacklund.fi\/index.php?rest_route=\/wp\/v2\/users\/1"}],"replies":[{"embeddable":true,"href":"https:\/\/www.lassebacklund.fi\/index.php?rest_route=%2Fwp%2Fv2%2Fcomments&post=15936"}],"version-history":[{"count":2,"href":"https:\/\/www.lassebacklund.fi\/index.php?rest_route=\/wp\/v2\/pages\/15936\/revisions"}],"predecessor-version":[{"id":15938,"href":"https:\/\/www.lassebacklund.fi\/index.php?rest_route=\/wp\/v2\/pages\/15936\/revisions\/15938"}],"up":[{"embeddable":true,"href":"https:\/\/www.lassebacklund.fi\/index.php?rest_route=\/wp\/v2\/pages\/13531"}],"wp:attachment":[{"href":"https:\/\/www.lassebacklund.fi\/index.php?rest_route=%2Fwp%2Fv2%2Fmedia&parent=15936"}],"curies":[{"name":"wp","href":"https:\/\/api.w.org\/{rel}","templated":true}]}}