{"id":15930,"date":"2020-04-05T17:54:01","date_gmt":"2020-04-05T14:54:01","guid":{"rendered":"http:\/\/www.lassebacklund.fi\/?page_id=15930"},"modified":"2020-04-05T22:50:46","modified_gmt":"2020-04-05T19:50:46","slug":"en-besviken-mojang","status":"publish","type":"page","link":"https:\/\/www.lassebacklund.fi\/?page_id=15930","title":{"rendered":"En besviken moj\u00e4ng."},"content":{"rendered":"<p><span style=\"color: #000080;\"><span style=\"font-family: 'Helvetica','sans-serif';\">Skrivet av Eva 22 mars 2020.<\/span><\/span><\/p>\n<p><span style=\"font-family: 'Helvetica','sans-serif'; color: #1c1e21;\">Troget har du st\u00e5tt hela vintern och v\u00e4ntat,<br \/>\ngjort ett litet gl\u00e4djeskutt n\u00e4r bilen vi h\u00e4mtat.<br \/>\nT\u00e4nkt att nu \u00e4r det v\u00e4l min tur att f\u00e5 arbeta,<br \/>\natt jag \u00e4r effektiv, det borde ni v\u00e4l veta.<\/span><\/p>\n<p><span style=\"font-family: 'Helvetica','sans-serif'; color: #1c1e21;\">Men bara en g\u00e5ng fick du visa vad du kan,<br \/>\np\u00e5 g\u00e5rden i ett par timmar du stretade fram.<br \/>\nDu gjorde ditt jobb med bravur och glans<br \/>\noch hade f\u00e5tt forts\u00e4tta om det mera av varan fanns.<\/span><\/p>\n<p><span style=\"font-family: 'Helvetica','sans-serif'; color: #1c1e21;\">S\u00e5 vi \u00e4r inte besvikna, det \u00e4r ej d\u00e4rf\u00f6r<br \/>\nmen naturen och v\u00e4dret \u00e4r ej som sig b\u00f6r.<br \/>\nJag vet att f\u00f6r dig \u00e4r somrarna tunga,<br \/>\nmen det kommer nya vintrar, h\u00e5ll ut k\u00e4ra sn\u00f6slunga!<\/span><\/p>\n<p><img loading=\"lazy\" decoding=\"async\" class=\"alignnone size-full wp-image-15932\" src=\"http:\/\/www.lassebacklund.fi\/wp-content\/uploads\/2020\/04\/Sn\u00f6slunga.jpg\" alt=\"\" width=\"720\" height=\"960\" srcset=\"https:\/\/www.lassebacklund.fi\/wp-content\/uploads\/2020\/04\/Sn\u00f6slunga.jpg 720w, https:\/\/www.lassebacklund.fi\/wp-content\/uploads\/2020\/04\/Sn\u00f6slunga-225x300.jpg 225w\" sizes=\"auto, (max-width: 720px) 100vw, 720px\" \/><\/p>\n","protected":false},"excerpt":{"rendered":"<p>Skrivet av Eva 22 mars 2020. Troget har du st\u00e5tt hela vintern och v\u00e4ntat, gjort ett litet gl\u00e4djeskutt n\u00e4r bilen vi h\u00e4mtat. T\u00e4nkt att nu \u00e4r det v\u00e4l min tur att f\u00e5 arbeta, att jag \u00e4r effektiv, det borde ni <a class=\"more-link\" href=\"https:\/\/www.lassebacklund.fi\/?page_id=15930\">Forts\u00e4tt l\u00e4sa <span class=\"screen-reader-text\">  En besviken moj\u00e4ng.<\/span><span class=\"meta-nav\">&rarr;<\/span><\/a><\/p>\n","protected":false},"author":1,"featured_media":0,"parent":13531,"menu_order":20,"comment_status":"closed","ping_status":"closed","template":"","meta":{"footnotes":""},"class_list":["post-15930","page","type-page","status-publish","hentry"],"_links":{"self":[{"href":"https:\/\/www.lassebacklund.fi\/index.php?rest_route=\/wp\/v2\/pages\/15930","targetHints":{"allow":["GET"]}}],"collection":[{"href":"https:\/\/www.lassebacklund.fi\/index.php?rest_route=\/wp\/v2\/pages"}],"about":[{"href":"https:\/\/www.lassebacklund.fi\/index.php?rest_route=\/wp\/v2\/types\/page"}],"author":[{"embeddable":true,"href":"https:\/\/www.lassebacklund.fi\/index.php?rest_route=\/wp\/v2\/users\/1"}],"replies":[{"embeddable":true,"href":"https:\/\/www.lassebacklund.fi\/index.php?rest_route=%2Fwp%2Fv2%2Fcomments&post=15930"}],"version-history":[{"count":3,"href":"https:\/\/www.lassebacklund.fi\/index.php?rest_route=\/wp\/v2\/pages\/15930\/revisions"}],"predecessor-version":[{"id":15934,"href":"https:\/\/www.lassebacklund.fi\/index.php?rest_route=\/wp\/v2\/pages\/15930\/revisions\/15934"}],"up":[{"embeddable":true,"href":"https:\/\/www.lassebacklund.fi\/index.php?rest_route=\/wp\/v2\/pages\/13531"}],"wp:attachment":[{"href":"https:\/\/www.lassebacklund.fi\/index.php?rest_route=%2Fwp%2Fv2%2Fmedia&parent=15930"}],"curies":[{"name":"wp","href":"https:\/\/api.w.org\/{rel}","templated":true}]}}