{"id":15652,"date":"2020-02-27T22:56:49","date_gmt":"2020-02-27T20:56:49","guid":{"rendered":"http:\/\/www.lassebacklund.fi\/?page_id=15652"},"modified":"2020-03-08T10:01:43","modified_gmt":"2020-03-08T08:01:43","slug":"centrallaget-enigheten","status":"publish","type":"page","link":"https:\/\/www.lassebacklund.fi\/?page_id=15652","title":{"rendered":"Centrallaget Enigheten."},"content":{"rendered":"<p><span style=\"color: #000080;\"><span style=\"font-family: 'Helvetica','sans-serif';\">Sammanst\u00e4llt av Lasse Backlund i februari 2020. Vill du l\u00e4sa om Dagsmark Andelsmejeri, s\u00e5 skall du klicka <a href=\"http:\/\/www.lassebacklund.fi\/?page_id=1332\"><span style=\"text-decoration: underline;\"><strong>H\u00c4R!<\/strong><\/span><\/a><\/span><\/span><\/p>\n<p><span style=\"font-size: 12.0pt; line-height: 115%; font-family: 'Helvetica','sans-serif';\">Enighetens historia b\u00f6rjar redan \u00e5r 1906, d\u00e5 17 andelsmejerier i svenska \u00d6sterbotten bildade Mejerif\u00f6rbundet Enigheten. \u00c5r 1917 bildades s\u00e5 Sm\u00f6rexportlaget Enigheten, d\u00e5 Enigheten och \u00d6sterbottens Kreaturandelslag fusionerades och verksamheten kunde k\u00f6ras ig\u00e5ng i b\u00f6rjan av 1918.<\/span><\/p>\n<p><span style=\"font-family: 'Helvetica','sans-serif';\">Andelslagets uppgift <span style=\"font-size: 12.0pt; line-height: 115%; font-family: 'Helvetica','sans-serif';\">var att saluf\u00f6ra det sm\u00f6r som den tiden tillverkades i Svenskfinland, och blev d\u00e4rmed en konkurrent till det finsksinnade sm\u00f6rexportbolaget Valio. De f\u00f6rsta \u00e5ren fanns kontoret i Gamlakarleby men \u00e5r 1921 flyttade kontoret till Vasa och bytte p\u00e5 samma g\u00e5ng namn till Centrallaget Enigheten.<\/span><\/span><\/p>\n<p><span style=\"font-size: 12.0pt; line-height: 115%; font-family: 'Helvetica','sans-serif';\">Fr\u00e5n en blygsam start som sm\u00f6rexport\u00f6r i det unga Finland utvecklades verksamheten snabbt och Enighetens uppgift blev att vara centralaff\u00e4r f\u00f6r medlemsmejeriernas produkter, som bestod av sm\u00f6r och ost.<\/span><\/p>\n<p><span style=\"font-size: 12.0pt; line-height: 115%; font-family: 'Helvetica','sans-serif';\">\u00c5r 1923 \u00f6ppnades ett f\u00f6rs\u00e4ljningskontor i Helsingfors och det blev s\u00e5 sm\u00e5ningom ocks\u00e5 andelslagets hemort. Den f\u00f6rsta verkst\u00e4llande direkt\u00f6ren hette Ragnar Laur\u00e9n och under hans ledning p\u00e5 1920- och 1930-talet upplevde f\u00f6retaget en kraftig expansion.<\/span><\/p>\n<p><span style=\"font-size: 12.0pt; line-height: 115%; font-family: 'Helvetica','sans-serif';\">Efter kriget var hela 58 mejerier medlemmar i Centrallaget Enigheten. Flera mejerier i Nyland ansl\u00f6t sig och dessa var stora producenter av ost och den blev d\u00e5 en ny produkt f\u00f6r andelslaget.<\/span><\/p>\n<p><span style=\"font-size: 12.0pt; line-height: 115%; font-family: 'Helvetica','sans-serif';\">P\u00e5 1950-talet minskade antalet medlemsmejerier till 36, fr\u00e4mst p\u00e5 grund av mejerifusioner. P\u00e5 1960-talet byggdes tv\u00e5 st\u00f6rre produktionsanl\u00e4ggningar. I Kaitsor i V\u00f6r\u00e5 byggdes K\u00e4rningscentralen och i Helsingfors stora anl\u00e4ggningar i K\u00e5nala. \u00c5r 1975 byggdes i Kaitsor ett edamysteri och \u00e5r 1980 ett emmentalysteri. Det bytte d\u00e5 namn till Enighetens Mejericentral. <\/span><\/p>\n<figure id=\"attachment_15742\" aria-describedby=\"caption-attachment-15742\" style=\"width: 1499px\" class=\"wp-caption alignnone\"><img loading=\"lazy\" decoding=\"async\" class=\"size-full wp-image-15742\" src=\"http:\/\/www.lassebacklund.fi\/wp-content\/uploads\/2020\/03\/Enighetens-f\u00f6rvaltningr\u00e5d-i-mitten-av-1960-talet.jpg\" alt=\"\" width=\"1499\" height=\"727\" srcset=\"https:\/\/www.lassebacklund.fi\/wp-content\/uploads\/2020\/03\/Enighetens-f\u00f6rvaltningr\u00e5d-i-mitten-av-1960-talet.jpg 1499w, https:\/\/www.lassebacklund.fi\/wp-content\/uploads\/2020\/03\/Enighetens-f\u00f6rvaltningr\u00e5d-i-mitten-av-1960-talet-300x145.jpg 300w, https:\/\/www.lassebacklund.fi\/wp-content\/uploads\/2020\/03\/Enighetens-f\u00f6rvaltningr\u00e5d-i-mitten-av-1960-talet-1024x497.jpg 1024w, https:\/\/www.lassebacklund.fi\/wp-content\/uploads\/2020\/03\/Enighetens-f\u00f6rvaltningr\u00e5d-i-mitten-av-1960-talet-768x372.jpg 768w\" sizes=\"auto, (max-width: 1499px) 100vw, 1499px\" \/><figcaption id=\"caption-attachment-15742\" class=\"wp-caption-text\">Centrallaget Enighetens f\u00f6rvaltningsr\u00e5d i mitten av 1960-talet. Fr\u00e5n v\u00e4nster Ivar Vad\u00e9n, Rafael Vidgren, Fride Rasmus, Sven Storbj\u00f6rk, Joh. L\u00e5ng, Arvid Flemming, Erik Ser\u00e9n, Otto Bj\u00f6rses fr\u00e5n Lappfj\u00e4rd, Rainer Sandell, Oskar Willman, Gunnar Hollsten, Joh. Jungar\u00e5, Runar Kulp, Birger Lemberg, Ture Kevin, Hans Bruck, Osvald Liechte och Albin Knuts.<br \/>Bord bordet ligger ritningar f\u00f6r K\u00e4rningscentralen i Kaitsor, f\u00f6rfriskningar och f\u00f6r varje deltagare flera askar med cigarretter. Fotot utl\u00e5nat av Otto Bj\u00f6rses dotter Rigmor L\u00f6fgren.<\/figcaption><\/figure>\n<p><span style=\"font-size: 12.0pt; line-height: 115%; font-family: 'Helvetica','sans-serif';\">P\u00e5 1970-talet minskade antalet medelemsmejerier till 11 och p\u00e5 1980-talet fanns det 10, varav 4 fanns i svenska \u00d6sterbotten.<\/span><\/p>\n<p>\u00c5r 1994 bildade Centrallaget Enigheten och dess medlemsmejerier Andelslaget Milka. Det nya bolaget lade ner verksamheten \u00e5r 2004 och blev d\u00e5 ett anskaffningsbolag \u00e5t Valio.<\/p>\n<p>\u00c5r 2014 fusionerades Milka med <a href=\"https:\/\/www.maitosuomi.fi\/se\/\">Osuuskunta Maitosuomi<\/a> och d\u00e4rmed var den svenska mejerir\u00f6relsen slut i Finland.<\/p>\n<p>Den som vill l\u00e4sa mera om andelsr\u00f6relsen i Finland, skall klicka <a href=\"https:\/\/www.pellervo.fi\/fsva\/text\/historik80.pdf\"><span style=\"text-decoration: underline;\"><span style=\"color: #000080; text-decoration: underline;\"><strong>H\u00c4R!<\/strong> <\/span><\/span><\/a>D\u00e4r finns en historik skriven av Bengt Wall\u00e9n som handlar om Finlands Svenska Andelsf\u00f6rbunds verksamhet under \u00e5ren 1919-1999. I den finns mera information om Centrallaget Enigheten.<\/p>\n","protected":false},"excerpt":{"rendered":"<p>Sammanst\u00e4llt av Lasse Backlund i februari 2020. Vill du l\u00e4sa om Dagsmark Andelsmejeri, s\u00e5 skall du klicka H\u00c4R! Enighetens historia b\u00f6rjar redan \u00e5r 1906, d\u00e5 17 andelsmejerier i svenska \u00d6sterbotten bildade Mejerif\u00f6rbundet Enigheten. \u00c5r 1917 bildades s\u00e5 Sm\u00f6rexportlaget Enigheten, d\u00e5 <a class=\"more-link\" href=\"https:\/\/www.lassebacklund.fi\/?page_id=15652\">Forts\u00e4tt l\u00e4sa <span class=\"screen-reader-text\">  Centrallaget Enigheten.<\/span><span class=\"meta-nav\">&rarr;<\/span><\/a><\/p>\n","protected":false},"author":1,"featured_media":0,"parent":1332,"menu_order":20,"comment_status":"closed","ping_status":"closed","template":"","meta":{"footnotes":""},"class_list":["post-15652","page","type-page","status-publish","hentry"],"_links":{"self":[{"href":"https:\/\/www.lassebacklund.fi\/index.php?rest_route=\/wp\/v2\/pages\/15652","targetHints":{"allow":["GET"]}}],"collection":[{"href":"https:\/\/www.lassebacklund.fi\/index.php?rest_route=\/wp\/v2\/pages"}],"about":[{"href":"https:\/\/www.lassebacklund.fi\/index.php?rest_route=\/wp\/v2\/types\/page"}],"author":[{"embeddable":true,"href":"https:\/\/www.lassebacklund.fi\/index.php?rest_route=\/wp\/v2\/users\/1"}],"replies":[{"embeddable":true,"href":"https:\/\/www.lassebacklund.fi\/index.php?rest_route=%2Fwp%2Fv2%2Fcomments&post=15652"}],"version-history":[{"count":8,"href":"https:\/\/www.lassebacklund.fi\/index.php?rest_route=\/wp\/v2\/pages\/15652\/revisions"}],"predecessor-version":[{"id":15744,"href":"https:\/\/www.lassebacklund.fi\/index.php?rest_route=\/wp\/v2\/pages\/15652\/revisions\/15744"}],"up":[{"embeddable":true,"href":"https:\/\/www.lassebacklund.fi\/index.php?rest_route=\/wp\/v2\/pages\/1332"}],"wp:attachment":[{"href":"https:\/\/www.lassebacklund.fi\/index.php?rest_route=%2Fwp%2Fv2%2Fmedia&parent=15652"}],"curies":[{"name":"wp","href":"https:\/\/api.w.org\/{rel}","templated":true}]}}