{"id":15537,"date":"2020-01-19T18:44:16","date_gmt":"2020-01-19T16:44:16","guid":{"rendered":"http:\/\/www.lassebacklund.fi\/?page_id=15537"},"modified":"2026-03-19T20:23:53","modified_gmt":"2026-03-19T18:23:53","slug":"rintalas-gard-pa-lillsjolidvagen-97","status":"publish","type":"page","link":"https:\/\/www.lassebacklund.fi\/?page_id=15537","title":{"rendered":"Rintalas g\u00e5rd p\u00e5 Lillsj\u00f6lidv\u00e4gen 97"},"content":{"rendered":"<figure id=\"attachment_15535\" aria-describedby=\"caption-attachment-15535\" style=\"width: 1893px\" class=\"wp-caption alignnone\"><img loading=\"lazy\" decoding=\"async\" class=\"size-full wp-image-15535\" src=\"http:\/\/www.lassebacklund.fi\/wp-content\/uploads\/2020\/01\/Flygfoto-av-Rintalas.jpg\" alt=\"\" width=\"1893\" height=\"1370\" srcset=\"https:\/\/www.lassebacklund.fi\/wp-content\/uploads\/2020\/01\/Flygfoto-av-Rintalas.jpg 1893w, https:\/\/www.lassebacklund.fi\/wp-content\/uploads\/2020\/01\/Flygfoto-av-Rintalas-300x217.jpg 300w, https:\/\/www.lassebacklund.fi\/wp-content\/uploads\/2020\/01\/Flygfoto-av-Rintalas-768x556.jpg 768w, https:\/\/www.lassebacklund.fi\/wp-content\/uploads\/2020\/01\/Flygfoto-av-Rintalas-1024x741.jpg 1024w\" sizes=\"auto, (max-width: 1893px) 100vw, 1893px\" \/><figcaption id=\"caption-attachment-15535\" class=\"wp-caption-text\">Flygfoto av g\u00e5rden p\u00e5 Lillsj\u00f6lidv\u00e4gen 97 i b\u00f6rjan av 1970-talet. Den l\u00e5ga byggnaden n\u00e4rmast v\u00e4gen var en k\u00e4llare och den lilla byggnaden n\u00e4ra \u00e5krarna var en bastu. Vinkelbyggnaden till v\u00e4nster var f\u00e4hus och f\u00f6rr\u00e5d. Sj\u00e4lva bostadshuset hade p\u00e5 1950-talet blivit tillbyggt p\u00e5 bredden och h\u00f6jden.<\/figcaption><\/figure>\n<p><strong><span style=\"color: #000080;\">Sammanst\u00e4llt av Lasse Backlund i januari 2020, med hj\u00e4lp av Mauno Rintala.<\/span>\u00a0<\/strong><\/p>\n<h2><strong>G\u00e5rdens historia.<\/strong><\/h2>\n<p>Den f\u00f6rsta delen av den h\u00e4r g\u00e5rden byggdes av <strong>Heikki Hemberg och hans hustru Ulrika <\/strong>och den skulle d\u00e5 ha st\u00e5tt h\u00f6gre upp p\u00e5 backen n\u00e4ra &#8221;Skaftung&#8221;. I n\u00e5got skede flyttades g\u00e5rden ner f\u00f6r backen till det st\u00e4lle d\u00e4r den fortfarande st\u00e5r. Heikki (1850-1920) var f\u00f6dd i Honkajoki, blev \u00e4nkling d\u00e4r och flyttade via Sideby till B\u00f6tom, d\u00e4r han gifte sig med Ulrika Kuusela (1864-1933) som fr\u00e5n tidigare hade sonen Karl (1902-1986).<\/p>\n<p><strong>\u00c5r 1907<\/strong> hade familjen Hemberg flyttat till Dagsmark, d\u00e4r de bland annat bodde i lillstugan hos <a href=\"http:\/\/www.lassebacklund.fi\/?page_id=5566\">Erland Norrg\u00e5rd i<\/a> Klemets\u00e4ndan. Heikki Henberg, eller Hemberg var under en kort tid \u00e4gare till <a href=\"http:\/\/www.lassebacklund.fi\/?page_id=4125\">L\u00e5ng hemmanet nr 4:14 Drag\u00e5s.<\/a> Vill du l\u00e4sa mera om Heikki Hembergs sl\u00e4kt, s\u00e5 skall du klicka <a href=\"http:\/\/www.lassebacklund.fi\/?page_id=12684\"><span style=\"text-decoration: underline;\"><span style=\"color: #000080;\"><strong>H\u00c4R!<\/strong><\/span><\/span><\/a><\/p>\n<p><strong>\u00c5r 1911<\/strong> k\u00f6pte de en del av ett hemman, som aff\u00e4rsmannen Axel Lilltr\u00e4sk hade f\u00f6rv\u00e4rvat tidigare samma \u00e5r. Det var p\u00e5 ca 15 ha och fick namnet Henberg. Den h\u00e4r hemmansdelen hade tidigare tillh\u00f6rt bonden <a href=\"http:\/\/www.lassebacklund.fi\/?page_id=980\">Viktor Lillkull<\/a>, som hamnade p\u00e5 obest\u00e5nd och flyttade till Amerika \u00e5r 1910.K\u00f6peskillingen p\u00e5 2 000 mark betalades med en skuldsedel. Heikki och Ulrika byggde d\u00e5 en liten stuga uppe p\u00e5 backen, d\u00e4r de bodde fram till \u00e5r 1915, d\u00e5 de s\u00e5lde g\u00e5rden och markerna runt omkring \u00e5t \u201dLill Topinas\u201d Johannes Granlind, tidigare Hietaoja och hans hustru Ida. M\u00f6jligtvis s\u00e5 var det denna Johannes, som flyttade g\u00e5rden ner f\u00f6r backen till det nuvarande st\u00e4llet.<\/p>\n<h5><strong>F\u00f6ljande \u00e4gare Johannes Hietaoja.<\/strong><\/h5>\n<p><strong>\u00c5r 1915, den 6 september<\/strong> s\u00e5lde Henrik och Ulrika Henberg sitt hemman p\u00e5 n\u00e4rmare 15 ha \u00e5t &#8221;Lill Topinas Johannes&#8221; Granlund (1880-1929). K\u00f6peskillingen p\u00e5 3 200 betalades genom att Johannes \u00f6vertog Axel Lilltr\u00e4sks skuldsedel fr\u00e5n 1911 p\u00e5 2 000 mark, plus r\u00e4nta p\u00e5 den totalt 511 mark. Kontant skulle Johannes betala 688 mark och i k\u00f6pet ingick all mark och byggnader, men inte \u00e5rets gr\u00f6da. Johannes var son till &#8221;Lill Topin&#8221; Josef Henrik Korsb\u00e4ck (1847-1915) som var f\u00f6dd i Korsb\u00e4ck men flyttade till Stor\u00e5 omkring 1870. Josef Henrik flyttade fr\u00e5n Stor\u00e5 till Dagsmark \u00e5r 1877 och tog sl\u00e4ktnamnet Hietaoja. Josef Henrik gifte sig \u00e5r 1867 med Maria Skrivars (1845-1884) fr\u00e5n Uttermossa. Sonen Johannes Hietaoja var gift med Ida (1882-1933) som var dotter till \u201dRebeck Viktor\u201d Lillkull och Fredrika. De hade tidigare bott p\u00e5 <a href=\"http:\/\/www.lassebacklund.fi\/?page_id=13978\">L\u00f6na parcell i Nystad<\/a> men de s\u00e5lde det st\u00e4llet \u00e5t <a href=\"http:\/\/www.lassebacklund.fi\/?page_id=4864\">Erland Krook<\/a> och <a href=\"http:\/\/www.lassebacklund.fi\/?page_id=7609\">Erik Anders Klemets.<\/a><\/p>\n<p>Johannes och Ida bytte sl\u00e4ktnamn till Granlund och de fick m\u00e5nga barn, bland annat:<\/p>\n<h6>-Johan Sigfrid (1904-1948) som var gift med \u201dSebas Signe\u201d Rosenback, som det har skrivits en bok om som kort och gott heter \u201dSigne\u201d. Flyttade till Stor\u00e5 1926.<\/h6>\n<h6>-Ida <span style=\"text-decoration: underline;\">Amanda<\/span> (1906-1981), flyttade till Vasa 1928, gift d\u00e4r med Anders Berg fr\u00e5n Ytter-Sundom.<\/h6>\n<h6>-Selim <span style=\"text-decoration: underline;\">Leander<\/span> (1909-1973). Flyttade till Vasa \u00e5r 1931.<\/h6>\n<h6>&#8211;<span style=\"text-decoration: underline;\">Anna<\/span> Alina (1914-1975).<\/h6>\n<h6>-Runar (1915-1977).<\/h6>\n<p>&nbsp;<\/p>\n<p>Johannes hade en syster som hette Maria Vilhelmina (1877-1949), som kallades &#8221;Lill Topinas Mari&#8221; som \u00e5r 1904 gifte sig med Viktor Vidberg fr\u00e5n Stor\u00e5 (1883-1937). Viktor var finsktalande men hemmaspr\u00e5ket blev \u00e4nd\u00e5 svenska och Viktor \u00e4rvde ocks\u00e5 det extra namnet och blev kallad &#8221;Lill Topinas Viktor&#8221;. De bodde p\u00e5 torpet vid Lillsj\u00f6lidv\u00e4gen \u00e4nda till \u00e5r 1911 d\u00e5 de k\u00f6pte <a href=\"https:\/\/www.lassebacklund.fi\/?page_id=24837\">Karl Erik Sj\u00f6holms<\/a> gamla torp p\u00e5 Korsb\u00e4ckv\u00e4gen och flyttade dit. Viktor hade en bror Konstantin Vidberg, som kallades &#8221;Lill K\u00e5nston&#8221; och bodde n\u00e4ra Lill\u00e5n i Dagsmark.<\/p>\n<h4><strong>F\u00f6ljande \u00e4gare Ida Granlund och hennes m\u00e5g Anders Berg<\/strong><\/h4>\n<p><strong>\u00c5r 1929, den 13 januari<\/strong> avled Johannes Granlund och vid arvskiftet den 23 november fick \u00e4nkan Ida halva hemmanet i giftor\u00e4tt. Den andra halvan delades som arv mellan de sex barn, som fick 1\/12 del var. Den delen \u00f6vertogs sedan av dottern Ida Amanda, som var gift med Anders Berg fr\u00e5n Ytter-Sundom. K\u00f6peskillingen utgjorde 39 000 mark.<\/p>\n<h4><strong>F\u00f6ljande \u00e4gare Viktor Mattsson L\u00f6vg\u00e5rd och hans hustru Edla Maria<\/strong><\/h4>\n<p><strong>\u00c5r 1931, den 18 oktober<\/strong> s\u00e5lde \u00e4nkan Ida Granlund sin halva och m\u00e5gen Anders Berg den andra halvan av Lillkullhemmanet Henberg \u00e5t bonden Viktor Mattsson Lillsj\u00f6, senare L\u00f6vg\u00e5rd som var f\u00f6dd \u00e5r 1875 i Lillsj\u00f6. Viktor hade \u00e5r 1897 gift sig med Edla Maria Johansdotter B\u00e5sk, f\u00f6dd 1873 i Dagsmark och som dog \u00e5r 1931.<\/p>\n<figure id=\"attachment_15534\" aria-describedby=\"caption-attachment-15534\" style=\"width: 768px\" class=\"wp-caption alignnone\"><img loading=\"lazy\" decoding=\"async\" class=\"size-full wp-image-15534\" src=\"http:\/\/www.lassebacklund.fi\/wp-content\/uploads\/2020\/01\/Dunderas-Einaras-g\u00e5rdfoto.jpg\" alt=\"\" width=\"768\" height=\"576\" srcset=\"https:\/\/www.lassebacklund.fi\/wp-content\/uploads\/2020\/01\/Dunderas-Einaras-g\u00e5rdfoto.jpg 768w, https:\/\/www.lassebacklund.fi\/wp-content\/uploads\/2020\/01\/Dunderas-Einaras-g\u00e5rdfoto-300x225.jpg 300w\" sizes=\"auto, (max-width: 768px) 100vw, 768px\" \/><figcaption id=\"caption-attachment-15534\" class=\"wp-caption-text\">Den g\u00e5rd som Heikki och Ulrika Hemberg byggde n\u00e5gon g\u00e5ng efter 1911 har b\u00e5de flyttats, renoverats och byggts till flera g\u00e5nger. Den speciella farstukvisten byggdes av Einar Koivum\u00e4ki. Fotot \u00e4r fr\u00e5n \u00e5r 2003, taget fr\u00e5n Lillsj\u00f6lidv\u00e4gen.<\/figcaption><\/figure>\n<figure id=\"attachment_15536\" aria-describedby=\"caption-attachment-15536\" style=\"width: 768px\" class=\"wp-caption alignnone\"><img loading=\"lazy\" decoding=\"async\" class=\"size-full wp-image-15536\" src=\"http:\/\/www.lassebacklund.fi\/wp-content\/uploads\/2020\/01\/karta-henberg.jpg\" alt=\"\" width=\"768\" height=\"423\" srcset=\"https:\/\/www.lassebacklund.fi\/wp-content\/uploads\/2020\/01\/karta-henberg.jpg 768w, https:\/\/www.lassebacklund.fi\/wp-content\/uploads\/2020\/01\/karta-henberg-300x165.jpg 300w\" sizes=\"auto, (max-width: 768px) 100vw, 768px\" \/><figcaption id=\"caption-attachment-15536\" class=\"wp-caption-text\">P\u00e5 sockenkartan fr\u00e5n \u00e5r 1935 s\u00e5 ser vi var Heikki och Ulrika Henberg byggde sin g\u00e5rd n\u00e4ra Lillsj\u00f6lidv\u00e4gen. Bron \u00f6ver Lill\u00e5n l\u00e5g i tiderna nedanf\u00f6r H\u00e4llfors g\u00e5rd och v\u00e4gen upp mot Hembergs kallas \u00e4nnu i dag f\u00f6r Riikaas-t\u00e5.<\/figcaption><\/figure>\n<h5><strong>F\u00f6ljande \u00e4gare Selim Bergqvist.<\/strong><\/h5>\n<p>Samma \u00e5r som Viktor Mattsson L\u00f6vg\u00e5rd k\u00f6pte hemmanet Henberg, s\u00e5 avled hans hustru Edla Maria och Viktor \u00f6vertog d\u00e5 hela hemmanet p\u00e5 25 tunnland.<\/p>\n<p><strong>\u00c5r 1932, den 39 maj<\/strong> s\u00e5lde \u00e4nklingen Viktor Mattsson L\u00f6vg\u00e5rd hemmanet Henberg och g\u00e5rden \u00e5t Selim Bergqvist (1908-1981) och hans hustru Agda (f. Nordman i N\u00e4rpes 1904-1981). K\u00f6peskillingen utgjorde 25 000 mark och betalades med en skuldsedel. Selim och Agda kunde ta \u00f6ver hemmanet och g\u00e5rden direkt och de flyttade d\u00e5 dit.<\/p>\n<p>Selim och Agda fick flera barn, bland annat Holger \u00e5r 1931, Helge \u00e5r 1933, Alf 1935, Linnea \u00e5r 1938, Lilli \u00e5r 1939, Lea \u00e5r 1942, Lise-Lott \u00e5r 1944 och Ernst \u00e5r 1946.<\/p>\n<h5><strong>F\u00f6ljande \u00e4gare Eero Myll\u00e4ri.<\/strong><\/h5>\n<p>Selim och Agda Bergqvist bodde h\u00e4r \u00e4nda till 12 november 1940, d\u00e5 de s\u00e5lde g\u00e5rden och hemmanet Henberg 5:56 f\u00f6r 75 000 mark \u00e5t <a href=\"http:\/\/www.lassebacklund.fi\/?page_id=906\">Eero och Elna Myll\u00e4ri<\/a>. Eero (1902-1988) var f\u00f6dd p\u00e5 Klockarsbackan i B\u00f6tom och \u00e5r 1928 gifte han sig med Elna (1906-1990). Elna var f\u00f6dd i Korsb\u00e4ck, dotter till \u201dSandvik Adelin\u201d Gustavsdotter Sj\u00f6blom (1881-1970) som sedan gifte sig med Viljam M\u00e4nnist\u00f6 (1897-1954). M\u00e4nnist\u00f6 bytte sedan namn till Sj\u00f6vik och de bodde p\u00e5 stranden till tr\u00e4sket. D\u00e5 Selim och Agda s\u00e5lde den h\u00e4r g\u00e5rden s\u00e5 flyttade de till Selims barndomshem p\u00e5 Korsb\u00e4ckv\u00e4gen 565, till den gamla g\u00e5rd som Tresk Kalle hade \u00e4gt i tiderna. P\u00e5 1950-talet byggde Selim och Agda en ny g\u00e5rd n\u00e4ra \u00e5bron och telefoncentralen flyttade d\u00e5 dit.<\/p>\n<h5><strong>F\u00f6ljande \u00e4gare familjen Rintala.<\/strong><\/h5>\n<p><strong>\u00c5r 1948, den 11 juni<\/strong> s\u00e5lde Eero och Elna Myll\u00e4ri g\u00e5rden och en del marker f\u00f6r 200 000 mark \u00e5t arbetaren Juho Rintala fr\u00e5n Ylikyl\u00e4 i B\u00f6tom, som var gift med Helmi Alina Sj\u00f6blom fr\u00e5n Lappfj\u00e4rd. Helmi var syster till Elna Myll\u00e4ri. G\u00e5rden var d\u00e5 i d\u00e5ligt skick och Juho renoverade den och byggde ut den p\u00e5 bredden och p\u00e5 h\u00f6jden. Juho, som kallades &#8221;Rintala J\u00e5ss&#8221; och Helmi fick 8 barn, varav 2 dog i ung \u00e5lder:<\/p>\n<h6>-Kalevi (f.1932) bosatt i Vasa, 1 barn<\/h6>\n<h6>-Eerik (f.1934) bosatt i Vasa, 3 barn<\/h6>\n<h6>-Mauno (f.1935 i B\u00f6tom- d\u00f6d i Kristinestad 2023) gift med Inga R\u00f6nnlund (f. i Lillsj\u00f6 1940-d\u00f6d i Kristinestad 2023), 2 barn.<\/h6>\n<h6>-Kaarina (f.1937) bosatt i Jurva, 2 barn<\/h6>\n<h6>-Eino (f.1942) flyttade till Sverige och dog d\u00e4r, 1 barn<\/h6>\n<h6>-Margit (f.1949 i Lillsj\u00f6)<\/h6>\n<p>&nbsp;<\/p>\n<p>Juho sk\u00f6tte det lilla hemmanet i Lillsj\u00f6 men han arbetade hela tiden ocks\u00e5 \u00e5t andra.<\/p>\n<p>D\u00e5 familjen Rintala flyttade till Lillsj\u00f6 var Mauno 13 \u00e5r gammal och han hade g\u00e5tt i skola i B\u00f6tom. Han fortsatte skolg\u00e5ngen i den <a href=\"https:\/\/www.lassebacklund.fi\/?page_id=3412\">finska folkskolan<\/a> som l\u00e5g n\u00e4ra <a href=\"https:\/\/www.lassebacklund.fi\/?page_id=1531\">Lillbron<\/a> i Dagsmark. Det var ocks\u00e5 Mauno (f. 1935) och hans hustru <a href=\"http:\/\/www.lassebacklund.fi\/?page_id=15107\">Inga R\u00f6nnlund<\/a> som sedan tog \u00f6ver g\u00e5rden och bosatte sig d\u00e4r.<\/p>\n<h5><strong>Sista boende var Einar Koivum\u00e4ki.<\/strong><\/h5>\n<p>\u00c5r 1971 k\u00f6pte Mauno och Inga Rintala en g\u00e5rd i Palon av Ingeborg Krook och flyttade dit.<\/p>\n<p><strong>\u00c5r 1972, den 31 augusti<\/strong> s\u00e5lde Mauno och Inga Rintala g\u00e5rdstomten p\u00e5 0,45 ha och sj\u00e4lva byggnaden f\u00f6r 5 000 mark \u00e5t \u201dDunderas Einar\u201d Koivum\u00e4ki. K\u00f6paren Eino Armas var f\u00f6dd och uppv\u00e4xt i granng\u00e5rden <a href=\"http:\/\/www.lassebacklund.fi\/?page_id=2052\">\u201dd\u00e4r Skaftung\u201d<\/a>. Han hade varit gift med Hilkka Marjatta Elom\u00e4ki, som var f\u00f6dd 1934 i Kannus. De skilde sig 1965 och deras barn stannade hos modern. Tomten som Einar br\u00f6t ut fr\u00e5n hemmanet Henberg fick namnet Karttila 5:208.<\/p>\n<p>Det var f\u00f6r \u00f6vrigt Einars syster Selma som \u00e4gde g\u00e5rden d\u00e4r Skaftung och eftersom den var i d\u00e5ligt skick, s\u00e5 ville Einar k\u00f6pa Rintalas g\u00e5rd, som var i b\u00e4ttre skick. Einar renoverade Rintalas g\u00e5rd och byggde till en farstukvist och satte in ett nytt stort f\u00f6nster mot g\u00e5rdssidan.<\/p>\n<p><strong>\u00c5r 1973, den 18 april<\/strong> s\u00e5lde Mauno Rintala markerna runt hemg\u00e5rden \u00e5t bonden Helge Hammarberg f\u00f6r 15 000 mark och de \u00e4r fortfarande i den sl\u00e4ktens \u00e4go.<\/p>\n<p>G\u00e5rdsbyggnaden som \u00e4r obebodd har i dag en \u00e4gare fr\u00e5n fr\u00e4mmande ort.<\/p>\n<h3><strong>\u00d6vrigt<\/strong><\/h3>\n<p><img loading=\"lazy\" decoding=\"async\" class=\"alignnone size-full wp-image-23670\" src=\"https:\/\/www.lassebacklund.fi\/wp-content\/uploads\/2025\/02\/Ambetsbetyg-Sigfrid-och-Signe-Granlund-scaled.jpg\" alt=\"\" width=\"1827\" height=\"2560\" srcset=\"https:\/\/www.lassebacklund.fi\/wp-content\/uploads\/2025\/02\/Ambetsbetyg-Sigfrid-och-Signe-Granlund-scaled.jpg 1827w, https:\/\/www.lassebacklund.fi\/wp-content\/uploads\/2025\/02\/Ambetsbetyg-Sigfrid-och-Signe-Granlund-214x300.jpg 214w, https:\/\/www.lassebacklund.fi\/wp-content\/uploads\/2025\/02\/Ambetsbetyg-Sigfrid-och-Signe-Granlund-731x1024.jpg 731w, https:\/\/www.lassebacklund.fi\/wp-content\/uploads\/2025\/02\/Ambetsbetyg-Sigfrid-och-Signe-Granlund-768x1076.jpg 768w, https:\/\/www.lassebacklund.fi\/wp-content\/uploads\/2025\/02\/Ambetsbetyg-Sigfrid-och-Signe-Granlund-1096x1536.jpg 1096w, https:\/\/www.lassebacklund.fi\/wp-content\/uploads\/2025\/02\/Ambetsbetyg-Sigfrid-och-Signe-Granlund-1462x2048.jpg 1462w\" sizes=\"auto, (max-width: 1827px) 100vw, 1827px\" \/><\/p>\n","protected":false},"excerpt":{"rendered":"<p>Sammanst\u00e4llt av Lasse Backlund i januari 2020, med hj\u00e4lp av Mauno Rintala.\u00a0 G\u00e5rdens historia. Den f\u00f6rsta delen av den h\u00e4r g\u00e5rden byggdes av Heikki Hemberg och hans hustru Ulrika och den skulle d\u00e5 ha st\u00e5tt h\u00f6gre upp p\u00e5 backen n\u00e4ra <a class=\"more-link\" href=\"https:\/\/www.lassebacklund.fi\/?page_id=15537\">Forts\u00e4tt l\u00e4sa <span class=\"screen-reader-text\">  Rintalas g\u00e5rd p\u00e5 Lillsj\u00f6lidv\u00e4gen 97<\/span><span class=\"meta-nav\">&rarr;<\/span><\/a><\/p>\n","protected":false},"author":1,"featured_media":0,"parent":2049,"menu_order":97,"comment_status":"closed","ping_status":"closed","template":"","meta":{"footnotes":""},"class_list":["post-15537","page","type-page","status-publish","hentry"],"_links":{"self":[{"href":"https:\/\/www.lassebacklund.fi\/index.php?rest_route=\/wp\/v2\/pages\/15537","targetHints":{"allow":["GET"]}}],"collection":[{"href":"https:\/\/www.lassebacklund.fi\/index.php?rest_route=\/wp\/v2\/pages"}],"about":[{"href":"https:\/\/www.lassebacklund.fi\/index.php?rest_route=\/wp\/v2\/types\/page"}],"author":[{"embeddable":true,"href":"https:\/\/www.lassebacklund.fi\/index.php?rest_route=\/wp\/v2\/users\/1"}],"replies":[{"embeddable":true,"href":"https:\/\/www.lassebacklund.fi\/index.php?rest_route=%2Fwp%2Fv2%2Fcomments&post=15537"}],"version-history":[{"count":23,"href":"https:\/\/www.lassebacklund.fi\/index.php?rest_route=\/wp\/v2\/pages\/15537\/revisions"}],"predecessor-version":[{"id":15539,"href":"https:\/\/www.lassebacklund.fi\/index.php?rest_route=\/wp\/v2\/pages\/15537\/revisions\/15539"}],"up":[{"embeddable":true,"href":"https:\/\/www.lassebacklund.fi\/index.php?rest_route=\/wp\/v2\/pages\/2049"}],"wp:attachment":[{"href":"https:\/\/www.lassebacklund.fi\/index.php?rest_route=%2Fwp%2Fv2%2Fmedia&parent=15537"}],"curies":[{"name":"wp","href":"https:\/\/api.w.org\/{rel}","templated":true}]}}