{"id":15435,"date":"2020-01-12T23:37:12","date_gmt":"2020-01-12T21:37:12","guid":{"rendered":"http:\/\/www.lassebacklund.fi\/?page_id=15435"},"modified":"2026-01-11T15:20:54","modified_gmt":"2026-01-11T13:20:54","slug":"birgitta-kyrkan","status":"publish","type":"page","link":"https:\/\/www.lassebacklund.fi\/?page_id=15435","title":{"rendered":"Birgitta kyrkan"},"content":{"rendered":"<figure id=\"attachment_15170\" aria-describedby=\"caption-attachment-15170\" style=\"width: 1201px\" class=\"wp-caption alignnone\"><img loading=\"lazy\" decoding=\"async\" class=\"size-full wp-image-15170\" src=\"http:\/\/www.lassebacklund.fi\/wp-content\/uploads\/2019\/12\/Birgittakyrkan-i-Lappfj\u00e4rd-WEB.jpg\" alt=\"\" width=\"1201\" height=\"795\" srcset=\"https:\/\/www.lassebacklund.fi\/wp-content\/uploads\/2019\/12\/Birgittakyrkan-i-Lappfj\u00e4rd-WEB.jpg 1201w, https:\/\/www.lassebacklund.fi\/wp-content\/uploads\/2019\/12\/Birgittakyrkan-i-Lappfj\u00e4rd-WEB-300x199.jpg 300w, https:\/\/www.lassebacklund.fi\/wp-content\/uploads\/2019\/12\/Birgittakyrkan-i-Lappfj\u00e4rd-WEB-768x508.jpg 768w, https:\/\/www.lassebacklund.fi\/wp-content\/uploads\/2019\/12\/Birgittakyrkan-i-Lappfj\u00e4rd-WEB-1024x678.jpg 1024w\" sizes=\"auto, (max-width: 1201px) 100vw, 1201px\" \/><figcaption id=\"caption-attachment-15170\" class=\"wp-caption-text\">En tavla med den gamla Birgittakyrkan finns i sakristian i Lappfj\u00e4rds kyrka. Texten under kyrkan tyds till: &#8221;Utsigt af S\u00f6dra sidan af Lappfjerds gamla kyrka Birgitta kallad; vesterska gamla delen byggd 1666. Tillbyggnad 1761. Tavlan \u00e4r signerad &#8221;18 5\/9 56 G.S.&#8221;<\/figcaption><\/figure>\n<p><span style=\"color: #000080;\"><strong>Sammanst\u00e4llt av Lasse Backlund i januari 2020. Om du vill l\u00e4sa och se foton p\u00e5 de 6 helgonfigurerna och krucifixet fr\u00e5n Birgittakyrkan, s\u00e5 skall du klicka <a style=\"color: #000080;\" href=\"http:\/\/www.lassebacklund.fi\/?page_id=15452\"><span style=\"text-decoration: underline;\">H\u00c4R!<\/span><\/a><\/strong><\/span><\/p>\n<p><span style=\"color: #000080;\"><strong>Om du vill l\u00e4sa om den sista predikan som h\u00f6lls i Birgitta kyrkan \u00e5r 1851, s\u00e5 skall du klicka <a style=\"color: #000080;\" href=\"http:\/\/www.lassebacklund.fi\/?page_id=7823\"><span style=\"text-decoration: underline;\">H\u00c4R!<\/span><\/a><\/strong><\/span><\/p>\n<p><span style=\"color: #000080;\"><strong>Om du vill se KrsTV:s film om kyrkorna i Lappfj\u00e4rd, s\u00e5 skall du klicka p\u00e5<\/strong><\/span> <a href=\"https:\/\/www.youtube.com\/watch?v=2sTP1KNHBV8\">Kyrkorna i Kristinestad. Del 1 av 2 | Kristinestads historia ep 2.<\/a><\/p>\n<h3><strong>Birgitta kyrkas historia<\/strong><\/h3>\n<p>De flesta historiker \u00e4r \u00f6verens om att den gamla Birgitta kyrkan i Lappfj\u00e4rd byggdes \u00e5r 1666 och att det d\u00e5 skulle ha varit socknens andra kyrkobyggnad. P\u00e5 en tavla i Lappfj\u00e4rds kyrkas sakristia d\u00e4r Birgitta kyrkan \u00e4r avbildad st\u00e5r det ocks\u00e5 att den \u00e4r byggd \u00e5r 1666 och tillbyggd 1761. D\u00e4remot \u00e4r det allm\u00e4nt oklart var det f\u00f6rsta kapellet eller kyrkobyggnaden skulle ha funnits i Lappfj\u00e4rd. Ingen vet heller hur den skulle ha sett ut eller hur stor den var.\u00a0 I b\u00f6rjan av 1600-talet var f\u00f6rsamlingen liten, uppskattningsvis fanns det 360 fullvuxna medlemmar. Detaljerade uppgifter om denna kyrka kan inte f\u00e5s, eftersom kyrkans protokoll b\u00f6rjar f\u00f6rst fr\u00e5n \u00e5r 1738.<\/p>\n<p>Trots att s\u00e4kra uppgifter om kyrkans tillkomst fattas, s\u00e5 antecknades det vid biskopsvisitationen \u00e5r 1738 att Lappfj\u00e4rds sockenkyrka, Birgitta vid namn \u00e4r andra g\u00e5ngen uppbyggd \u00e5r 1666. D\u00e4r st\u00e5r ocks\u00e5 att den skulle ha blivit inv\u00e4ndigt m\u00e5lad genom Hauptmannens Peer J\u00f6nsson Kalms bekostnad \u00e5r 1668.<\/p>\n<p>Kyrkom\u00e5lningen med bottenplanen \u00e4r allts\u00e5 signerad 5 september 1856. Det var kyrkost\u00e4mman som den 6 juni 1856 best\u00e4mde att kyrkan kunde rivas men \u201d<em>att en Ritning skall tagas af gamla kyrkan och f\u00f6rvaras \u00e5 lempeligt st\u00e4lle; \u00e4fvensom att en sten, cirka tre alnar l\u00e5ng ofvan jord upprese der hvarest altaret nu st\u00e5r och f\u00f6rses med insription\u201d:<\/em><\/p>\n<p>P\u00e5 en annat st\u00e4lle i Lappfj\u00e4rds kyrkas sakristia finns det en tavla till p\u00e5 en lite undanskymd plats. Den tavlan visar hur gravg\u00e5rden och kyrkan skulle ha varit placerade. I tavlans h\u00f6gra kant finns en text, som \u00e4r s\u00e5 urblekt att den \u00e4r sv\u00e5r att m\u00e4rka och \u00e4nnu sv\u00e5rare att l\u00e4sa. Texten lyder: &#8221;Med grundplan av den \u00e5r 1856 f\u00f6rst\u00f6rda kyrkan, h\u00e4rstammande av en gammal medeltidskyrka &#8221;S:nt Birgitta&#8221; som fr\u00e5n \u00e5r 1594 fungerade som sockenkyrka, ombyggdes och utvidgades \u00e5r 1666 samt ytterligare \u00e5r 1761&#8243;.<\/p>\n<p>F\u00f6rsamlingens r\u00e4kenskaper kan f\u00f6ljas fr\u00e5n \u00e5r 1732 och \u00e5r 1735 st\u00e5r det att kyrkan genomg\u00e5tt en st\u00f6rre reparation under ledning av Johan Simonsson Knubb. Det var d\u00e5 som kyrkan fick sin br\u00e4dfodring och kanske ocks\u00e5 nya f\u00f6nster.<\/p>\n<figure id=\"attachment_15442\" aria-describedby=\"caption-attachment-15442\" style=\"width: 928px\" class=\"wp-caption alignnone\"><img loading=\"lazy\" decoding=\"async\" class=\"size-full wp-image-15442\" src=\"http:\/\/www.lassebacklund.fi\/wp-content\/uploads\/2020\/01\/Gravg\u00e5rden-p\u00e5-Birgitta-tavla-i-sakristian.jpg\" alt=\"\" width=\"928\" height=\"645\" srcset=\"https:\/\/www.lassebacklund.fi\/wp-content\/uploads\/2020\/01\/Gravg\u00e5rden-p\u00e5-Birgitta-tavla-i-sakristian.jpg 928w, https:\/\/www.lassebacklund.fi\/wp-content\/uploads\/2020\/01\/Gravg\u00e5rden-p\u00e5-Birgitta-tavla-i-sakristian-300x209.jpg 300w, https:\/\/www.lassebacklund.fi\/wp-content\/uploads\/2020\/01\/Gravg\u00e5rden-p\u00e5-Birgitta-tavla-i-sakristian-768x534.jpg 768w\" sizes=\"auto, (max-width: 928px) 100vw, 928px\" \/><figcaption id=\"caption-attachment-15442\" class=\"wp-caption-text\">P\u00e5 en lite undanskymd plats i Lappfj\u00e4rds kyrkas sakristia finns denna urblekta tavla, ritad av en ok\u00e4nd konstn\u00e4r. Tavlan visar hur gravg\u00e5rden vid S:nt Birgittakyrka hade sett ut och vilka planteringar som fanns d\u00e4r. I h\u00f6gra kanten finns en text, som \u00e4r s\u00e5 gott som ol\u00e4sbar eftersom den helt bleknat bort. D\u00e4r s\u00e4gs dock att kyrkan byggdes f\u00f6rsta g\u00e5ngen \u00e5r 1594.<\/figcaption><\/figure>\n<p>Enligt denna tavla skulle den f\u00f6rsta kyrkan i Lappfj\u00e4rd ha byggts \u00e5r 1594, allts\u00e5 samma \u00e5r som kapellf\u00f6rsamlingen grundades. Den skulle med andra ord ha st\u00e5tt p\u00e5 samma st\u00e4lle som den Birgitta kyrka som revs \u00e5r 1856. Det h\u00e4r l\u00e5ter ocks\u00e5 troligt, f\u00f6r i slutet av 1500-talet n\u00e5dde havskusten n\u00e4stan \u00e4nda upp till denna plats.<\/p>\n<figure id=\"attachment_15439\" aria-describedby=\"caption-attachment-15439\" style=\"width: 1907px\" class=\"wp-caption alignnone\"><img loading=\"lazy\" decoding=\"async\" class=\"size-full wp-image-15439\" src=\"http:\/\/www.lassebacklund.fi\/wp-content\/uploads\/2020\/01\/Birgitta-kyrkan-WEB-enligt-Rurik-Nylund-ota146_foto_1067.jpg\" alt=\"\" width=\"1907\" height=\"989\" srcset=\"https:\/\/www.lassebacklund.fi\/wp-content\/uploads\/2020\/01\/Birgitta-kyrkan-WEB-enligt-Rurik-Nylund-ota146_foto_1067.jpg 1907w, https:\/\/www.lassebacklund.fi\/wp-content\/uploads\/2020\/01\/Birgitta-kyrkan-WEB-enligt-Rurik-Nylund-ota146_foto_1067-300x156.jpg 300w, https:\/\/www.lassebacklund.fi\/wp-content\/uploads\/2020\/01\/Birgitta-kyrkan-WEB-enligt-Rurik-Nylund-ota146_foto_1067-768x398.jpg 768w, https:\/\/www.lassebacklund.fi\/wp-content\/uploads\/2020\/01\/Birgitta-kyrkan-WEB-enligt-Rurik-Nylund-ota146_foto_1067-1024x531.jpg 1024w\" sizes=\"auto, (max-width: 1907px) 100vw, 1907px\" \/><figcaption id=\"caption-attachment-15439\" class=\"wp-caption-text\">Amat\u00f6rarkeologen Rurik Nylund skissade upp denna bild av hur Birgitta kyrka hade sett ut i tiderna. N\u00e4rmast landsv\u00e4gen stod klockstapeln och sockenstugan. Det \u00e4r fullt m\u00f6jligt att det \u00e4r denna sockenstuga, som i tiderna byggdes som kapell \u00e5r 1594, allts\u00e5 det \u00e5r d\u00e5 Lappfj\u00e4rd blev en kapellf\u00f6rsamling under N\u00e4rpes f\u00f6rsamling. Det skulle ju f\u00f6rklara varf\u00f6r biskopen vid invigningen 1666 yttrade att den gamla kyrkan fortfarande st\u00e5r kvar. I Lappfj\u00e4rd skulle det ocks\u00e5 ha funnits flera stall f\u00f6r kyrkobes\u00f6karnas h\u00e4star och de syns p\u00e5 Ruriks skiss till v\u00e4nster.<\/figcaption><\/figure>\n<p>P\u00e5 skissen h\u00e4r ovanf\u00f6r har Rurik Nylund ritat in \u00f6ppningar i stenmuren och g\u00e5ngar, en fr\u00e5n kyrkstallsh\u00e5llet och den andra mellan klockstapeln och sockenstugan. N\u00e5gra s\u00e5dana g\u00e5ngar fanns knappast, f\u00f6r p\u00e5 den h\u00e4r tiden fanns det nog inga\u00a0 \u00f6ppningar i stenmuren. Enda s\u00e4ttet att ta sig in i kyrkan och till begravningsplatsen var via ing\u00e5ngen i klockstapeln.<\/p>\n<figure id=\"attachment_15441\" aria-describedby=\"caption-attachment-15441\" style=\"width: 1061px\" class=\"wp-caption alignnone\"><img loading=\"lazy\" decoding=\"async\" class=\"size-full wp-image-15441\" src=\"http:\/\/www.lassebacklund.fi\/wp-content\/uploads\/2020\/01\/Birgittas-situationsplan-fr\u00e5n-1760.jpg\" alt=\"\" width=\"1061\" height=\"980\" srcset=\"https:\/\/www.lassebacklund.fi\/wp-content\/uploads\/2020\/01\/Birgittas-situationsplan-fr\u00e5n-1760.jpg 1061w, https:\/\/www.lassebacklund.fi\/wp-content\/uploads\/2020\/01\/Birgittas-situationsplan-fr\u00e5n-1760-300x277.jpg 300w, https:\/\/www.lassebacklund.fi\/wp-content\/uploads\/2020\/01\/Birgittas-situationsplan-fr\u00e5n-1760-768x709.jpg 768w, https:\/\/www.lassebacklund.fi\/wp-content\/uploads\/2020\/01\/Birgittas-situationsplan-fr\u00e5n-1760-1024x946.jpg 1024w\" sizes=\"auto, (max-width: 1061px) 100vw, 1061px\" \/><figcaption id=\"caption-attachment-15441\" class=\"wp-caption-text\">I Lappfj\u00e4rds Historias andra del finns denna skiss, som visar hur situationsplanen hade sett ut \u00e5r 1760. Ett 30-tal kyrkstall skulle det funnits enligt denna plan. I s\u00f6dra h\u00f6rnet av kyrkog\u00e5rden n\u00e4ra landsv\u00e4gen stod sockenstugan, f\u00f6ljande byggnad \u00f6sterut \u00e4r det gamla vapenhuset som sedan blev klockstapel och i det \u00f6stra h\u00f6rnet finns benkammaren.<\/figcaption><\/figure>\n<figure id=\"attachment_15440\" aria-describedby=\"caption-attachment-15440\" style=\"width: 1929px\" class=\"wp-caption alignnone\"><img loading=\"lazy\" decoding=\"async\" class=\"size-full wp-image-15440\" src=\"http:\/\/www.lassebacklund.fi\/wp-content\/uploads\/2020\/01\/Birgitta-kyrktavlas-nedre-del-WEB.jpg\" alt=\"\" width=\"1929\" height=\"927\" srcset=\"https:\/\/www.lassebacklund.fi\/wp-content\/uploads\/2020\/01\/Birgitta-kyrktavlas-nedre-del-WEB.jpg 1929w, https:\/\/www.lassebacklund.fi\/wp-content\/uploads\/2020\/01\/Birgitta-kyrktavlas-nedre-del-WEB-300x144.jpg 300w, https:\/\/www.lassebacklund.fi\/wp-content\/uploads\/2020\/01\/Birgitta-kyrktavlas-nedre-del-WEB-768x369.jpg 768w, https:\/\/www.lassebacklund.fi\/wp-content\/uploads\/2020\/01\/Birgitta-kyrktavlas-nedre-del-WEB-1024x492.jpg 1024w\" sizes=\"auto, (max-width: 1929px) 100vw, 1929px\" \/><figcaption id=\"caption-attachment-15440\" class=\"wp-caption-text\">P\u00e5 en tavla i Lappfj\u00e4rds kyrkas sakristia finns denna bottenplan av Birgitta kyrkan. D\u00e4r st\u00e5r det att den var ca 37,60 m l\u00e5ng (62 alnar och 18 tum), 10,70 m bred (17 alnar och 21 tum), h\u00f6jden \u00f6ver stenfoten 14,50 m (24 alnar och 6 tum). P\u00e5 1700-talet byggdes det l\u00e4ktare \u00f6ver den bakre delen av kyrkan. Kyrkan hade ingen uppv\u00e4rmning men i sakristian bakom kyrkan fanns en spis.<\/figcaption><\/figure>\n<figure id=\"attachment_15444\" aria-describedby=\"caption-attachment-15444\" style=\"width: 4032px\" class=\"wp-caption alignnone\"><img loading=\"lazy\" decoding=\"async\" class=\"size-full wp-image-15444\" src=\"http:\/\/www.lassebacklund.fi\/wp-content\/uploads\/2020\/01\/Tavla-ovanf\u00f6r-\u00f6stra-d\u00f6rren-i-Birgittakyrkan.jpg\" alt=\"\" width=\"4032\" height=\"3024\" srcset=\"https:\/\/www.lassebacklund.fi\/wp-content\/uploads\/2020\/01\/Tavla-ovanf\u00f6r-\u00f6stra-d\u00f6rren-i-Birgittakyrkan.jpg 4032w, https:\/\/www.lassebacklund.fi\/wp-content\/uploads\/2020\/01\/Tavla-ovanf\u00f6r-\u00f6stra-d\u00f6rren-i-Birgittakyrkan-300x225.jpg 300w, https:\/\/www.lassebacklund.fi\/wp-content\/uploads\/2020\/01\/Tavla-ovanf\u00f6r-\u00f6stra-d\u00f6rren-i-Birgittakyrkan-768x576.jpg 768w, https:\/\/www.lassebacklund.fi\/wp-content\/uploads\/2020\/01\/Tavla-ovanf\u00f6r-\u00f6stra-d\u00f6rren-i-Birgittakyrkan-1024x768.jpg 1024w\" sizes=\"auto, (max-width: 4032px) 100vw, 4032px\" \/><figcaption id=\"caption-attachment-15444\" class=\"wp-caption-text\">I s\u00f6dra koret i Lappfj\u00e4rds kyrka finns denna relativt stora skylt med texten: <strong>LAPPFJ\u00c4RDS MODERKYRKA BRIGITA Kallad. Upbygd \u00e5r 1666, under Glor w\u00f6rdigst i \u00e5minnelse, KONUNG CARL XI regering. F\u00f6rl\u00e4ngd till 1\/3 deln samt illuminerad \u00e5r 1761, under H\u00f6gstsalig I \u00e5minnelse, KONUNG ADOLPH FRIEDRIGHS regering.<\/strong> Skylten skulle enligt skrifterna ha funnits ovanf\u00f6r den \u00f6stra d\u00f6rren. N\u00e5gon d\u00f6rr mot \u00f6ster fanns ju inte, d\u00e4remot en mot s\u00f6der och en annan mot v\u00e4ster.<\/figcaption><\/figure>\n<figure id=\"attachment_17288\" aria-describedby=\"caption-attachment-17288\" style=\"width: 1885px\" class=\"wp-caption alignnone\"><img loading=\"lazy\" decoding=\"async\" class=\"size-full wp-image-17288\" src=\"http:\/\/www.lassebacklund.fi\/wp-content\/uploads\/2020\/07\/IMG_1754-scaled.jpg\" alt=\"\" width=\"1885\" height=\"2560\" srcset=\"https:\/\/www.lassebacklund.fi\/wp-content\/uploads\/2020\/07\/IMG_1754-scaled.jpg 1885w, https:\/\/www.lassebacklund.fi\/wp-content\/uploads\/2020\/07\/IMG_1754-221x300.jpg 221w, https:\/\/www.lassebacklund.fi\/wp-content\/uploads\/2020\/07\/IMG_1754-754x1024.jpg 754w, https:\/\/www.lassebacklund.fi\/wp-content\/uploads\/2020\/07\/IMG_1754-768x1043.jpg 768w, https:\/\/www.lassebacklund.fi\/wp-content\/uploads\/2020\/07\/IMG_1754-1131x1536.jpg 1131w, https:\/\/www.lassebacklund.fi\/wp-content\/uploads\/2020\/07\/IMG_1754-1508x2048.jpg 1508w\" sizes=\"auto, (max-width: 1885px) 100vw, 1885px\" \/><figcaption id=\"caption-attachment-17288\" class=\"wp-caption-text\">Spiran fr\u00e5n Birgitta gamla kyrka finns bevarad och kan ses i den s\u00f6dra armen i Lappfj\u00e4rds kyrka. \u00c5rtalet 1771 \u00e4r klart och tydligt.<\/figcaption><\/figure>\n<figure id=\"attachment_17287\" aria-describedby=\"caption-attachment-17287\" style=\"width: 1635px\" class=\"wp-caption alignnone\"><img loading=\"lazy\" decoding=\"async\" class=\"size-full wp-image-17287\" src=\"http:\/\/www.lassebacklund.fi\/wp-content\/uploads\/2020\/07\/IMG_1752-scaled.jpg\" alt=\"\" width=\"1635\" height=\"2560\" srcset=\"https:\/\/www.lassebacklund.fi\/wp-content\/uploads\/2020\/07\/IMG_1752-scaled.jpg 1635w, https:\/\/www.lassebacklund.fi\/wp-content\/uploads\/2020\/07\/IMG_1752-192x300.jpg 192w, https:\/\/www.lassebacklund.fi\/wp-content\/uploads\/2020\/07\/IMG_1752-654x1024.jpg 654w, https:\/\/www.lassebacklund.fi\/wp-content\/uploads\/2020\/07\/IMG_1752-768x1202.jpg 768w, https:\/\/www.lassebacklund.fi\/wp-content\/uploads\/2020\/07\/IMG_1752-981x1536.jpg 981w, https:\/\/www.lassebacklund.fi\/wp-content\/uploads\/2020\/07\/IMG_1752-1308x2048.jpg 1308w\" sizes=\"auto, (max-width: 1635px) 100vw, 1635px\" \/><figcaption id=\"caption-attachment-17287\" class=\"wp-caption-text\">Altartavlan fr\u00e5n Birgittakyrkan h\u00e4nger i den s\u00f6dra armen i kyrkan i Lappfj\u00e4rd. Den \u00e4r 2 meter h\u00f6g och kanske 80 cm bred.<\/figcaption><\/figure>\n<figure id=\"attachment_17289\" aria-describedby=\"caption-attachment-17289\" style=\"width: 1959px\" class=\"wp-caption alignnone\"><img loading=\"lazy\" decoding=\"async\" class=\"size-full wp-image-17289\" src=\"http:\/\/www.lassebacklund.fi\/wp-content\/uploads\/2020\/07\/IMG_1755-scaled.jpg\" alt=\"\" width=\"1959\" height=\"2560\" srcset=\"https:\/\/www.lassebacklund.fi\/wp-content\/uploads\/2020\/07\/IMG_1755-scaled.jpg 1959w, https:\/\/www.lassebacklund.fi\/wp-content\/uploads\/2020\/07\/IMG_1755-230x300.jpg 230w, https:\/\/www.lassebacklund.fi\/wp-content\/uploads\/2020\/07\/IMG_1755-783x1024.jpg 783w, https:\/\/www.lassebacklund.fi\/wp-content\/uploads\/2020\/07\/IMG_1755-768x1004.jpg 768w, https:\/\/www.lassebacklund.fi\/wp-content\/uploads\/2020\/07\/IMG_1755-1175x1536.jpg 1175w, https:\/\/www.lassebacklund.fi\/wp-content\/uploads\/2020\/07\/IMG_1755-1567x2048.jpg 1567w\" sizes=\"auto, (max-width: 1959px) 100vw, 1959px\" \/><figcaption id=\"caption-attachment-17289\" class=\"wp-caption-text\">Denna tv\u00e5spr\u00e5kiga tavla flyttades fr\u00e5n Birgittakyrkan till den nya kyrkan, d\u00e4r den kan ses i det s\u00f6dra koret.<\/figcaption><\/figure>\n<figure id=\"attachment_17290\" aria-describedby=\"caption-attachment-17290\" style=\"width: 1568px\" class=\"wp-caption alignnone\"><img loading=\"lazy\" decoding=\"async\" class=\"size-full wp-image-17290\" src=\"http:\/\/www.lassebacklund.fi\/wp-content\/uploads\/2020\/07\/IMG_1756-scaled.jpg\" alt=\"\" width=\"1568\" height=\"2560\" srcset=\"https:\/\/www.lassebacklund.fi\/wp-content\/uploads\/2020\/07\/IMG_1756-scaled.jpg 1568w, https:\/\/www.lassebacklund.fi\/wp-content\/uploads\/2020\/07\/IMG_1756-184x300.jpg 184w, https:\/\/www.lassebacklund.fi\/wp-content\/uploads\/2020\/07\/IMG_1756-627x1024.jpg 627w, https:\/\/www.lassebacklund.fi\/wp-content\/uploads\/2020\/07\/IMG_1756-768x1254.jpg 768w, https:\/\/www.lassebacklund.fi\/wp-content\/uploads\/2020\/07\/IMG_1756-941x1536.jpg 941w, https:\/\/www.lassebacklund.fi\/wp-content\/uploads\/2020\/07\/IMG_1756-1255x2048.jpg 1255w\" sizes=\"auto, (max-width: 1568px) 100vw, 1568px\" \/><figcaption id=\"caption-attachment-17290\" class=\"wp-caption-text\">Enligt Lappfj\u00e4rds historia, del 1 sid 57 skulle denna tavla ha varit uppsatt i benkammaren vid den gamla kyrkan. Benkammaren var en liten byggnad i det \u00f6stra h\u00f6rnet av stenmuren och dit kastades de ben av gamla lik, som kom fram d\u00e5 man gr\u00e4vde nya gravar. Tavlan som \u00e4r mycket stor finns nu i Lappfj\u00e4rds kyrka och texten riktar sig till en vandringsman.<\/figcaption><\/figure>\n<p>I Svenska \u00d6sterbottens Historia del 5, st\u00e5r det att denna svarta tavla med vit text har varit placerad ovanf\u00f6r den v\u00e4stra d\u00f6rren, vilket l\u00e5ter mera troligt. Enligt samma bok s\u00e5 skulle tavlan ha anskaffats \u00e5r 1782.<\/p>\n<figure id=\"attachment_17354\" aria-describedby=\"caption-attachment-17354\" style=\"width: 1920px\" class=\"wp-caption alignnone\"><img loading=\"lazy\" decoding=\"async\" class=\"size-full wp-image-17354\" src=\"http:\/\/www.lassebacklund.fi\/wp-content\/uploads\/2020\/07\/Birgitta-begravningsplats-monument-2-scaled.jpg\" alt=\"\" width=\"1920\" height=\"2560\" srcset=\"https:\/\/www.lassebacklund.fi\/wp-content\/uploads\/2020\/07\/Birgitta-begravningsplats-monument-2-scaled.jpg 1920w, https:\/\/www.lassebacklund.fi\/wp-content\/uploads\/2020\/07\/Birgitta-begravningsplats-monument-2-225x300.jpg 225w, https:\/\/www.lassebacklund.fi\/wp-content\/uploads\/2020\/07\/Birgitta-begravningsplats-monument-2-768x1024.jpg 768w, https:\/\/www.lassebacklund.fi\/wp-content\/uploads\/2020\/07\/Birgitta-begravningsplats-monument-2-1152x1536.jpg 1152w, https:\/\/www.lassebacklund.fi\/wp-content\/uploads\/2020\/07\/Birgitta-begravningsplats-monument-2-1536x2048.jpg 1536w\" sizes=\"auto, (max-width: 1920px) 100vw, 1920px\" \/><figcaption id=\"caption-attachment-17354\" class=\"wp-caption-text\">Den h\u00e4r minnesstenen restes \u00e5r 1956 p\u00e5 det st\u00e4lle d\u00e4r altaret fanns i den gamla kyrka. Stenen av r\u00f6d granit \u00e4r designad av den k\u00e4nda konstn\u00e4ren Ilmari Wirkkala. Den \u00e4r f\u00f6rsedd med texten: H\u00e4r har Lappfj\u00e4rds kyrka Sanct Birgitta st\u00e5tt till \u00e5r 1856. Ifr\u00e5n gr\u00e5a medeltiden har f\u00f6rsamlingen blivit h\u00e4r delaktig av den heliga lekamen och fr\u00e5n rangen av sockenkyrka \u00e5r 1594 ombyggd \u00e5r 1666 samt ytterligare utvidgad \u00e5r 1761, har i dess h\u00e4gn 15 140 personer f\u00e5tt sin sista vilostad.<\/figcaption><\/figure>\n<figure id=\"attachment_15446\" aria-describedby=\"caption-attachment-15446\" style=\"width: 1384px\" class=\"wp-caption alignnone\"><img loading=\"lazy\" decoding=\"async\" class=\"size-full wp-image-15446\" src=\"http:\/\/www.lassebacklund.fi\/wp-content\/uploads\/2020\/01\/Kyrktimmer\u00e5sen.jpg\" alt=\"\" width=\"1384\" height=\"798\" srcset=\"https:\/\/www.lassebacklund.fi\/wp-content\/uploads\/2020\/01\/Kyrktimmer\u00e5sen.jpg 1384w, https:\/\/www.lassebacklund.fi\/wp-content\/uploads\/2020\/01\/Kyrktimmer\u00e5sen-300x173.jpg 300w, https:\/\/www.lassebacklund.fi\/wp-content\/uploads\/2020\/01\/Kyrktimmer\u00e5sen-768x443.jpg 768w, https:\/\/www.lassebacklund.fi\/wp-content\/uploads\/2020\/01\/Kyrktimmer\u00e5sen-1024x590.jpg 1024w\" sizes=\"auto, (max-width: 1384px) 100vw, 1384px\" \/><figcaption id=\"caption-attachment-15446\" class=\"wp-caption-text\">D\u00e5 Birgitta kyrkan byggdes \u00e5r 1666 togs timret fr\u00e5n Kyrktimmer\u00e5sen i Dagsmark. Omr\u00e5det som syns mitt p\u00e5 kartan ligger mellan Lillsj\u00f6 och kommunr\u00e5n mot Stor\u00e5.<\/figcaption><\/figure>\n<p>Flera historiker har f\u00f6rundrat sig \u00f6ver att det i tiderna byggdes en kyrka p\u00e5 s\u00e5 d\u00e5lig och l\u00e5g mark, att den med tiden sj\u00f6nk ner i marken. Marken var nog l\u00e5g men kyrkan sj\u00f6nk nog inte mycket ner i marken. D\u00e4remot steg marken runt omkring kyrkan p\u00e5 grund av att det begravdes mer \u00e4n 15 000 m\u00e4nniskor p\u00e5 begravningsplatsen.<\/p>\n<h3><strong>Kyrkan rivs<\/strong><\/h3>\n<p>P\u00e5 en sockenst\u00e4mma 6 juli 1856 f\u00f6reslog t.f. kyrkoherden Ignatius att den gamla kyrkobyggnaden skulle rivas f\u00f6r att p\u00e5 det s\u00e4ttet f\u00e5 mera utrymme f\u00f6r begravningsplatsen. Deltagarna samtyckte och \u00f6nskade att en del av virket skulle anv\u00e4ndas vid uppf\u00f6randet av sockenmagasinet p\u00e5 Mangsbackan invid den nybyggda kyrkan. Resten av virket kunde s\u00e4ljas p\u00e5 auktion. Domkapitlet godk\u00e4nde rivningen och vid visitationen i september 1857 kunde \u00e4rkebiskopen och assessorerna &#8221;\u00e5se f\u00f6r\u00f6delsen&#8221;.<\/p>\n<p>St\u00f6rsta delen av stockarna fr\u00e5n den gamla Birgitta kyrkan anv\u00e4ndes allts\u00e5 d\u00e5 sockenmagasinet byggdes p\u00e5 Mangsbackan. Den byggnad som i tiderna kallades &#8221;Radio Kaf\u00e9&#8221; var ocks\u00e5 byggt av det gamla kyrktimret. H\u00f6gst troligt var sakristian byggd av sten eller tegel eftersom den l\u00e4nge stod kvar, d\u00e5 allt annat var rivet. Detta enligt en biskopsvisitation p\u00e5 1860-talet.<\/p>\n","protected":false},"excerpt":{"rendered":"<p>Sammanst\u00e4llt av Lasse Backlund i januari 2020. Om du vill l\u00e4sa och se foton p\u00e5 de 6 helgonfigurerna och krucifixet fr\u00e5n Birgittakyrkan, s\u00e5 skall du klicka H\u00c4R! Om du vill l\u00e4sa om den sista predikan som h\u00f6lls i Birgitta kyrkan <a class=\"more-link\" href=\"https:\/\/www.lassebacklund.fi\/?page_id=15435\">Forts\u00e4tt l\u00e4sa <span class=\"screen-reader-text\">  Birgitta kyrkan<\/span><span class=\"meta-nav\">&rarr;<\/span><\/a><\/p>\n","protected":false},"author":1,"featured_media":0,"parent":7821,"menu_order":3,"comment_status":"closed","ping_status":"closed","template":"","meta":{"footnotes":""},"class_list":["post-15435","page","type-page","status-publish","hentry"],"_links":{"self":[{"href":"https:\/\/www.lassebacklund.fi\/index.php?rest_route=\/wp\/v2\/pages\/15435","targetHints":{"allow":["GET"]}}],"collection":[{"href":"https:\/\/www.lassebacklund.fi\/index.php?rest_route=\/wp\/v2\/pages"}],"about":[{"href":"https:\/\/www.lassebacklund.fi\/index.php?rest_route=\/wp\/v2\/types\/page"}],"author":[{"embeddable":true,"href":"https:\/\/www.lassebacklund.fi\/index.php?rest_route=\/wp\/v2\/users\/1"}],"replies":[{"embeddable":true,"href":"https:\/\/www.lassebacklund.fi\/index.php?rest_route=%2Fwp%2Fv2%2Fcomments&post=15435"}],"version-history":[{"count":29,"href":"https:\/\/www.lassebacklund.fi\/index.php?rest_route=\/wp\/v2\/pages\/15435\/revisions"}],"predecessor-version":[{"id":25421,"href":"https:\/\/www.lassebacklund.fi\/index.php?rest_route=\/wp\/v2\/pages\/15435\/revisions\/25421"}],"up":[{"embeddable":true,"href":"https:\/\/www.lassebacklund.fi\/index.php?rest_route=\/wp\/v2\/pages\/7821"}],"wp:attachment":[{"href":"https:\/\/www.lassebacklund.fi\/index.php?rest_route=%2Fwp%2Fv2%2Fmedia&parent=15435"}],"curies":[{"name":"wp","href":"https:\/\/api.w.org\/{rel}","templated":true}]}}