{"id":1531,"date":"2016-10-26T20:35:55","date_gmt":"2016-10-26T18:35:55","guid":{"rendered":"http:\/\/www.lassebacklund.fi\/?page_id=1531"},"modified":"2026-03-20T19:18:37","modified_gmt":"2026-03-20T17:18:37","slug":"lillbron-i-dagsmark","status":"publish","type":"page","link":"https:\/\/www.lassebacklund.fi\/?page_id=1531","title":{"rendered":"Lillbron i Dagsmark"},"content":{"rendered":"<p><span style=\"color: #000080;\"><strong>Sammanst\u00e4llt av Lasse Backlund 2015<\/strong>.<\/span><\/p>\n<p>A-Sidon och S\u00e5nan var i tiderna en og\u00e4stv\u00e4nlig trakt helt utan bebyggelse. Bymossen bredde ut sig fr\u00e5n Ris\u00e5sen till Kvarn\u00e5 och det fanns n\u00e4stan inga odlingsbara omr\u00e5den. Till p\u00e5 k\u00f6pet var det mycket sv\u00e5rt att ta sig till den andra sidan eftersom det saknades bro \u00f6ver Lill\u00e5n. Nedanf\u00f6r Byin s\u00e5 fanns visserligen en vinterv\u00e4g v\u00e4ster om Gamla forsen, s\u00e5 \u00e5tminstone vintertid gick det att med h\u00e4st k\u00f6ra fr\u00e5n Dagsmark upp till Korsb\u00e4ck l\u00e4ngs Gamla v\u00e4gen, som b\u00f6rjar ungef\u00e4r \u201df\u00f6 Rebeck elder f\u00f6 Pelas-Gunnaras\u201d.<\/p>\n<p>De f\u00f6rsta inv\u00e5narna som flyttade till A-Sidon var troligen bonden Lars Larsson Lillkull (1729-1815) som med sin familj flyttade fr\u00e5n Stor\u00e5krin i Byin i samband med det f\u00f6rsta storskiftet i slutet p\u00e5 1700-talet. Lars Larsson var ingift i Lillkulls sl\u00e4kt och byggde en g\u00e5rd p\u00e5 A-Sidon n\u00e4ra nuvarande Lillbron.<\/p>\n<figure id=\"attachment_1518\" aria-describedby=\"caption-attachment-1518\" style=\"width: 1076px\" class=\"wp-caption aligncenter\"><img loading=\"lazy\" decoding=\"async\" class=\"size-full wp-image-1518\" src=\"http:\/\/www.lassebacklund.fi\/wp-content\/uploads\/2016\/10\/1-12.jpg\" alt=\"P\u00e5 denna karta syns det bra var Lars Larsson Lillkull hemman nr 9 fanns f\u00f6re han flyttade till A-Sidon. P\u00e5 den gamla kartan ser vi ocks\u00e5 att s\u00e5 gott som hela A-sidon \u00e4r skogsmark och att inga v\u00e4gar finns.\" width=\"1076\" height=\"1095\" srcset=\"https:\/\/www.lassebacklund.fi\/wp-content\/uploads\/2016\/10\/1-12.jpg 1076w, https:\/\/www.lassebacklund.fi\/wp-content\/uploads\/2016\/10\/1-12-295x300.jpg 295w, https:\/\/www.lassebacklund.fi\/wp-content\/uploads\/2016\/10\/1-12-768x782.jpg 768w, https:\/\/www.lassebacklund.fi\/wp-content\/uploads\/2016\/10\/1-12-1006x1024.jpg 1006w\" sizes=\"auto, (max-width: 1076px) 100vw, 1076px\" \/><figcaption id=\"caption-attachment-1518\" class=\"wp-caption-text\">P\u00e5 denna karta syns det bra var Lars Larsson Lillkull hemman nr 9 fanns f\u00f6re han flyttade till A-Sidon. P\u00e5 den gamla kartan ser vi ocks\u00e5 att s\u00e5 gott som hela A-sidon \u00e4r skogsmark och att inga v\u00e4gar finns.<\/figcaption><\/figure>\n<p>Det var inget litet hemman som Lillkull odlade upp, efter n\u00e5gon tid var hemmanet hela 400 hektar stort, med andra n\u00e4stan hela A-Sidon. F\u00f6r att ta sig dit beh\u00f6vdes en ordentlig bro och m\u00f6jligtvis s\u00e5 var det n\u00e5gon Lillkullare som byggde den f\u00f6rsta bron av tr\u00e4.<\/p>\n<figure id=\"attachment_1519\" aria-describedby=\"caption-attachment-1519\" style=\"width: 1144px\" class=\"wp-caption aligncenter\"><img loading=\"lazy\" decoding=\"async\" class=\"size-full wp-image-1519\" src=\"http:\/\/www.lassebacklund.fi\/wp-content\/uploads\/2016\/10\/2-13.jpg\" alt=\"S\u00e5 h\u00e4r s\u00e5g Lillbron ut i b\u00f6rjan p\u00e5 1900-talet, p\u00e5 ungef\u00e4r samma st\u00e4lle som den nuvarande bron. I bakgrunden syns Lillkulls st\u00e5tliga bondg\u00e5rd. I b\u00f6rjan p\u00e5 1930-talet byggdes en ny bro med kistor av sten och nu anlitades v\u00e4lk\u00e4nda brobyggare fr\u00e5n Vanhakyl\u00e4.\" width=\"1144\" height=\"846\" srcset=\"https:\/\/www.lassebacklund.fi\/wp-content\/uploads\/2016\/10\/2-13.jpg 1144w, https:\/\/www.lassebacklund.fi\/wp-content\/uploads\/2016\/10\/2-13-300x222.jpg 300w, https:\/\/www.lassebacklund.fi\/wp-content\/uploads\/2016\/10\/2-13-768x568.jpg 768w, https:\/\/www.lassebacklund.fi\/wp-content\/uploads\/2016\/10\/2-13-1024x757.jpg 1024w\" sizes=\"auto, (max-width: 1144px) 100vw, 1144px\" \/><figcaption id=\"caption-attachment-1519\" class=\"wp-caption-text\">S\u00e5 h\u00e4r s\u00e5g Lillbron ut i b\u00f6rjan p\u00e5 1900-talet, p\u00e5 ungef\u00e4r samma st\u00e4lle som den nuvarande bron. I bakgrunden syns Lillkulls st\u00e5tliga bondg\u00e5rd. I b\u00f6rjan p\u00e5 1930-talet byggdes en ny bro med kistor av sten och nu anlitades v\u00e4lk\u00e4nda brobyggare fr\u00e5n Vanhakyl\u00e4.<\/figcaption><\/figure>\n<figure id=\"attachment_7157\" aria-describedby=\"caption-attachment-7157\" style=\"width: 2098px\" class=\"wp-caption aligncenter\"><img loading=\"lazy\" decoding=\"async\" class=\"size-full wp-image-7157\" src=\"http:\/\/www.lassebacklund.fi\/wp-content\/uploads\/2018\/01\/Gamla-Lillbron-kopia.jpg\" alt=\"Lillbron fotograferad p\u00e5 1920-talet f\u00f6re den revs och den nya byggdes.\" width=\"2098\" height=\"1319\" srcset=\"https:\/\/www.lassebacklund.fi\/wp-content\/uploads\/2018\/01\/Gamla-Lillbron-kopia.jpg 2098w, https:\/\/www.lassebacklund.fi\/wp-content\/uploads\/2018\/01\/Gamla-Lillbron-kopia-300x189.jpg 300w, https:\/\/www.lassebacklund.fi\/wp-content\/uploads\/2018\/01\/Gamla-Lillbron-kopia-768x483.jpg 768w, https:\/\/www.lassebacklund.fi\/wp-content\/uploads\/2018\/01\/Gamla-Lillbron-kopia-1024x644.jpg 1024w\" sizes=\"auto, (max-width: 2098px) 100vw, 2098px\" \/><figcaption id=\"caption-attachment-7157\" class=\"wp-caption-text\">Lillbron fotograferad p\u00e5 1920-talet f\u00f6re den revs och den nya byggdes.<\/figcaption><\/figure>\n<p>Enligt en statlig v\u00e4gf\u00f6rordning i november 1927 s\u00e5 skulle alla byv\u00e4gar ha en bestyrelse, som hade att se till v\u00e4garna och broarna h\u00f6lls i skick och underh\u00f6lls p\u00e5 \u00f6verenskommet s\u00e4tt. P\u00e5 h\u00f6star och v\u00e5rar skulle v\u00e4garna granskas tillsammans med kronol\u00e4nsmannen. P\u00e5 en mantals\u00e4garst\u00e4mma i Lappfj\u00e4rd i januari 1929 tillsattes s\u00e5 styrelser f\u00f6r samtliga v\u00e4gar i Dagsmark och i resten av kommunen. Dagsmark by delades upp i 3 distrikt, d\u00e4r Korsb\u00e4ckv\u00e4gen och Norrvikv\u00e4gen tillsamman bildade ett distrikt och till ordf\u00f6rande f\u00f6r b\u00e5da v\u00e4garna valdes Erland Hammarberg fr\u00e5n Korsb\u00e4ck. \u00d6vriga ledam\u00f6ter blev Johan Lillkull och Johannes Stenlund, med Erland Lind och Emil Backlund som suppleanter.<\/p>\n<figure id=\"attachment_19377\" aria-describedby=\"caption-attachment-19377\" style=\"width: 437px\" class=\"wp-caption alignnone\"><img loading=\"lazy\" decoding=\"async\" class=\"size-full wp-image-19377\" src=\"https:\/\/www.lassebacklund.fi\/wp-content\/uploads\/2021\/02\/19310506-Entreprenadauktion.jpg\" alt=\"\" width=\"437\" height=\"351\" srcset=\"https:\/\/www.lassebacklund.fi\/wp-content\/uploads\/2021\/02\/19310506-Entreprenadauktion.jpg 437w, https:\/\/www.lassebacklund.fi\/wp-content\/uploads\/2021\/02\/19310506-Entreprenadauktion-300x241.jpg 300w\" sizes=\"auto, (max-width: 437px) 100vw, 437px\" \/><figcaption id=\"caption-attachment-19377\" class=\"wp-caption-text\">I maj 1931 ordnades en auktion om uppf\u00f6randet av den nya Lillbron.<\/figcaption><\/figure>\n<p>Den h\u00e4r gruppen arbetade effektivt och inom n\u00e5got \u00e5r byggdes nya broar av sten, b\u00e5de i Korsb\u00e4ck nedanf\u00f6r Lindqvists och \u00f6ver Lill\u00e5n i Dagsmark. Byns starke man \u201dPelas J\u00e5han\u201d, allts\u00e5 kommunalmannen Johan Lillkull gjorde \u00e5r 1931 en ans\u00f6kan att Tresk-v\u00e4gen skulle bli klassad som byav\u00e4g och underh\u00e5llet s\u00e5ledes lagt p\u00e5 del\u00e4garna.<\/p>\n<figure id=\"attachment_1520\" aria-describedby=\"caption-attachment-1520\" style=\"width: 1195px\" class=\"wp-caption aligncenter\"><img loading=\"lazy\" decoding=\"async\" class=\"size-full wp-image-1520\" src=\"http:\/\/www.lassebacklund.fi\/wp-content\/uploads\/2016\/10\/3-11.jpg\" alt=\"Det var en v\u00e4lgjord bro som stenhuggarna och brobyggarna fr\u00e5n Vanhakyl\u00e4 byggde \u00f6ver Lill\u00e5n i b\u00f6rjan p\u00e5 1930-talet.\" width=\"1195\" height=\"775\" srcset=\"https:\/\/www.lassebacklund.fi\/wp-content\/uploads\/2016\/10\/3-11.jpg 1195w, https:\/\/www.lassebacklund.fi\/wp-content\/uploads\/2016\/10\/3-11-300x195.jpg 300w, https:\/\/www.lassebacklund.fi\/wp-content\/uploads\/2016\/10\/3-11-768x498.jpg 768w, https:\/\/www.lassebacklund.fi\/wp-content\/uploads\/2016\/10\/3-11-1024x664.jpg 1024w\" sizes=\"auto, (max-width: 1195px) 100vw, 1195px\" \/><figcaption id=\"caption-attachment-1520\" class=\"wp-caption-text\">Det var en v\u00e4lgjord bro som stenhuggarna och brobyggarna fr\u00e5n Vanhakyl\u00e4 byggde \u00f6ver Lill\u00e5n i b\u00f6rjan p\u00e5 1930-talet. H\u00e4r st\u00e5r byssborna i rad och de verkar n\u00f6jda med bron trots att den \u00e4nnu inte \u00e4r riktigt f\u00e4rdig.<\/figcaption><\/figure>\n<figure id=\"attachment_1521\" aria-describedby=\"caption-attachment-1521\" style=\"width: 1159px\" class=\"wp-caption aligncenter\"><img loading=\"lazy\" decoding=\"async\" class=\"size-full wp-image-1521\" src=\"http:\/\/www.lassebacklund.fi\/wp-content\/uploads\/2016\/10\/4-10.jpg\" alt=\"J\u00e4mf\u00f6rt med den gamla Lillbron som var byggd p\u00e5 stockkistor, s\u00e5 var nog detta en mycket robust bro, som klarade den tidens trafik.\" width=\"1159\" height=\"709\" srcset=\"https:\/\/www.lassebacklund.fi\/wp-content\/uploads\/2016\/10\/4-10.jpg 1159w, https:\/\/www.lassebacklund.fi\/wp-content\/uploads\/2016\/10\/4-10-300x184.jpg 300w, https:\/\/www.lassebacklund.fi\/wp-content\/uploads\/2016\/10\/4-10-768x470.jpg 768w, https:\/\/www.lassebacklund.fi\/wp-content\/uploads\/2016\/10\/4-10-1024x626.jpg 1024w\" sizes=\"auto, (max-width: 1159px) 100vw, 1159px\" \/><figcaption id=\"caption-attachment-1521\" class=\"wp-caption-text\">J\u00e4mf\u00f6rt med den gamla Lillbron som var byggd p\u00e5 stockkistor, s\u00e5 var nog detta en mycket robust bro, som klarade den tidens trafik.<\/figcaption><\/figure>\n<p>Den h\u00e4r stadiga bron anv\u00e4ndes flitigt och samtidigt byggdes en ny v\u00e4g till Korsb\u00e4ck ungef\u00e4r p\u00e5 samma st\u00e4lle som i dag. Korsb\u00e4ckborna kallar den \u00e4nnu f\u00f6r Bym\u00e5sst\u00e5 allt fram till Berg\u00e5sen.<\/p>\n<figure id=\"attachment_1522\" aria-describedby=\"caption-attachment-1522\" style=\"width: 692px\" class=\"wp-caption aligncenter\"><img loading=\"lazy\" decoding=\"async\" class=\"size-full wp-image-1522\" src=\"http:\/\/www.lassebacklund.fi\/wp-content\/uploads\/2016\/10\/5-7.jpg\" alt=\"Brolocket f\u00f6rnyades flera g\u00e5nger och som vi ser p\u00e5 vykortet fr\u00e5n slutet av 50-talet s\u00e5 st\u00f6ds bron med pelare p\u00e5 mitten. Detta gjordes f\u00f6r att bron skulle b\u00e4ra tunga maskiner som anv\u00e4ndes vid utdikningen av tr\u00e4sket i Korsb\u00e4ck. De st\u00f6rsta maskinerna k\u00f6rde dock via Lillsj\u00f6 och L\u00e5ng\u00e4ngen upp till Korsb\u00e4ck.\" width=\"692\" height=\"548\" srcset=\"https:\/\/www.lassebacklund.fi\/wp-content\/uploads\/2016\/10\/5-7.jpg 692w, https:\/\/www.lassebacklund.fi\/wp-content\/uploads\/2016\/10\/5-7-300x238.jpg 300w\" sizes=\"auto, (max-width: 692px) 100vw, 692px\" \/><figcaption id=\"caption-attachment-1522\" class=\"wp-caption-text\">Brolocket f\u00f6rnyades flera g\u00e5nger och som vi ser p\u00e5 vykortet fr\u00e5n slutet av 50-talet s\u00e5 st\u00f6ds bron med pelare p\u00e5 mitten. Detta gjordes f\u00f6r att bron skulle b\u00e4ra tunga maskiner som anv\u00e4ndes vid utdikningen av tr\u00e4sket i Korsb\u00e4ck. De st\u00f6rsta maskinerna k\u00f6rde dock via Lillsj\u00f6 och L\u00e5ng\u00e4ngen upp till Korsb\u00e4ck.<\/figcaption><\/figure>\n<figure id=\"attachment_1530\" aria-describedby=\"caption-attachment-1530\" style=\"width: 977px\" class=\"wp-caption aligncenter\"><img loading=\"lazy\" decoding=\"async\" class=\"size-full wp-image-1530\" src=\"http:\/\/www.lassebacklund.fi\/wp-content\/uploads\/2016\/10\/ota295_foto_0773.jpg\" alt=\"Brolocket byggdes av tr\u00e4 men kolla in hur fint stenarbete som gjorde i b\u00f6rjan p\u00e5 1930-talet.\" width=\"977\" height=\"637\" srcset=\"https:\/\/www.lassebacklund.fi\/wp-content\/uploads\/2016\/10\/ota295_foto_0773.jpg 977w, https:\/\/www.lassebacklund.fi\/wp-content\/uploads\/2016\/10\/ota295_foto_0773-300x196.jpg 300w, https:\/\/www.lassebacklund.fi\/wp-content\/uploads\/2016\/10\/ota295_foto_0773-768x501.jpg 768w\" sizes=\"auto, (max-width: 977px) 100vw, 977px\" \/><figcaption id=\"caption-attachment-1530\" class=\"wp-caption-text\">Brolocket byggdes av tr\u00e4 men kolla in hur fint stenarbete som gjorde i b\u00f6rjan av 1930-talet. Fotot taget av Selim Bj\u00f6rses, troligen p\u00e5 1940-talet.<\/figcaption><\/figure>\n<figure id=\"attachment_1529\" aria-describedby=\"caption-attachment-1529\" style=\"width: 964px\" class=\"wp-caption aligncenter\"><img loading=\"lazy\" decoding=\"async\" class=\"size-full wp-image-1529\" src=\"http:\/\/www.lassebacklund.fi\/wp-content\/uploads\/2016\/10\/ota295_foto_0772.jpg\" alt=\"Vegetationen \u00e4r t\u00e4t utefter Lill\u00e5n och p\u00e5 denna bild s\u00e5 ser man att l\u00e4raren Selim Bj\u00f6rses har haft sv\u00e5righeter att f\u00e5 n\u00e5gon bild av bron.\" width=\"964\" height=\"640\" srcset=\"https:\/\/www.lassebacklund.fi\/wp-content\/uploads\/2016\/10\/ota295_foto_0772.jpg 964w, https:\/\/www.lassebacklund.fi\/wp-content\/uploads\/2016\/10\/ota295_foto_0772-300x199.jpg 300w, https:\/\/www.lassebacklund.fi\/wp-content\/uploads\/2016\/10\/ota295_foto_0772-768x510.jpg 768w\" sizes=\"auto, (max-width: 964px) 100vw, 964px\" \/><figcaption id=\"caption-attachment-1529\" class=\"wp-caption-text\">Vegetationen \u00e4r t\u00e4t utefter Lill\u00e5n och p\u00e5 denna bild s\u00e5 ser man att l\u00e4raren Selim Bj\u00f6rses har haft sv\u00e5righeter att f\u00e5 n\u00e5gon bild av bron.<\/figcaption><\/figure>\n<h3><strong>Bygget av den nya Lillbron 1998.<\/strong><\/h3>\n<p>I mitten p\u00e5 1990-talet blev det best\u00e4mt att en ny bro skall byggas \u00f6ver Lill\u00e5n, eftersom den gamla inte l\u00e4ngre motsvarade tidens krav p\u00e5 b\u00e4rf\u00f6rm\u00e5ga och trafiks\u00e4kerhet. Det uppskattades att byggkostnaderna skulle bli n\u00e4rmare 2 miljoner mark.<\/p>\n<figure id=\"attachment_1523\" aria-describedby=\"caption-attachment-1523\" style=\"width: 1370px\" class=\"wp-caption aligncenter\"><img loading=\"lazy\" decoding=\"async\" class=\"size-full wp-image-1523\" src=\"http:\/\/www.lassebacklund.fi\/wp-content\/uploads\/2016\/10\/6-6.jpg\" alt=\"Lillbron fotograferad s\u00f6derifr\u00e5n i mitten p\u00e5 1990-talet, vid tiden d\u00e5 det best\u00e4mdes att en ny bro skall byggas.\" width=\"1370\" height=\"928\" srcset=\"https:\/\/www.lassebacklund.fi\/wp-content\/uploads\/2016\/10\/6-6.jpg 1370w, https:\/\/www.lassebacklund.fi\/wp-content\/uploads\/2016\/10\/6-6-300x203.jpg 300w, https:\/\/www.lassebacklund.fi\/wp-content\/uploads\/2016\/10\/6-6-768x520.jpg 768w, https:\/\/www.lassebacklund.fi\/wp-content\/uploads\/2016\/10\/6-6-1024x694.jpg 1024w\" sizes=\"auto, (max-width: 1370px) 100vw, 1370px\" \/><figcaption id=\"caption-attachment-1523\" class=\"wp-caption-text\">Lillbron fotograferad s\u00f6derifr\u00e5n i mitten p\u00e5 1990-talet, vid tiden d\u00e5 det best\u00e4mdes att en ny bro skall byggas.<\/figcaption><\/figure>\n<figure id=\"attachment_1524\" aria-describedby=\"caption-attachment-1524\" style=\"width: 1374px\" class=\"wp-caption aligncenter\"><img loading=\"lazy\" decoding=\"async\" class=\"size-full wp-image-1524\" src=\"http:\/\/www.lassebacklund.fi\/wp-content\/uploads\/2016\/10\/7-7.jpg\" alt=\"Lillbron fotograferad fr\u00e5n Brobackan i mitten p\u00e5 1990-talet. Sportplanen syns till v\u00e4nster.\" width=\"1374\" height=\"898\" srcset=\"https:\/\/www.lassebacklund.fi\/wp-content\/uploads\/2016\/10\/7-7.jpg 1374w, https:\/\/www.lassebacklund.fi\/wp-content\/uploads\/2016\/10\/7-7-300x196.jpg 300w, https:\/\/www.lassebacklund.fi\/wp-content\/uploads\/2016\/10\/7-7-768x502.jpg 768w, https:\/\/www.lassebacklund.fi\/wp-content\/uploads\/2016\/10\/7-7-1024x669.jpg 1024w\" sizes=\"auto, (max-width: 1374px) 100vw, 1374px\" \/><figcaption id=\"caption-attachment-1524\" class=\"wp-caption-text\">Lillbron fotograferad fr\u00e5n Brobackan i mitten p\u00e5 1990-talet. Sportplanen syns till v\u00e4nster.<\/figcaption><\/figure>\n<p>N\u00e5gra st\u00f6rre olyckor p\u00e5 Lillbron \u00e4r inte k\u00e4nda, detta trots att bron var smal och mycket trafikfarlig. Men eftersom trafiken \u00f6kade och bilarna blev st\u00f6rre s\u00e5 byggdes \u00e5r 1998 en helt ny bro, som v\u00e4l uppfyller dagens krav. Den byggdes betydligt h\u00f6gre \u00e4n den gamla och det betydde att Lillbrobackan f\u00f6rsvann i samband med bygget.<\/p>\n<figure id=\"attachment_1525\" aria-describedby=\"caption-attachment-1525\" style=\"width: 1401px\" class=\"wp-caption aligncenter\"><img loading=\"lazy\" decoding=\"async\" class=\"size-full wp-image-1525\" src=\"http:\/\/www.lassebacklund.fi\/wp-content\/uploads\/2016\/10\/8-7.jpg\" alt=\"Nya Lillbron byggdes n\u00e4rmare 2 meter h\u00f6gre \u00e4n den gamla, en bit \u00f6ster om den gamla. Detta betydde att trafiken hela gick \u00f6ver den gamla bron medan den nya Lillbron byggdes. Det gula tr\u00e4huset i \u00e4ndan av bron \u00e4r Myll\u00e4ris hus och g\u00e5rden till h\u00f6ger \u00e4r Eklunds g\u00e5rd.\" width=\"1401\" height=\"870\" srcset=\"https:\/\/www.lassebacklund.fi\/wp-content\/uploads\/2016\/10\/8-7.jpg 1401w, https:\/\/www.lassebacklund.fi\/wp-content\/uploads\/2016\/10\/8-7-300x186.jpg 300w, https:\/\/www.lassebacklund.fi\/wp-content\/uploads\/2016\/10\/8-7-768x477.jpg 768w, https:\/\/www.lassebacklund.fi\/wp-content\/uploads\/2016\/10\/8-7-1024x636.jpg 1024w\" sizes=\"auto, (max-width: 1401px) 100vw, 1401px\" \/><figcaption id=\"caption-attachment-1525\" class=\"wp-caption-text\">Nya Lillbron byggdes n\u00e4rmare 2 meter h\u00f6gre \u00e4n den gamla, en bit \u00f6ster om den gamla. Detta betydde att trafiken hela gick \u00f6ver den gamla bron medan den nya Lillbron byggdes. Det gula tr\u00e4huset i \u00e4ndan av bron \u00e4r <a href=\"http:\/\/www.lassebacklund.fi\/?page_id=906\">Myll\u00e4ris hus<\/a> och g\u00e5rden till h\u00f6ger \u00e4r Eklunds g\u00e5rd.<\/figcaption><\/figure>\n<figure id=\"attachment_1526\" aria-describedby=\"caption-attachment-1526\" style=\"width: 1414px\" class=\"wp-caption aligncenter\"><img loading=\"lazy\" decoding=\"async\" class=\"size-full wp-image-1526\" src=\"http:\/\/www.lassebacklund.fi\/wp-content\/uploads\/2016\/10\/9-7.jpg\" alt=\"Precis som nya Storbron \u00e4r den nya Lillbron b\u00f6jd och med en svag lutning. P\u00e5 bilden h\u00e5ller byggarna p\u00e5 och river byggformarna. R\u00e4ckena \u00e4r klara och nu fattas bara bel\u00e4ggningen och s\u00e5 kan den nya bron \u00f6ppnas f\u00f6r trafik.\" width=\"1414\" height=\"982\" srcset=\"https:\/\/www.lassebacklund.fi\/wp-content\/uploads\/2016\/10\/9-7.jpg 1414w, https:\/\/www.lassebacklund.fi\/wp-content\/uploads\/2016\/10\/9-7-300x208.jpg 300w, https:\/\/www.lassebacklund.fi\/wp-content\/uploads\/2016\/10\/9-7-768x533.jpg 768w, https:\/\/www.lassebacklund.fi\/wp-content\/uploads\/2016\/10\/9-7-1024x711.jpg 1024w\" sizes=\"auto, (max-width: 1414px) 100vw, 1414px\" \/><figcaption id=\"caption-attachment-1526\" class=\"wp-caption-text\">Precis som nya Storbron \u00e4r den nya Lillbron b\u00f6jd och med en svag lutning. P\u00e5 bilden h\u00e5ller byggarna p\u00e5 och river byggformarna. R\u00e4ckena \u00e4r klara och nu fattas bara bel\u00e4ggningen och s\u00e5 kan den nya bron \u00f6ppnas f\u00f6r trafik.<\/figcaption><\/figure>\n<h3><strong>Lillbron i dag.<\/strong><\/h3>\n<figure id=\"attachment_1527\" aria-describedby=\"caption-attachment-1527\" style=\"width: 1513px\" class=\"wp-caption aligncenter\"><img loading=\"lazy\" decoding=\"async\" class=\"size-full wp-image-1527\" src=\"http:\/\/www.lassebacklund.fi\/wp-content\/uploads\/2016\/10\/10-7.jpg\" alt=\"S\u00e5 h\u00e4r ser Lillbron ut d\u00e5 man kommer fr\u00e5n A-sidon. Som man kan se av bilderna har v\u00e4gytan g\u00e5tt s\u00f6nder p\u00e5 flera st\u00e4llen. Ytan repareras vid behov.\" width=\"1513\" height=\"580\" srcset=\"https:\/\/www.lassebacklund.fi\/wp-content\/uploads\/2016\/10\/10-7.jpg 1513w, https:\/\/www.lassebacklund.fi\/wp-content\/uploads\/2016\/10\/10-7-300x115.jpg 300w, https:\/\/www.lassebacklund.fi\/wp-content\/uploads\/2016\/10\/10-7-768x294.jpg 768w, https:\/\/www.lassebacklund.fi\/wp-content\/uploads\/2016\/10\/10-7-1024x393.jpg 1024w\" sizes=\"auto, (max-width: 1513px) 100vw, 1513px\" \/><figcaption id=\"caption-attachment-1527\" class=\"wp-caption-text\">S\u00e5 h\u00e4r ser Lillbron ut d\u00e5 man kommer fr\u00e5n A-sidon. Som man kan se av bilderna har v\u00e4gytan g\u00e5tt s\u00f6nder p\u00e5 flera st\u00e4llen. Ytan repareras vid behov.<\/figcaption><\/figure>\n<figure id=\"attachment_1528\" aria-describedby=\"caption-attachment-1528\" style=\"width: 1486px\" class=\"wp-caption aligncenter\"><img loading=\"lazy\" decoding=\"async\" class=\"size-full wp-image-1528\" src=\"http:\/\/www.lassebacklund.fi\/wp-content\/uploads\/2016\/10\/11-6.jpg\" alt=\"Lupinerna blommar vackert i v\u00e4grenen p\u00e5 Brobacksidan. Vegetationen \u00e4r t\u00e4t omkring Lillbron vilket g\u00f6r att man knappt m\u00e4rker att man k\u00f6r \u00f6ver den.\" width=\"1486\" height=\"562\" srcset=\"https:\/\/www.lassebacklund.fi\/wp-content\/uploads\/2016\/10\/11-6.jpg 1486w, https:\/\/www.lassebacklund.fi\/wp-content\/uploads\/2016\/10\/11-6-300x113.jpg 300w, https:\/\/www.lassebacklund.fi\/wp-content\/uploads\/2016\/10\/11-6-768x290.jpg 768w, https:\/\/www.lassebacklund.fi\/wp-content\/uploads\/2016\/10\/11-6-1024x387.jpg 1024w\" sizes=\"auto, (max-width: 1486px) 100vw, 1486px\" \/><figcaption id=\"caption-attachment-1528\" class=\"wp-caption-text\">Lupinerna blommar vackert i v\u00e4grenen p\u00e5 Brobacksidan. Vegetationen \u00e4r t\u00e4t omkring Lillbron vilket g\u00f6r att man knappt m\u00e4rker att man k\u00f6r \u00f6ver den.<\/figcaption><\/figure>\n<p>&nbsp;<\/p>\n","protected":false},"excerpt":{"rendered":"<p>Sammanst\u00e4llt av Lasse Backlund 2015. A-Sidon och S\u00e5nan var i tiderna en og\u00e4stv\u00e4nlig trakt helt utan bebyggelse. Bymossen bredde ut sig fr\u00e5n Ris\u00e5sen till Kvarn\u00e5 och det fanns n\u00e4stan inga odlingsbara omr\u00e5den. Till p\u00e5 k\u00f6pet var det mycket sv\u00e5rt att <a class=\"more-link\" href=\"https:\/\/www.lassebacklund.fi\/?page_id=1531\">Forts\u00e4tt l\u00e4sa <span class=\"screen-reader-text\">  Lillbron i Dagsmark<\/span><span class=\"meta-nav\">&rarr;<\/span><\/a><\/p>\n","protected":false},"author":1,"featured_media":0,"parent":17,"menu_order":8,"comment_status":"closed","ping_status":"closed","template":"","meta":{"footnotes":""},"class_list":["post-1531","page","type-page","status-publish","hentry"],"_links":{"self":[{"href":"https:\/\/www.lassebacklund.fi\/index.php?rest_route=\/wp\/v2\/pages\/1531","targetHints":{"allow":["GET"]}}],"collection":[{"href":"https:\/\/www.lassebacklund.fi\/index.php?rest_route=\/wp\/v2\/pages"}],"about":[{"href":"https:\/\/www.lassebacklund.fi\/index.php?rest_route=\/wp\/v2\/types\/page"}],"author":[{"embeddable":true,"href":"https:\/\/www.lassebacklund.fi\/index.php?rest_route=\/wp\/v2\/users\/1"}],"replies":[{"embeddable":true,"href":"https:\/\/www.lassebacklund.fi\/index.php?rest_route=%2Fwp%2Fv2%2Fcomments&post=1531"}],"version-history":[{"count":7,"href":"https:\/\/www.lassebacklund.fi\/index.php?rest_route=\/wp\/v2\/pages\/1531\/revisions"}],"predecessor-version":[{"id":25704,"href":"https:\/\/www.lassebacklund.fi\/index.php?rest_route=\/wp\/v2\/pages\/1531\/revisions\/25704"}],"up":[{"embeddable":true,"href":"https:\/\/www.lassebacklund.fi\/index.php?rest_route=\/wp\/v2\/pages\/17"}],"wp:attachment":[{"href":"https:\/\/www.lassebacklund.fi\/index.php?rest_route=%2Fwp%2Fv2%2Fmedia&parent=1531"}],"curies":[{"name":"wp","href":"https:\/\/api.w.org\/{rel}","templated":true}]}}