{"id":15257,"date":"2019-12-22T22:31:03","date_gmt":"2019-12-22T20:31:03","guid":{"rendered":"http:\/\/www.lassebacklund.fi\/?page_id=15257"},"modified":"2019-12-22T22:31:03","modified_gmt":"2019-12-22T20:31:03","slug":"johannes-myllyniemi-in-memoriam","status":"publish","type":"page","link":"https:\/\/www.lassebacklund.fi\/?page_id=15257","title":{"rendered":"Johannes Myllyniemi in memoriam."},"content":{"rendered":"<p><span style=\"color: #000080;\"><span style=\"font-family: &quot;Helvetica&quot;,&quot;sans-serif&quot;;\">Nekrolog inf\u00f6rd i tidningen Syd-\u00d6sterbotten 27.6.1985 och den skrevs av kusinen EH.<\/span><\/span><\/p>\n<p><span style=\"font-family: 'Helvetica','sans-serif';\">Johannes Myllyniemi fr\u00e5n Dagsmark jordf\u00e4stes p\u00e5 midsommaraftonens kv\u00e4ll i Lappfj\u00e4rd. M\u00e5nga anh\u00f6riga och n\u00e4ra v\u00e4nner samlades d\u00e5 f\u00f6r att ta ett sista avsked av den bortg\u00e5ngne. Vid minnesh\u00f6gtiden i f\u00f6rsamlingshemmet talade kyrkoherde Tapio Laitinen om hur f\u00f6rtr\u00f6stansfullt Johannes hade talat om sin nalkande bortg\u00e5ng. Johannes hade under samtal i sjukhuset sagt att Gud allena v\u00e4ljer tidpunkten f\u00f6r att kalla sig.<\/span><\/p>\n<p><span style=\"font-family: 'Helvetica','sans-serif';\">Minnesadresserna var m\u00e5nga och de uppl\u00e4stes av den bortg\u00e5ngnes brorson, riksdagsman Pekka Myllyniemi.<\/span><\/p>\n<p><span style=\"font-family: 'Helvetica','sans-serif';\">Johannes Myllyniemi hade en l\u00e5ng och arbetsfylld levnadsbana bakom sig. Efter att han p\u00e5 1920-talet skolat sig till snickare etablerade han sig som egen f\u00f6retagare. Hans yrkeskunskaper var vidstr\u00e4ckta och h\u00e4r kan n\u00e4mna bland annat de f\u00f6rsta pris och hedersdiplom han er\u00f6vrade med sina m\u00f6bler i lantbruksutst\u00e4llningar \u00e5ren 1937 och 1938. Han fortsatte sin yrkesut\u00f6vning l\u00e4nge och hans tv\u00e5 s\u00f6ner fortsatte i faderns fotsp\u00e5r och snickarverkstaden utvidgades i anslutning till detta.<\/span><\/p>\n<p><span style=\"font-family: 'Helvetica','sans-serif';\">Johannes Myllyniemi var en av dem som grundade finska folkskolan i Dagsmark. Han fungerade ocks\u00e5 som direktionsordf\u00f6rande under praktiskt taget hela tiden som skolan verkade. Johannes hann sitta i kommunalfullm\u00e4ktige i Lappfj\u00e4rd och hemg\u00e5rden sk\u00f6tte han exemplariskt om under hela livstiden.<\/span><\/p>\n<p><span style=\"font-family: 'Helvetica','sans-serif';\">Johannes efterl\u00e4mnar ett vackert minne.<\/span><\/p>\n<p><img loading=\"lazy\" decoding=\"async\" class=\"alignnone size-full wp-image-10568\" src=\"http:\/\/www.lassebacklund.fi\/wp-content\/uploads\/2018\/11\/Myllyniemi-Johannes.jpg\" alt=\"\" width=\"2443\" height=\"1879\" srcset=\"https:\/\/www.lassebacklund.fi\/wp-content\/uploads\/2018\/11\/Myllyniemi-Johannes.jpg 2443w, https:\/\/www.lassebacklund.fi\/wp-content\/uploads\/2018\/11\/Myllyniemi-Johannes-300x231.jpg 300w, https:\/\/www.lassebacklund.fi\/wp-content\/uploads\/2018\/11\/Myllyniemi-Johannes-768x591.jpg 768w, https:\/\/www.lassebacklund.fi\/wp-content\/uploads\/2018\/11\/Myllyniemi-Johannes-1024x788.jpg 1024w\" sizes=\"auto, (max-width: 2443px) 100vw, 2443px\" \/><\/p>\n","protected":false},"excerpt":{"rendered":"<p>Nekrolog inf\u00f6rd i tidningen Syd-\u00d6sterbotten 27.6.1985 och den skrevs av kusinen EH. Johannes Myllyniemi fr\u00e5n Dagsmark jordf\u00e4stes p\u00e5 midsommaraftonens kv\u00e4ll i Lappfj\u00e4rd. M\u00e5nga anh\u00f6riga och n\u00e4ra v\u00e4nner samlades d\u00e5 f\u00f6r att ta ett sista avsked av den bortg\u00e5ngne. Vid minnesh\u00f6gtiden <a class=\"more-link\" href=\"https:\/\/www.lassebacklund.fi\/?page_id=15257\">Forts\u00e4tt l\u00e4sa <span class=\"screen-reader-text\">  Johannes Myllyniemi in memoriam.<\/span><span class=\"meta-nav\">&rarr;<\/span><\/a><\/p>\n","protected":false},"author":1,"featured_media":0,"parent":3450,"menu_order":0,"comment_status":"closed","ping_status":"closed","template":"","meta":{"footnotes":""},"class_list":["post-15257","page","type-page","status-publish","hentry"],"_links":{"self":[{"href":"https:\/\/www.lassebacklund.fi\/index.php?rest_route=\/wp\/v2\/pages\/15257","targetHints":{"allow":["GET"]}}],"collection":[{"href":"https:\/\/www.lassebacklund.fi\/index.php?rest_route=\/wp\/v2\/pages"}],"about":[{"href":"https:\/\/www.lassebacklund.fi\/index.php?rest_route=\/wp\/v2\/types\/page"}],"author":[{"embeddable":true,"href":"https:\/\/www.lassebacklund.fi\/index.php?rest_route=\/wp\/v2\/users\/1"}],"replies":[{"embeddable":true,"href":"https:\/\/www.lassebacklund.fi\/index.php?rest_route=%2Fwp%2Fv2%2Fcomments&post=15257"}],"version-history":[{"count":1,"href":"https:\/\/www.lassebacklund.fi\/index.php?rest_route=\/wp\/v2\/pages\/15257\/revisions"}],"predecessor-version":[{"id":15258,"href":"https:\/\/www.lassebacklund.fi\/index.php?rest_route=\/wp\/v2\/pages\/15257\/revisions\/15258"}],"up":[{"embeddable":true,"href":"https:\/\/www.lassebacklund.fi\/index.php?rest_route=\/wp\/v2\/pages\/3450"}],"wp:attachment":[{"href":"https:\/\/www.lassebacklund.fi\/index.php?rest_route=%2Fwp%2Fv2%2Fmedia&parent=15257"}],"curies":[{"name":"wp","href":"https:\/\/api.w.org\/{rel}","templated":true}]}}