{"id":14884,"date":"2019-11-13T22:58:27","date_gmt":"2019-11-13T20:58:27","guid":{"rendered":"http:\/\/www.lassebacklund.fi\/?page_id=14884"},"modified":"2025-07-11T21:19:27","modified_gmt":"2025-07-11T18:19:27","slug":"tankar-vid-dagsmark-postkontors-indragning","status":"publish","type":"page","link":"https:\/\/www.lassebacklund.fi\/?page_id=14884","title":{"rendered":"Tankar vid Dagsmark postkontors indragning"},"content":{"rendered":"<p><strong><span style=\"color: #000080; font-family: 'Helvetica','sans-serif';\">Skrivet av den m\u00e5ng\u00e5riga f\u00f6rest\u00e5ndaren Gunvor Hammarberg fredagen den 22 mars 1991:<\/span><\/strong><\/p>\n<h6><span style=\"font-family: 'Helvetica','sans-serif';\">F\u00f6rnyelsens vindar bl\u00e5sa,<\/span><\/h6>\n<h6><span style=\"font-family: 'Helvetica','sans-serif';\">med vemod och saknad besannade!<\/span><\/h6>\n<h6><span style=\"font-family: 'Helvetica','sans-serif';\">Nu st\u00e4ngs v\u00e5rt postkontors d\u00f6rr,<\/span><\/h6>\n<h6><span style=\"font-family: 'Helvetica','sans-serif';\">som redan 1894 \u00f6ppen stod,<\/span><\/h6>\n<h6><span style=\"font-family: 'Helvetica','sans-serif';\">ja, ingenting \u00e4r mera som f\u00f6rr!<\/span><\/h6>\n<h6><span style=\"font-family: 'Helvetica','sans-serif';\">Med friskt mod trots allt det fram\u00e5t g\u00e5r,<\/span><\/h6>\n<h6><span style=\"font-family: 'Helvetica','sans-serif';\">ett stort tack v\u00e5r handelsman Paul han f\u00e5r,<\/span><\/h6>\n<h6><span style=\"font-family: 'Helvetica','sans-serif';\">han tar \u00f6ver arbetet, n\u00e4stan gratis,<\/span><\/h6>\n<h6><span style=\"font-family: 'Helvetica','sans-serif';\">f\u00f6r oss han det g\u00f6r, och hj\u00e4lper<\/span><\/h6>\n<h6><span style=\"font-family: 'Helvetica','sans-serif';\">men sig sj\u00e4lv han kanske sig stj\u00e4lper,<\/span><\/h6>\n<h6><span style=\"font-family: 'Helvetica','sans-serif';\">av ansvar, jobb och \u00f6vertid.<\/span><\/h6>\n<h6><span style=\"font-family: 'Helvetica','sans-serif';\">Med saknad vi mister Eivor v\u00e5r,<\/span><\/h6>\n<h6><span style=\"font-family: 'Helvetica','sans-serif';\">f\u00f6r hon i Lappfj\u00e4rd den 25:e st\u00e5r,<\/span><\/h6>\n<h6><span style=\"font-family: 'Helvetica','sans-serif';\">men Rita och Maja, v\u00e5ra utdelare k\u00e4ra,<\/span><\/h6>\n<h6><span style=\"font-family: 'Helvetica','sans-serif';\">de flyttar ej bort, de forts\u00e4tter b\u00e4ra.<\/span><\/h6>\n<h6><span style=\"font-family: 'Helvetica','sans-serif';\">Vi alla skall hj\u00e4lpas \u00e5t, det g\u00e4ller v\u00e5r bygd, <\/span><\/h6>\n<h6><span style=\"font-family: 'Helvetica','sans-serif';\">den skall bli n\u00e5t!<\/span><\/h6>\n","protected":false},"excerpt":{"rendered":"<p>Skrivet av den m\u00e5ng\u00e5riga f\u00f6rest\u00e5ndaren Gunvor Hammarberg fredagen den 22 mars 1991: F\u00f6rnyelsens vindar bl\u00e5sa, med vemod och saknad besannade! Nu st\u00e4ngs v\u00e5rt postkontors d\u00f6rr, som redan 1894 \u00f6ppen stod, ja, ingenting \u00e4r mera som f\u00f6rr! Med friskt mod trots <a class=\"more-link\" href=\"https:\/\/www.lassebacklund.fi\/?page_id=14884\">Forts\u00e4tt l\u00e4sa <span class=\"screen-reader-text\">  Tankar vid Dagsmark postkontors indragning<\/span><span class=\"meta-nav\">&rarr;<\/span><\/a><\/p>\n","protected":false},"author":1,"featured_media":0,"parent":14880,"menu_order":10,"comment_status":"closed","ping_status":"closed","template":"","meta":{"footnotes":""},"class_list":["post-14884","page","type-page","status-publish","hentry"],"_links":{"self":[{"href":"https:\/\/www.lassebacklund.fi\/index.php?rest_route=\/wp\/v2\/pages\/14884","targetHints":{"allow":["GET"]}}],"collection":[{"href":"https:\/\/www.lassebacklund.fi\/index.php?rest_route=\/wp\/v2\/pages"}],"about":[{"href":"https:\/\/www.lassebacklund.fi\/index.php?rest_route=\/wp\/v2\/types\/page"}],"author":[{"embeddable":true,"href":"https:\/\/www.lassebacklund.fi\/index.php?rest_route=\/wp\/v2\/users\/1"}],"replies":[{"embeddable":true,"href":"https:\/\/www.lassebacklund.fi\/index.php?rest_route=%2Fwp%2Fv2%2Fcomments&post=14884"}],"version-history":[{"count":3,"href":"https:\/\/www.lassebacklund.fi\/index.php?rest_route=\/wp\/v2\/pages\/14884\/revisions"}],"predecessor-version":[{"id":24316,"href":"https:\/\/www.lassebacklund.fi\/index.php?rest_route=\/wp\/v2\/pages\/14884\/revisions\/24316"}],"up":[{"embeddable":true,"href":"https:\/\/www.lassebacklund.fi\/index.php?rest_route=\/wp\/v2\/pages\/14880"}],"wp:attachment":[{"href":"https:\/\/www.lassebacklund.fi\/index.php?rest_route=%2Fwp%2Fv2%2Fmedia&parent=14884"}],"curies":[{"name":"wp","href":"https:\/\/api.w.org\/{rel}","templated":true}]}}