{"id":14621,"date":"2019-10-02T23:46:52","date_gmt":"2019-10-02T20:46:52","guid":{"rendered":"http:\/\/www.lassebacklund.fi\/?page_id=14621"},"modified":"2019-10-02T23:48:16","modified_gmt":"2019-10-02T20:48:16","slug":"eskil-backlunds-beskrivning-av-backlunds-hemman-ar","status":"publish","type":"page","link":"https:\/\/www.lassebacklund.fi\/?page_id=14621","title":{"rendered":"Eskils  beskrivning av Backlunds hemman \u00e5r 1935."},"content":{"rendered":"<p><span style=\"color: #000000;\"><span style=\"margin: 0px; font-family: 'Helvetica','sans-serif'; font-size: 12pt;\">1.<span style=\"font: 7pt 'Times New Roman'; margin: 0px; font-size-adjust: none; font-stretch: normal;\">\u00a0\u00a0\u00a0 <\/span><\/span><span style=\"margin: 0px; padding: 0cm; border: 1pt windowtext; font-family: 'Helvetica','sans-serif'; font-size: 12pt;\">Backlund l\u00e4genhet av L\u00e5ng skattehemman Nr:4 ligger i Dagsmark by. G\u00e5rden ligger 400 m \u00f6sterom allm\u00e4nna landsv\u00e4gen Kristinestad-Tammerfors. G\u00e5rdens \u00e5krar \u00e4r spridda i alla v\u00e4derstreck. Backlunds l\u00e4genhet ink\u00f6ptes av Josef Backlund \u00e5r 1903 av en finsk \u00e4gare. Vid storskiftningen 1905 slogs alla spridda skiften samman till ett hemman. N\u00e4r Josefs son Emil gifte sig 1916 delades hemmanet av dem sinsemellan i tv\u00e5 lika stora delar. Hemmanet i sin helhet omfattade d\u00e5 12 hektar \u00e5ker samt 26 hektar skogsmark. Vid sitt gifte med Ida Agn\u00e4s erh\u00f6ll Emil 6 hektar odlad jord av Rosenbacks skattehemman samt 7 hektar av Drag\u00e5s skiftet. Hemmanet hade d\u00e5 12 hektar odlad jord och 20 hektar skogsmark. \u00c5r 1928 ink\u00f6ptes 5 hektar jord och 5 hektar skogsmark samt 2 hektar naturlig \u00e4ngsmark av l\u00e4raren Johannes Sj\u00f6blad f\u00f6r ett pris om 21\u00a0500 mark. De 2 hektar naturlig mark som d\u00e5 erh\u00f6lls nyodlades 1930. P\u00e5 en exekutiv auktion 1932 inropades 4 hektar odlad mark f\u00f6r ett pris av 16\u00a0000 mark. Genom sj\u00f6f\u00e4llning av Stortr\u00e4sket erh\u00f6ll g\u00e5rden 2 hektar som senaste sommar uppodlades till \u00e5ker. S\u00e5 g\u00e5rdens areal utg\u00f6r nu 25 hektar odlad jord och 25 hektar f\u00f6rsta klass skogsmark.<\/span><\/span><\/p>\n<p><span style=\"color: #000000;\"><span style=\"margin: 0px; font-family: 'Helvetica','sans-serif'; font-size: 12pt;\">2.<span style=\"font: 7pt 'Times New Roman'; margin: 0px; font-size-adjust: none; font-stretch: normal;\">\u00a0\u00a0\u00a0 <\/span><\/span><span style=\"margin: 0px; padding: 0cm; border: 1pt windowtext; font-family: 'Helvetica','sans-serif'; font-size: 12pt;\">\u00c5krarna \u00e4r alla tegdikade och bel\u00e4gna p\u00e5 9 olika st\u00e4llen. Spannm\u00e5l odlas mest p\u00e5 hemmanet, 3,5 h\u00e5lls i tr\u00e4da och bearbetas under sommaren och ins\u00e5s med r\u00e5g p\u00e5 h\u00f6sten. Korn har s\u00e5tts p\u00e5 2,5 hektar, samt 1 hektar havre. Korn- och havre\u00e5krarna ins\u00e5s p\u00e5 v\u00e5ren med gr\u00e4sfr\u00f6 som b\u00e4rgas till h\u00f6s i 4-6 \u00e5r, varefter de pl\u00f6js upp p\u00e5 nytt. Skogsmarken \u00e4r delad i 3 skiften och best\u00e5r enbart av f\u00f6rsta klass mark. En sandt\u00e4kt f\u00f6r sandning av g\u00e5rdens \u00e4gov\u00e4gar finns.<\/span><\/span><\/p>\n<p><span style=\"color: #000000;\"><span style=\"margin: 0px; font-family: 'Helvetica','sans-serif'; font-size: 12pt;\">3.<span style=\"font: 7pt 'Times New Roman'; margin: 0px; font-size-adjust: none; font-stretch: normal;\">\u00a0\u00a0\u00a0 <\/span><\/span><span style=\"margin: 0px; padding: 0cm; border: 1pt windowtext; font-family: 'Helvetica','sans-serif'; font-size: 12pt;\">Bostadsbyggnaden blev uppf\u00f6rd \u00e5r 1905 i vinkelform. Den inneh\u00e5ller 6 rum med eldst\u00e4der i alla rum. Byggnaden \u00e4r br\u00e4dfodrad, r\u00f6d m\u00e5lad med vita knutar under p\u00e4rttak och brandf\u00f6rs\u00e4krad f\u00f6r 30\u00a0000 mark i Finlands Allm\u00e4nna Brandstodsbolag samt 20\u00a0000 mark i kommunens eget bolag. Ladug\u00e5rden och h\u00e4ststallet \u00e4r uppf\u00f6rt 1926. Ladug\u00e5rden \u00e4r av cementtegel med h\u00e4ststallet \u00e4r av stock. Ladug\u00e5rden \u00e4r den andra i ordningen som uppf\u00f6rts av cement i byn. Emedan g\u00e5rden d\u00e5 den uppf\u00f6rdes endast hade 10 hektar \u00e5ker \u00e4r den byggd f\u00f6r endast 6 kor. D\u00e4r finns 2 k\u00e4ttar f\u00f6r kalvar samt en svink\u00e4tte. H\u00e4ststallet har rum f\u00f6r 2 h\u00e4star. Ladug\u00e5rden och h\u00e4ststallet \u00e4r brandf\u00f6rs\u00e4krat f\u00f6r 25\u00a0000 mark i kommunens bolag. Rian \u00e4r uppf\u00f6rd av stock \u00e5r 1906, de inneh\u00e5ller 2 rior med loge i mitten och med agnhus under logen. Halmladorna \u00e4r byggda bredvid och i \u00e4ndan av rian. Rian \u00e4r under p\u00e4rttak och f\u00f6rs\u00e4krad f\u00f6r 10\u00a0000 mark. Byk- och badstugan uppf\u00f6rdes 1928 av den gamla ladug\u00e5rden, bykstugan anv\u00e4nds \u00e4ven som sl\u00f6jdstuga och \u00e4r f\u00f6rs\u00e4krad f\u00f6r 4\u00a0000 mark. Spannm\u00e5lsboden \u00e4r uppf\u00f6rd 1904 av stock och \u00e4r efter g\u00e5rdens nuvarande storlek alldeles f\u00f6r liten. Spannm\u00e5lsboden \u00e4r br\u00e4dfodrad under p\u00e4rttak och f\u00f6rs\u00e4krad f\u00f6r 5\u00a0000 mark. Ved- och redskapslidret \u00e4r av br\u00e4der, r\u00f6tt m\u00e5lat, under p\u00e4rttak och f\u00f6rs\u00e4krad f\u00f6r 5\u00a0000 mark. K\u00e4llaren \u00e4r uppf\u00f6rd 1930 och fyller alla de fordringar som st\u00e4lls p\u00e5 en s\u00e5dan. Den \u00e4r byggd i \u00e5branten med cement och sten mellantak. Vattentaket \u00e4r av p\u00e4rtor och v\u00e4ggarna r\u00f6dm\u00e5lade, brandf\u00f6rs\u00e4krad f\u00f6r 1\u00a0000 mark. P\u00e5 l\u00e4genheten finns 8 stora h\u00f6lador i skick, samt 5 mindre. G\u00e4rdesg\u00e5rdarna \u00e4r ca 3 km l\u00e5nga av uteslutande taggtr\u00e5d. 2 brunnar finns, en f\u00f6r ladug\u00e5rden och en f\u00f6r bostadshuset. Vattnet f\u00e5s i med pumpar.<\/span><\/span><\/p>\n<p><span style=\"color: #000000;\"><span style=\"margin: 0px; font-family: 'Helvetica','sans-serif'; font-size: 12pt;\">4.<span style=\"font: 7pt 'Times New Roman'; margin: 0px; font-size-adjust: none; font-stretch: normal;\">\u00a0\u00a0\u00a0 <\/span><\/span><span style=\"margin: 0px; padding: 0cm; border: 1pt windowtext; font-family: 'Helvetica','sans-serif'; font-size: 12pt;\">G\u00e5rdens djur best\u00e5r av ett 7-\u00e5rigt sto samt en 8-\u00e5rig valack, 5 kor av blandras, 3 kalvar och ett svin.<\/span><\/span><\/p>\n<p><span style=\"color: #000000;\"><span style=\"margin: 0px; font-family: 'Helvetica','sans-serif'; font-size: 12pt;\">5.<span style=\"font: 7pt 'Times New Roman'; margin: 0px; font-size-adjust: none; font-stretch: normal;\">\u00a0\u00a0\u00a0 <\/span><\/span><span style=\"margin: 0px; padding: 0cm; border: 1pt windowtext; font-family: 'Helvetica','sans-serif'; font-size: 12pt;\">Till f\u00f6ljd av de senaste \u00e5rens jordk\u00f6p m\u00e5ste legd arbetskraft vara anst\u00e4lld. En \u00e5rlig tj\u00e4narinna \u00e4r anst\u00e4lld. Senast \u00e5r legdes 1\u00a0500 meter dikning samt att gr\u00e4fta 0,75 hektar.<\/span><\/span><\/p>\n<p><span style=\"color: #000000;\"><span style=\"margin: 0px; font-family: 'Helvetica','sans-serif'; font-size: 12pt;\">6.<span style=\"font: 7pt 'Times New Roman'; margin: 0px; font-size-adjust: none; font-stretch: normal;\">\u00a0\u00a0\u00a0 <\/span><\/span><span style=\"margin: 0px; padding: 0cm; border: 1pt windowtext; font-family: 'Helvetica','sans-serif'; font-size: 12pt;\">De produkter som g\u00e5rden s\u00e4ljer \u00e4r fr\u00e4mst spannm\u00e5l som s\u00e4ljes \u00e5t Kristinestads barnhem och fattigg\u00e5rd. Det som \u00f6verblir dessa kontrakt s\u00e4ljes \u00e5t Syd\u00f6sterbottens Handelslag eller n\u00e5gon privat uppk\u00f6pare. En\u00e4r g\u00e5rden har s\u00e5 litet husdjur s\u00e4ljes \u00e4ven ca 10\u00a0000 kilo h\u00f6. Av det balas 6\u00a0000 kg, medan resten utv\u00e4gs \u00e5t h\u00f6k\u00f6pande finnar. G\u00e5rdens mj\u00f6lk s\u00e4ljs till Dagsmark Andelsmejeri dit avst\u00e5ndet \u00e4r 1 km. Potatisf\u00f6rs\u00e4ljningen ing\u00e5r ocks\u00e5 i spannm\u00e5lskontrakten och utg\u00f6r 3 \u2013 3500 kg \u00e5rligen. G\u00e5rden har 5 andelar i Dagsmark Andelsmejeri, 4 andelar i Dagsmark elektricitets andelslag och 1 andel i tjurf\u00f6reningen.<\/span><\/span><\/p>\n<p><span style=\"margin: 0px; font-family: 'Helvetica','sans-serif';\"><span style=\"color: #000000;\">\u00a0<\/span><\/span><\/p>\n","protected":false},"excerpt":{"rendered":"<p>1.\u00a0\u00a0\u00a0 Backlund l\u00e4genhet av L\u00e5ng skattehemman Nr:4 ligger i Dagsmark by. G\u00e5rden ligger 400 m \u00f6sterom allm\u00e4nna landsv\u00e4gen Kristinestad-Tammerfors. G\u00e5rdens \u00e5krar \u00e4r spridda i alla v\u00e4derstreck. Backlunds l\u00e4genhet ink\u00f6ptes av Josef Backlund \u00e5r 1903 av en finsk \u00e4gare. Vid storskiftningen <a class=\"more-link\" href=\"https:\/\/www.lassebacklund.fi\/?page_id=14621\">Forts\u00e4tt l\u00e4sa <span class=\"screen-reader-text\">  Eskils  beskrivning av Backlunds hemman \u00e5r 1935.<\/span><span class=\"meta-nav\">&rarr;<\/span><\/a><\/p>\n","protected":false},"author":1,"featured_media":0,"parent":2422,"menu_order":0,"comment_status":"closed","ping_status":"closed","template":"","meta":{"footnotes":""},"class_list":["post-14621","page","type-page","status-publish","hentry"],"_links":{"self":[{"href":"https:\/\/www.lassebacklund.fi\/index.php?rest_route=\/wp\/v2\/pages\/14621","targetHints":{"allow":["GET"]}}],"collection":[{"href":"https:\/\/www.lassebacklund.fi\/index.php?rest_route=\/wp\/v2\/pages"}],"about":[{"href":"https:\/\/www.lassebacklund.fi\/index.php?rest_route=\/wp\/v2\/types\/page"}],"author":[{"embeddable":true,"href":"https:\/\/www.lassebacklund.fi\/index.php?rest_route=\/wp\/v2\/users\/1"}],"replies":[{"embeddable":true,"href":"https:\/\/www.lassebacklund.fi\/index.php?rest_route=%2Fwp%2Fv2%2Fcomments&post=14621"}],"version-history":[{"count":2,"href":"https:\/\/www.lassebacklund.fi\/index.php?rest_route=\/wp\/v2\/pages\/14621\/revisions"}],"predecessor-version":[{"id":14623,"href":"https:\/\/www.lassebacklund.fi\/index.php?rest_route=\/wp\/v2\/pages\/14621\/revisions\/14623"}],"up":[{"embeddable":true,"href":"https:\/\/www.lassebacklund.fi\/index.php?rest_route=\/wp\/v2\/pages\/2422"}],"wp:attachment":[{"href":"https:\/\/www.lassebacklund.fi\/index.php?rest_route=%2Fwp%2Fv2%2Fmedia&parent=14621"}],"curies":[{"name":"wp","href":"https:\/\/api.w.org\/{rel}","templated":true}]}}