{"id":1447,"date":"2016-10-23T20:50:03","date_gmt":"2016-10-23T18:50:03","guid":{"rendered":"http:\/\/www.lassebacklund.fi\/?page_id=1447"},"modified":"2026-02-28T16:26:25","modified_gmt":"2026-02-28T14:26:25","slug":"viktor-och-maria-nyholms-lillstuga-pa-lillsjovagen-99","status":"publish","type":"page","link":"https:\/\/www.lassebacklund.fi\/?page_id=1447","title":{"rendered":"Viktor och Maria Nyholms lillstuga p\u00e5 Lillsj\u00f6v\u00e4gen 99"},"content":{"rendered":"<p>&nbsp;<\/p>\n<figure id=\"attachment_1444\" aria-describedby=\"caption-attachment-1444\" style=\"width: 1600px\" class=\"wp-caption aligncenter\"><img loading=\"lazy\" decoding=\"async\" class=\"size-full wp-image-1444\" src=\"http:\/\/www.lassebacklund.fi\/wp-content\/uploads\/2016\/10\/1-10.jpg\" alt=\"S\u00e5 h\u00e4r s\u00e5g huset ut \u00e5r 2003, fotograferat fr\u00e5n Lillsj\u00f6v\u00e4gen.\" width=\"1600\" height=\"1200\" srcset=\"https:\/\/www.lassebacklund.fi\/wp-content\/uploads\/2016\/10\/1-10.jpg 1600w, https:\/\/www.lassebacklund.fi\/wp-content\/uploads\/2016\/10\/1-10-300x225.jpg 300w, https:\/\/www.lassebacklund.fi\/wp-content\/uploads\/2016\/10\/1-10-768x576.jpg 768w, https:\/\/www.lassebacklund.fi\/wp-content\/uploads\/2016\/10\/1-10-1024x768.jpg 1024w\" sizes=\"auto, (max-width: 1600px) 100vw, 1600px\" \/><figcaption id=\"caption-attachment-1444\" class=\"wp-caption-text\">Viktor och Maria Nyholms lillstuga fotograferad \u00e5r 2003 fr\u00e5n Lillsj\u00f6v\u00e4gen.<\/figcaption><\/figure>\n<p><strong><span style=\"color: #000080;\">Sammanst\u00e4llt av Lasse Backlund 2014, med hj\u00e4lp av Ralf och Annel Nyholm.<\/span><\/strong><\/p>\n<p>I den h\u00e4r lillstugan bodde VIKTOR Johansson Nyholm (1874-1951) och hans hustru MARIA Karolina Karlsdotter (f. Rosenqvist \u00e5r 1873, d. 1943). Viktor var son till Johan Anders Nyholm (1842-1910) och Kajsa (f. Agn\u00e4s i Lappfj\u00e4rd 1843-1922). Viktor var f\u00f6dd p\u00e5 Johanas i Norrviken och Maria som var dotter till &#8221;Tr\u00e4sk Kalle&#8221; var f\u00f6dd i Korsb\u00e4ck.<\/p>\n<p>Efter Kajsas d\u00f6d, ungef\u00e4r 1923 flyttade Viktor och Maria sin bondg\u00e5rd fr\u00e5n Norrviken och byggde upp och skarvade i den i Kvarn\u00e5. I mitten av 1930-talet d\u00e5 sonen Leander gifte sig och blev bonde, s\u00e5 tog han \u00f6ver bondg\u00e5rden och d\u00e5 byggdes den h\u00e4r lillstugan \u00e5t Viktor och Maria. I dag \u00e4r lillstugan i d\u00e5ligt skick och obebodd.<\/p>\n<figure id=\"attachment_1449\" aria-describedby=\"caption-attachment-1449\" style=\"width: 1286px\" class=\"wp-caption aligncenter\"><img loading=\"lazy\" decoding=\"async\" class=\"size-full wp-image-1449\" src=\"http:\/\/www.lassebacklund.fi\/wp-content\/uploads\/2016\/10\/Evert-Leander-Hulda-Emil-och-Hemming.-Nere-Viktor-och-Maria-Nyholm..jpg\" alt=\"H\u00e4r sitter Viktor och Maria Nyholm med barnen st\u00e5ende bakom, fr\u00e5n v\u00e4nster Evert, Leander, Hulda, Emil och Hemming. \" width=\"1286\" height=\"897\" srcset=\"https:\/\/www.lassebacklund.fi\/wp-content\/uploads\/2016\/10\/Evert-Leander-Hulda-Emil-och-Hemming.-Nere-Viktor-och-Maria-Nyholm..jpg 1286w, https:\/\/www.lassebacklund.fi\/wp-content\/uploads\/2016\/10\/Evert-Leander-Hulda-Emil-och-Hemming.-Nere-Viktor-och-Maria-Nyholm.-300x209.jpg 300w, https:\/\/www.lassebacklund.fi\/wp-content\/uploads\/2016\/10\/Evert-Leander-Hulda-Emil-och-Hemming.-Nere-Viktor-och-Maria-Nyholm.-768x536.jpg 768w, https:\/\/www.lassebacklund.fi\/wp-content\/uploads\/2016\/10\/Evert-Leander-Hulda-Emil-och-Hemming.-Nere-Viktor-och-Maria-Nyholm.-1024x714.jpg 1024w\" sizes=\"auto, (max-width: 1286px) 100vw, 1286px\" \/><figcaption id=\"caption-attachment-1449\" class=\"wp-caption-text\">Viktor och Maria Nyholm med barnen st\u00e5ende bakom, fr\u00e5n v\u00e4nster Evert, Leander, Hulda, Emil och Hemming.<\/figcaption><\/figure>\n<h4><strong>Viktor och Maria fick 5 barn som uppn\u00e5dde vuxen \u00e5lder:<\/strong><\/h4>\n<h6><strong>Emil<\/strong> (1900-1978), s\u00e5g\u00e4gare i Kvarn\u00e5, f\u00f6rsta g\u00e5ngen gift med Elin Irene P\u00e4rus (1905-1929, gift andra g\u00e5ngen med Hulda L\u00e5ng (1907-2006).<\/h6>\n<h6><strong>Hulda<\/strong> (1902-1963) gift med Emil Hammarberg (1910-1988) fr\u00e5n Norrviken. Fyra barn, som levde till vuxen \u00e5lder.<\/h6>\n<h6><strong>Leander<\/strong> (1905-1980) bonde i Kvarn\u00e5, gift med Signe Ekberg (1909-1990). En son, som levde till vuxen \u00e5lder.<\/h6>\n<h6><strong>Hemming<\/strong> (1907-1990), bonde p\u00e5 L\u00e5ng\u00e4ngen, gift med Selma Liljeblad (1907-1983), tre d\u00f6ttrar.<\/h6>\n<h6><strong>Evert<\/strong> (1909-1979) emigrerat till Canada, gift med Aili och hade tv\u00e5 d\u00f6ttrar.<\/h6>\n<figure id=\"attachment_1445\" aria-describedby=\"caption-attachment-1445\" style=\"width: 478px\" class=\"wp-caption alignnone\"><img loading=\"lazy\" decoding=\"async\" class=\" wp-image-1445\" src=\"http:\/\/www.lassebacklund.fi\/wp-content\/uploads\/2016\/10\/2-11.jpg\" alt=\"Huset fotograferat fr\u00e5n g\u00e5rdssidan \u00e5r 2003.\" width=\"478\" height=\"359\" srcset=\"https:\/\/www.lassebacklund.fi\/wp-content\/uploads\/2016\/10\/2-11.jpg 678w, https:\/\/www.lassebacklund.fi\/wp-content\/uploads\/2016\/10\/2-11-300x225.jpg 300w\" sizes=\"auto, (max-width: 478px) 100vw, 478px\" \/><figcaption id=\"caption-attachment-1445\" class=\"wp-caption-text\">Lillstugan fotograferad fr\u00e5n g\u00e5rdssidan \u00e5r 2003.<\/figcaption><\/figure>\n<p>Efter Viktors d\u00f6d 1951 var det meningen att Signe Nyholms f\u00f6r\u00e4ldrar Erik Johan Josefsson Ekberg (1874-1951) och hans hustru Anna Sofia (Fia) Josefsdotter (f. Lillsj\u00f6 1877, d. 1960) skulle flytta hit h\u00f6sten 1951 fr\u00e5n sitt hus p\u00e5 Sunnantillv\u00e4gen. Dessv\u00e4rre dog Erik Johan p\u00e5 f\u00f6rsommaren under ett m\u00f6te p\u00e5 b\u00f6nehuset och d\u00e5 blev det s\u00e5 att Fia flyttade in i ett rum i huvudbyggnaden n\u00e4rmare \u00e5n d\u00e4r Leander och dottern Signe bodde.<\/p>\n<figure id=\"attachment_1446\" aria-describedby=\"caption-attachment-1446\" style=\"width: 479px\" class=\"wp-caption alignnone\"><img loading=\"lazy\" decoding=\"async\" class=\" wp-image-1446\" src=\"http:\/\/www.lassebacklund.fi\/wp-content\/uploads\/2016\/10\/3-9.jpg\" alt=\"H\u00f6sten 2013 s\u00e5 s\u00e5g g\u00e5rden ut s\u00e5 h\u00e4r fr\u00e5n g\u00e5rdssidan.\" width=\"479\" height=\"359\" srcset=\"https:\/\/www.lassebacklund.fi\/wp-content\/uploads\/2016\/10\/3-9.jpg 679w, https:\/\/www.lassebacklund.fi\/wp-content\/uploads\/2016\/10\/3-9-300x225.jpg 300w\" sizes=\"auto, (max-width: 479px) 100vw, 479px\" \/><figcaption id=\"caption-attachment-1446\" class=\"wp-caption-text\">H\u00f6sten 2013 s\u00e5 s\u00e5g lillstugan ut s\u00e5 h\u00e4r fr\u00e5n g\u00e5rdssidan.<\/figcaption><\/figure>\n<p>&nbsp;<\/p>\n","protected":false},"excerpt":{"rendered":"<p>&nbsp; Sammanst\u00e4llt av Lasse Backlund 2014, med hj\u00e4lp av Ralf och Annel Nyholm. I den h\u00e4r lillstugan bodde VIKTOR Johansson Nyholm (1874-1951) och hans hustru MARIA Karolina Karlsdotter (f. Rosenqvist \u00e5r 1873, d. 1943). Viktor var son till Johan Anders <a class=\"more-link\" href=\"https:\/\/www.lassebacklund.fi\/?page_id=1447\">Forts\u00e4tt l\u00e4sa <span class=\"screen-reader-text\">  Viktor och Maria Nyholms lillstuga p\u00e5 Lillsj\u00f6v\u00e4gen 99<\/span><span class=\"meta-nav\">&rarr;<\/span><\/a><\/p>\n","protected":false},"author":1,"featured_media":0,"parent":78,"menu_order":99,"comment_status":"closed","ping_status":"closed","template":"","meta":{"footnotes":""},"class_list":["post-1447","page","type-page","status-publish","hentry"],"_links":{"self":[{"href":"https:\/\/www.lassebacklund.fi\/index.php?rest_route=\/wp\/v2\/pages\/1447","targetHints":{"allow":["GET"]}}],"collection":[{"href":"https:\/\/www.lassebacklund.fi\/index.php?rest_route=\/wp\/v2\/pages"}],"about":[{"href":"https:\/\/www.lassebacklund.fi\/index.php?rest_route=\/wp\/v2\/types\/page"}],"author":[{"embeddable":true,"href":"https:\/\/www.lassebacklund.fi\/index.php?rest_route=\/wp\/v2\/users\/1"}],"replies":[{"embeddable":true,"href":"https:\/\/www.lassebacklund.fi\/index.php?rest_route=%2Fwp%2Fv2%2Fcomments&post=1447"}],"version-history":[{"count":5,"href":"https:\/\/www.lassebacklund.fi\/index.php?rest_route=\/wp\/v2\/pages\/1447\/revisions"}],"predecessor-version":[{"id":25633,"href":"https:\/\/www.lassebacklund.fi\/index.php?rest_route=\/wp\/v2\/pages\/1447\/revisions\/25633"}],"up":[{"embeddable":true,"href":"https:\/\/www.lassebacklund.fi\/index.php?rest_route=\/wp\/v2\/pages\/78"}],"wp:attachment":[{"href":"https:\/\/www.lassebacklund.fi\/index.php?rest_route=%2Fwp%2Fv2%2Fmedia&parent=1447"}],"curies":[{"name":"wp","href":"https:\/\/api.w.org\/{rel}","templated":true}]}}