{"id":14358,"date":"2019-09-18T21:38:11","date_gmt":"2019-09-18T18:38:11","guid":{"rendered":"http:\/\/www.lassebacklund.fi\/?page_id=14358"},"modified":"2019-09-18T21:38:11","modified_gmt":"2019-09-18T18:38:11","slug":"hallskjutsningen","status":"publish","type":"page","link":"https:\/\/www.lassebacklund.fi\/?page_id=14358","title":{"rendered":"H\u00e5llskjutsningen."},"content":{"rendered":"<p><span lang=\"EN\" style=\"margin: 0px; font-family: 'Helvetica','sans-serif'; font-size: 11.5pt;\"><span style=\"color: #0000ff;\">Att skjutsa resande mellan de olika g\u00e4stgiverierna var i tiderna en p\u00e5laga som b\u00f6nderna ogillade, \u00e5tminstone p\u00e5 1500 och 1600-talet d\u00e5 de inte fick n\u00e5gon ers\u00e4ttning f\u00f6r skjutsandet. Senare fick de r\u00e4tt att ta betalt av de resande som vanligtvis var h\u00f6ga statliga tj\u00e4nstem\u00e4n.<\/span><\/span><\/p>\n<p><span lang=\"EN\" style=\"margin: 0px; font-family: 'Helvetica','sans-serif'; font-size: 11.5pt;\"><span style=\"color: #0000ff;\">N\u00e5gra riktiga g\u00e4stgiverier har troligtvis inte funnits i Dagsmark. N\u00e4rmaste fanns i Lappfj\u00e4rd och i B\u00f6tom men s\u00e5 kallade big\u00e4stgiverier har nog funnits i v\u00e5r by. Enligt Lappfj\u00e4rds historia skulle fr\u00e5n \u00e5r 1820 funnits ett s\u00e5dant som f\u00f6restods av Erik Mattsson Storkull och \u00e5r 1843 av Anders Finne. Enligt folkskolhistoriken av Einar Lind skulle ocks\u00e5 Sebbin, allts\u00e5 Johan Rosenback varit g\u00e4stgivare i Dagsmark. Einar Lind har ocks\u00e5 ber\u00e4ttat att ett g\u00e4stgiveri i tiderna skulle ha funnits nedanf\u00f6r Kias-kroken.<\/span><\/span><\/p>\n<p><span lang=\"EN\" style=\"margin: 0px; font-family: 'Helvetica','sans-serif';\"><span style=\"color: #000000;\">\u00a0<\/span><\/span><span lang=\"EN\" style=\"margin: 0px; font-family: 'Helvetica','sans-serif'; font-size: 11.5pt;\"><span style=\"color: #0000ff;\">S\u00e5 h\u00e4r skrev Helga Englund om h\u00e5llskjutsningen \u00e5r 1936:<\/span><\/span><\/p>\n<p><span lang=\"EN\" style=\"margin: 0px; font-family: 'Helvetica','sans-serif'; font-size: 11.5pt;\"><span style=\"color: #000000;\">H\u00e5llskjutsningen h\u00e5ller man numera p\u00e5 att gl\u00f6mma bort. Av gammalt i v\u00e4rlden har b\u00f6nderna haft att i tur och ordning skjutsa resande personer genom bygden, fr\u00e5n g\u00e4stgiveriet i Lappfj\u00e4rd till n\u00e4rmaste g\u00e4stgiveri. G\u00e4stgiveri har funnits i Lappfj\u00e4rd \u00e5tminstone fr\u00e5n \u00e5r 1624 (N\u00e4rpes historia, del 2). Vid g\u00e4stgiverierna hade b\u00f6nderna i socknen att h\u00e5lla i beredskap f\u00f6r skjutsning flera h\u00e4star dygnet om.<\/span><\/span><\/p>\n<p><span lang=\"EN\" style=\"margin: 0px; font-family: 'Helvetica','sans-serif'; font-size: 11.5pt;\"><span style=\"color: #000000;\">L\u00e4nsmannen uppgjorde en lista \u00f6ver n\u00e4r var och en bonde hade att infinna sig i g\u00e4stgiveriet och huru l\u00e4nge han hade att vara d\u00e4r. Det var i tv\u00e5 turer: sommarturen och vinterturen, ofta 3-4 dagar varje g\u00e5ng. Om en resande kom, hade den, som var i tur att skjutsa honom till n\u00e4rmaste g\u00e4stgiveri och fick d\u00e5 taga betalt f\u00f6r skjutsen. I senare h\u00e4lften av 1800-talet var det ungef\u00e4r 1 mark milen. \u00c4ven posten skjutsades p\u00e5 detta s\u00e4tt. <\/span><\/span><\/p>\n<p><span lang=\"EN\" style=\"margin: 0px; font-family: 'Helvetica','sans-serif'; font-size: 11.5pt;\"><span style=\"color: #000000;\">Att ligga vid g\u00e4stgiveriet och v\u00e4nta p\u00e5 skjuts kallades att \u201dligga i h\u00e5lde\u201d. Vid g\u00e4stgiveriet H\u00e5xell fanns en s.k. h\u00e5llstuga, d\u00e4r man fick vara och d\u00e4r satt man och pratade. M\u00e5nga historier och roligheter vet man att ber\u00e4tta, d\u00e5 man legat i h\u00e5lde. H\u00e5llskjutsningen upph\u00f6rde 1888, d\u00e5 g\u00e4stgivaren sj\u00e4lv b\u00f6rjade h\u00e5lla h\u00e4star.<\/span><\/span><\/p>\n<p><span lang=\"EN\" style=\"margin: 0px; font-family: 'Helvetica','sans-serif';\"><span style=\"color: #000000;\">\u00a0<\/span><\/span><\/p>\n","protected":false},"excerpt":{"rendered":"<p>Att skjutsa resande mellan de olika g\u00e4stgiverierna var i tiderna en p\u00e5laga som b\u00f6nderna ogillade, \u00e5tminstone p\u00e5 1500 och 1600-talet d\u00e5 de inte fick n\u00e5gon ers\u00e4ttning f\u00f6r skjutsandet. Senare fick de r\u00e4tt att ta betalt av de resande som vanligtvis <a class=\"more-link\" href=\"https:\/\/www.lassebacklund.fi\/?page_id=14358\">Forts\u00e4tt l\u00e4sa <span class=\"screen-reader-text\">  H\u00e5llskjutsningen.<\/span><span class=\"meta-nav\">&rarr;<\/span><\/a><\/p>\n","protected":false},"author":1,"featured_media":0,"parent":3580,"menu_order":11,"comment_status":"closed","ping_status":"closed","template":"","meta":{"footnotes":""},"class_list":["post-14358","page","type-page","status-publish","hentry"],"_links":{"self":[{"href":"https:\/\/www.lassebacklund.fi\/index.php?rest_route=\/wp\/v2\/pages\/14358","targetHints":{"allow":["GET"]}}],"collection":[{"href":"https:\/\/www.lassebacklund.fi\/index.php?rest_route=\/wp\/v2\/pages"}],"about":[{"href":"https:\/\/www.lassebacklund.fi\/index.php?rest_route=\/wp\/v2\/types\/page"}],"author":[{"embeddable":true,"href":"https:\/\/www.lassebacklund.fi\/index.php?rest_route=\/wp\/v2\/users\/1"}],"replies":[{"embeddable":true,"href":"https:\/\/www.lassebacklund.fi\/index.php?rest_route=%2Fwp%2Fv2%2Fcomments&post=14358"}],"version-history":[{"count":1,"href":"https:\/\/www.lassebacklund.fi\/index.php?rest_route=\/wp\/v2\/pages\/14358\/revisions"}],"predecessor-version":[{"id":14359,"href":"https:\/\/www.lassebacklund.fi\/index.php?rest_route=\/wp\/v2\/pages\/14358\/revisions\/14359"}],"up":[{"embeddable":true,"href":"https:\/\/www.lassebacklund.fi\/index.php?rest_route=\/wp\/v2\/pages\/3580"}],"wp:attachment":[{"href":"https:\/\/www.lassebacklund.fi\/index.php?rest_route=%2Fwp%2Fv2%2Fmedia&parent=14358"}],"curies":[{"name":"wp","href":"https:\/\/api.w.org\/{rel}","templated":true}]}}