{"id":14339,"date":"2019-09-18T20:55:16","date_gmt":"2019-09-18T17:55:16","guid":{"rendered":"http:\/\/www.lassebacklund.fi\/?page_id=14339"},"modified":"2019-09-18T21:11:59","modified_gmt":"2019-09-18T18:11:59","slug":"begravning","status":"publish","type":"page","link":"https:\/\/www.lassebacklund.fi\/?page_id=14339","title":{"rendered":"Begravning."},"content":{"rendered":"<p><span lang=\"EN\" style=\"margin: 0px; color: #000080; font-family: 'Helvetica','sans-serif';\">Nedtecknat av Helga Englund fr\u00e5n Palon \u00e5r 1936:<\/span><\/p>\n<p><span lang=\"EN\" style=\"margin: 0px; font-family: 'Helvetica','sans-serif';\"><span style=\"color: #000000;\">Till begravning bjuds sl\u00e4ktingar och v\u00e4nner och man g\u00e5r omkring och bjuder. P\u00e5 morgonen samlas folket i den avlidnes hem och till f\u00f6rst f\u00e5r man kaffe. Sedan sjungs liket ut och alla sjunger. Numera har byn en egen likvagn, som min farbror Viktor Nylund har gjort men f\u00f6rr k\u00f6rde man med vanliga k\u00f6rdon.<\/span><\/span><\/p>\n<figure id=\"attachment_14342\" aria-describedby=\"caption-attachment-14342\" style=\"width: 2016px\" class=\"wp-caption alignnone\"><img loading=\"lazy\" decoding=\"async\" class=\"size-full wp-image-14342\" src=\"http:\/\/www.lassebacklund.fi\/wp-content\/uploads\/2019\/09\/Likvagnen.jpg\" alt=\"\" width=\"2016\" height=\"1512\" srcset=\"https:\/\/www.lassebacklund.fi\/wp-content\/uploads\/2019\/09\/Likvagnen.jpg 2016w, https:\/\/www.lassebacklund.fi\/wp-content\/uploads\/2019\/09\/Likvagnen-300x225.jpg 300w, https:\/\/www.lassebacklund.fi\/wp-content\/uploads\/2019\/09\/Likvagnen-768x576.jpg 768w, https:\/\/www.lassebacklund.fi\/wp-content\/uploads\/2019\/09\/Likvagnen-1024x768.jpg 1024w\" sizes=\"auto, (max-width: 2016px) 100vw, 2016px\" \/><figcaption id=\"caption-attachment-14342\" class=\"wp-caption-text\">Viktor Nylund byggde skolhuset i bakgrunden \u00e5r 1909 och likvagnen byggde han i slutet av 1920-talet \u00e5t byns likvagnsf\u00f6rening.<\/figcaption><\/figure>\n<p><span lang=\"EN\" style=\"margin: 0px; font-family: 'Helvetica','sans-serif';\"><span style=\"color: #000000;\">Sedan man kommit tillbaka fr\u00e5n begravningsplatsen, f\u00e5r folket kaffe. Sedan f\u00e5r de limonad, sedan kaffe och sm\u00f6rg\u00e5s. Och s\u00e5 h\u00e5ller man p\u00e5 med limonad och kaffe till kv\u00e4llen. F\u00f6rr bj\u00f6d man ocks\u00e5 p\u00e5 mat och till och med br\u00e4nnvin. <\/span><\/span><\/p>\n<p><span lang=\"EN\" style=\"margin: 0px; font-family: 'Helvetica','sans-serif';\"><span style=\"color: #000000;\">N\u00e4r sytnings\u00e4nskan Hedvig Simonsdotter Lillkull, som saknade arvingar, begrovs i januari 1876, s\u00e5 uppstod f\u00f6ljande utgifter:<\/span><\/span><\/p>\n<h6><span lang=\"EN\" style=\"margin: 0px; font-family: 'Helvetica','sans-serif';\"><span style=\"color: #000000;\">\u00a0<\/span><\/span><span lang=\"EN\" style=\"margin: 0px; font-family: 'Helvetica','sans-serif';\"><span style=\"color: #000000;\">-3 \u00bd kanna br\u00e4nnvin (ca 9 liter) \u00a013 mark 30 p<\/span><\/span><\/h6>\n<h6><span lang=\"EN\" style=\"margin: 0px; font-family: 'Helvetica','sans-serif';\"><span style=\"color: #000000;\">-kaf och S\u00e5cker\u00a0 1 mark 50 p<\/span><\/span><\/h6>\n<h6><span lang=\"EN\" style=\"margin: 0px; font-family: 'Helvetica','sans-serif';\"><span style=\"color: #000000;\">-Sk\u00e5rpor och Serap \u00a01 mark 50 p<\/span><\/span><\/h6>\n<h6><span lang=\"EN\" style=\"margin: 0px; font-family: 'Helvetica','sans-serif';\"><span style=\"color: #000000;\">-Svepduk \u00a0\u00a03 mark 50 p<\/span><\/span><\/h6>\n<h6><span lang=\"EN\" style=\"margin: 0px; font-family: 'Helvetica','sans-serif';\"><span style=\"color: #000000;\">-F\u00f6r graven \u00a0\u00a07 mark 50 p<\/span><\/span><\/h6>\n<h6><span lang=\"EN\" style=\"margin: 0px; font-family: 'Helvetica','sans-serif';\"><span style=\"color: #000000;\">-F\u00f6r begravning och uppsjungning, pastorn 1 mark 50 p<\/span><\/span><\/h6>\n<h6><span lang=\"EN\" style=\"margin: 0px; font-family: 'Helvetica','sans-serif';\"><span style=\"color: #000000;\">-Uppsjungning till klockaren \u00a01 mark 50 p<\/span><\/span><\/h6>\n<h6><span lang=\"EN\" style=\"margin: 0px; font-family: 'Helvetica','sans-serif';\"><span style=\"color: #000000;\">-Muldpengar \u00a0\u00a04 mark 50 p<\/span><\/span><\/h6>\n<h6><span lang=\"EN\" style=\"margin: 0px; font-family: 'Helvetica','sans-serif';\"><span style=\"color: #000000;\">-Likstod till prosten \u00a04 mark 50 p<\/span><\/span><\/h6>\n<h6><strong><span lang=\"EN\" style=\"margin: 0px; font-family: 'Helvetica','sans-serif';\"><span style=\"color: #000000;\">\u00a0<\/span><\/span><\/strong><span lang=\"EN\" style=\"margin: 0px; font-family: 'Helvetica','sans-serif';\"><span style=\"color: #000000;\"><strong>Summa totalt<\/strong> \u00a0\u00a035 mk 80 p<\/span><\/span><\/h6>\n<p><span lang=\"EN\" style=\"margin: 0px; font-family: 'Helvetica','sans-serif';\"><span style=\"color: #000000;\">\u00a0<\/span><\/span><\/p>\n","protected":false},"excerpt":{"rendered":"<p>Nedtecknat av Helga Englund fr\u00e5n Palon \u00e5r 1936: Till begravning bjuds sl\u00e4ktingar och v\u00e4nner och man g\u00e5r omkring och bjuder. P\u00e5 morgonen samlas folket i den avlidnes hem och till f\u00f6rst f\u00e5r man kaffe. Sedan sjungs liket ut och alla <a class=\"more-link\" href=\"https:\/\/www.lassebacklund.fi\/?page_id=14339\">Forts\u00e4tt l\u00e4sa <span class=\"screen-reader-text\">  Begravning.<\/span><span class=\"meta-nav\">&rarr;<\/span><\/a><\/p>\n","protected":false},"author":1,"featured_media":0,"parent":3580,"menu_order":8,"comment_status":"closed","ping_status":"closed","template":"","meta":{"footnotes":""},"class_list":["post-14339","page","type-page","status-publish","hentry"],"_links":{"self":[{"href":"https:\/\/www.lassebacklund.fi\/index.php?rest_route=\/wp\/v2\/pages\/14339","targetHints":{"allow":["GET"]}}],"collection":[{"href":"https:\/\/www.lassebacklund.fi\/index.php?rest_route=\/wp\/v2\/pages"}],"about":[{"href":"https:\/\/www.lassebacklund.fi\/index.php?rest_route=\/wp\/v2\/types\/page"}],"author":[{"embeddable":true,"href":"https:\/\/www.lassebacklund.fi\/index.php?rest_route=\/wp\/v2\/users\/1"}],"replies":[{"embeddable":true,"href":"https:\/\/www.lassebacklund.fi\/index.php?rest_route=%2Fwp%2Fv2%2Fcomments&post=14339"}],"version-history":[{"count":4,"href":"https:\/\/www.lassebacklund.fi\/index.php?rest_route=\/wp\/v2\/pages\/14339\/revisions"}],"predecessor-version":[{"id":14344,"href":"https:\/\/www.lassebacklund.fi\/index.php?rest_route=\/wp\/v2\/pages\/14339\/revisions\/14344"}],"up":[{"embeddable":true,"href":"https:\/\/www.lassebacklund.fi\/index.php?rest_route=\/wp\/v2\/pages\/3580"}],"wp:attachment":[{"href":"https:\/\/www.lassebacklund.fi\/index.php?rest_route=%2Fwp%2Fv2%2Fmedia&parent=14339"}],"curies":[{"name":"wp","href":"https:\/\/api.w.org\/{rel}","templated":true}]}}