{"id":14314,"date":"2019-09-18T20:08:18","date_gmt":"2019-09-18T17:08:18","guid":{"rendered":"http:\/\/www.lassebacklund.fi\/?page_id=14314"},"modified":"2019-09-18T20:08:18","modified_gmt":"2019-09-18T17:08:18","slug":"samarbete-med-grannar","status":"publish","type":"page","link":"https:\/\/www.lassebacklund.fi\/?page_id=14314","title":{"rendered":"Samarbete med grannar."},"content":{"rendered":"<p><span style=\"color: #008000;\">Nedtecknat av Helga Englund fr\u00e5n Palon \u00e5r 1936:<\/span><\/p>\n<p><span lang=\"EN\" style=\"margin: 0px; font-family: 'Helvetica','sans-serif'; font-size: 11.5pt;\"><span style=\"color: #000000;\">Samarbete med grannar har f\u00f6rekommit och f\u00f6rekommer nog ocks\u00e5 \u00e4nnu. Till exempel n\u00e4r man tr\u00f6skar med tr\u00f6skverk, brukar grannarna hj\u00e4lpa till och sedan g\u00e5r man till grannen och hj\u00e4lper honom n\u00e4r han tr\u00f6skar.<\/span><\/span><\/p>\n<p><span lang=\"EN\" style=\"margin: 0px; font-family: 'Helvetica','sans-serif'; font-size: 11.5pt;\"><span style=\"color: #000000;\">N\u00e4r man spikar p\u00e4rttak, brukar man st\u00e4lla upp p\u00e5 talko. Man ger arbetarna mat och kaffe men inga pengar. N\u00e4r grannen spikar p\u00e4rttak g\u00e5r man dit och spikar, s\u00e5lunda utj\u00e4mnas arbetskraften.<\/span><\/span><\/p>\n<p><span lang=\"EN\" style=\"margin: 0px; font-family: 'Helvetica','sans-serif'; font-size: 11.5pt;\"><span style=\"color: #000000;\">\u00c4ven kvinnorna brukar ibland anordna talko med att karda och spinna ull eller bearbeta lin, men detta \u00e4r inte s\u00e5 vanligt.<\/span><\/span><\/p>\n","protected":false},"excerpt":{"rendered":"<p>Nedtecknat av Helga Englund fr\u00e5n Palon \u00e5r 1936: Samarbete med grannar har f\u00f6rekommit och f\u00f6rekommer nog ocks\u00e5 \u00e4nnu. Till exempel n\u00e4r man tr\u00f6skar med tr\u00f6skverk, brukar grannarna hj\u00e4lpa till och sedan g\u00e5r man till grannen och hj\u00e4lper honom n\u00e4r han <a class=\"more-link\" href=\"https:\/\/www.lassebacklund.fi\/?page_id=14314\">Forts\u00e4tt l\u00e4sa <span class=\"screen-reader-text\">  Samarbete med grannar.<\/span><span class=\"meta-nav\">&rarr;<\/span><\/a><\/p>\n","protected":false},"author":1,"featured_media":0,"parent":3580,"menu_order":4,"comment_status":"closed","ping_status":"closed","template":"","meta":{"footnotes":""},"class_list":["post-14314","page","type-page","status-publish","hentry"],"_links":{"self":[{"href":"https:\/\/www.lassebacklund.fi\/index.php?rest_route=\/wp\/v2\/pages\/14314","targetHints":{"allow":["GET"]}}],"collection":[{"href":"https:\/\/www.lassebacklund.fi\/index.php?rest_route=\/wp\/v2\/pages"}],"about":[{"href":"https:\/\/www.lassebacklund.fi\/index.php?rest_route=\/wp\/v2\/types\/page"}],"author":[{"embeddable":true,"href":"https:\/\/www.lassebacklund.fi\/index.php?rest_route=\/wp\/v2\/users\/1"}],"replies":[{"embeddable":true,"href":"https:\/\/www.lassebacklund.fi\/index.php?rest_route=%2Fwp%2Fv2%2Fcomments&post=14314"}],"version-history":[{"count":1,"href":"https:\/\/www.lassebacklund.fi\/index.php?rest_route=\/wp\/v2\/pages\/14314\/revisions"}],"predecessor-version":[{"id":14315,"href":"https:\/\/www.lassebacklund.fi\/index.php?rest_route=\/wp\/v2\/pages\/14314\/revisions\/14315"}],"up":[{"embeddable":true,"href":"https:\/\/www.lassebacklund.fi\/index.php?rest_route=\/wp\/v2\/pages\/3580"}],"wp:attachment":[{"href":"https:\/\/www.lassebacklund.fi\/index.php?rest_route=%2Fwp%2Fv2%2Fmedia&parent=14314"}],"curies":[{"name":"wp","href":"https:\/\/api.w.org\/{rel}","templated":true}]}}