{"id":14311,"date":"2019-09-18T19:56:07","date_gmt":"2019-09-18T16:56:07","guid":{"rendered":"http:\/\/www.lassebacklund.fi\/?page_id=14311"},"modified":"2019-09-18T19:56:52","modified_gmt":"2019-09-18T16:56:52","slug":"sagagaren-viktor-nylund","status":"publish","type":"page","link":"https:\/\/www.lassebacklund.fi\/?page_id=14311","title":{"rendered":"S\u00e5g\u00e4garen Viktor Nylund."},"content":{"rendered":"<p>Nedtecknat av Helga Englund fr\u00e5n Palon \u00e5r 1936. <span style=\"color: #008000;\">F\u00f6rtydliganden \u00e4r gjorda med gr\u00f6n f\u00e4rg.<\/span><\/p>\n<p><span lang=\"EN\" style=\"margin: 0px; font-family: 'Helvetica','sans-serif'; font-size: 11.5pt;\"><span style=\"color: #000000;\">Min farbror <a href=\"http:\/\/www.lassebacklund.fi\/?page_id=1696\">Viktor Nylund<\/a> har ocks\u00e5 haft mindre industrianl\u00e4ggningar. Redan \u00e5r 1901 b\u00f6rjade han bygga en s\u00e5g och ett snickeri vid den s.k. Gammelforsen. Det var i tv\u00e5 v\u00e5ningar, snickeriet i den \u00f6vre och s\u00e5gen i den nedre. I snickeriet tillverkades allehanda m\u00f6bler, f\u00f6nster, d\u00f6rrar med mera. Hyvelb\u00e4nkarna i <a href=\"http:\/\/www.lassebacklund.fi\/?page_id=750\">folkskolan<\/a> \u00e4r gjorda p\u00e5 Nylunds snickeri. \u00c5r 1907 inr\u00e4ttade farbror Viktor Nylund vid s\u00e5gen ett privat elektricitetsverk. Den 17 januari 1914 p\u00e5 natten brann alltsammans ner.<\/span><\/span><\/p>\n<p><span lang=\"EN\" style=\"margin: 0px; font-family: 'Helvetica','sans-serif'; font-size: 11.5pt;\"><span style=\"color: #000000;\">Farbror Viktor Nylund b\u00f6rjade genast bygga upp s\u00e5gen tillbaka. I februari 1914 hade han redan 10 arbetare d\u00e4r. \u00c5r 1917, d\u00e5 s\u00e5gen igen var f\u00e4rdig, drog han elektriska ledningar genom byn och fr\u00e5n den tiden hade Dagsmark by elektriskt belysning. Snickeriet byggdes inte upp efter branden.<\/span><\/span><\/p>\n<p><span lang=\"EN\" style=\"margin: 0px; font-family: 'Helvetica','sans-serif'; font-size: 11.5pt;\"><span style=\"color: #000000;\">\u00c5r 1914 hade farbror Viktor ink\u00f6pt aktiebolaget <a href=\"http:\/\/www.lassebacklund.fi\/?page_id=1726\">Lumens elektricitetsverk<\/a> i Kristinestad. D\u00e5 b\u00f6rjade han ocks\u00e5 leverera elektrisk str\u00f6m till Kristinestad.<\/span><\/span><\/p>\n<p><span lang=\"EN\" style=\"margin: 0px; font-family: 'Helvetica','sans-serif'; font-size: 11.5pt;\"><span style=\"color: #000000;\">\u00c5r 1917 inl\u00f6ste farbror Viktor vattenr\u00e4tten till forsarna i P\u00e4rus, d\u00e4r fanns f\u00f6rut flera sm\u00e5 kvarnar. Den 27 augusti 1918 bildades aktiebolaget P\u00e4rusfors och farbor Viktor Nylund \u00e4gde h\u00e4lften i bolaget. Vid P\u00e4rusfors inr\u00e4ttades en mj\u00f6lkvarn och elektricitetsverk, som nu<\/span><\/span> <span lang=\"EN\" style=\"margin: 0px; font-family: 'Helvetica','sans-serif'; font-size: 11.5pt;\"><span style=\"color: #7030a0;\"><span style=\"color: #008000;\">(\u00e5r 1936<\/span>)<\/span><\/span><span lang=\"EN\" style=\"margin: 0px; font-family: 'Helvetica','sans-serif'; font-size: 11.5pt;\"><span style=\"color: #000000;\"> f\u00f6rser Kristinestad, Lappfj\u00e4rd och Tj\u00f6ck med elektriskt str\u00f6m. \u00c5r 1934 byggdes p\u00e5 samma st\u00e4lle ocks\u00e5 en modern vetekvarn.<\/span><\/span><\/p>\n<p><span lang=\"EN\" style=\"margin: 0px; font-family: 'Helvetica','sans-serif'; font-size: 11.5pt;\"><span style=\"color: #000000;\">Farbror Viktor Nylund dog hastigt den 7 januari 1936. Och r\u00f6relsen sk\u00f6ts nu av hans son, studeranden Rurik Nylund. <\/span><\/span><\/p>\n<figure id=\"attachment_1664\" aria-describedby=\"caption-attachment-1664\" style=\"width: 505px\" class=\"wp-caption alignnone\"><img loading=\"lazy\" decoding=\"async\" class=\"size-full wp-image-1664\" src=\"http:\/\/www.lassebacklund.fi\/wp-content\/uploads\/2016\/11\/1-2.jpg\" alt=\"\" width=\"505\" height=\"833\" srcset=\"https:\/\/www.lassebacklund.fi\/wp-content\/uploads\/2016\/11\/1-2.jpg 505w, https:\/\/www.lassebacklund.fi\/wp-content\/uploads\/2016\/11\/1-2-182x300.jpg 182w\" sizes=\"auto, (max-width: 505px) 100vw, 505px\" \/><figcaption id=\"caption-attachment-1664\" class=\"wp-caption-text\">S\u00e5g\u00e4garen Viktor Storkull, senare Nylund (1873-1936) fr\u00e5n Dagsmark.<\/figcaption><\/figure>\n","protected":false},"excerpt":{"rendered":"<p>Nedtecknat av Helga Englund fr\u00e5n Palon \u00e5r 1936. F\u00f6rtydliganden \u00e4r gjorda med gr\u00f6n f\u00e4rg. Min farbror Viktor Nylund har ocks\u00e5 haft mindre industrianl\u00e4ggningar. Redan \u00e5r 1901 b\u00f6rjade han bygga en s\u00e5g och ett snickeri vid den s.k. Gammelforsen. Det var <a class=\"more-link\" href=\"https:\/\/www.lassebacklund.fi\/?page_id=14311\">Forts\u00e4tt l\u00e4sa <span class=\"screen-reader-text\">  S\u00e5g\u00e4garen Viktor Nylund.<\/span><span class=\"meta-nav\">&rarr;<\/span><\/a><\/p>\n","protected":false},"author":1,"featured_media":0,"parent":3580,"menu_order":3,"comment_status":"closed","ping_status":"closed","template":"","meta":{"footnotes":""},"class_list":["post-14311","page","type-page","status-publish","hentry"],"_links":{"self":[{"href":"https:\/\/www.lassebacklund.fi\/index.php?rest_route=\/wp\/v2\/pages\/14311","targetHints":{"allow":["GET"]}}],"collection":[{"href":"https:\/\/www.lassebacklund.fi\/index.php?rest_route=\/wp\/v2\/pages"}],"about":[{"href":"https:\/\/www.lassebacklund.fi\/index.php?rest_route=\/wp\/v2\/types\/page"}],"author":[{"embeddable":true,"href":"https:\/\/www.lassebacklund.fi\/index.php?rest_route=\/wp\/v2\/users\/1"}],"replies":[{"embeddable":true,"href":"https:\/\/www.lassebacklund.fi\/index.php?rest_route=%2Fwp%2Fv2%2Fcomments&post=14311"}],"version-history":[{"count":2,"href":"https:\/\/www.lassebacklund.fi\/index.php?rest_route=\/wp\/v2\/pages\/14311\/revisions"}],"predecessor-version":[{"id":14313,"href":"https:\/\/www.lassebacklund.fi\/index.php?rest_route=\/wp\/v2\/pages\/14311\/revisions\/14313"}],"up":[{"embeddable":true,"href":"https:\/\/www.lassebacklund.fi\/index.php?rest_route=\/wp\/v2\/pages\/3580"}],"wp:attachment":[{"href":"https:\/\/www.lassebacklund.fi\/index.php?rest_route=%2Fwp%2Fv2%2Fmedia&parent=14311"}],"curies":[{"name":"wp","href":"https:\/\/api.w.org\/{rel}","templated":true}]}}