{"id":14305,"date":"2019-09-18T19:33:18","date_gmt":"2019-09-18T16:33:18","guid":{"rendered":"http:\/\/www.lassebacklund.fi\/?page_id=14305"},"modified":"2019-09-18T19:43:26","modified_gmt":"2019-09-18T16:43:26","slug":"jordbruk-och-boskapsskotsel","status":"publish","type":"page","link":"https:\/\/www.lassebacklund.fi\/?page_id=14305","title":{"rendered":"Jordbruk och boskapssk\u00f6tsel."},"content":{"rendered":"<p><span style=\"color: #000080;\"><span style=\"font-family: 'Helvetica','sans-serif';\"><span style=\"font-size: small;\">T<span lang=\"EN\" style=\"margin: 0px; font-family: 'Helvetica','sans-serif'; font-size: 9pt;\">exten \u00e4r skriven av Helga Englund \u00e5r 1936 men jag har gjort <\/span><\/span><\/span><span style=\"font-family: 'Helvetica','sans-serif';\"><span style=\"font-size: small;\"><span lang=\"EN\" style=\"margin: 0px; font-family: 'Helvetica','sans-serif'; font-size: 9pt;\">vissa <span style=\"color: #008000;\">f\u00f6rtydliganden med gr\u00f6n text.<\/span><\/span><\/span><\/span><\/span><\/p>\n<p><span lang=\"EN\" style=\"margin: 0px; font-family: 'Helvetica','sans-serif'; font-size: 11.5pt;\"><span style=\"color: #000000;\">F\u00f6rr var det vanligt att man hade \u00f6ppen \u00e5ker p\u00e5 ett st\u00e4lle hela tiden. D\u00e4r s\u00e5dde man r\u00e5g och korn p\u00e5 samma st\u00e4lle i \u00e5ratal efter varandra, f\u00f6r man hade d\u00e5ligt med plogar och om man l\u00e4t gr\u00e4set v\u00e4xa d\u00e4r s\u00e5 m\u00e5ste man gr\u00e4fta upp det, d\u00e5 man skulle s\u00e5 n\u00e5gonting d\u00e4r. P\u00e5 farfar \u201dKoll-Josipas\u201d tid <\/span><\/span><span lang=\"EN\" style=\"margin: 0px; color: #008000; font-family: 'Helvetica','sans-serif'; font-size: 11.5pt;\">(bonde under \u00e5ren 1874-1909)<\/span><span lang=\"EN\" style=\"margin: 0px; font-family: 'Helvetica','sans-serif'; font-size: 11.5pt;\"><span style=\"color: #000000;\"> s\u00e5ddes r\u00e5g i: Storgropen <\/span><\/span><span lang=\"EN\" style=\"margin: 0px; color: #008000; font-family: 'Helvetica','sans-serif'; font-size: 11.5pt;\">i Kvarn\u00e5<\/span><span lang=\"EN\" style=\"margin: 0px; font-family: 'Helvetica','sans-serif'; font-size: 11.5pt;\"><span style=\"color: #ffffff;\">,<\/span><\/span><span lang=\"EN\" style=\"margin: 0px; font-family: 'Helvetica','sans-serif'; font-size: 11.5pt;\"><span style=\"color: #000000;\"> Sottm\u00e5san<\/span><\/span> <span style=\"color: #008000;\"><span lang=\"EN\" style=\"margin: 0px; font-family: 'Helvetica','sans-serif'; font-size: 11.5pt;\">i Palon<\/span><span lang=\"EN\" style=\"margin: 0px; font-family: 'Helvetica','sans-serif'; font-size: 11.5pt;\">,<\/span><\/span><span lang=\"EN\" style=\"margin: 0px; font-family: 'Helvetica','sans-serif'; font-size: 11.5pt;\"><span style=\"color: #000000;\"> S\u00e5nantill<\/span><\/span> <span lang=\"EN\" style=\"margin: 0px; color: #008000; font-family: 'Helvetica','sans-serif'; font-size: 11.5pt;\">p\u00e5 A-Sidon<\/span><span lang=\"EN\" style=\"margin: 0px; font-family: 'Helvetica','sans-serif'; font-size: 11.5pt;\"><span style=\"color: #000000;\"><span style=\"color: #008000;\">,<\/span> God\u00e4ng <\/span><\/span><span lang=\"EN\" style=\"margin: 0px; color: #008000; font-family: 'Helvetica','sans-serif'; font-size: 11.5pt;\">p\u00e5 \u00c5backan<\/span><span lang=\"EN\" style=\"margin: 0px; font-family: 'Helvetica','sans-serif'; font-size: 11.5pt;\"><span style=\"color: #000000;\">, \u201dUnder Gollberg\u201d och \u201dUtf\u00f6rJosipasHindrikas\u201d <\/span><\/span><span lang=\"EN\" style=\"margin: 0px; color: #008000; font-family: 'Helvetica','sans-serif'; font-size: 11.5pt;\">ovanf\u00f6r Lindells nedlagda k\u00f6ksfabrik<\/span><span lang=\"EN\" style=\"margin: 0px; font-family: 'Helvetica','sans-serif'; font-size: 11.5pt;\"><span style=\"color: #000000;\">. P\u00e5 Storkulls gamla boplats \u201dNedanf\u00f6kull\u201d och Kilg\u00e4rdan <\/span><\/span><span lang=\"EN\" style=\"margin: 0px; color: #008000; font-family: 'Helvetica','sans-serif'; font-size: 11.5pt;\">nedanf\u00f6r sm\u00e5skolan<\/span><span lang=\"EN\" style=\"margin: 0px; font-family: 'Helvetica','sans-serif'; font-size: 11.5pt;\"><span style=\"color: #000000;\">, d\u00e4r hade vi potatis. Det var mest korn och r\u00e5g man s\u00e5dde. De n\u00e4mnda \u00e5krarna g\u00f6dslades med kreaturg\u00f6dsel, medan alla andra \u00e5krar fick vara utan g\u00f6dsel.<\/span><\/span><\/p>\n<p><span lang=\"EN\" style=\"margin: 0px; font-family: 'Helvetica','sans-serif'; font-size: 11.5pt;\"><span style=\"color: #000000;\">P\u00e5 1880-1890 talet b\u00f6rjade man s\u00e5 timotej. Tidigare s\u00e5dde man inte in gr\u00e4sfr\u00f6, utan det fick v\u00e4xa vad som helst. F\u00f6rsta \u00e5ret kom det bara ogr\u00e4s och de f\u00f6ljande \u00e5ren b\u00f6rjade det komma t\u00e5tel. Man slog h\u00f6et med liar och det g\u00e4llde att vara tidigt uppe p\u00e5 morgonen i h\u00f6b\u00e4rgningen. Redan kl. 3 p\u00e5 morgonen skulle gr\u00e4set sl\u00e5s medan det var dagg i gr\u00e4set, f\u00f6r det gick l\u00e4ttare d\u00e5. Omkring 1895 ink\u00f6ptes den f\u00f6rsta sl\u00e5ttermaskinen och d\u00e5 blev h\u00f6b\u00e4rgningen l\u00e4ttare.<\/span><\/span><\/p>\n<p><span lang=\"EN\" style=\"margin: 0px; font-family: 'Helvetica','sans-serif'; font-size: 11.5pt;\"><span style=\"color: #000000;\">Den f\u00f6rsta storplogen k\u00f6ptes ocks\u00e5 omkring 1895. S\u00e4den tr\u00f6skades med slagor \u00e4nda till \u00e5r 1906, d\u00e5 det f\u00f6rsta tr\u00f6skverket ink\u00f6ptes till byn. Hela byn var d\u00e5 i bolag om tr\u00f6skverket. Det var av Munktells fabrikat och drogs av en \u00e5ngmaskin. Det anv\u00e4nds \u00e4nnu <\/span><\/span><span lang=\"EN\" style=\"margin: 0px; color: #008000; font-family: 'Helvetica','sans-serif'; font-size: 11.5pt;\">(\u00e5r 1936)<\/span><span lang=\"EN\" style=\"margin: 0px; font-family: 'Helvetica','sans-serif'; font-size: 11.5pt;\"><span style=\"color: #000000;\"> men \u00e4r nog d\u00e5ligt nu. Det finns omkring 10 tr\u00f6skverk i byn nu <span style=\"color: #008000;\">(\u00e5r 1936)<\/span>. Vi har ett eget tr\u00f6skverk och det drages av en elektrisk motor.<\/span><\/span><\/p>\n<p><span lang=\"EN\" style=\"margin: 0px; font-family: 'Helvetica','sans-serif'; font-size: 11.5pt;\"><span style=\"color: #000000;\">R\u00e5g och potatis odlades s\u00e5 mycket att man kunder s\u00e4lja men korn hade man bara f\u00f6r husbehov. R\u00e5gen och potatisen s\u00e5ldes tidigare p\u00e5 torget i Kristinestad. P\u00e5 farfar \u201dKoll-Josipas\u201d tid fick man f\u00f6r en tunna r\u00e5g 20-25 mark och potatisen kostade 4-6 mark tunnan. Nu s\u00e4ljes s\u00e4den till uppk\u00f6pare i Kristinestad. \u00c4nnu \u00e4r r\u00e5gen det viktigaste s\u00e4desslaget h\u00e4r, som odlas mest. Vi fick senaste h\u00f6st <\/span><\/span><span lang=\"EN\" style=\"margin: 0px; font-family: 'Helvetica','sans-serif'; font-size: 11.5pt;\"><span style=\"color: #7030a0;\">(<span style=\"color: #008000;\">\u00e5r 1935)<\/span><\/span><\/span><span lang=\"EN\" style=\"margin: 0px; font-family: 'Helvetica','sans-serif'; font-size: 11.5pt;\"><span style=\"color: #000000;\"> omkring 60 hektoliter r\u00e5g, 28 hl. korn och 50 hl. havre. (En mycket stor brist \u00e4r det att vi ej f\u00f6r varje \u00e5r m\u00e4tt upp s\u00e4den, s\u00e5 att vi kunde veta hur mycket man sk\u00f6rdat varje \u00e5r). <\/span><\/span><\/p>\n<p><span lang=\"EN\" style=\"margin: 0px; font-family: 'Helvetica','sans-serif'; font-size: 11.5pt;\"><span style=\"color: #000000;\">F\u00f6r tre \u00e5r sedan <\/span><\/span><span lang=\"EN\" style=\"margin: 0px; color: #008000; font-family: 'Helvetica','sans-serif'; font-size: 11.5pt;\">(\u00e5r 1933)<\/span><span lang=\"EN\" style=\"margin: 0px; font-family: 'Helvetica','sans-serif'; font-size: 11.5pt;\"><span style=\"color: #000000;\"> kom ett nytt s\u00e4desslag till och det var vete. Man har ju tidigare f\u00f6rs\u00f6kt n\u00e5got \u00e5r men det ville ej lyckas s\u00e5 bra. I h\u00f6stas <\/span><\/span><span lang=\"EN\" style=\"margin: 0px; color: #008000; font-family: 'Helvetica','sans-serif'; font-size: 11.5pt;\">(\u00e5r 1936)<\/span><span lang=\"EN\" style=\"margin: 0px; font-family: 'Helvetica','sans-serif'; font-size: 11.5pt;\"><span style=\"color: #000000;\"> sk\u00f6rdade vi 28 hektoliter v\u00e5rvete.<\/span><\/span><\/p>\n<p><span lang=\"EN\" style=\"margin: 0px; font-family: 'Helvetica','sans-serif'; font-size: 11.5pt;\"><span style=\"color: #000000;\">I b\u00f6rjan p\u00e5 farfar \u201dKoll-Josips\u201d tid <\/span><\/span><span lang=\"EN\" style=\"margin: 0px; color: #008000; font-family: 'Helvetica','sans-serif'; font-size: 11.5pt;\">(ungef\u00e4r 1870-talet)<\/span><span lang=\"EN\" style=\"margin: 0px; font-family: 'Helvetica','sans-serif'; font-size: 11.5pt;\"><span style=\"color: #000000;\"> fanns det p\u00e5 v\u00e5r g\u00e5rd 1 h\u00e4st, 2 kor och 7 f\u00e5r. N\u00e4r s\u00f6nerna blev vuxna s\u00e5 ut\u00f6kades kreaturbes\u00e4ttningen till 2 h\u00e4star, 5-6 kor, 15 f\u00e5r och n\u00e5gon g\u00e5ng fanns det till och med ett svin. P\u00e5 \u201dKoll-Josipas\u201d tid och \u00e4ven senare beredde man sm\u00f6ret s\u00e5, att man silade mj\u00f6lken i tr\u00e4bunkar. Ibland l\u00e4t man det bli till fil och tj\u00e4rnade filet till sm\u00f6r men man brukade \u00e4ven skumma gr\u00e4dden av mj\u00f6lken och tj\u00e4rnade den. \u00a0Sm\u00f6ret s\u00e5ldes p\u00e5 torget i Kristinestad och man kunde f\u00e5 1,25 \u2013 2 mark per kilo. S\u00e5 gick det till \u00e4nda till 1929 d\u00e5 andelsmejeriet byggdes i byn. Pappa Erik Anders Englund var ordf\u00f6rande i den f\u00f6rsta styrelsen och arbetade mycket f\u00f6r mejeriet, liksom min farbror Viktor Nylund. Nu<\/span><\/span> <span lang=\"EN\" style=\"margin: 0px; color: #008000; font-family: 'Helvetica','sans-serif'; font-size: 11.5pt;\">(\u00e5r 1936)<\/span><span lang=\"EN\" style=\"margin: 0px; font-family: 'Helvetica','sans-serif'; font-size: 11.5pt;\"><span style=\"color: #000000;\"> har man mejeriet i byn och ingen \u00f6nskar v\u00e4l sig tillbaka till den \u201dgamla goda tiden\u201d d\u00e5 sm\u00f6ret bereddes d\u00e4r hemma.<\/span><\/span><\/p>\n<p><span lang=\"EN\" style=\"margin: 0px; font-family: 'Helvetica','sans-serif'; font-size: 11.5pt;\"><span style=\"color: #000000;\">F\u00e4bodar har inte funnits i byn, s\u00e5 vitt jag kunnat f\u00e5 veta. Under betestiden fick alla byns kor beta tillsammans p\u00e5 de samf\u00e4llda \u00e4ngarna. Men sedan skiftesregleringen 1910 har varje bonde sina skiften f\u00f6r sig.<\/span><\/span><\/p>\n<p><span lang=\"EN\" style=\"margin: 0px; font-family: 'Helvetica','sans-serif'; font-size: 11.5pt;\"><span style=\"color: #000000;\">Korna har varit av den gamla of\u00f6r\u00e4dlade rasen. \u00c5r 1930 bildades en tjurf\u00f6rening, som anskaffade en v\u00e4stfinsk avelstjur, som hette Murre. N\u00e4r den s\u00e5ldes 1936, var man missn\u00f6jd med den och ville \u00f6verge allt avelsarbete. Men min pappa <\/span><\/span><span lang=\"EN\" style=\"margin: 0px; color: #008000; font-family: 'Helvetica','sans-serif'; font-size: 11.5pt;\">Erik Anders<\/span><span lang=\"EN\" style=\"margin: 0px; font-family: 'Helvetica','sans-serif'; font-size: 11.5pt;\"><span style=\"color: #000000;\"> och n\u00e5gra andra driver fortfarande p\u00e5 att f\u00e5 en ny tjur och forts\u00e4tta med avelsarbetet. En ny tjur har nu i mars <\/span><\/span><span lang=\"EN\" style=\"margin: 0px; color: #008000; font-family: 'Helvetica','sans-serif'; font-size: 11.5pt;\">(\u00e5r 1936)<\/span><span lang=\"EN\" style=\"margin: 0px; font-family: 'Helvetica','sans-serif'; font-size: 11.5pt;\"><span style=\"color: #000000;\"> k\u00f6pts fr\u00e5n Kovjoki.<\/span><\/span><\/p>\n<p><span lang=\"EN\" style=\"margin: 0px; font-family: 'Helvetica','sans-serif';\"><span style=\"color: #000000;\">\u00a0<\/span><\/span><span lang=\"EN\" style=\"margin: 0px; font-family: 'Helvetica','sans-serif'; font-size: 11.5pt;\"><span style=\"color: #000000;\">Englunds hemman har ocks\u00e5 haft en halv lott i Dagsmark Storsj\u00f6 tr\u00e4sk. N\u00e4r man b\u00e4rgade tr\u00e4sket var det s\u00e5 sumpigt och v\u00e5tt att man m\u00e5ste g\u00e5 p\u00e5 ett slags skidor, som kallades \u201dandrar\u201d. H\u00f6et bars i land till ladorna p\u00e5 str\u00e4nderna med vidjor eller ocks\u00e5 drogs det p\u00e5 en sl\u00e4po. Nu <\/span><\/span><span lang=\"EN\" style=\"margin: 0px; color: #008000; font-family: 'Helvetica','sans-serif'; font-size: 11.5pt;\">(\u00e5r 1936)<\/span><span lang=\"EN\" style=\"margin: 0px; font-family: 'Helvetica','sans-serif'; font-size: 11.5pt;\"><span style=\"color: #000000;\"> h\u00e5ller Storsj\u00f6tr\u00e4sket p\u00e5 och torrl\u00e4ggas och staten har gett l\u00e5n och bidrag till omkring 700\u00a0000 mark.<\/span><\/span><\/p>\n<p><span lang=\"EN\" style=\"margin: 0px; font-family: 'Helvetica','sans-serif';\"><span style=\"color: #000000;\">\u00a0Om du vill l\u00e4sa om hur det gick till b\u00e4rga gr\u00e4set i Storsj\u00f6 Tr\u00e4sk, s\u00e5 skall du klicka <a href=\"http:\/\/www.lassebacklund.fi\/?page_id=14293\"><span style=\"text-decoration: underline;\"><span style=\"color: #000080;\"><strong>H\u00c4R!<\/strong><\/span><\/span><\/a><\/span><\/span><\/p>\n<p><span lang=\"EN\" style=\"margin: 0px; font-family: 'Helvetica','sans-serif'; font-size: 11.5pt;\"><span style=\"color: #000000;\">N\u00e5gon seglation har inte f\u00f6rekommit p\u00e5 Storkulls hemman, men andra b\u00f6nder i byn brukade nog f\u00f6rr bedriva seglation. De k\u00f6pte upp sm\u00f6r i socknarna h\u00e4r runtomkring och packade sm\u00f6ret i stora tunnor. Sedan gick man i bolag om ett segelfartyg och f\u00f6rde sm\u00f6ret till Sverige. Det var mycket pengar som beh\u00f6vdes f\u00f6r ett fartyg, varf\u00f6r endast f\u00f6rm\u00f6gnare b\u00f6nder brukade segla p\u00e5 Sverige. De kallades ofta f\u00f6r \u201dsm\u00f6rskojare\u201d.<\/span><\/span><\/p>\n<p><span lang=\"EN\" style=\"margin: 0px; font-family: 'Helvetica','sans-serif'; font-size: 11.5pt;\"><span style=\"color: #000000;\">Fr\u00e5n senare tider kan n\u00e4mnas en bin\u00e4ring som min farfar \u201dKoll-Josip\u201d bedrev. Det var en liten vattens\u00e5g som byggdes vid Storbron och \u00e4gdes av min farfar Josef <\/span><\/span><span lang=\"EN\" style=\"margin: 0px; color: #008000; font-family: 'Helvetica','sans-serif'; font-size: 11.5pt;\">\u201dKoll-Josip\u201d <\/span><span lang=\"EN\" style=\"margin: 0px; font-family: 'Helvetica','sans-serif'; font-size: 11.5pt;\"><span style=\"color: #000000;\">Storkull, b\u00f6nderna Josef <\/span><\/span><span lang=\"EN\" style=\"margin: 0px; font-family: 'Helvetica','sans-serif'; font-size: 11.5pt;\"><span style=\"color: #002060;\"><span style=\"color: #008000;\">\u201dK\u00e5rk-Antas-Josip<\/span>\u201d<\/span><\/span> <span lang=\"EN\" style=\"margin: 0px; font-family: 'Helvetica','sans-serif'; font-size: 11.5pt;\"><span style=\"color: #000000;\">Nyg\u00e5rd och Viktor <\/span><\/span><span lang=\"EN\" style=\"margin: 0px; color: #008000; font-family: 'Helvetica','sans-serif'; font-size: 11.5pt;\">\u201dK\u00e5rk-Viktor\u201d<\/span><span lang=\"EN\" style=\"margin: 0px; font-family: 'Helvetica','sans-serif'; font-size: 11.5pt;\"><span style=\"color: #000000;\"> Eklund. Ivar<\/span><\/span> <span lang=\"EN\" style=\"margin: 0px; color: #008000; font-family: 'Helvetica','sans-serif'; font-size: 11.5pt;\">\u201d\u00c5dd-Ivar\u201d <\/span><span lang=\"EN\" style=\"margin: 0px; font-family: 'Helvetica','sans-serif'; font-size: 11.5pt;\"><span style=\"color: #000000;\">Vesterback fick fj\u00e4rdedelen i s\u00e5gen i st\u00e4llet f\u00f6r vattenkraften, ty forsen och s\u00e5gplatsen var p\u00e5 hans hemman. S\u00e5ginredningen k\u00f6ptes fr\u00e5n Tj\u00f6ck av \u201dMaripotin\u201d och den s\u00e5ldes sedan till K\u00e4rjenkoski. P\u00e5 s\u00e5gens st\u00e4lle byggdes sedan en vattenkvarn. Denna nedrevs 1932 sedan den varit f\u00f6rfallen i m\u00e5nga \u00e5r.<\/span><\/span><\/p>\n","protected":false},"excerpt":{"rendered":"<p>Texten \u00e4r skriven av Helga Englund \u00e5r 1936 men jag har gjort vissa f\u00f6rtydliganden med gr\u00f6n text. F\u00f6rr var det vanligt att man hade \u00f6ppen \u00e5ker p\u00e5 ett st\u00e4lle hela tiden. D\u00e4r s\u00e5dde man r\u00e5g och korn p\u00e5 samma st\u00e4lle <a class=\"more-link\" href=\"https:\/\/www.lassebacklund.fi\/?page_id=14305\">Forts\u00e4tt l\u00e4sa <span class=\"screen-reader-text\">  Jordbruk och boskapssk\u00f6tsel.<\/span><span class=\"meta-nav\">&rarr;<\/span><\/a><\/p>\n","protected":false},"author":1,"featured_media":0,"parent":3580,"menu_order":2,"comment_status":"closed","ping_status":"closed","template":"","meta":{"footnotes":""},"class_list":["post-14305","page","type-page","status-publish","hentry"],"_links":{"self":[{"href":"https:\/\/www.lassebacklund.fi\/index.php?rest_route=\/wp\/v2\/pages\/14305","targetHints":{"allow":["GET"]}}],"collection":[{"href":"https:\/\/www.lassebacklund.fi\/index.php?rest_route=\/wp\/v2\/pages"}],"about":[{"href":"https:\/\/www.lassebacklund.fi\/index.php?rest_route=\/wp\/v2\/types\/page"}],"author":[{"embeddable":true,"href":"https:\/\/www.lassebacklund.fi\/index.php?rest_route=\/wp\/v2\/users\/1"}],"replies":[{"embeddable":true,"href":"https:\/\/www.lassebacklund.fi\/index.php?rest_route=%2Fwp%2Fv2%2Fcomments&post=14305"}],"version-history":[{"count":3,"href":"https:\/\/www.lassebacklund.fi\/index.php?rest_route=\/wp\/v2\/pages\/14305\/revisions"}],"predecessor-version":[{"id":14308,"href":"https:\/\/www.lassebacklund.fi\/index.php?rest_route=\/wp\/v2\/pages\/14305\/revisions\/14308"}],"up":[{"embeddable":true,"href":"https:\/\/www.lassebacklund.fi\/index.php?rest_route=\/wp\/v2\/pages\/3580"}],"wp:attachment":[{"href":"https:\/\/www.lassebacklund.fi\/index.php?rest_route=%2Fwp%2Fv2%2Fmedia&parent=14305"}],"curies":[{"name":"wp","href":"https:\/\/api.w.org\/{rel}","templated":true}]}}