{"id":14281,"date":"2019-09-14T22:27:21","date_gmt":"2019-09-14T19:27:21","guid":{"rendered":"http:\/\/www.lassebacklund.fi\/?page_id=14281"},"modified":"2019-09-14T22:27:21","modified_gmt":"2019-09-14T19:27:21","slug":"delagarna-fran-ar-1920-och-framat","status":"publish","type":"page","link":"https:\/\/www.lassebacklund.fi\/?page_id=14281","title":{"rendered":"Del\u00e4garna fr\u00e5n \u00e5r 1920 och fram\u00e5t."},"content":{"rendered":"<p><span style=\"color: #000080;\">Del\u00e4garna i Dagsmark Storsj\u00f6tr\u00e4sk skulle g\u00f6ra dagsverken i tr\u00e4sket och denna lista \u00e4r uppgjord \u00e5r 1920. Del\u00e4garna var uppdelade i 4 olika grupper:<\/span><\/p>\n<h4><strong>\u00c5bygglaget:<\/strong><\/h4>\n<h6>Lillg\u00e4ls Viktor Johansson \u00bd lott<\/h6>\n<h6>Ylihietala Eemil \u00bd<\/h6>\n<h6>Korsb\u00e4ck E. A.\u00a0 \u00bd<\/h6>\n<h6>Stenlund Viktor Karlsson 1 \u00bd<\/h6>\n<h6>Korpi Heikki \u00bd<\/h6>\n<h6>Norrgrann Johannes tog \u00f6ver Nyholm Karl Viktor lott \u00bd<\/h6>\n<h6>Mitts Karl Henrik 1 \u00bd<\/h6>\n<h6>M\u00e4nnist\u00f6 Juha<\/h6>\n<h6>Nyg\u00e5rd Niklas tog \u00f6ver Johannes Isakssons fr\u00e5n Lillsj\u00f6 \u00bd<\/h6>\n<h6>M\u00e4kel\u00e4 Johannes 1 hel lott<\/h6>\n<h6>Lindkvist Viktor tog \u00f6ver J\u00e4rvel\u00e4 Henriks lott \u00bd<\/h6>\n<h6>Hemberg Isak tog \u00f6ver Br\u00e4nnkull Karls lott \u00bd<\/h6>\n<h6>Korsb\u00e4ck E. A tog \u00f6ver Nyholm Johans lott \u00bd<\/h6>\n<h6>P\u00e4rus Frans Karlsson \u00bc<\/h6>\n<h6>Ylihietala Juho tog \u00f6ver Nyholm Viktor Johansson lott \u00bd<\/h6>\n<h6>Ojanper\u00e4 Mauritz \u00bd<\/h6>\n<h6>Nyg\u00e5rd Niklas Johansson \u00bd<\/h6>\n<h6>P\u00e4rus Niklas Karlsson 1 hel lott<\/h6>\n<h6>Nyholm Henrik \u00bd<\/h6>\n<h6>Hernesharju Nestor o Milja \u00bd<\/h6>\n<h6>Lillkull Adelina Karlsdotter \u00bd<\/h6>\n<h6>Lillhannus Markus \u00bd<\/h6>\n<h6>Mangs Viktor Eriksson \u00bd<\/h6>\n<h6>Lindfors Erland Andersson \u00bd<\/h6>\n<h6>Norrvik Selim tog \u00f6ver M\u00e4kel\u00e4 Johannes lott \u00bd<\/h6>\n<h6>Jossandt Emil tog \u00f6ver Blomfelt Felix lott \u00bd<\/h6>\n<h6>Hinders Karl Erik \u00bd<\/h6>\n<h6>Holmberg Henrik \u00bd<\/h6>\n<h6>Ojanper\u00e4 Frans \u00bd<\/h6>\n<h6>\u00d6ist Viktor Henriksson 1 hel lott<\/h6>\n<h6>Bj\u00f6rses Vilhelm tog \u00f6ver L\u00e5ng Karl Gustavs lott \u00bd<\/h6>\n<h6>Lillg\u00e4ls Mina Eriksdotter \u00bd<\/h6>\n<h6>Stenlund Vilhelmina tog \u00f6ver maken Kalles lott 1 hel lott<\/h6>\n<h4><\/h4>\n<h4><strong>Br\u00e4nnlaget:<\/strong><\/h4>\n<h6>Nissander K. H. tog \u00f6ver Ahlkulla Mina Karlsdotters lott \u00bc<\/h6>\n<h6>Korsb\u00e4ck Erland Karlsson tog \u00f6ver Rantala Nesttors lott \u00bd<\/h6>\n<h6>Liljedahl Sigfrid tog \u00f6ver Lillg\u00e4ls Johan lott \u00bd<\/h6>\n<h6>Holm Karl Johansson \u00bd<\/h6>\n<h6>Lillg\u00e4ls Johan Viktor \u00bd<\/h6>\n<h6>Agn\u00e4s Henrik \u00bd<\/h6>\n<h6>Hermans Frans fr\u00e5n H\u00e5x \u00bc<\/h6>\n<h6>Hammarberg Josef tog \u00f6ver Mattfolk Anders Johansson lott \u00bc<\/h6>\n<h6>Blomfeldt Elvina tog \u00f6ver Mannfolk Johans lott \u00bc<\/h6>\n<h6>Mannfolk Henrik Johansson \u00bd<\/h6>\n<h6>J\u00e4rvel\u00e4 Viktor tog \u00f6ver Bergkulla Erlands lott \u00bd<\/h6>\n<h6>Bergkulla Sigfrid tog \u00f6ver Malm Emil Isakssons lott \u00bd<\/h6>\n<h6>Malm Emil tog \u00f6ver Bergkulla Erik Henriks lott 1 hel lott<\/h6>\n<h6>Kl\u00e5vus Karl Johan \u2154<\/h6>\n<h6>Nevala Kristian \u00bd<\/h6>\n<h6>Grans Viktor \u00bc<\/h6>\n<h6>Ulfves Greta Johansdotter \u00bd<\/h6>\n<h6>Jossandt Maria Johansdotter \u00bd<\/h6>\n<h6>Stenlund Johannes tog \u00f6ver D\u00e5hli Mina Johansdotters lott \u00bd<\/h6>\n<h6>\u00c5djers Erik Anders 1 hel lott<\/h6>\n<h6>Hammarberg Erland Karlsson 1 hel lott<\/h6>\n<h6>Lind Erland tog \u00e5r 1929 \u00f6ver Isak Hembergs lott \u00bc<\/h6>\n<h6>Korvenkangas Jonas \u00bc<\/h6>\n<h6>Blomstedt Johannes tog \u00f6ver Yliluoma Markus lott \u00bd<\/h6>\n<h6>Rantanen Eero tog \u00f6ver \u00c4bb Axels lott \u00bd<\/h6>\n<h6>Liljdahl Nestor tog \u00f6ver Lillg\u00e4ls Johan Henriks lott \u00bd<\/h6>\n<h6>Lind Erland tog \u00e5r 1929 \u00f6ver Agn\u00e4s Henrik Erikssons lott \u00bd<\/h6>\n<h6>R\u00f6nnblad Henrik tog \u00e5r 1930 \u00f6ver Bj\u00f6rmans Hilmas lott \u00bd<\/h6>\n<h6>Utfolk Josef Viktor tog \u00f6ver Uddfolk Albertinas lott \u00bd<\/h6>\n<h6>M\u00e4enranta Vilhelm \u00bd<\/h6>\n<h6>R\u00f6nngren Erland tog \u00f6ver\u00a0 Rosenkvist Karls lott \u00bd<\/h6>\n<h6>Koski Oskari \u00bd<\/h6>\n<h6>Granlund Leander tog \u00f6ver fadern Hietaoja Johannes lott \u00bd<\/h6>\n<h6>Holm Karl Henrik \u00bd<\/h6>\n<h6>Jossandt Maria p\u00e5 Klemets \u00bc<\/h6>\n<h6>Holm Karl Karlsson \u00bd<\/h6>\n<h6>Lillg\u00e4ls Viktor Johan Henriksson 1 hel lott<\/h6>\n<p>&nbsp;<\/p>\n<h4><strong>Dagsmarklaget:<\/strong><\/h4>\n<h6>Korsb\u00e4ck Erik Johansson tog \u00f6ver Klemets Viktor Eriksson lott \u00bd<\/h6>\n<h6>Lind Erland tog \u00f6ver Lillsj\u00f6 Minas lott \u00bd<\/h6>\n<h6>L\u00e5ng Maria Andersdotter p\u00e5 Storkull \u00bc<\/h6>\n<h6>Nyberg Viktor tog \u00f6ver Vesterg\u00e5rd Viktor Erikssons lott \u00be<\/h6>\n<h6>Sandlund Johan Johansson \u00bc<\/h6>\n<h6>Nyg\u00e5rd Josef Josefsson \u00bd<\/h6>\n<h6>Eskelin tog \u00f6ver Knus Erik Johanssons lott \u00bd<\/h6>\n<h6>Lillb\u00e4ck Erland Eriksson \u2153<\/h6>\n<h6>Lillb\u00e4ck Johannes Eriksson \u2153<\/h6>\n<h6>Lillb\u00e4ck Emil Eriksson \u2153<\/h6>\n<h6>S\u00f6derqvist Viktor Josefsson \u00bd<\/h6>\n<h6>S\u00f6derholm Axel \u00bd<\/h6>\n<h6>Heikkil\u00e4 Frans \u00bc<\/h6>\n<h6>Lindkvist Erland Renholtsson \u00bd<\/h6>\n<h6>Storkull Johan Viktor 1 hel lott<\/h6>\n<h6>Fagerros Erland \u00bd<\/h6>\n<h6>Lindblad Viktor tog \u00f6ver Lillsj\u00f6 Viktor Viktorssons lott \u00bd<\/h6>\n<h6>Kaivo-oja Sofia och Artur Berg \u00bc<\/h6>\n<h6>Korsb\u00e4ck Erland tog \u00f6ver Lillkull Johan Josefssons lott \u00bd<\/h6>\n<h6>Backlund Josef Karlsson \u00bd<\/h6>\n<h6>Kaivo-oja Paulus Henriksson \u00bd<\/h6>\n<h6>Bj\u00f6rklund Otto tog \u00f6ver Rosenback Henrik Eriksson lott \u00bd<\/h6>\n<h6>Korsb\u00e4ck Emil tog \u00f6ver Ekberg Erik Johans lott \u00bd<\/h6>\n<h6>Lindqvist Erland p\u00e5 Rosenback \u00bc<\/h6>\n<h6>Mitts Karl Henrik \u00bd<\/h6>\n<h6>Lindqvist Erland tog \u00f6ver Str\u00f6mberg Josefs lott \u00be<\/h6>\n<h6>Lillkull Otto Josefsson \u00bd<\/h6>\n<h6>R\u00f6nngren Erland Johansson \u00bd<\/h6>\n<h6>S\u00f6derholm Maria p\u00e5 Jossandt \u00bd<\/h6>\n<h6>B\u00e5sk Johan Viktor \u00bd<\/h6>\n<h6>Nybond Emil \u00bd<\/h6>\n<h6>Lindqvist Johan tog \u00f6ver L\u00e5ngs Ivar Karlssons lott \u00bd<\/h6>\n<h6>Luoma \u00bd<\/h6>\n<h6>Lindqvist Erland tog \u00f6ver Hosioja Josefs lott \u00bd<\/h6>\n<h6>Eklund Viktor p\u00e5 L\u00e5ng \u00bd<\/h6>\n<h6>Lind Erland tog \u00f6ver Blomkvist Minas lott \u00bd<\/h6>\n<h6>Gr\u00f6nlund Frans tog \u00f6ver Norrg\u00e5rd Viktor lott \u00bd<\/h6>\n<h6>Lillkull Tilda Gustafsdotter \u00bc<\/h6>\n<h6>Lindberg Henrik p\u00e5 Lillkull \u00bd<\/h6>\n<h6>Uddfolk Johannes Josefsson \u00bd<\/h6>\n<h6>Hammarberg Josef p\u00e5 Knus \u00bd<\/h6>\n<h6>Utter Maja Sofia p\u00e5 Korsb\u00e4ck 1 hel lott<\/h6>\n<h4><\/h4>\n<h4><strong>Korsb\u00e4cklaget:<\/strong><\/h4>\n<h6>Nyg\u00e5rd Josef tog \u00f6ver Sundholm Minas p\u00e5 Storkull \u00bd<\/h6>\n<h6>Englund Anna Greta \u00bd<\/h6>\n<h6>Liljeblad Karl Henrik p\u00e5 Korsb\u00e4ck 1 \u00bd<\/h6>\n<h6>Hakala Oskar p\u00e5 \u00c4bb \u00bd<\/h6>\n<h6>H\u00e4gglund Viktor Andersson \u00bc<\/h6>\n<h6>Korsb\u00e4ck Erik Anders Eriksson \u2153<\/h6>\n<h6>Bergstr\u00f6m Josef \u2153<\/h6>\n<h6>Bergkvist Viktor \u2153<\/h6>\n<h6>R\u00f6nnblad Henrik Andersson 1 \u00bd<\/h6>\n<h6>Liljedahl Josef Henrik 1 \u00bd<\/h6>\n<h6>Lind Erland Josefsson \u2154<\/h6>\n<h6>Lind Erland Josefsson \u00bc<\/h6>\n<h6>Stenlund Johannes Karlsson 1 \u00bd<\/h6>\n<h6>Hallonkvist Josef Andersson 1 hel lott<\/h6>\n<h6>Sten Viktor Karlsson tog \u00f6ver Geisor August \u00bd<\/h6>\n<h6>Vidberg Viktor p\u00e5 Lillkull \u00bd<\/h6>\n<h6>Kankaanp\u00e4\u00e4 Viktor Mattsson \u00bd<\/h6>\n<h6>Luoma Frans tog \u00f6ver Josef Blomkvist \u2153<\/h6>\n<h6>Luoma Frans p\u00e5 Storkull \u2153<\/h6>\n<h6>Pitk\u00e4koski Leander tog \u00f6ver Kankaanp\u00e4\u00e4 Johannes \u2153<\/h6>\n<h6>Penttil\u00e4 Viljam tog \u00f6ver Ojanper\u00e4 Nikolaj \u00bd<\/h6>\n<h6>Liljedahl Sigfrid tog \u00f6ver Mangs Oskar Karlsson \u00bd<\/h6>\n<h6>Pitk\u00e4koski Erik \u00bd<\/h6>\n<h6>Bergkvist Viktor Eriksson \u00bd<\/h6>\n<h6>Nylund Viktor p\u00e5 Lillkull \u00bd<\/h6>\n<h6>Koski Nestor \u00bd<\/h6>\n<h6>Mitts Henrik Eriksson \u00bd<\/h6>\n<h6>Lindroos Henrik Johansson p\u00e5 Knus \u00bd<\/h6>\n<h6>H\u00e4ggblom Adelina p\u00e5 Rosenback \u00bc<\/h6>\n<h6>K\u00e4rki Johannes p\u00e5 Forsman \u00bd<\/h6>\n<h6>Forsman Hjalmar \u00bd<\/h6>\n<h6>Bolaget hade sj\u00e4lv 1 hel lott.<\/h6>\n","protected":false},"excerpt":{"rendered":"<p>Del\u00e4garna i Dagsmark Storsj\u00f6tr\u00e4sk skulle g\u00f6ra dagsverken i tr\u00e4sket och denna lista \u00e4r uppgjord \u00e5r 1920. Del\u00e4garna var uppdelade i 4 olika grupper: \u00c5bygglaget: Lillg\u00e4ls Viktor Johansson \u00bd lott Ylihietala Eemil \u00bd Korsb\u00e4ck E. A.\u00a0 \u00bd Stenlund Viktor Karlsson 1 <a class=\"more-link\" href=\"https:\/\/www.lassebacklund.fi\/?page_id=14281\">Forts\u00e4tt l\u00e4sa <span class=\"screen-reader-text\">  Del\u00e4garna fr\u00e5n \u00e5r 1920 och fram\u00e5t.<\/span><span class=\"meta-nav\">&rarr;<\/span><\/a><\/p>\n","protected":false},"author":1,"featured_media":0,"parent":3704,"menu_order":0,"comment_status":"closed","ping_status":"closed","template":"","meta":{"footnotes":""},"class_list":["post-14281","page","type-page","status-publish","hentry"],"_links":{"self":[{"href":"https:\/\/www.lassebacklund.fi\/index.php?rest_route=\/wp\/v2\/pages\/14281","targetHints":{"allow":["GET"]}}],"collection":[{"href":"https:\/\/www.lassebacklund.fi\/index.php?rest_route=\/wp\/v2\/pages"}],"about":[{"href":"https:\/\/www.lassebacklund.fi\/index.php?rest_route=\/wp\/v2\/types\/page"}],"author":[{"embeddable":true,"href":"https:\/\/www.lassebacklund.fi\/index.php?rest_route=\/wp\/v2\/users\/1"}],"replies":[{"embeddable":true,"href":"https:\/\/www.lassebacklund.fi\/index.php?rest_route=%2Fwp%2Fv2%2Fcomments&post=14281"}],"version-history":[{"count":1,"href":"https:\/\/www.lassebacklund.fi\/index.php?rest_route=\/wp\/v2\/pages\/14281\/revisions"}],"predecessor-version":[{"id":14282,"href":"https:\/\/www.lassebacklund.fi\/index.php?rest_route=\/wp\/v2\/pages\/14281\/revisions\/14282"}],"up":[{"embeddable":true,"href":"https:\/\/www.lassebacklund.fi\/index.php?rest_route=\/wp\/v2\/pages\/3704"}],"wp:attachment":[{"href":"https:\/\/www.lassebacklund.fi\/index.php?rest_route=%2Fwp%2Fv2%2Fmedia&parent=14281"}],"curies":[{"name":"wp","href":"https:\/\/api.w.org\/{rel}","templated":true}]}}