{"id":14278,"date":"2019-09-14T00:06:48","date_gmt":"2019-09-13T21:06:48","guid":{"rendered":"http:\/\/www.lassebacklund.fi\/?page_id=14278"},"modified":"2019-09-14T00:06:48","modified_gmt":"2019-09-13T21:06:48","slug":"delagarna-1900-1910","status":"publish","type":"page","link":"https:\/\/www.lassebacklund.fi\/?page_id=14278","title":{"rendered":"Del\u00e4garna 1900 &#8211; 1910."},"content":{"rendered":"<p><span style=\"color: #000080;\">Del\u00e4garna i Dagsmark Storsj\u00f6tr\u00e4sk skulle g\u00f6ra dagsverken i tr\u00e4sket och denna lista \u00e4r uppgjord av Karl Henrik Johansson Bj\u00f6rses fr\u00e5n Lappfj\u00e4rd \u00e5r 1900. Del\u00e4garna var uppdelade i 4 olika grupper:<\/span><\/p>\n<h4><strong>\u00c5bygglaget:<\/strong><\/h4>\n<h6>Lillg\u00e4ls Viktor Johansson \u00bd lott<\/h6>\n<h6>Bj\u00f6rses Karl Eriksson \u00bd lott<\/h6>\n<h6>Bj\u00f6rses Karl Karlsson \u00bd<\/h6>\n<h6>Bj\u00f6rses Johan Karlsson \u00bd<\/h6>\n<h6>Bj\u00f6rses Erik H. Johansson \u00bd<\/h6>\n<h6>Mitts Henrik Karlsson \u00bd<\/h6>\n<h6>L\u00e5ngfors Karl Mattsson \u00bd<\/h6>\n<h6>Lillsj\u00f6 Henrik Henriksson \u00bd<\/h6>\n<h6>J\u00e4rvel\u00e4 Henrik Eriksson, torpare 1 hel lott<\/h6>\n<h6>P\u00e4rus Karl Johansson d.y. \u00bc<\/h6>\n<h6>Nyholm Johan Johansson \u00bc<\/h6>\n<h6>Backlund Josef, k\u00f6pt av Lillkull Josef Henriksson \u00bd lott<\/h6>\n<h6>Nyholm Karl Johansson \u00bd<\/h6>\n<h6>P\u00e4rus Karl Johansson \u00bd<\/h6>\n<h6>Knus Viktor Johansson 1 hel lott<\/h6>\n<h6>Knus Erik Anders Karlsson \u00bd<\/h6>\n<h6>J\u00e4rvel\u00e4 Viktor Henriksson \u00bc<\/h6>\n<h6>Hinders Axel Karlsson \u00bc<\/h6>\n<h6>P\u00e4rus Niklas Karlsson \u00bd<\/h6>\n<h6>Nyholm Henrik Eriksson \u00bd<\/h6>\n<h6>Hernesharju Nestor \u00bd<\/h6>\n<h6>Storhannus Adelina Johansdotter \u00be<\/h6>\n<h6>Lillkull Adelina Karlsdotter \u00bc<\/h6>\n<h6>Lillhannus Markus Pettersson \u00bd<\/h6>\n<h6>Nyholm Karl Eriksson \u00bd<\/h6>\n<h6>Mangs Viktor Eriksson \u00bd<\/h6>\n<h6>M\u00e4kel\u00e4 Maria Johansdotter \u00bd<\/h6>\n<h6>Ivars Henrik Eriksson \u00bd<\/h6>\n<h6>P\u00e4rus Otto Henriksson \u00bd<\/h6>\n<h6>Hinders Karl E. Karlsson \u00bd<\/h6>\n<h6>\u00c4bb Henrik Johansson \u00bd<\/h6>\n<h6>D\u00e5li Henrik Holmberg \u00bd<\/h6>\n<h6>Mangs Johan Henrik \u00bd<\/h6>\n<h6>\u00d6ist Maja Gustavsson \u00bd<\/h6>\n<h6>P\u00e4rus Karl Gustaf L\u00e5ng \u00bd<\/h6>\n<h6>Lillg\u00e4ls Erik Johansson \u00bd<\/h6>\n<h6>Knus Karolina Eriksdotter \u00bd<\/h6>\n<h6>Knus Johan Henrikson \u00be<\/h6>\n<h6>M\u00e4kel\u00e4 Maria \u00bc<\/h6>\n<h4><\/h4>\n<h4><strong>Br\u00e4nnlaget:<\/strong><\/h4>\n<h6>Rantala Nestor \u00bd<\/h6>\n<h6>Storhannus Erik Johan Eriksson \u00bd<\/h6>\n<h6>Holm Karl Johansson \u00bd<\/h6>\n<h6>Lillg\u00e4ls Viktor Johansson \u00bd<\/h6>\n<h6>Holm K. H. Henriksson \u00bc<\/h6>\n<h6>Klemets Maria Josefsdotter \u00bc<\/h6>\n<h6>Holm Karl Bernhardsson \u00bd<\/h6>\n<h6>Lillg\u00e4ls Johan Henrik Andersson 1 hel lott<\/h6>\n<h6>Storkull Henrik Karlsson (Agn\u00e4s) \u00bd<\/h6>\n<h6>H\u00e5x Henrik Johansson \u00bc<\/h6>\n<h6>Mattfolk Anders Johansson \u00bc<\/h6>\n<h6>Mannfolk Johan Karlsson \u00bd<\/h6>\n<h6>Mannfolk Henrik Johansson \u00bd<\/h6>\n<h6>Bergkulla Henrik Johansson 2 hel lotter<\/h6>\n<h6>Bergkulla Ida Henriksdotter \u00bd<\/h6>\n<h6>Kl\u00e5vus Karl Johan Johansson 1 hel lott<\/h6>\n<h6>Bj\u00f6rmans Frans, k\u00f6pt av Josef Blank \u00bd<\/h6>\n<h6>\u00c5djers Kajsa Sofia Gustafsdotter \u00bd<\/h6>\n<h6>\u00c5djers Karl Gustaf Johansson \u00bd<\/h6>\n<h6>\u00c5djers Karl Henrik Gustafsson 1 hel lott<\/h6>\n<h6>Knus Erland Karlsson \u00bd<\/h6>\n<h6>Klockars Viktor Rudolfsson \u00bc<\/h6>\n<h6>Ulfves Karl Rudolfsson \u00bc<\/h6>\n<h6>Kotila Kajsa Rudsolfsdotter \u00bc<\/h6>\n<h6>Hautaharju Knut Johansson \u00bc<\/h6>\n<h6>F\u00f6rn\u00e4s Josef Johansson \u00bd<\/h6>\n<h6>Agn\u00e4s Erik Johansson \u00bd<\/h6>\n<h6>Bj\u00f6rmans Johan Karlsson \u00bd<\/h6>\n<h6>Utfolk Albertina Johansdotter \u00bd<\/h6>\n<h6>Silfvernagel Johan fr\u00e5n H\u00e5x \u00be<\/h6>\n<h6>Storkull Josef Henrik Johansson \u00bc<\/h6>\n<h4><\/h4>\n<h4><strong>Dagsmarklaget:<\/strong><\/h4>\n<h6>Klemets Viktor Josefsson \u00bd<\/h6>\n<h6>Klemets Viktor Eriksson \u00bd<\/h6>\n<h6>Klemets Viktor Josefsson \u00bd<\/h6>\n<h6>Josef H\u00e4ggs \u00e4nka p\u00e5 Lillkull \u00bc<\/h6>\n<h6>Klemets Viktor Eriksson \u00be<\/h6>\n<h6>Klemets Johan Johansson \u00bc<\/h6>\n<h6>Klemets Josef Andersson \u00be<\/h6>\n<h6>Knus Erik Johans Johansson \u00bc<\/h6>\n<h6>Korsb\u00e4ck Erik Johansson \u00bd<\/h6>\n<h6>B\u00e5sk Josef Josefsson \u2153<\/h6>\n<h6>S\u00f6derholm Axel, torpare p\u00e5 Lillkull \u00bd<\/h6>\n<h6>Storkull Josef Josefsson \u00bc<\/h6>\n<h6>Korsb\u00e4ck Reinhold Esaisson \u00bd<\/h6>\n<h6>Storkull J. V, k\u00f6pt av Lillsj\u00f6 Viktor Karlsson \u00bd<\/h6>\n<h6>Kaivo-oja Niklas p\u00e5 Lillkull \u00bc<\/h6>\n<h6>Lillkull Josef Mattsson \u00bd<\/h6>\n<h6>Kaivo-oja Paulus \u00bd<\/h6>\n<h6>Rosenback Henrik Eriksson \u2154<\/h6>\n<h6>Nyroos Viktor Josefsson p\u00e5 Rosenback \u2153<\/h6>\n<h6>Rosenback Josef Eriksson \u00bd<\/h6>\n<h6>Rosenback Henrik Johansson \u00bc<\/h6>\n<h6>Rosenback Viktor Johansson \u00bc<\/h6>\n<h6>Klemets Viktor Andersson \u00bc<\/h6>\n<h6>B\u00e5sk Josef Josefsson \u00bd<\/h6>\n<h6>Storkull Johan Viktor Johansson \u00bd<\/h6>\n<h6>L\u00e5ng Erik Johans arvingar \u00bd<\/h6>\n<h6>L\u00e5ng Viktor Josefsson \u00bd<\/h6>\n<h6>B\u00e5sk Malakias Eriksson 1 hel lott<\/h6>\n<h6>B\u00e5sk, n\u00e4mndeman Johan V. Johansson \u00bd<\/h6>\n<h6>B\u00e5sk Karl Johansson \u00bd<\/h6>\n<h6>L\u00e5ng Ivar Karlsson \u00bd<\/h6>\n<h6>B\u00e5sk Johan Josefsson \u00bd<\/h6>\n<h6>L\u00e5ng Viktor Gustafsson 1 hel lott<\/h6>\n<h6>Blomqvist Karl p\u00e5 Lillkull \u00bd<\/h6>\n<h6>Ulfves Mina, handlande \u00bc<\/h6>\n<h6>Storkull Viktor Johan \u00bd<\/h6>\n<h6>S\u00f6derholm Josef, torpare p\u00e5 Lillkull \u00bc<\/h6>\n<h6>Nylund Viktor p\u00e5 Lillkull \u00bc<\/h6>\n<h6>L\u00e5ng Maria Andersdotter \u00bd<\/h6>\n<h6>Uddfolk Josef Eriksson \u00bd<\/h6>\n<h6>Korsb\u00e4ck Josef Andersson 1 \u00bd<\/h6>\n<h4><\/h4>\n<h4><strong>Korsb\u00e4cklaget:<\/strong><\/h4>\n<h6>Storkull Henrik Josefsson 1 hel lott<\/h6>\n<h6>Storkull Josef Josefsson \u00bd<\/h6>\n<h6>Korsb\u00e4ck Karl Henrik Karlsson 1 hel lott<\/h6>\n<h6>Lillsj\u00f6 Viktor Mattsson \u00bd<\/h6>\n<h6>Korsb\u00e4ck Erik Mickelsson \u00bc<\/h6>\n<h6>Korsb\u00e4ck Karl Johansson 1 \u00bc<\/h6>\n<h6>Korsb\u00e4ck Josef Eriksson \u2153<\/h6>\n<h6>Korsb\u00e4ck Erik Andersson Eriksson 1 \u00bd<\/h6>\n<h6>Korsb\u00e4ck Henrik Andersson 1 \u00bd<\/h6>\n<h6>Korsb\u00e4ck Hilma Rudolsdotter \u2154<\/h6>\n<h6>Korsb\u00e4ck Josef Henrik Josefsson 1 \u2153<\/h6>\n<h6>Korsb\u00e4ck Viktor Karlsson \u00bd<\/h6>\n<h6>Korsb\u00e4ck Karl Josefsson \u00bd<\/h6>\n<h6>Korsb\u00e4ck Johannes Karlsson \u00bd<\/h6>\n<h6>Korsb\u00e4ck Josef Andersson d.y. 1 hel lott<\/h6>\n<h6>Geisor August Karlsson \u00bd<\/h6>\n<h6>Vidberg Viktor, k\u00f6pt av Hietaoja Josef \u00bd<\/h6>\n<h6>V\u00e4lim\u00e4ki Frans \u00bc<\/h6>\n<h6>Kankaanp\u00e4\u00e4 Viktor Mattsson \u00bd<\/h6>\n<h6>Ingves Viktor Eriksson \u00bd<\/h6>\n<h6>P\u00e4rus Josef Mattsson \u00bd<\/h6>\n<h6>Klemets Josef Andersson \u2153<\/h6>\n<h6>Bj\u00f6rmans Johan Johansson \u2153<\/h6>\n<h6>L\u00e5ngfors Karl \u2153<\/h6>\n<h6>Ojanper\u00e4 Viktor \u00bd<\/h6>\n<h6>Mangs Oskar Karlsson \u00bd<\/h6>\n<h6>L\u00e5ngfors Erik \u00bd<\/h6>\n<h6>Lillvik Josef Karlsson \u00bd<\/h6>\n<h6>Rosenback Josef Eriksson \u00bc<\/h6>\n<h6>Nylund Viktor \u00bd<\/h6>\n<h6>Mitts Henrik Eriksson \u00bd<\/h6>\n<h6>Knus Henrik Johansson \u00bd<\/h6>\n<h6>Forsman Johannes \u00bd<\/h6>\n<h6>Forsman Jakob Jonas \u00bd<\/h6>\n<h6>Ojanper\u00e4 Oskar \u00bc<\/h6>\n<h6>H\u00e4ggblom Josef p\u00e5 Klemets \u00bd<\/h6>\n<h6>Hietaoja Johan Josefsson \u00bd<\/h6>\n<h6>Bolagets hade ocks\u00e5 en egen hel lott.<\/h6>\n","protected":false},"excerpt":{"rendered":"<p>Del\u00e4garna i Dagsmark Storsj\u00f6tr\u00e4sk skulle g\u00f6ra dagsverken i tr\u00e4sket och denna lista \u00e4r uppgjord av Karl Henrik Johansson Bj\u00f6rses fr\u00e5n Lappfj\u00e4rd \u00e5r 1900. Del\u00e4garna var uppdelade i 4 olika grupper: \u00c5bygglaget: Lillg\u00e4ls Viktor Johansson \u00bd lott Bj\u00f6rses Karl Eriksson \u00bd <a class=\"more-link\" href=\"https:\/\/www.lassebacklund.fi\/?page_id=14278\">Forts\u00e4tt l\u00e4sa <span class=\"screen-reader-text\">  Del\u00e4garna 1900 &#8211; 1910.<\/span><span class=\"meta-nav\">&rarr;<\/span><\/a><\/p>\n","protected":false},"author":1,"featured_media":0,"parent":3704,"menu_order":0,"comment_status":"closed","ping_status":"closed","template":"","meta":{"footnotes":""},"class_list":["post-14278","page","type-page","status-publish","hentry"],"_links":{"self":[{"href":"https:\/\/www.lassebacklund.fi\/index.php?rest_route=\/wp\/v2\/pages\/14278","targetHints":{"allow":["GET"]}}],"collection":[{"href":"https:\/\/www.lassebacklund.fi\/index.php?rest_route=\/wp\/v2\/pages"}],"about":[{"href":"https:\/\/www.lassebacklund.fi\/index.php?rest_route=\/wp\/v2\/types\/page"}],"author":[{"embeddable":true,"href":"https:\/\/www.lassebacklund.fi\/index.php?rest_route=\/wp\/v2\/users\/1"}],"replies":[{"embeddable":true,"href":"https:\/\/www.lassebacklund.fi\/index.php?rest_route=%2Fwp%2Fv2%2Fcomments&post=14278"}],"version-history":[{"count":1,"href":"https:\/\/www.lassebacklund.fi\/index.php?rest_route=\/wp\/v2\/pages\/14278\/revisions"}],"predecessor-version":[{"id":14279,"href":"https:\/\/www.lassebacklund.fi\/index.php?rest_route=\/wp\/v2\/pages\/14278\/revisions\/14279"}],"up":[{"embeddable":true,"href":"https:\/\/www.lassebacklund.fi\/index.php?rest_route=\/wp\/v2\/pages\/3704"}],"wp:attachment":[{"href":"https:\/\/www.lassebacklund.fi\/index.php?rest_route=%2Fwp%2Fv2%2Fmedia&parent=14278"}],"curies":[{"name":"wp","href":"https:\/\/api.w.org\/{rel}","templated":true}]}}