{"id":14269,"date":"2019-09-13T18:42:39","date_gmt":"2019-09-13T15:42:39","guid":{"rendered":"http:\/\/www.lassebacklund.fi\/?page_id=14269"},"modified":"2020-04-05T22:42:41","modified_gmt":"2020-04-05T19:42:41","slug":"lyckligt-hemma","status":"publish","type":"page","link":"https:\/\/www.lassebacklund.fi\/?page_id=14269","title":{"rendered":"Lyckligt hemma."},"content":{"rendered":"<p><span style=\"margin: 0px; color: #000080; font-family: 'Helvetica','sans-serif'; font-size: 14pt;\">Diktat av Eva efter hemkomsten fr\u00e5n Cuba \u00e5r 2013:<\/span><\/p>\n<p><span style=\"margin: 0px; color: #1c1e21; font-family: 'Helvetica','sans-serif'; font-size: 14pt;\">Lyckligt hemma \u00e4nnu en g\u00e5ng,<br \/>\nhar varken haft huvudv\u00e4rk eller nageltr\u00e5ng.<br \/>\nMidjan har vuxit n\u00e5gra centimeter,<br \/>\ns\u00e5 blir det ju l\u00e4tt n\u00e4r man dricker och \u00e4ter<br \/>\ngott under dygnets n\u00e4stan alla timmar<br \/>\nmotionen r\u00e4cker ej fast man traskar och simmar<br \/>\natt alla dessa kalorier f\u00f6rbruka,<br \/>\nbra att jeansen var elastiska och mjuka<br \/>\ns\u00e5 man inte i strandkl\u00e4nning hem beh\u00f6vde flyga<br \/>\nej heller f\u00f6rsiktigt in i huset smyga.<\/span><\/p>\n<p><span style=\"margin: 0px; color: #1c1e21; font-family: 'Helvetica','sans-serif'; font-size: 14pt;\">Kaffet smakar ljuvligt och vattnet ur kran<br \/>\nkan man dricka flera g\u00e5nger om dan,<br \/>\ns\u00e4ngen \u00e4r mjuk och TV:n man sl\u00e5r p\u00e5<br \/>\nf\u00f6r spr\u00e5ket h\u00e4r hemma man kan ju f\u00f6rst\u00e5.<br \/>\nDatorn man har saknat och tidningar likas\u00e5,<br \/>\nman m\u00e5ste resa bort f\u00f6r att allt detta f\u00f6rst\u00e5<br \/>\nhur bra man har det hemma, hur lycklig man \u00e4r<br \/>\nsom har n\u00e5t att komma till och dom man har s\u00e5 k\u00e4r<br \/>\nfinns ju h\u00e4r n\u00e4ra, nu kan vi tr\u00e4ffas igen<br \/>\nf\u00f6r nu stannar jag hemma tills n\u00e4sta resa till Karibien.<\/span><\/p>\n<p><img loading=\"lazy\" decoding=\"async\" class=\"alignnone size-full wp-image-14268\" src=\"http:\/\/www.lassebacklund.fi\/wp-content\/uploads\/2019\/09\/Cubar\u00f6kare.jpg\" alt=\"\" width=\"2816\" height=\"2112\" srcset=\"https:\/\/www.lassebacklund.fi\/wp-content\/uploads\/2019\/09\/Cubar\u00f6kare.jpg 2816w, https:\/\/www.lassebacklund.fi\/wp-content\/uploads\/2019\/09\/Cubar\u00f6kare-300x225.jpg 300w, https:\/\/www.lassebacklund.fi\/wp-content\/uploads\/2019\/09\/Cubar\u00f6kare-768x576.jpg 768w, https:\/\/www.lassebacklund.fi\/wp-content\/uploads\/2019\/09\/Cubar\u00f6kare-1024x768.jpg 1024w\" sizes=\"auto, (max-width: 2816px) 100vw, 2816px\" \/><\/p>\n","protected":false},"excerpt":{"rendered":"<p>Diktat av Eva efter hemkomsten fr\u00e5n Cuba \u00e5r 2013: Lyckligt hemma \u00e4nnu en g\u00e5ng, har varken haft huvudv\u00e4rk eller nageltr\u00e5ng. Midjan har vuxit n\u00e5gra centimeter, s\u00e5 blir det ju l\u00e4tt n\u00e4r man dricker och \u00e4ter gott under dygnets n\u00e4stan alla <a class=\"more-link\" href=\"https:\/\/www.lassebacklund.fi\/?page_id=14269\">Forts\u00e4tt l\u00e4sa <span class=\"screen-reader-text\">  Lyckligt hemma.<\/span><span class=\"meta-nav\">&rarr;<\/span><\/a><\/p>\n","protected":false},"author":1,"featured_media":0,"parent":13531,"menu_order":5,"comment_status":"closed","ping_status":"closed","template":"","meta":{"footnotes":""},"class_list":["post-14269","page","type-page","status-publish","hentry"],"_links":{"self":[{"href":"https:\/\/www.lassebacklund.fi\/index.php?rest_route=\/wp\/v2\/pages\/14269","targetHints":{"allow":["GET"]}}],"collection":[{"href":"https:\/\/www.lassebacklund.fi\/index.php?rest_route=\/wp\/v2\/pages"}],"about":[{"href":"https:\/\/www.lassebacklund.fi\/index.php?rest_route=\/wp\/v2\/types\/page"}],"author":[{"embeddable":true,"href":"https:\/\/www.lassebacklund.fi\/index.php?rest_route=\/wp\/v2\/users\/1"}],"replies":[{"embeddable":true,"href":"https:\/\/www.lassebacklund.fi\/index.php?rest_route=%2Fwp%2Fv2%2Fcomments&post=14269"}],"version-history":[{"count":1,"href":"https:\/\/www.lassebacklund.fi\/index.php?rest_route=\/wp\/v2\/pages\/14269\/revisions"}],"predecessor-version":[{"id":14270,"href":"https:\/\/www.lassebacklund.fi\/index.php?rest_route=\/wp\/v2\/pages\/14269\/revisions\/14270"}],"up":[{"embeddable":true,"href":"https:\/\/www.lassebacklund.fi\/index.php?rest_route=\/wp\/v2\/pages\/13531"}],"wp:attachment":[{"href":"https:\/\/www.lassebacklund.fi\/index.php?rest_route=%2Fwp%2Fv2%2Fmedia&parent=14269"}],"curies":[{"name":"wp","href":"https:\/\/api.w.org\/{rel}","templated":true}]}}