{"id":14059,"date":"2019-09-06T09:52:43","date_gmt":"2019-09-06T06:52:43","guid":{"rendered":"http:\/\/www.lassebacklund.fi\/?page_id=14059"},"modified":"2019-09-06T09:54:36","modified_gmt":"2019-09-06T06:54:36","slug":"tidningsartiklar-fran-ar-1896","status":"publish","type":"page","link":"https:\/\/www.lassebacklund.fi\/?page_id=14059","title":{"rendered":"Tidningsartiklar fr\u00e5n \u00e5r 1896."},"content":{"rendered":"<p>Denna sida \u00e4r tillsvidare tom.<\/p>\n","protected":false},"excerpt":{"rendered":"<p>Denna sida \u00e4r tillsvidare tom.<\/p>\n","protected":false},"author":1,"featured_media":0,"parent":8548,"menu_order":1896,"comment_status":"closed","ping_status":"closed","template":"","meta":{"footnotes":""},"class_list":["post-14059","page","type-page","status-publish","hentry"],"_links":{"self":[{"href":"https:\/\/www.lassebacklund.fi\/index.php?rest_route=\/wp\/v2\/pages\/14059","targetHints":{"allow":["GET"]}}],"collection":[{"href":"https:\/\/www.lassebacklund.fi\/index.php?rest_route=\/wp\/v2\/pages"}],"about":[{"href":"https:\/\/www.lassebacklund.fi\/index.php?rest_route=\/wp\/v2\/types\/page"}],"author":[{"embeddable":true,"href":"https:\/\/www.lassebacklund.fi\/index.php?rest_route=\/wp\/v2\/users\/1"}],"replies":[{"embeddable":true,"href":"https:\/\/www.lassebacklund.fi\/index.php?rest_route=%2Fwp%2Fv2%2Fcomments&post=14059"}],"version-history":[{"count":2,"href":"https:\/\/www.lassebacklund.fi\/index.php?rest_route=\/wp\/v2\/pages\/14059\/revisions"}],"predecessor-version":[{"id":14062,"href":"https:\/\/www.lassebacklund.fi\/index.php?rest_route=\/wp\/v2\/pages\/14059\/revisions\/14062"}],"up":[{"embeddable":true,"href":"https:\/\/www.lassebacklund.fi\/index.php?rest_route=\/wp\/v2\/pages\/8548"}],"wp:attachment":[{"href":"https:\/\/www.lassebacklund.fi\/index.php?rest_route=%2Fwp%2Fv2%2Fmedia&parent=14059"}],"curies":[{"name":"wp","href":"https:\/\/api.w.org\/{rel}","templated":true}]}}