{"id":13921,"date":"2019-08-29T22:23:21","date_gmt":"2019-08-29T19:23:21","guid":{"rendered":"http:\/\/www.lassebacklund.fi\/?page_id=13921"},"modified":"2019-08-30T00:22:22","modified_gmt":"2019-08-29T21:22:22","slug":"skolfoton-fran-korsback","status":"publish","type":"page","link":"https:\/\/www.lassebacklund.fi\/?page_id=13921","title":{"rendered":"Skolfoton fr\u00e5n Korsb\u00e4ck."},"content":{"rendered":"<figure id=\"attachment_13937\" aria-describedby=\"caption-attachment-13937\" style=\"width: 1617px\" class=\"wp-caption alignnone\"><img loading=\"lazy\" decoding=\"async\" class=\"size-full wp-image-13937\" src=\"http:\/\/www.lassebacklund.fi\/wp-content\/uploads\/2019\/08\/1961-.jpg\" alt=\"\" width=\"1617\" height=\"994\" srcset=\"https:\/\/www.lassebacklund.fi\/wp-content\/uploads\/2019\/08\/1961-.jpg 1617w, https:\/\/www.lassebacklund.fi\/wp-content\/uploads\/2019\/08\/1961--300x184.jpg 300w, https:\/\/www.lassebacklund.fi\/wp-content\/uploads\/2019\/08\/1961--768x472.jpg 768w, https:\/\/www.lassebacklund.fi\/wp-content\/uploads\/2019\/08\/1961--1024x629.jpg 1024w\" sizes=\"auto, (max-width: 1617px) 100vw, 1617px\" \/><figcaption id=\"caption-attachment-13937\" class=\"wp-caption-text\">Korsb\u00e4ck folkskola 1961:<br \/>Rad 1 fr\u00e5n v\u00e4nster: Else Dahlroos, Doris Lind, Lena H\u00e4llfors, Margot Liljeblad, Marlene Jansson, Sven Stenlund, Ingolf L\u00e5ngstrand, Tage Hammarberg och Tom Bergman.<br \/>Ras 2: Jan Bergman, P\u00e4r-Gustav Lindh, Harry Bergstr\u00f6m. Bengt Lind, G\u00f6ran \u00d6ist, Sixten Dahlroos, Asseri Eskola, Olof Dahlroos, Anne-Maj Sten,Ingvald Berg, G\u00f6ran Berglind, Carita \u00d6ist, Ulf Lindh, Gunlis Lindsj\u00f6, Jan Norrvik och Bore Blomstedt.<br \/>Rad 3: l\u00e4raren Nils Bergman, Folke Sten, Jan-Erik Jansson, Erik Nyg\u00e5rd, Tor Bergman, Margareta Sten, Vivan Stenlund, Meri Liljeblad, Birgitta Liljeblad, h\u00e4lsov\u00e5rdaren Anna Kalls\u00e9n och l\u00e4rarinnan Celia Bergman.<\/figcaption><\/figure>\n<figure id=\"attachment_13929\" aria-describedby=\"caption-attachment-13929\" style=\"width: 1630px\" class=\"wp-caption alignnone\"><img loading=\"lazy\" decoding=\"async\" class=\"size-full wp-image-13929\" src=\"http:\/\/www.lassebacklund.fi\/wp-content\/uploads\/2019\/08\/1960-Korsb\u00e4ck.jpg\" alt=\"\" width=\"1630\" height=\"1013\" srcset=\"https:\/\/www.lassebacklund.fi\/wp-content\/uploads\/2019\/08\/1960-Korsb\u00e4ck.jpg 1630w, https:\/\/www.lassebacklund.fi\/wp-content\/uploads\/2019\/08\/1960-Korsb\u00e4ck-300x186.jpg 300w, https:\/\/www.lassebacklund.fi\/wp-content\/uploads\/2019\/08\/1960-Korsb\u00e4ck-768x477.jpg 768w, https:\/\/www.lassebacklund.fi\/wp-content\/uploads\/2019\/08\/1960-Korsb\u00e4ck-1024x636.jpg 1024w\" sizes=\"auto, (max-width: 1630px) 100vw, 1630px\" \/><figcaption id=\"caption-attachment-13929\" class=\"wp-caption-text\">Korsb\u00e4ck folkskola 1960.<br \/>Rad 1 fr\u00e5n v\u00e4nster: Ulf Lindh, Ingvald Berg, Else Dahlroos, Margita \u00d6ist, Anne-Maj Sten, Gunlis Lindsj\u00f6, Margareta Sten och Vivan Stenlund.<br \/>Rad 2: Bore Blomstedt, Folke Sten, G\u00f6ran Berglind och Jan Bergman.<br \/>Rad 3: Bengt Lind, P\u00e4r-Gustav Lindh, Asseri Eskola, Sven \u00c5berg, Boris Norvik, Egner Berg, Bror Korsb\u00e4ck, Grels Vidberg, l\u00e4rarinnan Celia Bergman och l\u00e4ngst ut Arnold Kankaanp\u00e4\u00e4.<br \/>Rad 4: l\u00e4raren Nils Bergman, Krister Korsb\u00e4ck, Jan-Erik Jansson, Erik Nyg\u00e5rd, Sixten Dahlroos, Harry Bergstr\u00f6m och Tor Bergman.<\/figcaption><\/figure>\n<figure id=\"attachment_13935\" aria-describedby=\"caption-attachment-13935\" style=\"width: 2116px\" class=\"wp-caption alignnone\"><img loading=\"lazy\" decoding=\"async\" class=\"size-full wp-image-13935\" src=\"http:\/\/www.lassebacklund.fi\/wp-content\/uploads\/2019\/08\/1959-kanske.jpg\" alt=\"\" width=\"2116\" height=\"1326\" srcset=\"https:\/\/www.lassebacklund.fi\/wp-content\/uploads\/2019\/08\/1959-kanske.jpg 2116w, https:\/\/www.lassebacklund.fi\/wp-content\/uploads\/2019\/08\/1959-kanske-300x188.jpg 300w, https:\/\/www.lassebacklund.fi\/wp-content\/uploads\/2019\/08\/1959-kanske-768x481.jpg 768w, https:\/\/www.lassebacklund.fi\/wp-content\/uploads\/2019\/08\/1959-kanske-1024x642.jpg 1024w\" sizes=\"auto, (max-width: 2116px) 100vw, 2116px\" \/><figcaption id=\"caption-attachment-13935\" class=\"wp-caption-text\">Korsb\u00e4ck folkskola 1959:<br \/>Rad 1 fr\u00e5n v\u00e4nster; Else Dahlroos, Vivan Stenlund, Margot Liljeblad, Bore Blomstedt, G\u00f6ran Berglind, Ulf Lindh, Folke Sten och Tor Bergman.<br \/>Rad 2: Margareta Sten, Ingvald Berg, Jan Bergman och Krister Korsb\u00e4ck.<br \/>Rad 3: Margita \u00d6ist, Inger Dahlroos, Birgitta Liljeblad, Meri Liljeblad, Majel Korsb\u00e4ck, Benita Korsb\u00e4ck, Berit Liljeblad och Gunlis Lindsj\u00f6.<br \/>Rad 4: l\u00e4rarinnan Celia Bergman, Anne-Maj Sten, Irma Bergstr\u00f6m, Hedvig Lindh, Carita \u00d6ist och l\u00e4raren Folke Norrback.<br \/>Rad 5: Erik Nyg\u00e5rd, Jan-Erik Jansson, Bengt Lind, P\u00e4r-Gustav Lindh, Asseri Eskola, Arnolda Kankaanp\u00e4\u00e4, Sixten Dahlroos och Bror Korsb\u00e4ck.<br \/>Rad 6: Ernst Bergkvist, Egner Berg, Grels Vidberg, Bjarne \u00d6ist, Sven \u00c5berg och Boris Norrvik.<\/figcaption><\/figure>\n<figure id=\"attachment_13932\" aria-describedby=\"caption-attachment-13932\" style=\"width: 1622px\" class=\"wp-caption alignnone\"><img loading=\"lazy\" decoding=\"async\" class=\"size-full wp-image-13932\" src=\"http:\/\/www.lassebacklund.fi\/wp-content\/uploads\/2019\/08\/1958-Korsb\u00e4ck.jpg\" alt=\"\" width=\"1622\" height=\"1001\" srcset=\"https:\/\/www.lassebacklund.fi\/wp-content\/uploads\/2019\/08\/1958-Korsb\u00e4ck.jpg 1622w, https:\/\/www.lassebacklund.fi\/wp-content\/uploads\/2019\/08\/1958-Korsb\u00e4ck-300x185.jpg 300w, https:\/\/www.lassebacklund.fi\/wp-content\/uploads\/2019\/08\/1958-Korsb\u00e4ck-768x474.jpg 768w, https:\/\/www.lassebacklund.fi\/wp-content\/uploads\/2019\/08\/1958-Korsb\u00e4ck-1024x632.jpg 1024w\" sizes=\"auto, (max-width: 1622px) 100vw, 1622px\" \/><figcaption id=\"caption-attachment-13932\" class=\"wp-caption-text\">Korsb\u00e4ck folkskola 1958:<br \/>Rad 1 fr\u00e5n v\u00e4nster: Vivan Stenlund, Majel Korsb\u00e4ck, Margareta Sten, Birgitta Liljeblad, Berit Liljeblad, Margita \u00d6ist, Anne-Maj Sten, Carita \u00d6ist och Gunlis Lindsj\u00f6.<br \/>Rad 2: Jan Bergman, Jan-Erik Jansson, Folke Sten, Sixten Dahlroos, Erik Nyg\u00e5rd, Tor Bergman, Bengt Lind, Bror Korsb\u00e4ck, Grels Vidberg, Harry Bergstr\u00f6m, Krister Korsb\u00e4ck och Arnold Kankaanp\u00e4\u00e4.<br \/>Rad 3: l\u00e4rarinnan Celia Bergman, Solveig Dahlroos, Inger Lind, Ingrid Korsb\u00e4ck, Bo-G\u00f6ran Lindh. Elof Norrvik, Elmer Nyholm, Rudi Liljedahl, Ernst Bergkvist och l\u00e4raren Nils Bergman.<br \/>Rad 4: Irma Bergstr\u00f6m, Inger Dahlroos, Benita Korsb\u00e4ck, Hedvig Lindh. P\u00e4r-Gustav Lindh. Asseri Eskola, Boris Norrvik, Bjarne \u00d6ist, Egner Berg och Sven \u00c5berg.<\/figcaption><\/figure>\n<figure id=\"attachment_13925\" aria-describedby=\"caption-attachment-13925\" style=\"width: 1602px\" class=\"wp-caption alignnone\"><img loading=\"lazy\" decoding=\"async\" class=\"size-full wp-image-13925\" src=\"http:\/\/www.lassebacklund.fi\/wp-content\/uploads\/2019\/08\/Korsb\u00e4ck-1.jpg\" alt=\"\" width=\"1602\" height=\"999\" srcset=\"https:\/\/www.lassebacklund.fi\/wp-content\/uploads\/2019\/08\/Korsb\u00e4ck-1.jpg 1602w, https:\/\/www.lassebacklund.fi\/wp-content\/uploads\/2019\/08\/Korsb\u00e4ck-1-300x187.jpg 300w, https:\/\/www.lassebacklund.fi\/wp-content\/uploads\/2019\/08\/Korsb\u00e4ck-1-768x479.jpg 768w, https:\/\/www.lassebacklund.fi\/wp-content\/uploads\/2019\/08\/Korsb\u00e4ck-1-1024x639.jpg 1024w\" sizes=\"auto, (max-width: 1602px) 100vw, 1602px\" \/><figcaption id=\"caption-attachment-13925\" class=\"wp-caption-text\">Korsb\u00e4ck folkskola \u00e5r 1957: Rad 1, fr\u00e5n v\u00e4nster: Bjarne \u00d6ist, Gunlis Lindsj\u00f6, Carita \u00d6ist, Bror Korsb\u00e4ck och Sixten Dahlroos.<br \/>Rad 2: Egner Berg, Boris Norrvik, Meri Liljeblad, Anne-Maj Sten, Birgitta Liljeblad och Harry Bergstr\u00f6m.<br \/>Rad 3: Arnold Kankaanp\u00e4\u00e4, Berit Liljeblad. P\u00e4r-Gustav Lindh, Asseri Eskola, Margita \u00d6ist och Bengt Lind.<br \/>Rad 4: St\u00e5ende l\u00e4rarinnan Celia Bergman och Grels Vidberg. Till h\u00f6ger sitter Margareta Sten och Erik Nyg\u00e5rd.<\/figcaption><\/figure>\n<figure id=\"attachment_13927\" aria-describedby=\"caption-attachment-13927\" style=\"width: 1621px\" class=\"wp-caption alignnone\"><img loading=\"lazy\" decoding=\"async\" class=\"size-full wp-image-13927\" src=\"http:\/\/www.lassebacklund.fi\/wp-content\/uploads\/2019\/08\/1955-Korsb\u00e4ck-.jpg\" alt=\"\" width=\"1621\" height=\"1018\" srcset=\"https:\/\/www.lassebacklund.fi\/wp-content\/uploads\/2019\/08\/1955-Korsb\u00e4ck-.jpg 1621w, https:\/\/www.lassebacklund.fi\/wp-content\/uploads\/2019\/08\/1955-Korsb\u00e4ck--300x188.jpg 300w, https:\/\/www.lassebacklund.fi\/wp-content\/uploads\/2019\/08\/1955-Korsb\u00e4ck--768x482.jpg 768w, https:\/\/www.lassebacklund.fi\/wp-content\/uploads\/2019\/08\/1955-Korsb\u00e4ck--1024x643.jpg 1024w\" sizes=\"auto, (max-width: 1621px) 100vw, 1621px\" \/><figcaption id=\"caption-attachment-13927\" class=\"wp-caption-text\">Korsb\u00e4ck folkskola 1955.<br \/>Rad 1 fr\u00e5n v\u00e4nster: P\u00e4r-Gustav Lindh, Grels Vidberg, Bjarne \u00d6ist, Boris Norrvik, Bror Korsb\u00e4ck, Egner Berg, Arnold Kankaanp\u00e4\u00e4 och Sixten Dahlroos.<br \/>Rad 2: Meri Liljeblad, Inger Dahlroos, Berit Liljeblad, Benita Korsb\u00e4ck, Irma Bergstr\u00f6m, Hedvig Lindh, Solveig Dahlroos, Gunlis Lindsj\u00f6, Anne-Maj Sten och Carita \u00d6ist.<br \/>Rad 3: Ingrid Korsb\u00e4ck, Regina Bergstr\u00f6m, Gun-Britt Hammarberg, Maj-Britt Korsb\u00e4ck, Lise-Lott Bergkvist, Marianne Korsb\u00e4ck, Lea Bergkvist, Vineta Lind, Elof Lind, Meri Vidberg, Esko Bergstr\u00f6m, Inger Lind och Tor Lind.<br \/>Rad 4: l\u00e4raren Nils Bergman, Sven \u00c5berg, Rudi Liljedahl, Bo-G\u00f6ran Lindh, Ernst Bergkvist, Elmer Nyholm, Elof Norrvik, Paul Nyg\u00e5rd och l\u00e4rarinnan Celia Bergman.<\/figcaption><\/figure>\n<p><img loading=\"lazy\" decoding=\"async\" class=\"alignnone size-full wp-image-5116\" src=\"http:\/\/www.lassebacklund.fi\/wp-content\/uploads\/2017\/07\/1932-Skolfoto-fr\u00e5n-Korsb\u00e4ck-skola-med-namn.jpg\" alt=\"\" width=\"1443\" height=\"1107\" srcset=\"https:\/\/www.lassebacklund.fi\/wp-content\/uploads\/2017\/07\/1932-Skolfoto-fr\u00e5n-Korsb\u00e4ck-skola-med-namn.jpg 1443w, https:\/\/www.lassebacklund.fi\/wp-content\/uploads\/2017\/07\/1932-Skolfoto-fr\u00e5n-Korsb\u00e4ck-skola-med-namn-300x230.jpg 300w, https:\/\/www.lassebacklund.fi\/wp-content\/uploads\/2017\/07\/1932-Skolfoto-fr\u00e5n-Korsb\u00e4ck-skola-med-namn-768x589.jpg 768w, https:\/\/www.lassebacklund.fi\/wp-content\/uploads\/2017\/07\/1932-Skolfoto-fr\u00e5n-Korsb\u00e4ck-skola-med-namn-1024x786.jpg 1024w\" sizes=\"auto, (max-width: 1443px) 100vw, 1443px\" \/><\/p>\n<p>&nbsp;<\/p>\n","protected":false},"excerpt":{"rendered":"<p>&nbsp;<\/p>\n","protected":false},"author":1,"featured_media":0,"parent":5172,"menu_order":0,"comment_status":"closed","ping_status":"closed","template":"","meta":{"footnotes":""},"class_list":["post-13921","page","type-page","status-publish","hentry"],"_links":{"self":[{"href":"https:\/\/www.lassebacklund.fi\/index.php?rest_route=\/wp\/v2\/pages\/13921","targetHints":{"allow":["GET"]}}],"collection":[{"href":"https:\/\/www.lassebacklund.fi\/index.php?rest_route=\/wp\/v2\/pages"}],"about":[{"href":"https:\/\/www.lassebacklund.fi\/index.php?rest_route=\/wp\/v2\/types\/page"}],"author":[{"embeddable":true,"href":"https:\/\/www.lassebacklund.fi\/index.php?rest_route=\/wp\/v2\/users\/1"}],"replies":[{"embeddable":true,"href":"https:\/\/www.lassebacklund.fi\/index.php?rest_route=%2Fwp%2Fv2%2Fcomments&post=13921"}],"version-history":[{"count":9,"href":"https:\/\/www.lassebacklund.fi\/index.php?rest_route=\/wp\/v2\/pages\/13921\/revisions"}],"predecessor-version":[{"id":13938,"href":"https:\/\/www.lassebacklund.fi\/index.php?rest_route=\/wp\/v2\/pages\/13921\/revisions\/13938"}],"up":[{"embeddable":true,"href":"https:\/\/www.lassebacklund.fi\/index.php?rest_route=\/wp\/v2\/pages\/5172"}],"wp:attachment":[{"href":"https:\/\/www.lassebacklund.fi\/index.php?rest_route=%2Fwp%2Fv2%2Fmedia&parent=13921"}],"curies":[{"name":"wp","href":"https:\/\/api.w.org\/{rel}","templated":true}]}}