{"id":1391,"date":"2016-10-21T22:25:06","date_gmt":"2016-10-21T20:25:06","guid":{"rendered":"http:\/\/www.lassebacklund.fi\/?page_id=1391"},"modified":"2024-07-17T22:02:46","modified_gmt":"2024-07-17T19:02:46","slug":"foreningar","status":"publish","type":"page","link":"https:\/\/www.lassebacklund.fi\/?page_id=1391","title":{"rendered":"F\u00f6reningar i Dagsmark."},"content":{"rendered":"<p>I Dagsmark har det funnits m\u00e5nga f\u00f6reningar och en stor del \u00e4r fortfarande verksamma. N\u00e5gra har funnit med endast en kort tid, men kan \u00e4nd\u00e5 vara intressanta.<\/p>\n<p>Vill du l\u00e4sa mera om f\u00f6reningarna i Dagsmark, s\u00e5 klicka p\u00e5 n\u00e5gon av knapparna h\u00e4r under!<\/p>\n<h6><a class=\"fasc-button fasc-size-medium fasc-type-glossy fasc-rounded-medium\" style=\"background-color: #33809e; color: #ffffff;\" href=\"http:\/\/www.lassebacklund.fi\/?page_id=7496\">Dagsmark Ungdomsf\u00f6rening<\/a><\/h6>\n<h6><a class=\"fasc-button fasc-size-medium fasc-type-glossy fasc-rounded-medium\" style=\"background-color: #33809e; color: #ffffff;\" href=\"http:\/\/www.lassebacklund.fi\/?page_id=1928\">B\u00f6nehuset<\/a><\/h6>\n<h6><a class=\"fasc-button fasc-size-medium fasc-type-glossy fasc-rounded-medium\" style=\"background-color: #33809e; color: #ffffff;\" href=\"http:\/\/www.lassebacklund.fi\/?page_id=1355\">Nykterhetsf\u00f6reningen Framtid<\/a><\/h6>\n<h6><a class=\"fasc-button fasc-size-medium fasc-type-glossy fasc-rounded-medium\" style=\"background-color: #33809e; color: #ffffff;\" href=\"http:\/\/www.lassebacklund.fi\/?page_id=942\">Lantmannagillet<\/a><\/h6>\n<h6><a class=\"fasc-button fasc-size-medium fasc-type-glossy fasc-rounded-medium\" style=\"background-color: #33809e; color: #ffffff;\" href=\"https:\/\/www.lassebacklund.fi\/?page_id=17560\">Korsb\u00e4ck marthaf\u00f6rening<\/a><\/h6>\n<h6><a class=\"fasc-button fasc-size-medium fasc-type-glossy fasc-rounded-medium\" style=\"background-color: #33809e; color: #ffffff;\" href=\"https:\/\/www.lassebacklund.fi\/?page_id=22964\">Korsb\u00e4ck Ungdomsf\u00f6rening<\/a><\/h6>\n","protected":false},"excerpt":{"rendered":"<p>I Dagsmark har det funnits m\u00e5nga f\u00f6reningar och en stor del \u00e4r fortfarande verksamma. N\u00e5gra har funnit med endast en kort tid, men kan \u00e4nd\u00e5 vara intressanta. Vill du l\u00e4sa mera om f\u00f6reningarna i Dagsmark, s\u00e5 klicka p\u00e5 n\u00e5gon av <a class=\"more-link\" href=\"https:\/\/www.lassebacklund.fi\/?page_id=1391\">Forts\u00e4tt l\u00e4sa <span class=\"screen-reader-text\">  F\u00f6reningar i Dagsmark.<\/span><span class=\"meta-nav\">&rarr;<\/span><\/a><\/p>\n","protected":false},"author":1,"featured_media":0,"parent":13,"menu_order":0,"comment_status":"closed","ping_status":"closed","template":"","meta":{"footnotes":""},"class_list":["post-1391","page","type-page","status-publish","hentry"],"_links":{"self":[{"href":"https:\/\/www.lassebacklund.fi\/index.php?rest_route=\/wp\/v2\/pages\/1391","targetHints":{"allow":["GET"]}}],"collection":[{"href":"https:\/\/www.lassebacklund.fi\/index.php?rest_route=\/wp\/v2\/pages"}],"about":[{"href":"https:\/\/www.lassebacklund.fi\/index.php?rest_route=\/wp\/v2\/types\/page"}],"author":[{"embeddable":true,"href":"https:\/\/www.lassebacklund.fi\/index.php?rest_route=\/wp\/v2\/users\/1"}],"replies":[{"embeddable":true,"href":"https:\/\/www.lassebacklund.fi\/index.php?rest_route=%2Fwp%2Fv2%2Fcomments&post=1391"}],"version-history":[{"count":14,"href":"https:\/\/www.lassebacklund.fi\/index.php?rest_route=\/wp\/v2\/pages\/1391\/revisions"}],"predecessor-version":[{"id":22984,"href":"https:\/\/www.lassebacklund.fi\/index.php?rest_route=\/wp\/v2\/pages\/1391\/revisions\/22984"}],"up":[{"embeddable":true,"href":"https:\/\/www.lassebacklund.fi\/index.php?rest_route=\/wp\/v2\/pages\/13"}],"wp:attachment":[{"href":"https:\/\/www.lassebacklund.fi\/index.php?rest_route=%2Fwp%2Fv2%2Fmedia&parent=1391"}],"curies":[{"name":"wp","href":"https:\/\/api.w.org\/{rel}","templated":true}]}}